{"id":3724,"date":"2024-08-30T12:51:30","date_gmt":"2024-08-30T12:51:30","guid":{"rendered":"https:\/\/puglialovesmatera.com\/derechos-de-autor\/"},"modified":"2024-08-30T13:00:32","modified_gmt":"2024-08-30T13:00:32","slug":"derechos-de-autor","status":"publish","type":"page","link":"https:\/\/puglialovesmatera.com\/es\/derechos-de-autor\/","title":{"rendered":"Derechos de autor"},"content":{"rendered":"\t\t<div data-elementor-type=\"wp-page\" data-elementor-id=\"3724\" class=\"elementor elementor-3724 elementor-3713\" data-elementor-post-type=\"page\">\n\t\t\t\t<div class=\"elementor-element elementor-element-e2275e2 e-con-full e-flex e-con e-parent\" data-id=\"e2275e2\" data-element_type=\"container\" data-e-type=\"container\">\n\t\t\t\t<div class=\"elementor-element elementor-element-d193a93 elementor-widget elementor-widget-template\" data-id=\"d193a93\" data-element_type=\"widget\" data-e-type=\"widget\" data-widget_type=\"template.default\">\n\t\t\t\t<div class=\"elementor-widget-container\">\n\t\t\t\t\t\t\t<div class=\"elementor-template\">\n\t\t\t\t\t<div data-elementor-type=\"container\" data-elementor-id=\"3313\" class=\"elementor elementor-3313 elementor-2271\" data-elementor-post-type=\"elementor_library\">\n\t\t\t\t<div class=\"elementor-element elementor-element-dbe5ddf e-con-full e-flex e-con e-parent\" data-id=\"dbe5ddf\" data-element_type=\"container\" data-e-type=\"container\" data-settings=\"{&quot;background_background&quot;:&quot;classic&quot;}\">\n\t\t<div class=\"elementor-element elementor-element-20bd57b e-con-full e-flex e-con e-child\" data-id=\"20bd57b\" data-element_type=\"container\" data-e-type=\"container\">\n\t\t\t\t<\/div>\n\t\t<div class=\"elementor-element elementor-element-2e248e3 e-con-full elementor-hidden-tablet elementor-hidden-mobile e-flex e-con e-child\" data-id=\"2e248e3\" data-element_type=\"container\" data-e-type=\"container\">\n\t\t\t\t<div class=\"elementor-element elementor-element-7f6cdc8 elementor-align-right elementor-tablet-align-left elementor-widget elementor-widget-breadcrumbs\" data-id=\"7f6cdc8\" data-element_type=\"widget\" data-e-type=\"widget\" data-widget_type=\"breadcrumbs.default\">\n\t\t\t\t<div class=\"elementor-widget-container\">\n\t\t\t\t\t<p id=\"breadcrumbs\"><span><span><a href=\"https:\/\/puglialovesmatera.com\/es\/\">Home<\/a><\/span><\/span><\/p>\t\t\t\t<\/div>\n\t\t\t\t<\/div>\n\t\t\t\t<\/div>\n\t\t\t\t<\/div>\n\t\t\t\t<\/div>\n\t\t\t\t<\/div>\n\t\t\t\t\t\t<\/div>\n\t\t\t\t<\/div>\n\t\t\t\t<\/div>\n\t\t<div class=\"elementor-element elementor-element-8984f60 e-con-full e-flex e-con e-parent\" data-id=\"8984f60\" data-element_type=\"container\" data-e-type=\"container\">\n\t\t\t\t<div class=\"elementor-element elementor-element-b3ed548 elementor-widget elementor-widget-text-editor\" data-id=\"b3ed548\" data-element_type=\"widget\" data-e-type=\"widget\" data-widget_type=\"text-editor.default\">\n\t\t\t\t<div class=\"elementor-widget-container\">\n\t\t\t\t\t\t\t\t\t<p>Los contenidos de este sitio -c\u00f3digo script, gr\u00e1ficos, textos, tablas, im\u00e1genes, sonidos y cualquier otra informaci\u00f3n disponible en cualquier forma- est\u00e1n protegidos de acuerdo con la legislaci\u00f3n vigente sobre propiedad intelectual.<\/p>\n<p>La informaci\u00f3n, logotipos, gr\u00e1ficos, sonidos, im\u00e1genes, marcas comerciales y todo el material publicado en este sitio son en parte propiedad del propietario del sitio y en parte se encuentran en Internet y se reproducen libremente.<\/p>\n<p>Queda prohibida la reproducci\u00f3n, incluso parcial, de im\u00e1genes, textos, logotipos e iconos sin autorizaci\u00f3n previa.<br \/>\nEl material de este sitio s\u00f3lo puede utilizarse para uso personal y no puede reproducirse en Internet. <\/p>\n<p>Para las autorizaciones, escribe a: <a href=\"#\" rel=\"noopener\">haz clic aqu\u00ed<\/a>.<\/p>\n<p>Todos los derechos reservados.<\/p>\n\t\t\t\t\t\t\t\t<\/div>\n\t\t\t\t<\/div>\n\t\t\t\t<\/div>\n\t\t\t\t<\/div>\n\t\t","protected":false},"excerpt":{"rendered":"<p>Los contenidos de este sitio -c\u00f3digo script, gr\u00e1ficos, textos, tablas, im\u00e1genes, sonidos y cualquier otra informaci\u00f3n disponible en cualquier forma- est\u00e1n protegidos de acuerdo con la legislaci\u00f3n vigente sobre propiedad intelectual. La informaci\u00f3n, logotipos, gr\u00e1ficos, sonidos, im\u00e1genes, marcas comerciales y todo el material publicado en este sitio son en parte propiedad del propietario del sitio [&hellip;]<\/p>\n","protected":false},"author":6,"featured_media":0,"parent":0,"menu_order":0,"comment_status":"closed","ping_status":"closed","template":"","meta":{"_acf_changed":false,"footnotes":""},"class_list":["post-3724","page","type-page","status-publish","hentry"],"acf":[],"yoast_head":"<!-- This site is optimized with the Yoast SEO plugin v27.3 - https:\/\/yoast.com\/product\/yoast-seo-wordpress\/ -->\n<title>Derechos de autor - Puglia Loves Matera<\/title>\n<meta name=\"robots\" content=\"index, follow, max-snippet:-1, max-image-preview:large, max-video-preview:-1\" \/>\n<link rel=\"canonical\" href=\"https:\/\/puglialovesmatera.com\/es\/derechos-de-autor\/\" \/>\n<meta property=\"og:locale\" content=\"es_ES\" \/>\n<meta property=\"og:type\" content=\"article\" \/>\n<meta property=\"og:title\" content=\"Derechos de autor - Puglia Loves Matera\" \/>\n<meta property=\"og:description\" content=\"Los contenidos de este sitio -c\u00f3digo script, gr\u00e1ficos, textos, tablas, im\u00e1genes, sonidos y cualquier otra informaci\u00f3n disponible en cualquier forma- est\u00e1n protegidos de acuerdo con la legislaci\u00f3n vigente sobre propiedad intelectual. La informaci\u00f3n, logotipos, gr\u00e1ficos, sonidos, im\u00e1genes, marcas comerciales y todo el material publicado en este sitio son en parte propiedad del propietario del sitio [&hellip;]\" \/>\n<meta property=\"og:url\" content=\"https:\/\/puglialovesmatera.com\/es\/derechos-de-autor\/\" \/>\n<meta property=\"og:site_name\" content=\"Puglia Loves Matera\" \/>\n<meta property=\"article:modified_time\" content=\"2024-08-30T13:00:32+00:00\" \/>\n<meta name=\"twitter:card\" content=\"summary_large_image\" \/>\n<meta name=\"twitter:label1\" content=\"Tiempo de lectura\" \/>\n\t<meta name=\"twitter:data1\" content=\"1 minuto\" \/>\n<script type=\"application\/ld+json\" class=\"yoast-schema-graph\">{\"@context\":\"https:\\\/\\\/schema.org\",\"@graph\":[{\"@type\":\"WebPage\",\"@id\":\"https:\\\/\\\/puglialovesmatera.com\\\/es\\\/derechos-de-autor\\\/\",\"url\":\"https:\\\/\\\/puglialovesmatera.com\\\/es\\\/derechos-de-autor\\\/\",\"name\":\"Derechos de autor - Puglia Loves Matera\",\"isPartOf\":{\"@id\":\"https:\\\/\\\/puglialovesmatera.com\\\/es\\\/#website\"},\"datePublished\":\"2024-08-30T12:51:30+00:00\",\"dateModified\":\"2024-08-30T13:00:32+00:00\",\"breadcrumb\":{\"@id\":\"https:\\\/\\\/puglialovesmatera.com\\\/es\\\/derechos-de-autor\\\/#breadcrumb\"},\"inLanguage\":\"es\",\"potentialAction\":[{\"@type\":\"ReadAction\",\"target\":[\"https:\\\/\\\/puglialovesmatera.com\\\/es\\\/derechos-de-autor\\\/\"]}]},{\"@type\":\"BreadcrumbList\",\"@id\":\"https:\\\/\\\/puglialovesmatera.com\\\/es\\\/derechos-de-autor\\\/#breadcrumb\",\"itemListElement\":[{\"@type\":\"ListItem\",\"position\":1,\"name\":\"Home\",\"item\":\"https:\\\/\\\/puglialovesmatera.com\\\/es\\\/\"},{\"@type\":\"ListItem\",\"position\":2,\"name\":\"Derechos de autor\"}]},{\"@type\":\"WebSite\",\"@id\":\"https:\\\/\\\/puglialovesmatera.com\\\/es\\\/#website\",\"url\":\"https:\\\/\\\/puglialovesmatera.com\\\/es\\\/\",\"name\":\"Puglia Loves Matera\",\"description\":\"Ars Mediterranea Scario\",\"publisher\":{\"@id\":\"https:\\\/\\\/puglialovesmatera.com\\\/es\\\/#organization\"},\"potentialAction\":[{\"@type\":\"SearchAction\",\"target\":{\"@type\":\"EntryPoint\",\"urlTemplate\":\"https:\\\/\\\/puglialovesmatera.com\\\/es\\\/?s={search_term_string}\"},\"query-input\":{\"@type\":\"PropertyValueSpecification\",\"valueRequired\":true,\"valueName\":\"search_term_string\"}}],\"inLanguage\":\"es\"},{\"@type\":\"Organization\",\"@id\":\"https:\\\/\\\/puglialovesmatera.com\\\/es\\\/#organization\",\"name\":\"Puglia Loves Matera\",\"url\":\"https:\\\/\\\/puglialovesmatera.com\\\/es\\\/\",\"logo\":{\"@type\":\"ImageObject\",\"inLanguage\":\"es\",\"@id\":\"https:\\\/\\\/puglialovesmatera.com\\\/es\\\/#\\\/schema\\\/logo\\\/image\\\/\",\"url\":\"https:\\\/\\\/puglialovesmatera.com\\\/wp-content\\\/uploads\\\/2024\\\/07\\\/Group-14.svg\",\"contentUrl\":\"https:\\\/\\\/puglialovesmatera.com\\\/wp-content\\\/uploads\\\/2024\\\/07\\\/Group-14.svg\",\"width\":371,\"height\":381,\"caption\":\"Puglia Loves Matera\"},\"image\":{\"@id\":\"https:\\\/\\\/puglialovesmatera.com\\\/es\\\/#\\\/schema\\\/logo\\\/image\\\/\"}}]}<\/script>\n<!-- \/ Yoast SEO plugin. -->","yoast_head_json":{"title":"Derechos de autor - Puglia Loves Matera","robots":{"index":"index","follow":"follow","max-snippet":"max-snippet:-1","max-image-preview":"max-image-preview:large","max-video-preview":"max-video-preview:-1"},"canonical":"https:\/\/puglialovesmatera.com\/es\/derechos-de-autor\/","og_locale":"es_ES","og_type":"article","og_title":"Derechos de autor - Puglia Loves Matera","og_description":"Los contenidos de este sitio -c\u00f3digo script, gr\u00e1ficos, textos, tablas, im\u00e1genes, sonidos y cualquier otra informaci\u00f3n disponible en cualquier forma- est\u00e1n protegidos de acuerdo con la legislaci\u00f3n vigente sobre propiedad intelectual. La informaci\u00f3n, logotipos, gr\u00e1ficos, sonidos, im\u00e1genes, marcas comerciales y todo el material publicado en este sitio son en parte propiedad del propietario del sitio [&hellip;]","og_url":"https:\/\/puglialovesmatera.com\/es\/derechos-de-autor\/","og_site_name":"Puglia Loves Matera","article_modified_time":"2024-08-30T13:00:32+00:00","twitter_card":"summary_large_image","twitter_misc":{"Tiempo de lectura":"1 minuto"},"schema":{"@context":"https:\/\/schema.org","@graph":[{"@type":"WebPage","@id":"https:\/\/puglialovesmatera.com\/es\/derechos-de-autor\/","url":"https:\/\/puglialovesmatera.com\/es\/derechos-de-autor\/","name":"Derechos de autor - Puglia Loves Matera","isPartOf":{"@id":"https:\/\/puglialovesmatera.com\/es\/#website"},"datePublished":"2024-08-30T12:51:30+00:00","dateModified":"2024-08-30T13:00:32+00:00","breadcrumb":{"@id":"https:\/\/puglialovesmatera.com\/es\/derechos-de-autor\/#breadcrumb"},"inLanguage":"es","potentialAction":[{"@type":"ReadAction","target":["https:\/\/puglialovesmatera.com\/es\/derechos-de-autor\/"]}]},{"@type":"BreadcrumbList","@id":"https:\/\/puglialovesmatera.com\/es\/derechos-de-autor\/#breadcrumb","itemListElement":[{"@type":"ListItem","position":1,"name":"Home","item":"https:\/\/puglialovesmatera.com\/es\/"},{"@type":"ListItem","position":2,"name":"Derechos de autor"}]},{"@type":"WebSite","@id":"https:\/\/puglialovesmatera.com\/es\/#website","url":"https:\/\/puglialovesmatera.com\/es\/","name":"Puglia Loves Matera","description":"Ars Mediterranea Scario","publisher":{"@id":"https:\/\/puglialovesmatera.com\/es\/#organization"},"potentialAction":[{"@type":"SearchAction","target":{"@type":"EntryPoint","urlTemplate":"https:\/\/puglialovesmatera.com\/es\/?s={search_term_string}"},"query-input":{"@type":"PropertyValueSpecification","valueRequired":true,"valueName":"search_term_string"}}],"inLanguage":"es"},{"@type":"Organization","@id":"https:\/\/puglialovesmatera.com\/es\/#organization","name":"Puglia Loves Matera","url":"https:\/\/puglialovesmatera.com\/es\/","logo":{"@type":"ImageObject","inLanguage":"es","@id":"https:\/\/puglialovesmatera.com\/es\/#\/schema\/logo\/image\/","url":"https:\/\/puglialovesmatera.com\/wp-content\/uploads\/2024\/07\/Group-14.svg","contentUrl":"https:\/\/puglialovesmatera.com\/wp-content\/uploads\/2024\/07\/Group-14.svg","width":371,"height":381,"caption":"Puglia Loves Matera"},"image":{"@id":"https:\/\/puglialovesmatera.com\/es\/#\/schema\/logo\/image\/"}}]}},"_links":{"self":[{"href":"https:\/\/puglialovesmatera.com\/es\/wp-json\/wp\/v2\/pages\/3724","targetHints":{"allow":["GET"]}}],"collection":[{"href":"https:\/\/puglialovesmatera.com\/es\/wp-json\/wp\/v2\/pages"}],"about":[{"href":"https:\/\/puglialovesmatera.com\/es\/wp-json\/wp\/v2\/types\/page"}],"author":[{"embeddable":true,"href":"https:\/\/puglialovesmatera.com\/es\/wp-json\/wp\/v2\/users\/6"}],"replies":[{"embeddable":true,"href":"https:\/\/puglialovesmatera.com\/es\/wp-json\/wp\/v2\/comments?post=3724"}],"version-history":[{"count":2,"href":"https:\/\/puglialovesmatera.com\/es\/wp-json\/wp\/v2\/pages\/3724\/revisions"}],"predecessor-version":[{"id":3744,"href":"https:\/\/puglialovesmatera.com\/es\/wp-json\/wp\/v2\/pages\/3724\/revisions\/3744"}],"wp:attachment":[{"href":"https:\/\/puglialovesmatera.com\/es\/wp-json\/wp\/v2\/media?parent=3724"}],"curies":[{"name":"wp","href":"https:\/\/api.w.org\/{rel}","templated":true}]}}