{"id":3326,"date":"2024-07-23T12:28:54","date_gmt":"2024-07-23T12:28:54","guid":{"rendered":"https:\/\/puglialovesmatera.com\/visita-guidata\/visita-guiada-de-tarento-el-centro-historico-y-su-catedral\/"},"modified":"2024-07-23T12:28:54","modified_gmt":"2024-07-23T12:28:54","slug":"visita-guiada-de-tarento-el-centro-historico-y-su-catedral","status":"publish","type":"product","link":"https:\/\/puglialovesmatera.com\/es\/visita-guidata\/visita-guiada-de-tarento-el-centro-historico-y-su-catedral\/","title":{"rendered":"Visita guiada de Tarento: el centro hist\u00f3rico y su Catedral"},"content":{"rendered":"<h3>Visita guiada Tarento, la Ciudad de los Dos Mares<\/h3>\n<p>  Durante esta <strong>visita guiada a Tarento<\/strong>, exploraremos las pruebas \u00fanicas de la fundaci\u00f3n de Tarento por los espartanos en el a\u00f1o 706 a.C. Admiraremos los restos del Templo D\u00f3rico, s\u00edmbolo de la colonia de la Magna Grecia, y visitaremos la Catedral de San Cataldo, con su Cripta y Cappellone.<br \/>\nNuestro paseo comenzar\u00e1 en el coraz\u00f3n palpitante de la ciudad, por las callejuelas de la \u00abciudad vieja\u00bb, donde descubriremos la historia y las leyendas que hacen \u00fanica a Tarento.   <\/p>\n<h3>Los Tesoros de la Magna Grecia y la Catedral de San Cataldo<\/h3>\n<p>  Nuestra exploraci\u00f3n nos llevar\u00e1 a los restos del Templo D\u00f3rico, testigo de la antigua colonia de la Magna Grecia.<br \/>\nVisitaremos la Catedral de San Cataldo, dedicada al patr\u00f3n de Tarento, con su fascinante cripta y su capilla rica en historia y arte sacro.<br \/>\nAqu\u00ed reconstruiremos juntos los acontecimientos hist\u00f3ricos de una incre\u00edble encrucijada de dominaciones y culturas que han dejado huellas indelebles en la ciudad.    <\/p>\n<h3>Una encrucijada de culturas y dominaciones<\/h3>\n<p>  Tarento ha sido punto de encuentro de distintas civilizaciones, desde los romanos a los bizantinos, pasando por los normandos, los angevinos y los espa\u00f1oles.<br \/>\nCada dominaci\u00f3n ha dejado un legado de tradiciones y monumentos que exploraremos durante nuestra visita guiada a Tarento.<br \/>\nDescubriremos c\u00f3mo estas influencias han moldeado la cultura y la arquitectura de la ciudad, creando un mosaico de historia y arte que hace de Tarento una ciudad \u00fanica.    <\/p>\n<h3>Monumentos ic\u00f3nicos y el encanto del mar<\/h3>\n<p>  Admiraremos el majestuoso Castillo Aragon\u00e9s desde el exterior, una fortaleza que domina el paisaje de Tarento.<br \/>\nContinuaremos hacia el canal navegable y el puente giratorio, estructuras emblem\u00e1ticas que caracterizan la ciudad.<br \/>\nNuestro paseo nos llevar\u00e1 tambi\u00e9n a las islas Cheradi, situadas en el pintoresco golfo de Tarento.<br \/>\nNunca perderemos de vista el mar, que nos acompa\u00f1ar\u00e1 durante todo nuestro paseo, ofreci\u00e9ndonos unas vistas panor\u00e1micas inolvidables.     <\/p>\n<h3>Paseo por el casco antiguo<\/h3>\n<p>  Nuestra visita terminar\u00e1 con un paseo por las estrechas y caracter\u00edsticas callejuelas de la \u00abciudad vieja\u00bb.<br \/>\nCaminaremos hasta llegar a la callejuela m\u00e1s estrecha, s\u00edmbolo de la historicidad y el encanto intemporal de Tarento.<br \/>\nCada rinc\u00f3n cuenta una historia, y el mar ser\u00e1 nuestro fiel compa\u00f1ero de camino, haciendo de \u00e9sta una experiencia inolvidable y cargada de emoci\u00f3n.<br \/>\nAcomp\u00e1\u00f1anos en una <strong>visita guiada por Tarento, la Ciudad de los Dos Mares<\/strong>, y descubre su fascinante historia, sus monumentos emblem\u00e1ticos y el encanto de su mar.   <\/p>\n","protected":false},"excerpt":{"rendered":"<p>Sum\u00e9rgete en la historia de Tarento visitando su magn\u00edfica Catedral de San Cataldo.<br \/>\nEsta iglesia, con su fascinante arquitectura barroca, es un testimonio de la riqueza cultural y religiosa de la ciudad.<br \/>\nLa visita guiada te llevar\u00e1 a trav\u00e9s de los siglos, revel\u00e1ndote los esplendores art\u00edsticos e hist\u00f3ricos que hacen de la Catedral un lugar de culto y admiraci\u00f3n.  <\/p>\n","protected":false},"featured_media":2771,"comment_status":"open","ping_status":"closed","template":"","meta":{"_acf_changed":false},"product_brand":[],"product_cat":[66],"product_tag":[],"class_list":{"0":"post-3326","1":"product","2":"type-product","3":"status-publish","4":"has-post-thumbnail","6":"product_cat-taranto-entre-historia-y-artesania","8":"first","9":"instock","10":"shipping-taxable","11":"product-type-simple"},"acf":[],"yoast_head":"<!-- This site is optimized with the Yoast SEO plugin v27.3 - https:\/\/yoast.com\/product\/yoast-seo-wordpress\/ -->\n<title>Visita guiada a Tarento con gu\u00eda profesional titulado<\/title>\n<meta name=\"description\" content=\"Visita guiada de Tarento con un gu\u00eda profesional titulado. Descubre los monumentos hist\u00f3ricos y el encanto del mar. Ponte en contacto conmigo\" \/>\n<meta name=\"robots\" content=\"index, follow, max-snippet:-1, max-image-preview:large, max-video-preview:-1\" \/>\n<link rel=\"canonical\" href=\"https:\/\/puglialovesmatera.com\/es\/visita-guidata\/visita-guiada-de-tarento-el-centro-historico-y-su-catedral\/\" \/>\n<meta property=\"og:locale\" content=\"es_ES\" \/>\n<meta property=\"og:type\" content=\"article\" \/>\n<meta property=\"og:title\" content=\"Visita guiada a Tarento con gu\u00eda profesional titulado\" \/>\n<meta property=\"og:description\" content=\"Visita guiada de Tarento con un gu\u00eda profesional titulado. Descubre los monumentos hist\u00f3ricos y el encanto del mar. Ponte en contacto conmigo\" \/>\n<meta property=\"og:url\" content=\"https:\/\/puglialovesmatera.com\/es\/visita-guidata\/visita-guiada-de-tarento-el-centro-historico-y-su-catedral\/\" \/>\n<meta property=\"og:site_name\" content=\"Puglia Loves Matera\" \/>\n<meta property=\"og:image\" content=\"https:\/\/puglialovesmatera.com\/wp-content\/uploads\/2024\/07\/Visita-guidata-Taranto.jpg\" \/>\n\t<meta property=\"og:image:width\" content=\"500\" \/>\n\t<meta property=\"og:image:height\" content=\"500\" \/>\n\t<meta property=\"og:image:type\" content=\"image\/jpeg\" \/>\n<meta name=\"twitter:card\" content=\"summary_large_image\" \/>\n<meta name=\"twitter:label1\" content=\"Tiempo de lectura\" \/>\n\t<meta name=\"twitter:data1\" content=\"2 minutos\" \/>\n<script type=\"application\/ld+json\" class=\"yoast-schema-graph\">{\"@context\":\"https:\\\/\\\/schema.org\",\"@graph\":[{\"@type\":\"WebPage\",\"@id\":\"https:\\\/\\\/puglialovesmatera.com\\\/es\\\/visita-guidata\\\/visita-guiada-de-tarento-el-centro-historico-y-su-catedral\\\/\",\"url\":\"https:\\\/\\\/puglialovesmatera.com\\\/es\\\/visita-guidata\\\/visita-guiada-de-tarento-el-centro-historico-y-su-catedral\\\/\",\"name\":\"Visita guiada a Tarento con gu\u00eda profesional titulado\",\"isPartOf\":{\"@id\":\"https:\\\/\\\/puglialovesmatera.com\\\/es\\\/#website\"},\"primaryImageOfPage\":{\"@id\":\"https:\\\/\\\/puglialovesmatera.com\\\/es\\\/visita-guidata\\\/visita-guiada-de-tarento-el-centro-historico-y-su-catedral\\\/#primaryimage\"},\"image\":{\"@id\":\"https:\\\/\\\/puglialovesmatera.com\\\/es\\\/visita-guidata\\\/visita-guiada-de-tarento-el-centro-historico-y-su-catedral\\\/#primaryimage\"},\"thumbnailUrl\":\"https:\\\/\\\/puglialovesmatera.com\\\/wp-content\\\/uploads\\\/2024\\\/07\\\/Visita-guidata-Taranto.jpg\",\"datePublished\":\"2024-07-23T12:28:54+00:00\",\"description\":\"Visita guiada de Tarento con un gu\u00eda profesional titulado. Descubre los monumentos hist\u00f3ricos y el encanto del mar. Ponte en contacto conmigo\",\"breadcrumb\":{\"@id\":\"https:\\\/\\\/puglialovesmatera.com\\\/es\\\/visita-guidata\\\/visita-guiada-de-tarento-el-centro-historico-y-su-catedral\\\/#breadcrumb\"},\"inLanguage\":\"es\",\"potentialAction\":[{\"@type\":\"ReadAction\",\"target\":[\"https:\\\/\\\/puglialovesmatera.com\\\/es\\\/visita-guidata\\\/visita-guiada-de-tarento-el-centro-historico-y-su-catedral\\\/\"]}]},{\"@type\":\"ImageObject\",\"inLanguage\":\"es\",\"@id\":\"https:\\\/\\\/puglialovesmatera.com\\\/es\\\/visita-guidata\\\/visita-guiada-de-tarento-el-centro-historico-y-su-catedral\\\/#primaryimage\",\"url\":\"https:\\\/\\\/puglialovesmatera.com\\\/wp-content\\\/uploads\\\/2024\\\/07\\\/Visita-guidata-Taranto.jpg\",\"contentUrl\":\"https:\\\/\\\/puglialovesmatera.com\\\/wp-content\\\/uploads\\\/2024\\\/07\\\/Visita-guidata-Taranto.jpg\",\"width\":500,\"height\":500},{\"@type\":\"BreadcrumbList\",\"@id\":\"https:\\\/\\\/puglialovesmatera.com\\\/es\\\/visita-guidata\\\/visita-guiada-de-tarento-el-centro-historico-y-su-catedral\\\/#breadcrumb\",\"itemListElement\":[{\"@type\":\"ListItem\",\"position\":1,\"name\":\"Home\",\"item\":\"https:\\\/\\\/puglialovesmatera.com\\\/es\\\/\"},{\"@type\":\"ListItem\",\"position\":2,\"name\":\"Todas las visitas guiadas\",\"item\":\"https:\\\/\\\/puglialovesmatera.com\\\/es\\\/visitas-todas-guiadas\\\/\"},{\"@type\":\"ListItem\",\"position\":3,\"name\":\"Visita guiada de Tarento: el centro hist\u00f3rico y su Catedral\"}]},{\"@type\":\"WebSite\",\"@id\":\"https:\\\/\\\/puglialovesmatera.com\\\/es\\\/#website\",\"url\":\"https:\\\/\\\/puglialovesmatera.com\\\/es\\\/\",\"name\":\"Puglia Loves Matera\",\"description\":\"Ars Mediterranea Scario\",\"publisher\":{\"@id\":\"https:\\\/\\\/puglialovesmatera.com\\\/es\\\/#organization\"},\"potentialAction\":[{\"@type\":\"SearchAction\",\"target\":{\"@type\":\"EntryPoint\",\"urlTemplate\":\"https:\\\/\\\/puglialovesmatera.com\\\/es\\\/?s={search_term_string}\"},\"query-input\":{\"@type\":\"PropertyValueSpecification\",\"valueRequired\":true,\"valueName\":\"search_term_string\"}}],\"inLanguage\":\"es\"},{\"@type\":\"Organization\",\"@id\":\"https:\\\/\\\/puglialovesmatera.com\\\/es\\\/#organization\",\"name\":\"Puglia Loves Matera\",\"url\":\"https:\\\/\\\/puglialovesmatera.com\\\/es\\\/\",\"logo\":{\"@type\":\"ImageObject\",\"inLanguage\":\"es\",\"@id\":\"https:\\\/\\\/puglialovesmatera.com\\\/es\\\/#\\\/schema\\\/logo\\\/image\\\/\",\"url\":\"https:\\\/\\\/puglialovesmatera.com\\\/wp-content\\\/uploads\\\/2024\\\/07\\\/Group-14.svg\",\"contentUrl\":\"https:\\\/\\\/puglialovesmatera.com\\\/wp-content\\\/uploads\\\/2024\\\/07\\\/Group-14.svg\",\"width\":371,\"height\":381,\"caption\":\"Puglia Loves Matera\"},\"image\":{\"@id\":\"https:\\\/\\\/puglialovesmatera.com\\\/es\\\/#\\\/schema\\\/logo\\\/image\\\/\"}}]}<\/script>\n<!-- \/ Yoast SEO plugin. -->","yoast_head_json":{"title":"Visita guiada a Tarento con gu\u00eda profesional titulado","description":"Visita guiada de Tarento con un gu\u00eda profesional titulado. Descubre los monumentos hist\u00f3ricos y el encanto del mar. Ponte en contacto conmigo","robots":{"index":"index","follow":"follow","max-snippet":"max-snippet:-1","max-image-preview":"max-image-preview:large","max-video-preview":"max-video-preview:-1"},"canonical":"https:\/\/puglialovesmatera.com\/es\/visita-guidata\/visita-guiada-de-tarento-el-centro-historico-y-su-catedral\/","og_locale":"es_ES","og_type":"article","og_title":"Visita guiada a Tarento con gu\u00eda profesional titulado","og_description":"Visita guiada de Tarento con un gu\u00eda profesional titulado. Descubre los monumentos hist\u00f3ricos y el encanto del mar. Ponte en contacto conmigo","og_url":"https:\/\/puglialovesmatera.com\/es\/visita-guidata\/visita-guiada-de-tarento-el-centro-historico-y-su-catedral\/","og_site_name":"Puglia Loves Matera","og_image":[{"width":500,"height":500,"url":"https:\/\/puglialovesmatera.com\/wp-content\/uploads\/2024\/07\/Visita-guidata-Taranto.jpg","type":"image\/jpeg"}],"twitter_card":"summary_large_image","twitter_misc":{"Tiempo de lectura":"2 minutos"},"schema":{"@context":"https:\/\/schema.org","@graph":[{"@type":"WebPage","@id":"https:\/\/puglialovesmatera.com\/es\/visita-guidata\/visita-guiada-de-tarento-el-centro-historico-y-su-catedral\/","url":"https:\/\/puglialovesmatera.com\/es\/visita-guidata\/visita-guiada-de-tarento-el-centro-historico-y-su-catedral\/","name":"Visita guiada a Tarento con gu\u00eda profesional titulado","isPartOf":{"@id":"https:\/\/puglialovesmatera.com\/es\/#website"},"primaryImageOfPage":{"@id":"https:\/\/puglialovesmatera.com\/es\/visita-guidata\/visita-guiada-de-tarento-el-centro-historico-y-su-catedral\/#primaryimage"},"image":{"@id":"https:\/\/puglialovesmatera.com\/es\/visita-guidata\/visita-guiada-de-tarento-el-centro-historico-y-su-catedral\/#primaryimage"},"thumbnailUrl":"https:\/\/puglialovesmatera.com\/wp-content\/uploads\/2024\/07\/Visita-guidata-Taranto.jpg","datePublished":"2024-07-23T12:28:54+00:00","description":"Visita guiada de Tarento con un gu\u00eda profesional titulado. Descubre los monumentos hist\u00f3ricos y el encanto del mar. Ponte en contacto conmigo","breadcrumb":{"@id":"https:\/\/puglialovesmatera.com\/es\/visita-guidata\/visita-guiada-de-tarento-el-centro-historico-y-su-catedral\/#breadcrumb"},"inLanguage":"es","potentialAction":[{"@type":"ReadAction","target":["https:\/\/puglialovesmatera.com\/es\/visita-guidata\/visita-guiada-de-tarento-el-centro-historico-y-su-catedral\/"]}]},{"@type":"ImageObject","inLanguage":"es","@id":"https:\/\/puglialovesmatera.com\/es\/visita-guidata\/visita-guiada-de-tarento-el-centro-historico-y-su-catedral\/#primaryimage","url":"https:\/\/puglialovesmatera.com\/wp-content\/uploads\/2024\/07\/Visita-guidata-Taranto.jpg","contentUrl":"https:\/\/puglialovesmatera.com\/wp-content\/uploads\/2024\/07\/Visita-guidata-Taranto.jpg","width":500,"height":500},{"@type":"BreadcrumbList","@id":"https:\/\/puglialovesmatera.com\/es\/visita-guidata\/visita-guiada-de-tarento-el-centro-historico-y-su-catedral\/#breadcrumb","itemListElement":[{"@type":"ListItem","position":1,"name":"Home","item":"https:\/\/puglialovesmatera.com\/es\/"},{"@type":"ListItem","position":2,"name":"Todas las visitas guiadas","item":"https:\/\/puglialovesmatera.com\/es\/visitas-todas-guiadas\/"},{"@type":"ListItem","position":3,"name":"Visita guiada de Tarento: el centro hist\u00f3rico y su Catedral"}]},{"@type":"WebSite","@id":"https:\/\/puglialovesmatera.com\/es\/#website","url":"https:\/\/puglialovesmatera.com\/es\/","name":"Puglia Loves Matera","description":"Ars Mediterranea Scario","publisher":{"@id":"https:\/\/puglialovesmatera.com\/es\/#organization"},"potentialAction":[{"@type":"SearchAction","target":{"@type":"EntryPoint","urlTemplate":"https:\/\/puglialovesmatera.com\/es\/?s={search_term_string}"},"query-input":{"@type":"PropertyValueSpecification","valueRequired":true,"valueName":"search_term_string"}}],"inLanguage":"es"},{"@type":"Organization","@id":"https:\/\/puglialovesmatera.com\/es\/#organization","name":"Puglia Loves Matera","url":"https:\/\/puglialovesmatera.com\/es\/","logo":{"@type":"ImageObject","inLanguage":"es","@id":"https:\/\/puglialovesmatera.com\/es\/#\/schema\/logo\/image\/","url":"https:\/\/puglialovesmatera.com\/wp-content\/uploads\/2024\/07\/Group-14.svg","contentUrl":"https:\/\/puglialovesmatera.com\/wp-content\/uploads\/2024\/07\/Group-14.svg","width":371,"height":381,"caption":"Puglia Loves Matera"},"image":{"@id":"https:\/\/puglialovesmatera.com\/es\/#\/schema\/logo\/image\/"}}]}},"_links":{"self":[{"href":"https:\/\/puglialovesmatera.com\/es\/wp-json\/wp\/v2\/product\/3326","targetHints":{"allow":["GET"]}}],"collection":[{"href":"https:\/\/puglialovesmatera.com\/es\/wp-json\/wp\/v2\/product"}],"about":[{"href":"https:\/\/puglialovesmatera.com\/es\/wp-json\/wp\/v2\/types\/product"}],"replies":[{"embeddable":true,"href":"https:\/\/puglialovesmatera.com\/es\/wp-json\/wp\/v2\/comments?post=3326"}],"wp:featuredmedia":[{"embeddable":true,"href":"https:\/\/puglialovesmatera.com\/es\/wp-json\/wp\/v2\/media\/2771"}],"wp:attachment":[{"href":"https:\/\/puglialovesmatera.com\/es\/wp-json\/wp\/v2\/media?parent=3326"}],"wp:term":[{"taxonomy":"product_brand","embeddable":true,"href":"https:\/\/puglialovesmatera.com\/es\/wp-json\/wp\/v2\/product_brand?post=3326"},{"taxonomy":"product_cat","embeddable":true,"href":"https:\/\/puglialovesmatera.com\/es\/wp-json\/wp\/v2\/product_cat?post=3326"},{"taxonomy":"product_tag","embeddable":true,"href":"https:\/\/puglialovesmatera.com\/es\/wp-json\/wp\/v2\/product_tag?post=3326"}],"curies":[{"name":"wp","href":"https:\/\/api.w.org\/{rel}","templated":true}]}}