{"id":3329,"date":"2024-07-24T15:30:37","date_gmt":"2024-07-24T15:30:37","guid":{"rendered":"https:\/\/puglialovesmatera.com\/visita-guidata\/visita-guiada-grottaglie-y-el-museo-de-ceramica\/"},"modified":"2024-07-24T15:30:37","modified_gmt":"2024-07-24T15:30:37","slug":"visita-guiada-grottaglie-y-el-museo-de-ceramica","status":"publish","type":"product","link":"https:\/\/puglialovesmatera.com\/es\/visita-guidata\/visita-guiada-grottaglie-y-el-museo-de-ceramica\/","title":{"rendered":"Visita guiada Grottaglie y el Museo de Cer\u00e1mica"},"content":{"rendered":"<h3>Inicio de la visita<\/h3>\n<p>  Mis visitas guiadas a Grottaglie te permitir\u00e1n descubrir una de las ciudades italianas m\u00e1s famosas por su tradici\u00f3n cer\u00e1mica.<br \/>\nGrottaglie, situada en la provincia de Taranto, debe su nombre al lat\u00edn \u00abKriptalys\u00bb y al griego \u00ab\u039a\u03c1\u03c5\u03c0\u03c4\u03b1\u03bb\u03cd\u03c2\u00bb, que destacan la presencia de cuevas y canteras naturales en su territorio.<br \/>\nGracias a esta conformaci\u00f3n geol\u00f3gica, la ciudad desarroll\u00f3 una econom\u00eda basada en el arte y la artesan\u00eda de la cer\u00e1mica, con testimonios hist\u00f3ricos que se remontan al siglo VIII a.C.    <\/p>\n<h3>Iglesia Matriz y Casco Antiguo<\/h3>\n<p>  La visita comenzar\u00e1 con la Iglesia Matriz, una joya del arte rom\u00e1nico.<br \/>\nA continuaci\u00f3n, nos perderemos en la atm\u00f3sfera de las &#8216;nchiosce, t\u00e9rmino dialectal que designa las callejuelas del centro hist\u00f3rico de Grottaglie.<br \/>\nEstas callejuelas blancas, envueltas en una atm\u00f3sfera \u00fanica y t\u00edpicamente mediterr\u00e1nea, representan el coraz\u00f3n palpitante de la ciudad.<br \/>\nPaseando por estas callejuelas, podr\u00e1s apreciar la arquitectura tradicional y la animada cultura local.     <\/p>\n<h3>Castillo de Episcopio y Museo de Cer\u00e1mica<\/h3>\n<p>  Nuestra ruta nos llevar\u00e1 despu\u00e9s al Castillo Episcopio de Grottaglie, donde admiraremos la arquitectura del gran patio exterior y las salas del interior.<br \/>\nAqu\u00ed se encuentra un peque\u00f1o museo dedicado a los objetos de cer\u00e1mica locales, que representan el coraz\u00f3n de la tradici\u00f3n art\u00edstica de Grottaglie.<br \/>\nEl museo ofrece una vasta colecci\u00f3n de cer\u00e1mica que abarca desde la antig\u00fcedad hasta nuestros d\u00edas, lo que te permitir\u00e1 comprender la evoluci\u00f3n de este arte a lo largo de los siglos.    <\/p>\n<h3>Barrio Cer\u00e1mico<\/h3>\n<p>  Terminamos la visita con un paseo por los talleres y tiendas del distrito de la cer\u00e1mica.<br \/>\nEste distrito es famoso por su cer\u00e1mica hecha a mano, donde puedes ver trabajar a los artesanos y comprar piezas \u00fanicas y aut\u00e9nticas.<br \/>\nLas tiendas ofrecen una amplia gama de productos, desde cer\u00e1mica tradicional a moderna, todos hechos con habilidad y pasi\u00f3n.    <\/p>\n<h3>Informaci\u00f3n adicional<\/h3>\n<p>  Mis visitas guiadas a Grottaglie y al Museo de Cer\u00e1mica son una oportunidad ineludible para cualquiera que desee saber m\u00e1s sobre la historia y la cultura de esta fascinante ciudad.<br \/>\nGracias a mi formaci\u00f3n continua y a mi pasi\u00f3n por la historia, podr\u00e9 involucrarte en un relato convincente y lleno de detalles, haciendo de cada visita una experiencia \u00fanica.<br \/>\nEl enfoque en la personalizaci\u00f3n de las visitas me permite adaptar el itinerario y las explicaciones a los intereses espec\u00edficos de los visitantes, garantizando una experiencia a medida y de alta calidad.<br \/>\nMi puntualidad y fiabilidad garantizan un servicio profesional e impecable.<br \/>\nNo pierdas la oportunidad de vivir un viaje en el tiempo entre los tesoros de Grottaglie y el Museo de Cer\u00e1mica, donde cada rinc\u00f3n cuenta una historia y cada artefacto es una obra de arte.<br \/>\nPara m\u00e1s informaci\u00f3n y reservas, ponte en contacto conmigo para acordar el precio de la visita guiada.<br \/>\nEstar\u00e9 encantada de acompa\u00f1arte en esta extraordinaria aventura cultural.      <\/p>\n","protected":false},"excerpt":{"rendered":"<p>Explora Grottaglie, famosa por su tradici\u00f3n cer\u00e1mica, visitando el Museo de Cer\u00e1mica.<br \/>\nSituado en un encantador barrio de talleres, el museo ofrece una visi\u00f3n general de las t\u00e9cnicas y estilos que han hecho famosa la cer\u00e1mica de Grottaglie.<br \/>\nLa visita guiada te permitir\u00e1 descubrir el arte de hacer cer\u00e1mica y admirar piezas \u00fanicas que cuentan la historia y la creatividad de este fascinante oficio.  <\/p>\n","protected":false},"featured_media":2765,"comment_status":"open","ping_status":"closed","template":"","meta":{"_acf_changed":false},"product_brand":[],"product_cat":[66],"product_tag":[],"class_list":{"0":"post-3329","1":"product","2":"type-product","3":"status-publish","4":"has-post-thumbnail","6":"product_cat-taranto-entre-historia-y-artesania","8":"first","9":"instock","10":"shipping-taxable","11":"product-type-simple"},"acf":[],"yoast_head":"<!-- This site is optimized with the Yoast SEO plugin v27.3 - https:\/\/yoast.com\/product\/yoast-seo-wordpress\/ -->\n<title>Visita guiada a Grottaglie y al Museo de Cer\u00e1mica con gu\u00eda<\/title>\n<meta name=\"description\" content=\"Descubre Grottaglie y el Museo de Cer\u00e1mica con Alessandra Di Mauro, arque\u00f3loga y gu\u00eda tur\u00edstica licenciada. Explora la tradici\u00f3n cer\u00e1mica.\" \/>\n<meta name=\"robots\" content=\"index, follow, max-snippet:-1, max-image-preview:large, max-video-preview:-1\" \/>\n<link rel=\"canonical\" href=\"https:\/\/puglialovesmatera.com\/es\/visita-guidata\/visita-guiada-grottaglie-y-el-museo-de-ceramica\/\" \/>\n<meta property=\"og:locale\" content=\"es_ES\" \/>\n<meta property=\"og:type\" content=\"article\" \/>\n<meta property=\"og:title\" content=\"Visita guiada a Grottaglie y al Museo de Cer\u00e1mica con gu\u00eda\" \/>\n<meta property=\"og:description\" content=\"Descubre Grottaglie y el Museo de Cer\u00e1mica con Alessandra Di Mauro, arque\u00f3loga y gu\u00eda tur\u00edstica licenciada. Explora la tradici\u00f3n cer\u00e1mica.\" \/>\n<meta property=\"og:url\" content=\"https:\/\/puglialovesmatera.com\/es\/visita-guidata\/visita-guiada-grottaglie-y-el-museo-de-ceramica\/\" \/>\n<meta property=\"og:site_name\" content=\"Puglia Loves Matera\" \/>\n<meta property=\"og:image\" content=\"https:\/\/puglialovesmatera.com\/wp-content\/uploads\/2024\/07\/Visita-guidata-Grottaglie.jpg\" \/>\n\t<meta property=\"og:image:width\" content=\"500\" \/>\n\t<meta property=\"og:image:height\" content=\"500\" \/>\n\t<meta property=\"og:image:type\" content=\"image\/jpeg\" \/>\n<meta name=\"twitter:card\" content=\"summary_large_image\" \/>\n<meta name=\"twitter:label1\" content=\"Tiempo de lectura\" \/>\n\t<meta name=\"twitter:data1\" content=\"3 minutos\" \/>\n<script type=\"application\/ld+json\" class=\"yoast-schema-graph\">{\"@context\":\"https:\\\/\\\/schema.org\",\"@graph\":[{\"@type\":\"WebPage\",\"@id\":\"https:\\\/\\\/puglialovesmatera.com\\\/es\\\/visita-guidata\\\/visita-guiada-grottaglie-y-el-museo-de-ceramica\\\/\",\"url\":\"https:\\\/\\\/puglialovesmatera.com\\\/es\\\/visita-guidata\\\/visita-guiada-grottaglie-y-el-museo-de-ceramica\\\/\",\"name\":\"Visita guiada a Grottaglie y al Museo de Cer\u00e1mica con gu\u00eda\",\"isPartOf\":{\"@id\":\"https:\\\/\\\/puglialovesmatera.com\\\/es\\\/#website\"},\"primaryImageOfPage\":{\"@id\":\"https:\\\/\\\/puglialovesmatera.com\\\/es\\\/visita-guidata\\\/visita-guiada-grottaglie-y-el-museo-de-ceramica\\\/#primaryimage\"},\"image\":{\"@id\":\"https:\\\/\\\/puglialovesmatera.com\\\/es\\\/visita-guidata\\\/visita-guiada-grottaglie-y-el-museo-de-ceramica\\\/#primaryimage\"},\"thumbnailUrl\":\"https:\\\/\\\/puglialovesmatera.com\\\/wp-content\\\/uploads\\\/2024\\\/07\\\/Visita-guidata-Grottaglie.jpg\",\"datePublished\":\"2024-07-24T15:30:37+00:00\",\"description\":\"Descubre Grottaglie y el Museo de Cer\u00e1mica con Alessandra Di Mauro, arque\u00f3loga y gu\u00eda tur\u00edstica licenciada. Explora la tradici\u00f3n cer\u00e1mica.\",\"breadcrumb\":{\"@id\":\"https:\\\/\\\/puglialovesmatera.com\\\/es\\\/visita-guidata\\\/visita-guiada-grottaglie-y-el-museo-de-ceramica\\\/#breadcrumb\"},\"inLanguage\":\"es\",\"potentialAction\":[{\"@type\":\"ReadAction\",\"target\":[\"https:\\\/\\\/puglialovesmatera.com\\\/es\\\/visita-guidata\\\/visita-guiada-grottaglie-y-el-museo-de-ceramica\\\/\"]}]},{\"@type\":\"ImageObject\",\"inLanguage\":\"es\",\"@id\":\"https:\\\/\\\/puglialovesmatera.com\\\/es\\\/visita-guidata\\\/visita-guiada-grottaglie-y-el-museo-de-ceramica\\\/#primaryimage\",\"url\":\"https:\\\/\\\/puglialovesmatera.com\\\/wp-content\\\/uploads\\\/2024\\\/07\\\/Visita-guidata-Grottaglie.jpg\",\"contentUrl\":\"https:\\\/\\\/puglialovesmatera.com\\\/wp-content\\\/uploads\\\/2024\\\/07\\\/Visita-guidata-Grottaglie.jpg\",\"width\":500,\"height\":500},{\"@type\":\"BreadcrumbList\",\"@id\":\"https:\\\/\\\/puglialovesmatera.com\\\/es\\\/visita-guidata\\\/visita-guiada-grottaglie-y-el-museo-de-ceramica\\\/#breadcrumb\",\"itemListElement\":[{\"@type\":\"ListItem\",\"position\":1,\"name\":\"Home\",\"item\":\"https:\\\/\\\/puglialovesmatera.com\\\/es\\\/\"},{\"@type\":\"ListItem\",\"position\":2,\"name\":\"Todas las visitas guiadas\",\"item\":\"https:\\\/\\\/puglialovesmatera.com\\\/es\\\/visitas-todas-guiadas\\\/\"},{\"@type\":\"ListItem\",\"position\":3,\"name\":\"Visita guiada Grottaglie y el Museo de Cer\u00e1mica\"}]},{\"@type\":\"WebSite\",\"@id\":\"https:\\\/\\\/puglialovesmatera.com\\\/es\\\/#website\",\"url\":\"https:\\\/\\\/puglialovesmatera.com\\\/es\\\/\",\"name\":\"Puglia Loves Matera\",\"description\":\"Ars Mediterranea Scario\",\"publisher\":{\"@id\":\"https:\\\/\\\/puglialovesmatera.com\\\/es\\\/#organization\"},\"potentialAction\":[{\"@type\":\"SearchAction\",\"target\":{\"@type\":\"EntryPoint\",\"urlTemplate\":\"https:\\\/\\\/puglialovesmatera.com\\\/es\\\/?s={search_term_string}\"},\"query-input\":{\"@type\":\"PropertyValueSpecification\",\"valueRequired\":true,\"valueName\":\"search_term_string\"}}],\"inLanguage\":\"es\"},{\"@type\":\"Organization\",\"@id\":\"https:\\\/\\\/puglialovesmatera.com\\\/es\\\/#organization\",\"name\":\"Puglia Loves Matera\",\"url\":\"https:\\\/\\\/puglialovesmatera.com\\\/es\\\/\",\"logo\":{\"@type\":\"ImageObject\",\"inLanguage\":\"es\",\"@id\":\"https:\\\/\\\/puglialovesmatera.com\\\/es\\\/#\\\/schema\\\/logo\\\/image\\\/\",\"url\":\"https:\\\/\\\/puglialovesmatera.com\\\/wp-content\\\/uploads\\\/2024\\\/07\\\/Group-14.svg\",\"contentUrl\":\"https:\\\/\\\/puglialovesmatera.com\\\/wp-content\\\/uploads\\\/2024\\\/07\\\/Group-14.svg\",\"width\":371,\"height\":381,\"caption\":\"Puglia Loves Matera\"},\"image\":{\"@id\":\"https:\\\/\\\/puglialovesmatera.com\\\/es\\\/#\\\/schema\\\/logo\\\/image\\\/\"}}]}<\/script>\n<!-- \/ Yoast SEO plugin. -->","yoast_head_json":{"title":"Visita guiada a Grottaglie y al Museo de Cer\u00e1mica con gu\u00eda","description":"Descubre Grottaglie y el Museo de Cer\u00e1mica con Alessandra Di Mauro, arque\u00f3loga y gu\u00eda tur\u00edstica licenciada. Explora la tradici\u00f3n cer\u00e1mica.","robots":{"index":"index","follow":"follow","max-snippet":"max-snippet:-1","max-image-preview":"max-image-preview:large","max-video-preview":"max-video-preview:-1"},"canonical":"https:\/\/puglialovesmatera.com\/es\/visita-guidata\/visita-guiada-grottaglie-y-el-museo-de-ceramica\/","og_locale":"es_ES","og_type":"article","og_title":"Visita guiada a Grottaglie y al Museo de Cer\u00e1mica con gu\u00eda","og_description":"Descubre Grottaglie y el Museo de Cer\u00e1mica con Alessandra Di Mauro, arque\u00f3loga y gu\u00eda tur\u00edstica licenciada. Explora la tradici\u00f3n cer\u00e1mica.","og_url":"https:\/\/puglialovesmatera.com\/es\/visita-guidata\/visita-guiada-grottaglie-y-el-museo-de-ceramica\/","og_site_name":"Puglia Loves Matera","og_image":[{"width":500,"height":500,"url":"https:\/\/puglialovesmatera.com\/wp-content\/uploads\/2024\/07\/Visita-guidata-Grottaglie.jpg","type":"image\/jpeg"}],"twitter_card":"summary_large_image","twitter_misc":{"Tiempo de lectura":"3 minutos"},"schema":{"@context":"https:\/\/schema.org","@graph":[{"@type":"WebPage","@id":"https:\/\/puglialovesmatera.com\/es\/visita-guidata\/visita-guiada-grottaglie-y-el-museo-de-ceramica\/","url":"https:\/\/puglialovesmatera.com\/es\/visita-guidata\/visita-guiada-grottaglie-y-el-museo-de-ceramica\/","name":"Visita guiada a Grottaglie y al Museo de Cer\u00e1mica con gu\u00eda","isPartOf":{"@id":"https:\/\/puglialovesmatera.com\/es\/#website"},"primaryImageOfPage":{"@id":"https:\/\/puglialovesmatera.com\/es\/visita-guidata\/visita-guiada-grottaglie-y-el-museo-de-ceramica\/#primaryimage"},"image":{"@id":"https:\/\/puglialovesmatera.com\/es\/visita-guidata\/visita-guiada-grottaglie-y-el-museo-de-ceramica\/#primaryimage"},"thumbnailUrl":"https:\/\/puglialovesmatera.com\/wp-content\/uploads\/2024\/07\/Visita-guidata-Grottaglie.jpg","datePublished":"2024-07-24T15:30:37+00:00","description":"Descubre Grottaglie y el Museo de Cer\u00e1mica con Alessandra Di Mauro, arque\u00f3loga y gu\u00eda tur\u00edstica licenciada. Explora la tradici\u00f3n cer\u00e1mica.","breadcrumb":{"@id":"https:\/\/puglialovesmatera.com\/es\/visita-guidata\/visita-guiada-grottaglie-y-el-museo-de-ceramica\/#breadcrumb"},"inLanguage":"es","potentialAction":[{"@type":"ReadAction","target":["https:\/\/puglialovesmatera.com\/es\/visita-guidata\/visita-guiada-grottaglie-y-el-museo-de-ceramica\/"]}]},{"@type":"ImageObject","inLanguage":"es","@id":"https:\/\/puglialovesmatera.com\/es\/visita-guidata\/visita-guiada-grottaglie-y-el-museo-de-ceramica\/#primaryimage","url":"https:\/\/puglialovesmatera.com\/wp-content\/uploads\/2024\/07\/Visita-guidata-Grottaglie.jpg","contentUrl":"https:\/\/puglialovesmatera.com\/wp-content\/uploads\/2024\/07\/Visita-guidata-Grottaglie.jpg","width":500,"height":500},{"@type":"BreadcrumbList","@id":"https:\/\/puglialovesmatera.com\/es\/visita-guidata\/visita-guiada-grottaglie-y-el-museo-de-ceramica\/#breadcrumb","itemListElement":[{"@type":"ListItem","position":1,"name":"Home","item":"https:\/\/puglialovesmatera.com\/es\/"},{"@type":"ListItem","position":2,"name":"Todas las visitas guiadas","item":"https:\/\/puglialovesmatera.com\/es\/visitas-todas-guiadas\/"},{"@type":"ListItem","position":3,"name":"Visita guiada Grottaglie y el Museo de Cer\u00e1mica"}]},{"@type":"WebSite","@id":"https:\/\/puglialovesmatera.com\/es\/#website","url":"https:\/\/puglialovesmatera.com\/es\/","name":"Puglia Loves Matera","description":"Ars Mediterranea Scario","publisher":{"@id":"https:\/\/puglialovesmatera.com\/es\/#organization"},"potentialAction":[{"@type":"SearchAction","target":{"@type":"EntryPoint","urlTemplate":"https:\/\/puglialovesmatera.com\/es\/?s={search_term_string}"},"query-input":{"@type":"PropertyValueSpecification","valueRequired":true,"valueName":"search_term_string"}}],"inLanguage":"es"},{"@type":"Organization","@id":"https:\/\/puglialovesmatera.com\/es\/#organization","name":"Puglia Loves Matera","url":"https:\/\/puglialovesmatera.com\/es\/","logo":{"@type":"ImageObject","inLanguage":"es","@id":"https:\/\/puglialovesmatera.com\/es\/#\/schema\/logo\/image\/","url":"https:\/\/puglialovesmatera.com\/wp-content\/uploads\/2024\/07\/Group-14.svg","contentUrl":"https:\/\/puglialovesmatera.com\/wp-content\/uploads\/2024\/07\/Group-14.svg","width":371,"height":381,"caption":"Puglia Loves Matera"},"image":{"@id":"https:\/\/puglialovesmatera.com\/es\/#\/schema\/logo\/image\/"}}]}},"_links":{"self":[{"href":"https:\/\/puglialovesmatera.com\/es\/wp-json\/wp\/v2\/product\/3329","targetHints":{"allow":["GET"]}}],"collection":[{"href":"https:\/\/puglialovesmatera.com\/es\/wp-json\/wp\/v2\/product"}],"about":[{"href":"https:\/\/puglialovesmatera.com\/es\/wp-json\/wp\/v2\/types\/product"}],"replies":[{"embeddable":true,"href":"https:\/\/puglialovesmatera.com\/es\/wp-json\/wp\/v2\/comments?post=3329"}],"wp:featuredmedia":[{"embeddable":true,"href":"https:\/\/puglialovesmatera.com\/es\/wp-json\/wp\/v2\/media\/2765"}],"wp:attachment":[{"href":"https:\/\/puglialovesmatera.com\/es\/wp-json\/wp\/v2\/media?parent=3329"}],"wp:term":[{"taxonomy":"product_brand","embeddable":true,"href":"https:\/\/puglialovesmatera.com\/es\/wp-json\/wp\/v2\/product_brand?post=3329"},{"taxonomy":"product_cat","embeddable":true,"href":"https:\/\/puglialovesmatera.com\/es\/wp-json\/wp\/v2\/product_cat?post=3329"},{"taxonomy":"product_tag","embeddable":true,"href":"https:\/\/puglialovesmatera.com\/es\/wp-json\/wp\/v2\/product_tag?post=3329"}],"curies":[{"name":"wp","href":"https:\/\/api.w.org\/{rel}","templated":true}]}}