{"id":3330,"date":"2024-07-24T15:30:14","date_gmt":"2024-07-24T15:30:14","guid":{"rendered":"https:\/\/puglialovesmatera.com\/visita-guidata\/visita-guiada-museo-arqueologico-nacional-m-a-r-t-a-y-taranto\/"},"modified":"2024-07-24T15:30:14","modified_gmt":"2024-07-24T15:30:14","slug":"visita-guiada-museo-arqueologico-nacional-m-a-r-t-a-y-taranto","status":"publish","type":"product","link":"https:\/\/puglialovesmatera.com\/es\/visita-guidata\/visita-guiada-museo-arqueologico-nacional-m-a-r-t-a-y-taranto\/","title":{"rendered":"Visita guiada Museo Arqueol\u00f3gico Nacional M.A.R.T.A. y Taranto"},"content":{"rendered":"<p>Mis visitas guiadas a Tarento ofrecen una experiencia \u00fanica y fascinante.<br \/>\nComenzamos con una espl\u00e9ndida vista panor\u00e1mica del canal navegable, desde el que podr\u00e1s admirar el Castillo Aragon\u00e9s y el Puente Giratorio, s\u00edmbolos indiscutibles de la ciudad.<br \/>\nEsta introducci\u00f3n te permitir\u00e1 descubrir las pruebas de la fundaci\u00f3n de Tarento por los espartanos en el a\u00f1o 706 a.C., transport\u00e1ndote atr\u00e1s en el tiempo a trav\u00e9s de mitos y leyendas.    <\/p>\n<h3>Museo Arqueol\u00f3gico Nacional M.A.R.T.A.<\/h3>\n<p>  Continuando con nuestro itinerario, nos dirigimos al Museo Arqueol\u00f3gico Nacional M.A.R.T.A., uno de los m\u00e1s importantes de Italia por la riqueza y el valor de las piezas expuestas.<br \/>\nLa nueva disposici\u00f3n del museo es un verdadero viaje en el tiempo, que revela los secretos de la ciudad griega, romana y tardoantigua.<br \/>\nEntre vasos y \u00e1nforas decorados y cer\u00e1micas sobrepintadas, te conducir\u00e9 a los mitos y tradiciones ligados a la vida cotidiana y a los principales ritos de paso de la antigua Tarento.    <\/p>\n<h3>Hallazgos y secciones del museo<\/h3>\n<p>  Durante la visita, admiraremos algunas de las exposiciones m\u00e1s significativas del museo, entre ellas:  <\/p>\n<ul>\n<li><strong>El Zeus estilizado<\/strong>: Una magn\u00edfica escultura que representa al dios griego Zeus, s\u00edmbolo de poder y autoridad.<\/li>\n<li><strong>Las Venus de Parabita<\/strong>: representaciones de la diosa del amor, testimonio de la importancia del culto a la fertilidad.<\/li>\n<li><strong>El atleta de Taranto<\/strong>: Una escultura que celebra la figura del atleta, s\u00edmbolo de fuerza y belleza.<\/li>\n<li><strong>La Sala de las Joyas<\/strong>: donde podemos admirar los preciosos ornamentos que adornaban a las mujeres en la antig\u00fcedad.<\/li>\n<li><strong>Vitrinas dedicadas al teatro<\/strong>: nos muestran la centralidad del teatro en la vida cultural y social de la antigua Tarento.<\/li>\n<li><strong>Los Salones del Mosaico<\/strong>: Con espl\u00e9ndidos mosaicos que decoraban casas y edificios p\u00fablicos.<\/li>\n<\/ul>\n<h3>Conclusi\u00f3n de la visita<\/h3>\n<p>  Mis visitas guiadas al Museo Arqueol\u00f3gico Nacional M.A.R.T.A. de Tarento ofrecen una oportunidad \u00fanica de sumergirse en la historia milenaria de esta ciudad, descubriendo sus or\u00edgenes, evoluciones y tradiciones.<br \/>\nMi experiencia y pasi\u00f3n har\u00e1n de cada visita una experiencia inolvidable que fascinar\u00e1 y enganchar\u00e1 a visitantes de todas las edades.   <\/p>\n<h3>Informaci\u00f3n \u00fatil<\/h3>\n<p>  Mis visitas guiadas a Tarento y al Museo Arqueol\u00f3gico Nacional M.A.R.T.A. son una oportunidad ineludible para quien desee conocer mejor la historia y la cultura de esta fascinante ciudad.<br \/>\nGracias a mi formaci\u00f3n continua y a mi pasi\u00f3n por la historia, podr\u00e9 involucrarte en una historia apasionante y llena de detalles, haciendo de cada visita una experiencia \u00fanica.<br \/>\nEl enfoque en la personalizaci\u00f3n de las visitas me permite adaptar el itinerario y las explicaciones a los intereses espec\u00edficos de los visitantes, garantizando una experiencia a medida y de alta calidad.<br \/>\nMi puntualidad y fiabilidad garantizan un servicio profesional e impecable.<br \/>\nNo pierdas la oportunidad de vivir un viaje en el tiempo entre los tesoros de Tarento y el Museo Arqueol\u00f3gico Nacional M.A.R.T.A., donde cada artefacto cuenta una historia y cada sala es una ventana abierta al pasado.<br \/>\nPara m\u00e1s informaci\u00f3n y reservas, ponte en contacto conmigo para acordar el precio de la visita guiada.<br \/>\nEstar\u00e9 encantada de acompa\u00f1arte en esta extraordinaria aventura cultural.      <\/p>\n","protected":false},"excerpt":{"rendered":"<p>Descubre uno de los museos m\u00e1s importantes y ricos de Italia, el Museo Arqueol\u00f3gico Nacional M.A.R.T.A. de Tarento.<br \/>\nA trav\u00e9s de un recorrido cronol\u00f3gico desde la Prehistoria hasta la Edad Media, podr\u00e1s admirar obras de raro valor como el Zeus Estilita, las Venus de Parabita, los vasos de figuras rojas de Apulia, los mosaicos romanos y otros tesoros.<br \/>\nEsta visita guiada te permitir\u00e1 conocer a fondo la historia antigua de Tarento y sus influencias culturales.  <\/p>\n","protected":false},"featured_media":2744,"comment_status":"open","ping_status":"closed","template":"","meta":{"_acf_changed":false},"product_brand":[],"product_cat":[66],"product_tag":[],"class_list":{"0":"post-3330","1":"product","2":"type-product","3":"status-publish","4":"has-post-thumbnail","6":"product_cat-taranto-entre-historia-y-artesania","8":"first","9":"instock","10":"shipping-taxable","11":"product-type-simple"},"acf":[],"yoast_head":"<!-- This site is optimized with the Yoast SEO plugin v27.3 - https:\/\/yoast.com\/product\/yoast-seo-wordpress\/ -->\n<title>Visita guiada al Museo Arqueol\u00f3gico Nacional M.A.R.T.A. Taranto<\/title>\n<meta name=\"description\" content=\"Descubre Tarento y el Museo Arqueol\u00f3gico Nacional M.A.R.T.A. con visitas guiadas por Alessandra Di Mauro, arque\u00f3loga y gu\u00eda tur\u00edstica licenciada.\" \/>\n<meta name=\"robots\" content=\"index, follow, max-snippet:-1, max-image-preview:large, max-video-preview:-1\" \/>\n<link rel=\"canonical\" href=\"https:\/\/puglialovesmatera.com\/es\/visita-guidata\/visita-guiada-museo-arqueologico-nacional-m-a-r-t-a-y-taranto\/\" \/>\n<meta property=\"og:locale\" content=\"es_ES\" \/>\n<meta property=\"og:type\" content=\"article\" \/>\n<meta property=\"og:title\" content=\"Visita guiada al Museo Arqueol\u00f3gico Nacional M.A.R.T.A. Taranto\" \/>\n<meta property=\"og:description\" content=\"Descubre Tarento y el Museo Arqueol\u00f3gico Nacional M.A.R.T.A. con visitas guiadas por Alessandra Di Mauro, arque\u00f3loga y gu\u00eda tur\u00edstica licenciada.\" \/>\n<meta property=\"og:url\" content=\"https:\/\/puglialovesmatera.com\/es\/visita-guidata\/visita-guiada-museo-arqueologico-nacional-m-a-r-t-a-y-taranto\/\" \/>\n<meta property=\"og:site_name\" content=\"Puglia Loves Matera\" \/>\n<meta property=\"og:image\" content=\"https:\/\/puglialovesmatera.com\/wp-content\/uploads\/2024\/07\/Visita-guidata-Marta-Taranto.jpg\" \/>\n\t<meta property=\"og:image:width\" content=\"500\" \/>\n\t<meta property=\"og:image:height\" content=\"500\" \/>\n\t<meta property=\"og:image:type\" content=\"image\/jpeg\" \/>\n<meta name=\"twitter:card\" content=\"summary_large_image\" \/>\n<meta name=\"twitter:label1\" content=\"Tiempo de lectura\" \/>\n\t<meta name=\"twitter:data1\" content=\"3 minutos\" \/>\n<script type=\"application\/ld+json\" class=\"yoast-schema-graph\">{\"@context\":\"https:\\\/\\\/schema.org\",\"@graph\":[{\"@type\":\"WebPage\",\"@id\":\"https:\\\/\\\/puglialovesmatera.com\\\/es\\\/visita-guidata\\\/visita-guiada-museo-arqueologico-nacional-m-a-r-t-a-y-taranto\\\/\",\"url\":\"https:\\\/\\\/puglialovesmatera.com\\\/es\\\/visita-guidata\\\/visita-guiada-museo-arqueologico-nacional-m-a-r-t-a-y-taranto\\\/\",\"name\":\"Visita guiada al Museo Arqueol\u00f3gico Nacional M.A.R.T.A. Taranto\",\"isPartOf\":{\"@id\":\"https:\\\/\\\/puglialovesmatera.com\\\/es\\\/#website\"},\"primaryImageOfPage\":{\"@id\":\"https:\\\/\\\/puglialovesmatera.com\\\/es\\\/visita-guidata\\\/visita-guiada-museo-arqueologico-nacional-m-a-r-t-a-y-taranto\\\/#primaryimage\"},\"image\":{\"@id\":\"https:\\\/\\\/puglialovesmatera.com\\\/es\\\/visita-guidata\\\/visita-guiada-museo-arqueologico-nacional-m-a-r-t-a-y-taranto\\\/#primaryimage\"},\"thumbnailUrl\":\"https:\\\/\\\/puglialovesmatera.com\\\/wp-content\\\/uploads\\\/2024\\\/07\\\/Visita-guidata-Marta-Taranto.jpg\",\"datePublished\":\"2024-07-24T15:30:14+00:00\",\"description\":\"Descubre Tarento y el Museo Arqueol\u00f3gico Nacional M.A.R.T.A. con visitas guiadas por Alessandra Di Mauro, arque\u00f3loga y gu\u00eda tur\u00edstica licenciada.\",\"breadcrumb\":{\"@id\":\"https:\\\/\\\/puglialovesmatera.com\\\/es\\\/visita-guidata\\\/visita-guiada-museo-arqueologico-nacional-m-a-r-t-a-y-taranto\\\/#breadcrumb\"},\"inLanguage\":\"es\",\"potentialAction\":[{\"@type\":\"ReadAction\",\"target\":[\"https:\\\/\\\/puglialovesmatera.com\\\/es\\\/visita-guidata\\\/visita-guiada-museo-arqueologico-nacional-m-a-r-t-a-y-taranto\\\/\"]}]},{\"@type\":\"ImageObject\",\"inLanguage\":\"es\",\"@id\":\"https:\\\/\\\/puglialovesmatera.com\\\/es\\\/visita-guidata\\\/visita-guiada-museo-arqueologico-nacional-m-a-r-t-a-y-taranto\\\/#primaryimage\",\"url\":\"https:\\\/\\\/puglialovesmatera.com\\\/wp-content\\\/uploads\\\/2024\\\/07\\\/Visita-guidata-Marta-Taranto.jpg\",\"contentUrl\":\"https:\\\/\\\/puglialovesmatera.com\\\/wp-content\\\/uploads\\\/2024\\\/07\\\/Visita-guidata-Marta-Taranto.jpg\",\"width\":500,\"height\":500},{\"@type\":\"BreadcrumbList\",\"@id\":\"https:\\\/\\\/puglialovesmatera.com\\\/es\\\/visita-guidata\\\/visita-guiada-museo-arqueologico-nacional-m-a-r-t-a-y-taranto\\\/#breadcrumb\",\"itemListElement\":[{\"@type\":\"ListItem\",\"position\":1,\"name\":\"Home\",\"item\":\"https:\\\/\\\/puglialovesmatera.com\\\/es\\\/\"},{\"@type\":\"ListItem\",\"position\":2,\"name\":\"Todas las visitas guiadas\",\"item\":\"https:\\\/\\\/puglialovesmatera.com\\\/es\\\/visitas-todas-guiadas\\\/\"},{\"@type\":\"ListItem\",\"position\":3,\"name\":\"Visita guiada Museo Arqueol\u00f3gico Nacional M.A.R.T.A. y Taranto\"}]},{\"@type\":\"WebSite\",\"@id\":\"https:\\\/\\\/puglialovesmatera.com\\\/es\\\/#website\",\"url\":\"https:\\\/\\\/puglialovesmatera.com\\\/es\\\/\",\"name\":\"Puglia Loves Matera\",\"description\":\"Ars Mediterranea Scario\",\"publisher\":{\"@id\":\"https:\\\/\\\/puglialovesmatera.com\\\/es\\\/#organization\"},\"potentialAction\":[{\"@type\":\"SearchAction\",\"target\":{\"@type\":\"EntryPoint\",\"urlTemplate\":\"https:\\\/\\\/puglialovesmatera.com\\\/es\\\/?s={search_term_string}\"},\"query-input\":{\"@type\":\"PropertyValueSpecification\",\"valueRequired\":true,\"valueName\":\"search_term_string\"}}],\"inLanguage\":\"es\"},{\"@type\":\"Organization\",\"@id\":\"https:\\\/\\\/puglialovesmatera.com\\\/es\\\/#organization\",\"name\":\"Puglia Loves Matera\",\"url\":\"https:\\\/\\\/puglialovesmatera.com\\\/es\\\/\",\"logo\":{\"@type\":\"ImageObject\",\"inLanguage\":\"es\",\"@id\":\"https:\\\/\\\/puglialovesmatera.com\\\/es\\\/#\\\/schema\\\/logo\\\/image\\\/\",\"url\":\"https:\\\/\\\/puglialovesmatera.com\\\/wp-content\\\/uploads\\\/2024\\\/07\\\/Group-14.svg\",\"contentUrl\":\"https:\\\/\\\/puglialovesmatera.com\\\/wp-content\\\/uploads\\\/2024\\\/07\\\/Group-14.svg\",\"width\":371,\"height\":381,\"caption\":\"Puglia Loves Matera\"},\"image\":{\"@id\":\"https:\\\/\\\/puglialovesmatera.com\\\/es\\\/#\\\/schema\\\/logo\\\/image\\\/\"}}]}<\/script>\n<!-- \/ Yoast SEO plugin. -->","yoast_head_json":{"title":"Visita guiada al Museo Arqueol\u00f3gico Nacional M.A.R.T.A. Taranto","description":"Descubre Tarento y el Museo Arqueol\u00f3gico Nacional M.A.R.T.A. con visitas guiadas por Alessandra Di Mauro, arque\u00f3loga y gu\u00eda tur\u00edstica licenciada.","robots":{"index":"index","follow":"follow","max-snippet":"max-snippet:-1","max-image-preview":"max-image-preview:large","max-video-preview":"max-video-preview:-1"},"canonical":"https:\/\/puglialovesmatera.com\/es\/visita-guidata\/visita-guiada-museo-arqueologico-nacional-m-a-r-t-a-y-taranto\/","og_locale":"es_ES","og_type":"article","og_title":"Visita guiada al Museo Arqueol\u00f3gico Nacional M.A.R.T.A. Taranto","og_description":"Descubre Tarento y el Museo Arqueol\u00f3gico Nacional M.A.R.T.A. con visitas guiadas por Alessandra Di Mauro, arque\u00f3loga y gu\u00eda tur\u00edstica licenciada.","og_url":"https:\/\/puglialovesmatera.com\/es\/visita-guidata\/visita-guiada-museo-arqueologico-nacional-m-a-r-t-a-y-taranto\/","og_site_name":"Puglia Loves Matera","og_image":[{"width":500,"height":500,"url":"https:\/\/puglialovesmatera.com\/wp-content\/uploads\/2024\/07\/Visita-guidata-Marta-Taranto.jpg","type":"image\/jpeg"}],"twitter_card":"summary_large_image","twitter_misc":{"Tiempo de lectura":"3 minutos"},"schema":{"@context":"https:\/\/schema.org","@graph":[{"@type":"WebPage","@id":"https:\/\/puglialovesmatera.com\/es\/visita-guidata\/visita-guiada-museo-arqueologico-nacional-m-a-r-t-a-y-taranto\/","url":"https:\/\/puglialovesmatera.com\/es\/visita-guidata\/visita-guiada-museo-arqueologico-nacional-m-a-r-t-a-y-taranto\/","name":"Visita guiada al Museo Arqueol\u00f3gico Nacional M.A.R.T.A. Taranto","isPartOf":{"@id":"https:\/\/puglialovesmatera.com\/es\/#website"},"primaryImageOfPage":{"@id":"https:\/\/puglialovesmatera.com\/es\/visita-guidata\/visita-guiada-museo-arqueologico-nacional-m-a-r-t-a-y-taranto\/#primaryimage"},"image":{"@id":"https:\/\/puglialovesmatera.com\/es\/visita-guidata\/visita-guiada-museo-arqueologico-nacional-m-a-r-t-a-y-taranto\/#primaryimage"},"thumbnailUrl":"https:\/\/puglialovesmatera.com\/wp-content\/uploads\/2024\/07\/Visita-guidata-Marta-Taranto.jpg","datePublished":"2024-07-24T15:30:14+00:00","description":"Descubre Tarento y el Museo Arqueol\u00f3gico Nacional M.A.R.T.A. con visitas guiadas por Alessandra Di Mauro, arque\u00f3loga y gu\u00eda tur\u00edstica licenciada.","breadcrumb":{"@id":"https:\/\/puglialovesmatera.com\/es\/visita-guidata\/visita-guiada-museo-arqueologico-nacional-m-a-r-t-a-y-taranto\/#breadcrumb"},"inLanguage":"es","potentialAction":[{"@type":"ReadAction","target":["https:\/\/puglialovesmatera.com\/es\/visita-guidata\/visita-guiada-museo-arqueologico-nacional-m-a-r-t-a-y-taranto\/"]}]},{"@type":"ImageObject","inLanguage":"es","@id":"https:\/\/puglialovesmatera.com\/es\/visita-guidata\/visita-guiada-museo-arqueologico-nacional-m-a-r-t-a-y-taranto\/#primaryimage","url":"https:\/\/puglialovesmatera.com\/wp-content\/uploads\/2024\/07\/Visita-guidata-Marta-Taranto.jpg","contentUrl":"https:\/\/puglialovesmatera.com\/wp-content\/uploads\/2024\/07\/Visita-guidata-Marta-Taranto.jpg","width":500,"height":500},{"@type":"BreadcrumbList","@id":"https:\/\/puglialovesmatera.com\/es\/visita-guidata\/visita-guiada-museo-arqueologico-nacional-m-a-r-t-a-y-taranto\/#breadcrumb","itemListElement":[{"@type":"ListItem","position":1,"name":"Home","item":"https:\/\/puglialovesmatera.com\/es\/"},{"@type":"ListItem","position":2,"name":"Todas las visitas guiadas","item":"https:\/\/puglialovesmatera.com\/es\/visitas-todas-guiadas\/"},{"@type":"ListItem","position":3,"name":"Visita guiada Museo Arqueol\u00f3gico Nacional M.A.R.T.A. y Taranto"}]},{"@type":"WebSite","@id":"https:\/\/puglialovesmatera.com\/es\/#website","url":"https:\/\/puglialovesmatera.com\/es\/","name":"Puglia Loves Matera","description":"Ars Mediterranea Scario","publisher":{"@id":"https:\/\/puglialovesmatera.com\/es\/#organization"},"potentialAction":[{"@type":"SearchAction","target":{"@type":"EntryPoint","urlTemplate":"https:\/\/puglialovesmatera.com\/es\/?s={search_term_string}"},"query-input":{"@type":"PropertyValueSpecification","valueRequired":true,"valueName":"search_term_string"}}],"inLanguage":"es"},{"@type":"Organization","@id":"https:\/\/puglialovesmatera.com\/es\/#organization","name":"Puglia Loves Matera","url":"https:\/\/puglialovesmatera.com\/es\/","logo":{"@type":"ImageObject","inLanguage":"es","@id":"https:\/\/puglialovesmatera.com\/es\/#\/schema\/logo\/image\/","url":"https:\/\/puglialovesmatera.com\/wp-content\/uploads\/2024\/07\/Group-14.svg","contentUrl":"https:\/\/puglialovesmatera.com\/wp-content\/uploads\/2024\/07\/Group-14.svg","width":371,"height":381,"caption":"Puglia Loves Matera"},"image":{"@id":"https:\/\/puglialovesmatera.com\/es\/#\/schema\/logo\/image\/"}}]}},"_links":{"self":[{"href":"https:\/\/puglialovesmatera.com\/es\/wp-json\/wp\/v2\/product\/3330","targetHints":{"allow":["GET"]}}],"collection":[{"href":"https:\/\/puglialovesmatera.com\/es\/wp-json\/wp\/v2\/product"}],"about":[{"href":"https:\/\/puglialovesmatera.com\/es\/wp-json\/wp\/v2\/types\/product"}],"replies":[{"embeddable":true,"href":"https:\/\/puglialovesmatera.com\/es\/wp-json\/wp\/v2\/comments?post=3330"}],"wp:featuredmedia":[{"embeddable":true,"href":"https:\/\/puglialovesmatera.com\/es\/wp-json\/wp\/v2\/media\/2744"}],"wp:attachment":[{"href":"https:\/\/puglialovesmatera.com\/es\/wp-json\/wp\/v2\/media?parent=3330"}],"wp:term":[{"taxonomy":"product_brand","embeddable":true,"href":"https:\/\/puglialovesmatera.com\/es\/wp-json\/wp\/v2\/product_brand?post=3330"},{"taxonomy":"product_cat","embeddable":true,"href":"https:\/\/puglialovesmatera.com\/es\/wp-json\/wp\/v2\/product_cat?post=3330"},{"taxonomy":"product_tag","embeddable":true,"href":"https:\/\/puglialovesmatera.com\/es\/wp-json\/wp\/v2\/product_tag?post=3330"}],"curies":[{"name":"wp","href":"https:\/\/api.w.org\/{rel}","templated":true}]}}