{"id":3335,"date":"2024-07-24T15:31:02","date_gmt":"2024-07-24T15:31:02","guid":{"rendered":"https:\/\/puglialovesmatera.com\/visita-guidata\/visita-guiada-manduria-cuna-del-vino-primitivo\/"},"modified":"2024-07-24T15:31:02","modified_gmt":"2024-07-24T15:31:02","slug":"visita-guiada-manduria-cuna-del-vino-primitivo","status":"publish","type":"product","link":"https:\/\/puglialovesmatera.com\/es\/visita-guidata\/visita-guiada-manduria-cuna-del-vino-primitivo\/","title":{"rendered":"Visita guiada Manduria cuna del vino primitivo"},"content":{"rendered":"<h3>Inicio de la visita<\/h3>\n<p>  Mis visitas guiadas por Manduria te permitir\u00e1n descubrir una ciudad de or\u00edgenes mesapios, famosa por sus murallas megal\u00edticas que dan testimonio de un pasado antiguo y fascinante.<br \/>\nManduria es conocida como la cuna del vino Primitivo, al que se concedi\u00f3 la categor\u00eda de DOC hace m\u00e1s de 50 a\u00f1os.<br \/>\nLa historia y la vinificaci\u00f3n de este vino se cuentan en el Museo della Civilt\u00e0 del Vino Primitivo, una parada ineludible de nuestro itinerario.    <\/p>\n<h3>Centro hist\u00f3rico de Manduria<\/h3>\n<p>  Comenzaremos la visita explorando el peque\u00f1o centro hist\u00f3rico de Manduria.<br \/>\nLa primera parada ser\u00e1 la Iglesia Matriz, ejemplo del estilo rom\u00e1nico de Apulia.<br \/>\nPaseando por las calles del centro, te llevar\u00e9 a los palacios nobiliarios, entre los que destaca el imponente Palazzo Imperiali.<br \/>\nContinuaremos nuestro paseo por el barrio jud\u00edo, donde a\u00fan pueden leerse las huellas del paso de esta antigua comunidad, lo que a\u00f1adir\u00e1 una capa m\u00e1s de historia y cultura a nuestra visita.     <\/p>\n<h3>Museo de la Civilizaci\u00f3n del Vino Primitivo<\/h3>\n<p>  Tras explorar el centro hist\u00f3rico, nos trasladamos a la hist\u00f3rica Cantina Sociale para visitar el Museo de la Civilizaci\u00f3n del Vino Primitivo.<br \/>\nEste museo ofrece una visi\u00f3n completa de la historia y las t\u00e9cnicas de elaboraci\u00f3n del vino Primitivo di Manduria.<br \/>\nDurante la visita, descubriremos c\u00f3mo este vino se ha convertido en un s\u00edmbolo de la zona de Taranto y de la ciudad de Manduria.    <\/p>\n<h3>Cata de vinos<\/h3>\n<p>  Al final de la visita al museo, un experto en\u00f3logo nos llevar\u00e1 a una cata comentada de algunos de los vinos m\u00e1s representativos de la zona.<br \/>\nEsta experiencia te permitir\u00e1 apreciar las caracter\u00edsticas \u00fanicas del Primitivo y conocer de primera mano el proceso de producci\u00f3n que hace que este vino sea tan especial.   <\/p>\n<h3>Informaci\u00f3n adicional<\/h3>\n<p>  Mis visitas guiadas a Manduria y al Museo de la Civilizaci\u00f3n del Vino Primitivo son una oportunidad ineludible para cualquiera que desee saber m\u00e1s sobre la historia, la cultura y las tradiciones vin\u00edcolas de esta fascinante ciudad.<br \/>\nGracias a mi formaci\u00f3n continua y a mi pasi\u00f3n por la historia, podr\u00e9 involucrarte en una historia apasionante y llena de detalles, haciendo de cada visita una experiencia \u00fanica.<br \/>\nEl enfoque en la personalizaci\u00f3n de las visitas me permite adaptar el itinerario y las explicaciones a los intereses espec\u00edficos de los visitantes, garantizando una experiencia a medida y de alta calidad.<br \/>\nMi puntualidad y fiabilidad garantizan un servicio profesional e impecable.<br \/>\nNo pierdas la oportunidad de vivir un viaje en el tiempo entre los tesoros de Manduria y el Museo de la Civilizaci\u00f3n del Vino Primitivo, donde cada rinc\u00f3n cuenta una historia y cada sorbo de vino es una inmersi\u00f3n en las tradiciones del territorio.<br \/>\nPara m\u00e1s informaci\u00f3n y reservas, ponte en contacto conmigo para acordar el precio de la visita guiada.<br \/>\nEstar\u00e9 encantada de acompa\u00f1arte en esta extraordinaria aventura cultural y enol\u00f3gica.      <\/p>\n","protected":false},"excerpt":{"rendered":"<p>Manduria, conocida como la cuna del vino Primitivo, ofrece una experiencia enogastron\u00f3mica inolvidable.<br \/>\nLa visita guiada te llevar\u00e1 por el centro hist\u00f3rico de la ciudad, pasando por las bodegas hist\u00f3ricas y el Museo de la Civilizaci\u00f3n del Vino Primitivo.<br \/>\nDegustar\u00e1s algunos de los vinos emblem\u00e1ticos de la zona, descubriendo la historia y las tradiciones vin\u00edcolas que hacen de Manduria un lugar \u00fanico en el panorama vin\u00edcola italiano.  <\/p>\n","protected":false},"featured_media":2714,"comment_status":"open","ping_status":"closed","template":"","meta":{"_acf_changed":false},"product_brand":[],"product_cat":[66],"product_tag":[],"class_list":{"0":"post-3335","1":"product","2":"type-product","3":"status-publish","4":"has-post-thumbnail","6":"product_cat-taranto-entre-historia-y-artesania","8":"first","9":"instock","10":"shipping-taxable","11":"product-type-simple"},"acf":[],"yoast_head":"<!-- This site is optimized with the Yoast SEO plugin v27.3 - https:\/\/yoast.com\/product\/yoast-seo-wordpress\/ -->\n<title>Visita guiada a Manduria y al Museo de la Civilizaci\u00f3n del Vino Primitivo<\/title>\n<meta name=\"description\" content=\"Descubre Manduria y el Museo de la Civilizaci\u00f3n del Vino Primitivo con Alessandra Di Mauro, arque\u00f3loga y gu\u00eda tur\u00edstica licenciada. Descubre las tarifas\" \/>\n<meta name=\"robots\" content=\"index, follow, max-snippet:-1, max-image-preview:large, max-video-preview:-1\" \/>\n<link rel=\"canonical\" href=\"https:\/\/puglialovesmatera.com\/es\/visita-guidata\/visita-guiada-manduria-cuna-del-vino-primitivo\/\" \/>\n<meta property=\"og:locale\" content=\"es_ES\" \/>\n<meta property=\"og:type\" content=\"article\" \/>\n<meta property=\"og:title\" content=\"Visita guiada a Manduria y al Museo de la Civilizaci\u00f3n del Vino Primitivo\" \/>\n<meta property=\"og:description\" content=\"Descubre Manduria y el Museo de la Civilizaci\u00f3n del Vino Primitivo con Alessandra Di Mauro, arque\u00f3loga y gu\u00eda tur\u00edstica licenciada. Descubre las tarifas\" \/>\n<meta property=\"og:url\" content=\"https:\/\/puglialovesmatera.com\/es\/visita-guidata\/visita-guiada-manduria-cuna-del-vino-primitivo\/\" \/>\n<meta property=\"og:site_name\" content=\"Puglia Loves Matera\" \/>\n<meta property=\"og:image\" content=\"https:\/\/puglialovesmatera.com\/wp-content\/uploads\/2024\/07\/Visite-Guidate-Manduria.jpg\" \/>\n\t<meta property=\"og:image:width\" content=\"500\" \/>\n\t<meta property=\"og:image:height\" content=\"500\" \/>\n\t<meta property=\"og:image:type\" content=\"image\/jpeg\" \/>\n<meta name=\"twitter:card\" content=\"summary_large_image\" \/>\n<meta name=\"twitter:label1\" content=\"Tiempo de lectura\" \/>\n\t<meta name=\"twitter:data1\" content=\"3 minutos\" \/>\n<script type=\"application\/ld+json\" class=\"yoast-schema-graph\">{\"@context\":\"https:\\\/\\\/schema.org\",\"@graph\":[{\"@type\":\"WebPage\",\"@id\":\"https:\\\/\\\/puglialovesmatera.com\\\/es\\\/visita-guidata\\\/visita-guiada-manduria-cuna-del-vino-primitivo\\\/\",\"url\":\"https:\\\/\\\/puglialovesmatera.com\\\/es\\\/visita-guidata\\\/visita-guiada-manduria-cuna-del-vino-primitivo\\\/\",\"name\":\"Visita guiada a Manduria y al Museo de la Civilizaci\u00f3n del Vino Primitivo\",\"isPartOf\":{\"@id\":\"https:\\\/\\\/puglialovesmatera.com\\\/es\\\/#website\"},\"primaryImageOfPage\":{\"@id\":\"https:\\\/\\\/puglialovesmatera.com\\\/es\\\/visita-guidata\\\/visita-guiada-manduria-cuna-del-vino-primitivo\\\/#primaryimage\"},\"image\":{\"@id\":\"https:\\\/\\\/puglialovesmatera.com\\\/es\\\/visita-guidata\\\/visita-guiada-manduria-cuna-del-vino-primitivo\\\/#primaryimage\"},\"thumbnailUrl\":\"https:\\\/\\\/puglialovesmatera.com\\\/wp-content\\\/uploads\\\/2024\\\/07\\\/Visite-Guidate-Manduria.jpg\",\"datePublished\":\"2024-07-24T15:31:02+00:00\",\"description\":\"Descubre Manduria y el Museo de la Civilizaci\u00f3n del Vino Primitivo con Alessandra Di Mauro, arque\u00f3loga y gu\u00eda tur\u00edstica licenciada. Descubre las tarifas\",\"breadcrumb\":{\"@id\":\"https:\\\/\\\/puglialovesmatera.com\\\/es\\\/visita-guidata\\\/visita-guiada-manduria-cuna-del-vino-primitivo\\\/#breadcrumb\"},\"inLanguage\":\"es\",\"potentialAction\":[{\"@type\":\"ReadAction\",\"target\":[\"https:\\\/\\\/puglialovesmatera.com\\\/es\\\/visita-guidata\\\/visita-guiada-manduria-cuna-del-vino-primitivo\\\/\"]}]},{\"@type\":\"ImageObject\",\"inLanguage\":\"es\",\"@id\":\"https:\\\/\\\/puglialovesmatera.com\\\/es\\\/visita-guidata\\\/visita-guiada-manduria-cuna-del-vino-primitivo\\\/#primaryimage\",\"url\":\"https:\\\/\\\/puglialovesmatera.com\\\/wp-content\\\/uploads\\\/2024\\\/07\\\/Visite-Guidate-Manduria.jpg\",\"contentUrl\":\"https:\\\/\\\/puglialovesmatera.com\\\/wp-content\\\/uploads\\\/2024\\\/07\\\/Visite-Guidate-Manduria.jpg\",\"width\":500,\"height\":500},{\"@type\":\"BreadcrumbList\",\"@id\":\"https:\\\/\\\/puglialovesmatera.com\\\/es\\\/visita-guidata\\\/visita-guiada-manduria-cuna-del-vino-primitivo\\\/#breadcrumb\",\"itemListElement\":[{\"@type\":\"ListItem\",\"position\":1,\"name\":\"Home\",\"item\":\"https:\\\/\\\/puglialovesmatera.com\\\/es\\\/\"},{\"@type\":\"ListItem\",\"position\":2,\"name\":\"Todas las visitas guiadas\",\"item\":\"https:\\\/\\\/puglialovesmatera.com\\\/es\\\/visitas-todas-guiadas\\\/\"},{\"@type\":\"ListItem\",\"position\":3,\"name\":\"Visita guiada Manduria cuna del vino primitivo\"}]},{\"@type\":\"WebSite\",\"@id\":\"https:\\\/\\\/puglialovesmatera.com\\\/es\\\/#website\",\"url\":\"https:\\\/\\\/puglialovesmatera.com\\\/es\\\/\",\"name\":\"Puglia Loves Matera\",\"description\":\"Ars Mediterranea Scario\",\"publisher\":{\"@id\":\"https:\\\/\\\/puglialovesmatera.com\\\/es\\\/#organization\"},\"potentialAction\":[{\"@type\":\"SearchAction\",\"target\":{\"@type\":\"EntryPoint\",\"urlTemplate\":\"https:\\\/\\\/puglialovesmatera.com\\\/es\\\/?s={search_term_string}\"},\"query-input\":{\"@type\":\"PropertyValueSpecification\",\"valueRequired\":true,\"valueName\":\"search_term_string\"}}],\"inLanguage\":\"es\"},{\"@type\":\"Organization\",\"@id\":\"https:\\\/\\\/puglialovesmatera.com\\\/es\\\/#organization\",\"name\":\"Puglia Loves Matera\",\"url\":\"https:\\\/\\\/puglialovesmatera.com\\\/es\\\/\",\"logo\":{\"@type\":\"ImageObject\",\"inLanguage\":\"es\",\"@id\":\"https:\\\/\\\/puglialovesmatera.com\\\/es\\\/#\\\/schema\\\/logo\\\/image\\\/\",\"url\":\"https:\\\/\\\/puglialovesmatera.com\\\/wp-content\\\/uploads\\\/2024\\\/07\\\/Group-14.svg\",\"contentUrl\":\"https:\\\/\\\/puglialovesmatera.com\\\/wp-content\\\/uploads\\\/2024\\\/07\\\/Group-14.svg\",\"width\":371,\"height\":381,\"caption\":\"Puglia Loves Matera\"},\"image\":{\"@id\":\"https:\\\/\\\/puglialovesmatera.com\\\/es\\\/#\\\/schema\\\/logo\\\/image\\\/\"}}]}<\/script>\n<!-- \/ Yoast SEO plugin. -->","yoast_head_json":{"title":"Visita guiada a Manduria y al Museo de la Civilizaci\u00f3n del Vino Primitivo","description":"Descubre Manduria y el Museo de la Civilizaci\u00f3n del Vino Primitivo con Alessandra Di Mauro, arque\u00f3loga y gu\u00eda tur\u00edstica licenciada. Descubre las tarifas","robots":{"index":"index","follow":"follow","max-snippet":"max-snippet:-1","max-image-preview":"max-image-preview:large","max-video-preview":"max-video-preview:-1"},"canonical":"https:\/\/puglialovesmatera.com\/es\/visita-guidata\/visita-guiada-manduria-cuna-del-vino-primitivo\/","og_locale":"es_ES","og_type":"article","og_title":"Visita guiada a Manduria y al Museo de la Civilizaci\u00f3n del Vino Primitivo","og_description":"Descubre Manduria y el Museo de la Civilizaci\u00f3n del Vino Primitivo con Alessandra Di Mauro, arque\u00f3loga y gu\u00eda tur\u00edstica licenciada. Descubre las tarifas","og_url":"https:\/\/puglialovesmatera.com\/es\/visita-guidata\/visita-guiada-manduria-cuna-del-vino-primitivo\/","og_site_name":"Puglia Loves Matera","og_image":[{"width":500,"height":500,"url":"https:\/\/puglialovesmatera.com\/wp-content\/uploads\/2024\/07\/Visite-Guidate-Manduria.jpg","type":"image\/jpeg"}],"twitter_card":"summary_large_image","twitter_misc":{"Tiempo de lectura":"3 minutos"},"schema":{"@context":"https:\/\/schema.org","@graph":[{"@type":"WebPage","@id":"https:\/\/puglialovesmatera.com\/es\/visita-guidata\/visita-guiada-manduria-cuna-del-vino-primitivo\/","url":"https:\/\/puglialovesmatera.com\/es\/visita-guidata\/visita-guiada-manduria-cuna-del-vino-primitivo\/","name":"Visita guiada a Manduria y al Museo de la Civilizaci\u00f3n del Vino Primitivo","isPartOf":{"@id":"https:\/\/puglialovesmatera.com\/es\/#website"},"primaryImageOfPage":{"@id":"https:\/\/puglialovesmatera.com\/es\/visita-guidata\/visita-guiada-manduria-cuna-del-vino-primitivo\/#primaryimage"},"image":{"@id":"https:\/\/puglialovesmatera.com\/es\/visita-guidata\/visita-guiada-manduria-cuna-del-vino-primitivo\/#primaryimage"},"thumbnailUrl":"https:\/\/puglialovesmatera.com\/wp-content\/uploads\/2024\/07\/Visite-Guidate-Manduria.jpg","datePublished":"2024-07-24T15:31:02+00:00","description":"Descubre Manduria y el Museo de la Civilizaci\u00f3n del Vino Primitivo con Alessandra Di Mauro, arque\u00f3loga y gu\u00eda tur\u00edstica licenciada. Descubre las tarifas","breadcrumb":{"@id":"https:\/\/puglialovesmatera.com\/es\/visita-guidata\/visita-guiada-manduria-cuna-del-vino-primitivo\/#breadcrumb"},"inLanguage":"es","potentialAction":[{"@type":"ReadAction","target":["https:\/\/puglialovesmatera.com\/es\/visita-guidata\/visita-guiada-manduria-cuna-del-vino-primitivo\/"]}]},{"@type":"ImageObject","inLanguage":"es","@id":"https:\/\/puglialovesmatera.com\/es\/visita-guidata\/visita-guiada-manduria-cuna-del-vino-primitivo\/#primaryimage","url":"https:\/\/puglialovesmatera.com\/wp-content\/uploads\/2024\/07\/Visite-Guidate-Manduria.jpg","contentUrl":"https:\/\/puglialovesmatera.com\/wp-content\/uploads\/2024\/07\/Visite-Guidate-Manduria.jpg","width":500,"height":500},{"@type":"BreadcrumbList","@id":"https:\/\/puglialovesmatera.com\/es\/visita-guidata\/visita-guiada-manduria-cuna-del-vino-primitivo\/#breadcrumb","itemListElement":[{"@type":"ListItem","position":1,"name":"Home","item":"https:\/\/puglialovesmatera.com\/es\/"},{"@type":"ListItem","position":2,"name":"Todas las visitas guiadas","item":"https:\/\/puglialovesmatera.com\/es\/visitas-todas-guiadas\/"},{"@type":"ListItem","position":3,"name":"Visita guiada Manduria cuna del vino primitivo"}]},{"@type":"WebSite","@id":"https:\/\/puglialovesmatera.com\/es\/#website","url":"https:\/\/puglialovesmatera.com\/es\/","name":"Puglia Loves Matera","description":"Ars Mediterranea Scario","publisher":{"@id":"https:\/\/puglialovesmatera.com\/es\/#organization"},"potentialAction":[{"@type":"SearchAction","target":{"@type":"EntryPoint","urlTemplate":"https:\/\/puglialovesmatera.com\/es\/?s={search_term_string}"},"query-input":{"@type":"PropertyValueSpecification","valueRequired":true,"valueName":"search_term_string"}}],"inLanguage":"es"},{"@type":"Organization","@id":"https:\/\/puglialovesmatera.com\/es\/#organization","name":"Puglia Loves Matera","url":"https:\/\/puglialovesmatera.com\/es\/","logo":{"@type":"ImageObject","inLanguage":"es","@id":"https:\/\/puglialovesmatera.com\/es\/#\/schema\/logo\/image\/","url":"https:\/\/puglialovesmatera.com\/wp-content\/uploads\/2024\/07\/Group-14.svg","contentUrl":"https:\/\/puglialovesmatera.com\/wp-content\/uploads\/2024\/07\/Group-14.svg","width":371,"height":381,"caption":"Puglia Loves Matera"},"image":{"@id":"https:\/\/puglialovesmatera.com\/es\/#\/schema\/logo\/image\/"}}]}},"_links":{"self":[{"href":"https:\/\/puglialovesmatera.com\/es\/wp-json\/wp\/v2\/product\/3335","targetHints":{"allow":["GET"]}}],"collection":[{"href":"https:\/\/puglialovesmatera.com\/es\/wp-json\/wp\/v2\/product"}],"about":[{"href":"https:\/\/puglialovesmatera.com\/es\/wp-json\/wp\/v2\/types\/product"}],"replies":[{"embeddable":true,"href":"https:\/\/puglialovesmatera.com\/es\/wp-json\/wp\/v2\/comments?post=3335"}],"wp:featuredmedia":[{"embeddable":true,"href":"https:\/\/puglialovesmatera.com\/es\/wp-json\/wp\/v2\/media\/2714"}],"wp:attachment":[{"href":"https:\/\/puglialovesmatera.com\/es\/wp-json\/wp\/v2\/media?parent=3335"}],"wp:term":[{"taxonomy":"product_brand","embeddable":true,"href":"https:\/\/puglialovesmatera.com\/es\/wp-json\/wp\/v2\/product_brand?post=3335"},{"taxonomy":"product_cat","embeddable":true,"href":"https:\/\/puglialovesmatera.com\/es\/wp-json\/wp\/v2\/product_cat?post=3335"},{"taxonomy":"product_tag","embeddable":true,"href":"https:\/\/puglialovesmatera.com\/es\/wp-json\/wp\/v2\/product_tag?post=3335"}],"curies":[{"name":"wp","href":"https:\/\/api.w.org\/{rel}","templated":true}]}}