{"id":3336,"date":"2024-07-24T15:32:07","date_gmt":"2024-07-24T15:32:07","guid":{"rendered":"https:\/\/puglialovesmatera.com\/visita-guidata\/visita-guiada-a-alberobello\/"},"modified":"2024-07-24T15:32:07","modified_gmt":"2024-07-24T15:32:07","slug":"visita-guiada-a-alberobello","status":"publish","type":"product","link":"https:\/\/puglialovesmatera.com\/es\/visita-guidata\/visita-guiada-a-alberobello\/","title":{"rendered":"Visita guiada a Alberobello"},"content":{"rendered":"<h3>Inicio de la visita<\/h3>\n<p>  Mis visitas guiadas en Alberobello ofrecen una experiencia \u00fanica y fascinante en el hermoso Valle de Itria.<br \/>\nAlberobello, conocida como la Capital de los Trulli, ha sido reconocida como Patrimonio de la Humanidad por la UNESCO por su extraordinaria arquitectura y su historia \u00fanica.   <\/p>\n<h3>Barrios hist\u00f3ricos de Alberobello<\/h3>\n<p>  Durante la visita, exploraremos los dos barrios principales que caracterizan el centro hist\u00f3rico de Alberobello: Aia Piccola y Rione Monti.<br \/>\nPasearemos por las calles de estos barrios, donde te explicar\u00e9 las t\u00e9cnicas de construcci\u00f3n utilizadas para crear los caracter\u00edsticos muros de piedra seca y los trulli, s\u00edmbolos distintivos de la regi\u00f3n.<br \/>\nJuntos descubriremos por qu\u00e9 Alberobello naci\u00f3 entre mitos y folclore, sumergi\u00e9ndonos en las leyendas e historias locales que hacen que esta ciudad sea tan fascinante.    <\/p>\n<h3><strong>Iglesia Trullo y Degustaci\u00f3n<\/strong><\/h3>\n<p>  Llegaremos a la famosa Iglesia del Trullo, un edificio \u00fanico que combina tradici\u00f3n y espiritualidad en una arquitectura sin igual.<br \/>\nLa visita guiada culminar\u00e1 con una degustaci\u00f3n de aceite de oliva virgen extra y productos t\u00edpicos locales, organizada por Cosimo (sujeto a disponibilidad).<br \/>\nEsta experiencia te permitir\u00e1 saborear los aut\u00e9nticos sabores de Apulia, completando nuestro viaje por la cultura y las tradiciones de Alberobello.    <\/p>\n<h3><strong>Informaci\u00f3n adicional<\/strong><\/h3>\n<p>  Mis visitas guiadas a Alberobello son una oportunidad ineludible para todo aquel que quiera saber m\u00e1s sobre la historia y la cultura de esta fascinante ciudad.<br \/>\nGracias a mi formaci\u00f3n continua y a mi pasi\u00f3n por la historia, podr\u00e9 involucrarte en un relato convincente y lleno de detalles, haciendo de cada visita una experiencia \u00fanica.<br \/>\nEl enfoque en la personalizaci\u00f3n de las visitas me permite adaptar el itinerario y las explicaciones a los intereses espec\u00edficos de los visitantes, garantizando una experiencia a medida y de alta calidad.<br \/>\nMi puntualidad y fiabilidad garantizan un servicio profesional e impecable.<br \/>\nNo pierdas la oportunidad de vivir un viaje en el tiempo entre los tesoros de Alberobello, donde cada rinc\u00f3n cuenta una historia y cada trullo es un ejemplo de maestr\u00eda arquitect\u00f3nica.<br \/>\nPara m\u00e1s informaci\u00f3n y reservas, ponte en contacto conmigo para acordar el precio de la visita guiada.<br \/>\nEstar\u00e9 encantada de acompa\u00f1arte en esta extraordinaria aventura cultural y gastron\u00f3mica.      <\/p>\n","protected":false},"excerpt":{"rendered":"<p>Visitas guiadas a Alberobello, mundialmente famosa por sus trulli, antiguas construcciones de piedra seca con tejados c\u00f3nicos.<br \/>\nEste lugar declarado Patrimonio de la Humanidad por la UNESCO ofrece una experiencia \u00fanica con sus dos barrios hist\u00f3ricos, Aia Piccola y Rione Monti.<br \/>\nDurante la visita guiada, conocer\u00e1s las t\u00e9cnicas de construcci\u00f3n de los trulli, la historia local y concluir\u00e1s con una degustaci\u00f3n de productos t\u00edpicos de la zona.  <\/p>\n","protected":false},"featured_media":2684,"comment_status":"open","ping_status":"closed","template":"","meta":{"_acf_changed":false},"product_brand":[],"product_cat":[70],"product_tag":[],"class_list":{"0":"post-3336","1":"product","2":"type-product","3":"status-publish","4":"has-post-thumbnail","6":"product_cat-el-valle-de-itria-y-sus-pueblos-blancos","8":"first","9":"instock","10":"shipping-taxable","11":"product-type-simple"},"acf":[],"yoast_head":"<!-- This site is optimized with the Yoast SEO plugin v27.3 - https:\/\/yoast.com\/product\/yoast-seo-wordpress\/ -->\n<title>Visita guiada de Alberobello - Descubre los Trulli y su historia con un gu\u00eda<\/title>\n<meta name=\"description\" content=\"Explora Alberobello, Capital de los Trulli y Patrimonio de la Humanidad de la UNESCO, con Alessandra Di Mauro, arque\u00f3loga y gu\u00eda tur\u00edstica licenciada.\" \/>\n<meta name=\"robots\" content=\"index, follow, max-snippet:-1, max-image-preview:large, max-video-preview:-1\" \/>\n<link rel=\"canonical\" href=\"https:\/\/puglialovesmatera.com\/es\/visita-guidata\/visita-guiada-a-alberobello\/\" \/>\n<meta property=\"og:locale\" content=\"es_ES\" \/>\n<meta property=\"og:type\" content=\"article\" \/>\n<meta property=\"og:title\" content=\"Visita guiada de Alberobello - Descubre los Trulli y su historia con un gu\u00eda\" \/>\n<meta property=\"og:description\" content=\"Explora Alberobello, Capital de los Trulli y Patrimonio de la Humanidad de la UNESCO, con Alessandra Di Mauro, arque\u00f3loga y gu\u00eda tur\u00edstica licenciada.\" \/>\n<meta property=\"og:url\" content=\"https:\/\/puglialovesmatera.com\/es\/visita-guidata\/visita-guiada-a-alberobello\/\" \/>\n<meta property=\"og:site_name\" content=\"Puglia Loves Matera\" \/>\n<meta property=\"og:image\" content=\"https:\/\/puglialovesmatera.com\/wp-content\/uploads\/2024\/07\/Visita-guidata-Alberobello.jpg\" \/>\n\t<meta property=\"og:image:width\" content=\"500\" \/>\n\t<meta property=\"og:image:height\" content=\"500\" \/>\n\t<meta property=\"og:image:type\" content=\"image\/jpeg\" \/>\n<meta name=\"twitter:card\" content=\"summary_large_image\" \/>\n<meta name=\"twitter:label1\" content=\"Tiempo de lectura\" \/>\n\t<meta name=\"twitter:data1\" content=\"2 minutos\" \/>\n<script type=\"application\/ld+json\" class=\"yoast-schema-graph\">{\"@context\":\"https:\\\/\\\/schema.org\",\"@graph\":[{\"@type\":\"WebPage\",\"@id\":\"https:\\\/\\\/puglialovesmatera.com\\\/es\\\/visita-guidata\\\/visita-guiada-a-alberobello\\\/\",\"url\":\"https:\\\/\\\/puglialovesmatera.com\\\/es\\\/visita-guidata\\\/visita-guiada-a-alberobello\\\/\",\"name\":\"Visita guiada de Alberobello - Descubre los Trulli y su historia con un gu\u00eda\",\"isPartOf\":{\"@id\":\"https:\\\/\\\/puglialovesmatera.com\\\/es\\\/#website\"},\"primaryImageOfPage\":{\"@id\":\"https:\\\/\\\/puglialovesmatera.com\\\/es\\\/visita-guidata\\\/visita-guiada-a-alberobello\\\/#primaryimage\"},\"image\":{\"@id\":\"https:\\\/\\\/puglialovesmatera.com\\\/es\\\/visita-guidata\\\/visita-guiada-a-alberobello\\\/#primaryimage\"},\"thumbnailUrl\":\"https:\\\/\\\/puglialovesmatera.com\\\/wp-content\\\/uploads\\\/2024\\\/07\\\/Visita-guidata-Alberobello.jpg\",\"datePublished\":\"2024-07-24T15:32:07+00:00\",\"description\":\"Explora Alberobello, Capital de los Trulli y Patrimonio de la Humanidad de la UNESCO, con Alessandra Di Mauro, arque\u00f3loga y gu\u00eda tur\u00edstica licenciada.\",\"breadcrumb\":{\"@id\":\"https:\\\/\\\/puglialovesmatera.com\\\/es\\\/visita-guidata\\\/visita-guiada-a-alberobello\\\/#breadcrumb\"},\"inLanguage\":\"es\",\"potentialAction\":[{\"@type\":\"ReadAction\",\"target\":[\"https:\\\/\\\/puglialovesmatera.com\\\/es\\\/visita-guidata\\\/visita-guiada-a-alberobello\\\/\"]}]},{\"@type\":\"ImageObject\",\"inLanguage\":\"es\",\"@id\":\"https:\\\/\\\/puglialovesmatera.com\\\/es\\\/visita-guidata\\\/visita-guiada-a-alberobello\\\/#primaryimage\",\"url\":\"https:\\\/\\\/puglialovesmatera.com\\\/wp-content\\\/uploads\\\/2024\\\/07\\\/Visita-guidata-Alberobello.jpg\",\"contentUrl\":\"https:\\\/\\\/puglialovesmatera.com\\\/wp-content\\\/uploads\\\/2024\\\/07\\\/Visita-guidata-Alberobello.jpg\",\"width\":500,\"height\":500},{\"@type\":\"BreadcrumbList\",\"@id\":\"https:\\\/\\\/puglialovesmatera.com\\\/es\\\/visita-guidata\\\/visita-guiada-a-alberobello\\\/#breadcrumb\",\"itemListElement\":[{\"@type\":\"ListItem\",\"position\":1,\"name\":\"Home\",\"item\":\"https:\\\/\\\/puglialovesmatera.com\\\/es\\\/\"},{\"@type\":\"ListItem\",\"position\":2,\"name\":\"Todas las visitas guiadas\",\"item\":\"https:\\\/\\\/puglialovesmatera.com\\\/es\\\/visitas-todas-guiadas\\\/\"},{\"@type\":\"ListItem\",\"position\":3,\"name\":\"Visita guiada a Alberobello\"}]},{\"@type\":\"WebSite\",\"@id\":\"https:\\\/\\\/puglialovesmatera.com\\\/es\\\/#website\",\"url\":\"https:\\\/\\\/puglialovesmatera.com\\\/es\\\/\",\"name\":\"Puglia Loves Matera\",\"description\":\"Ars Mediterranea Scario\",\"publisher\":{\"@id\":\"https:\\\/\\\/puglialovesmatera.com\\\/es\\\/#organization\"},\"potentialAction\":[{\"@type\":\"SearchAction\",\"target\":{\"@type\":\"EntryPoint\",\"urlTemplate\":\"https:\\\/\\\/puglialovesmatera.com\\\/es\\\/?s={search_term_string}\"},\"query-input\":{\"@type\":\"PropertyValueSpecification\",\"valueRequired\":true,\"valueName\":\"search_term_string\"}}],\"inLanguage\":\"es\"},{\"@type\":\"Organization\",\"@id\":\"https:\\\/\\\/puglialovesmatera.com\\\/es\\\/#organization\",\"name\":\"Puglia Loves Matera\",\"url\":\"https:\\\/\\\/puglialovesmatera.com\\\/es\\\/\",\"logo\":{\"@type\":\"ImageObject\",\"inLanguage\":\"es\",\"@id\":\"https:\\\/\\\/puglialovesmatera.com\\\/es\\\/#\\\/schema\\\/logo\\\/image\\\/\",\"url\":\"https:\\\/\\\/puglialovesmatera.com\\\/wp-content\\\/uploads\\\/2024\\\/07\\\/Group-14.svg\",\"contentUrl\":\"https:\\\/\\\/puglialovesmatera.com\\\/wp-content\\\/uploads\\\/2024\\\/07\\\/Group-14.svg\",\"width\":371,\"height\":381,\"caption\":\"Puglia Loves Matera\"},\"image\":{\"@id\":\"https:\\\/\\\/puglialovesmatera.com\\\/es\\\/#\\\/schema\\\/logo\\\/image\\\/\"}}]}<\/script>\n<!-- \/ Yoast SEO plugin. -->","yoast_head_json":{"title":"Visita guiada de Alberobello - Descubre los Trulli y su historia con un gu\u00eda","description":"Explora Alberobello, Capital de los Trulli y Patrimonio de la Humanidad de la UNESCO, con Alessandra Di Mauro, arque\u00f3loga y gu\u00eda tur\u00edstica licenciada.","robots":{"index":"index","follow":"follow","max-snippet":"max-snippet:-1","max-image-preview":"max-image-preview:large","max-video-preview":"max-video-preview:-1"},"canonical":"https:\/\/puglialovesmatera.com\/es\/visita-guidata\/visita-guiada-a-alberobello\/","og_locale":"es_ES","og_type":"article","og_title":"Visita guiada de Alberobello - Descubre los Trulli y su historia con un gu\u00eda","og_description":"Explora Alberobello, Capital de los Trulli y Patrimonio de la Humanidad de la UNESCO, con Alessandra Di Mauro, arque\u00f3loga y gu\u00eda tur\u00edstica licenciada.","og_url":"https:\/\/puglialovesmatera.com\/es\/visita-guidata\/visita-guiada-a-alberobello\/","og_site_name":"Puglia Loves Matera","og_image":[{"width":500,"height":500,"url":"https:\/\/puglialovesmatera.com\/wp-content\/uploads\/2024\/07\/Visita-guidata-Alberobello.jpg","type":"image\/jpeg"}],"twitter_card":"summary_large_image","twitter_misc":{"Tiempo de lectura":"2 minutos"},"schema":{"@context":"https:\/\/schema.org","@graph":[{"@type":"WebPage","@id":"https:\/\/puglialovesmatera.com\/es\/visita-guidata\/visita-guiada-a-alberobello\/","url":"https:\/\/puglialovesmatera.com\/es\/visita-guidata\/visita-guiada-a-alberobello\/","name":"Visita guiada de Alberobello - Descubre los Trulli y su historia con un gu\u00eda","isPartOf":{"@id":"https:\/\/puglialovesmatera.com\/es\/#website"},"primaryImageOfPage":{"@id":"https:\/\/puglialovesmatera.com\/es\/visita-guidata\/visita-guiada-a-alberobello\/#primaryimage"},"image":{"@id":"https:\/\/puglialovesmatera.com\/es\/visita-guidata\/visita-guiada-a-alberobello\/#primaryimage"},"thumbnailUrl":"https:\/\/puglialovesmatera.com\/wp-content\/uploads\/2024\/07\/Visita-guidata-Alberobello.jpg","datePublished":"2024-07-24T15:32:07+00:00","description":"Explora Alberobello, Capital de los Trulli y Patrimonio de la Humanidad de la UNESCO, con Alessandra Di Mauro, arque\u00f3loga y gu\u00eda tur\u00edstica licenciada.","breadcrumb":{"@id":"https:\/\/puglialovesmatera.com\/es\/visita-guidata\/visita-guiada-a-alberobello\/#breadcrumb"},"inLanguage":"es","potentialAction":[{"@type":"ReadAction","target":["https:\/\/puglialovesmatera.com\/es\/visita-guidata\/visita-guiada-a-alberobello\/"]}]},{"@type":"ImageObject","inLanguage":"es","@id":"https:\/\/puglialovesmatera.com\/es\/visita-guidata\/visita-guiada-a-alberobello\/#primaryimage","url":"https:\/\/puglialovesmatera.com\/wp-content\/uploads\/2024\/07\/Visita-guidata-Alberobello.jpg","contentUrl":"https:\/\/puglialovesmatera.com\/wp-content\/uploads\/2024\/07\/Visita-guidata-Alberobello.jpg","width":500,"height":500},{"@type":"BreadcrumbList","@id":"https:\/\/puglialovesmatera.com\/es\/visita-guidata\/visita-guiada-a-alberobello\/#breadcrumb","itemListElement":[{"@type":"ListItem","position":1,"name":"Home","item":"https:\/\/puglialovesmatera.com\/es\/"},{"@type":"ListItem","position":2,"name":"Todas las visitas guiadas","item":"https:\/\/puglialovesmatera.com\/es\/visitas-todas-guiadas\/"},{"@type":"ListItem","position":3,"name":"Visita guiada a Alberobello"}]},{"@type":"WebSite","@id":"https:\/\/puglialovesmatera.com\/es\/#website","url":"https:\/\/puglialovesmatera.com\/es\/","name":"Puglia Loves Matera","description":"Ars Mediterranea Scario","publisher":{"@id":"https:\/\/puglialovesmatera.com\/es\/#organization"},"potentialAction":[{"@type":"SearchAction","target":{"@type":"EntryPoint","urlTemplate":"https:\/\/puglialovesmatera.com\/es\/?s={search_term_string}"},"query-input":{"@type":"PropertyValueSpecification","valueRequired":true,"valueName":"search_term_string"}}],"inLanguage":"es"},{"@type":"Organization","@id":"https:\/\/puglialovesmatera.com\/es\/#organization","name":"Puglia Loves Matera","url":"https:\/\/puglialovesmatera.com\/es\/","logo":{"@type":"ImageObject","inLanguage":"es","@id":"https:\/\/puglialovesmatera.com\/es\/#\/schema\/logo\/image\/","url":"https:\/\/puglialovesmatera.com\/wp-content\/uploads\/2024\/07\/Group-14.svg","contentUrl":"https:\/\/puglialovesmatera.com\/wp-content\/uploads\/2024\/07\/Group-14.svg","width":371,"height":381,"caption":"Puglia Loves Matera"},"image":{"@id":"https:\/\/puglialovesmatera.com\/es\/#\/schema\/logo\/image\/"}}]}},"_links":{"self":[{"href":"https:\/\/puglialovesmatera.com\/es\/wp-json\/wp\/v2\/product\/3336","targetHints":{"allow":["GET"]}}],"collection":[{"href":"https:\/\/puglialovesmatera.com\/es\/wp-json\/wp\/v2\/product"}],"about":[{"href":"https:\/\/puglialovesmatera.com\/es\/wp-json\/wp\/v2\/types\/product"}],"replies":[{"embeddable":true,"href":"https:\/\/puglialovesmatera.com\/es\/wp-json\/wp\/v2\/comments?post=3336"}],"wp:featuredmedia":[{"embeddable":true,"href":"https:\/\/puglialovesmatera.com\/es\/wp-json\/wp\/v2\/media\/2684"}],"wp:attachment":[{"href":"https:\/\/puglialovesmatera.com\/es\/wp-json\/wp\/v2\/media?parent=3336"}],"wp:term":[{"taxonomy":"product_brand","embeddable":true,"href":"https:\/\/puglialovesmatera.com\/es\/wp-json\/wp\/v2\/product_brand?post=3336"},{"taxonomy":"product_cat","embeddable":true,"href":"https:\/\/puglialovesmatera.com\/es\/wp-json\/wp\/v2\/product_cat?post=3336"},{"taxonomy":"product_tag","embeddable":true,"href":"https:\/\/puglialovesmatera.com\/es\/wp-json\/wp\/v2\/product_tag?post=3336"}],"curies":[{"name":"wp","href":"https:\/\/api.w.org\/{rel}","templated":true}]}}