{"id":3340,"date":"2024-07-24T15:33:37","date_gmt":"2024-07-24T15:33:37","guid":{"rendered":"https:\/\/puglialovesmatera.com\/visita-guidata\/visita-guiada-cisternino-el-borgo-fiorito\/"},"modified":"2024-07-24T15:33:37","modified_gmt":"2024-07-24T15:33:37","slug":"visita-guiada-cisternino-el-borgo-fiorito","status":"publish","type":"product","link":"https:\/\/puglialovesmatera.com\/es\/visita-guidata\/visita-guiada-cisternino-el-borgo-fiorito\/","title":{"rendered":"Visita guiada Cisternino, el Borgo Fiorito"},"content":{"rendered":"<h3>Inicio de la visita<\/h3>\n<p>  Mis visitas guiadas a Cisternino te llevar\u00e1n a descubrir una joya del Valle de Itria, situada a 400 metros sobre el nivel del mar.<br \/>\nCisternino es un pueblo galardonado con la Bandera Naranja del Touring Club Italiano por su belleza y conservaci\u00f3n.   <\/p>\n<h3>Casco Antiguo e Iglesia Matriz<\/h3>\n<p>  Empezaremos la visita guiada desde Porta Piccola, en la Piazza Mazzini.<br \/>\nEntrando en el centro hist\u00f3rico, te mostrar\u00e9 las calles empedradas y las casas blancas salpicadas de macetas con flores de colores.<br \/>\nEl pueblo ha conservado su encanto oriental, con sus casas bajas, patios ocultos, escaleras, callejuelas intrincadas y peque\u00f1os arcos.<br \/>\nNuestra primera parada ser\u00e1 la Iglesia Matriz, dedicada a San Nicol\u00e1s, construida en el siglo XIV.<br \/>\nDentro de la iglesia, admiraremos una valios\u00edsima obra de arte esculpida por Stefano da Putignano.      <\/p>\n<h3>Arquitectura espont\u00e1nea y distritos hist\u00f3ricos<\/h3>\n<p>  Paseamos por el centro hist\u00f3rico, admirando la arquitectura espont\u00e1nea que caracteriza los cinco barrios principales del pueblo.<br \/>\nAlrededor de la plaza central, Piazza Vittorio Emanuele, se encuentran los cuatro barrios: B\u00e8re Vecchie, Scheledd, U&#8217; Pant\u00e8ne, L&#8217;Isule.<br \/>\nCada distrito tiene su propia historia y peculiaridades, y yo te llevar\u00e9 en un viaje a trav\u00e9s de los siglos.    <\/p>\n<h3>Monumentos hist\u00f3ricos<\/h3>\n<p>  Durante la visita, admiraremos algunos de los monumentos m\u00e1s importantes de Cisternino, entre ellos:  <\/p>\n<ul>\n<li><strong>Palacio Amati<\/strong>: Un elegante ejemplo de arquitectura hist\u00f3rica.<\/li>\n<li><strong>Torre del Reloj<\/strong>: Un s\u00edmbolo de la ciudad que marca el tiempo.<\/li>\n<li><strong>Torre Suaba normanda<\/strong>: desde la que se alza la estatua de San Nicol\u00e1s Patara, protector de la ciudad.<\/li>\n<\/ul>\n<h3>Gastronom\u00eda local<\/h3>\n<p>  Cisternino es famoso por sus embutidos y carnes cocinadas en los t\u00edpicos \u00abfornelli\u00bb, tabernas donde se cocinan bombette de carne, rollos, chuletas ensartadas en un espet\u00f3n y cocinadas verticalmente.<br \/>\nEstos manjares representan el orgullo gastron\u00f3mico de todo el Valle de Itria, y Cisternino se proclama su capital.<br \/>\nDurante la visita, te hablar\u00e9 de estas tradiciones culinarias y te recomendar\u00e9 los mejores lugares para disfrutarlas.    <\/p>\n<h3><strong>Informaci\u00f3n adicional<\/strong><\/h3>\n<p>  Mis visitas guiadas a Cisternino son una oportunidad ineludible para quien desee conocer mejor la historia, la cultura y la arquitectura de este fascinante pueblo.<br \/>\nGracias a mi formaci\u00f3n continua y a mi pasi\u00f3n por la historia, podr\u00e9 involucrarte en un relato cautivador lleno de detalles, haciendo de cada visita una experiencia \u00fanica.<br \/>\nEl enfoque en la personalizaci\u00f3n de las visitas me permite adaptar el itinerario y las explicaciones a los intereses espec\u00edficos de los visitantes, garantizando una experiencia a medida y de alta calidad.<br \/>\nMi puntualidad y fiabilidad garantizan un servicio profesional e impecable.<br \/>\nNo pierdas la oportunidad de vivir un viaje en el tiempo entre los tesoros de Cisternino, donde cada rinc\u00f3n cuenta una historia y cada callej\u00f3n es una explosi\u00f3n de colores y aromas.<br \/>\nPara m\u00e1s informaci\u00f3n y reservas, ponte en contacto conmigo para acordar el precio de la visita guiada.<br \/>\nEstar\u00e9 encantada de acompa\u00f1arte en esta extraordinaria aventura cultural y gastron\u00f3mica.      <\/p>\n","protected":false},"excerpt":{"rendered":"<p>Visitas guiadas a Cisternino, un pueblo encantador conocido por sus flores y su ambiente relajado.<br \/>\nPasea por sus calles empedradas, admira la Iglesia Matriz de San Nicola, la Torre del Reloj y el Palacio Amati.<br \/>\nLa visita guiada te introducir\u00e1 en las tradiciones culinarias locales, como la famosa \u00abbombette\u00bb, y te llevar\u00e1 a explorar las bellezas ocultas de este encantador pueblo.  <\/p>\n","protected":false},"featured_media":2723,"comment_status":"open","ping_status":"closed","template":"","meta":{"_acf_changed":false},"product_brand":[],"product_cat":[70],"product_tag":[],"class_list":{"0":"post-3340","1":"product","2":"type-product","3":"status-publish","4":"has-post-thumbnail","6":"product_cat-el-valle-de-itria-y-sus-pueblos-blancos","8":"first","9":"instock","10":"shipping-taxable","11":"product-type-simple"},"acf":[],"yoast_head":"<!-- This site is optimized with the Yoast SEO plugin v27.3 - https:\/\/yoast.com\/product\/yoast-seo-wordpress\/ -->\n<title>Visita guiada de Cisternino con un gu\u00eda profesional titulado<\/title>\n<meta name=\"description\" content=\"Explora Cisternino, el Borgo Fiorito, con Alessandra Di Mauro, arque\u00f3loga y gu\u00eda tur\u00edstica licenciada. Descubre callejuelas ocultas y saborea las especialidades gastron\u00f3micas locales. Visitas personalizadas con una gu\u00eda experimentada y apasionada.\" \/>\n<meta name=\"robots\" content=\"index, follow, max-snippet:-1, max-image-preview:large, max-video-preview:-1\" \/>\n<link rel=\"canonical\" href=\"https:\/\/puglialovesmatera.com\/es\/visita-guidata\/visita-guiada-cisternino-el-borgo-fiorito\/\" \/>\n<meta property=\"og:locale\" content=\"es_ES\" \/>\n<meta property=\"og:type\" content=\"article\" \/>\n<meta property=\"og:title\" content=\"Visita guiada de Cisternino con un gu\u00eda profesional titulado\" \/>\n<meta property=\"og:description\" content=\"Explora Cisternino, el Borgo Fiorito, con Alessandra Di Mauro, arque\u00f3loga y gu\u00eda tur\u00edstica licenciada. Descubre callejuelas ocultas y saborea las especialidades gastron\u00f3micas locales. Visitas personalizadas con una gu\u00eda experimentada y apasionada.\" \/>\n<meta property=\"og:url\" content=\"https:\/\/puglialovesmatera.com\/es\/visita-guidata\/visita-guiada-cisternino-el-borgo-fiorito\/\" \/>\n<meta property=\"og:site_name\" content=\"Puglia Loves Matera\" \/>\n<meta property=\"og:image\" content=\"https:\/\/puglialovesmatera.com\/wp-content\/uploads\/2024\/07\/Visita-guidata-Cisternino.jpg\" \/>\n\t<meta property=\"og:image:width\" content=\"500\" \/>\n\t<meta property=\"og:image:height\" content=\"500\" \/>\n\t<meta property=\"og:image:type\" content=\"image\/jpeg\" \/>\n<meta name=\"twitter:card\" content=\"summary_large_image\" \/>\n<meta name=\"twitter:label1\" content=\"Tiempo de lectura\" \/>\n\t<meta name=\"twitter:data1\" content=\"3 minutos\" \/>\n<script type=\"application\/ld+json\" class=\"yoast-schema-graph\">{\"@context\":\"https:\\\/\\\/schema.org\",\"@graph\":[{\"@type\":\"WebPage\",\"@id\":\"https:\\\/\\\/puglialovesmatera.com\\\/es\\\/visita-guidata\\\/visita-guiada-cisternino-el-borgo-fiorito\\\/\",\"url\":\"https:\\\/\\\/puglialovesmatera.com\\\/es\\\/visita-guidata\\\/visita-guiada-cisternino-el-borgo-fiorito\\\/\",\"name\":\"Visita guiada de Cisternino con un gu\u00eda profesional titulado\",\"isPartOf\":{\"@id\":\"https:\\\/\\\/puglialovesmatera.com\\\/es\\\/#website\"},\"primaryImageOfPage\":{\"@id\":\"https:\\\/\\\/puglialovesmatera.com\\\/es\\\/visita-guidata\\\/visita-guiada-cisternino-el-borgo-fiorito\\\/#primaryimage\"},\"image\":{\"@id\":\"https:\\\/\\\/puglialovesmatera.com\\\/es\\\/visita-guidata\\\/visita-guiada-cisternino-el-borgo-fiorito\\\/#primaryimage\"},\"thumbnailUrl\":\"https:\\\/\\\/puglialovesmatera.com\\\/wp-content\\\/uploads\\\/2024\\\/07\\\/Visita-guidata-Cisternino.jpg\",\"datePublished\":\"2024-07-24T15:33:37+00:00\",\"description\":\"Explora Cisternino, el Borgo Fiorito, con Alessandra Di Mauro, arque\u00f3loga y gu\u00eda tur\u00edstica licenciada. Descubre callejuelas ocultas y saborea las especialidades gastron\u00f3micas locales. Visitas personalizadas con una gu\u00eda experimentada y apasionada.\",\"breadcrumb\":{\"@id\":\"https:\\\/\\\/puglialovesmatera.com\\\/es\\\/visita-guidata\\\/visita-guiada-cisternino-el-borgo-fiorito\\\/#breadcrumb\"},\"inLanguage\":\"es\",\"potentialAction\":[{\"@type\":\"ReadAction\",\"target\":[\"https:\\\/\\\/puglialovesmatera.com\\\/es\\\/visita-guidata\\\/visita-guiada-cisternino-el-borgo-fiorito\\\/\"]}]},{\"@type\":\"ImageObject\",\"inLanguage\":\"es\",\"@id\":\"https:\\\/\\\/puglialovesmatera.com\\\/es\\\/visita-guidata\\\/visita-guiada-cisternino-el-borgo-fiorito\\\/#primaryimage\",\"url\":\"https:\\\/\\\/puglialovesmatera.com\\\/wp-content\\\/uploads\\\/2024\\\/07\\\/Visita-guidata-Cisternino.jpg\",\"contentUrl\":\"https:\\\/\\\/puglialovesmatera.com\\\/wp-content\\\/uploads\\\/2024\\\/07\\\/Visita-guidata-Cisternino.jpg\",\"width\":500,\"height\":500},{\"@type\":\"BreadcrumbList\",\"@id\":\"https:\\\/\\\/puglialovesmatera.com\\\/es\\\/visita-guidata\\\/visita-guiada-cisternino-el-borgo-fiorito\\\/#breadcrumb\",\"itemListElement\":[{\"@type\":\"ListItem\",\"position\":1,\"name\":\"Home\",\"item\":\"https:\\\/\\\/puglialovesmatera.com\\\/es\\\/\"},{\"@type\":\"ListItem\",\"position\":2,\"name\":\"Todas las visitas guiadas\",\"item\":\"https:\\\/\\\/puglialovesmatera.com\\\/es\\\/visitas-todas-guiadas\\\/\"},{\"@type\":\"ListItem\",\"position\":3,\"name\":\"Visita guiada Cisternino, el Borgo Fiorito\"}]},{\"@type\":\"WebSite\",\"@id\":\"https:\\\/\\\/puglialovesmatera.com\\\/es\\\/#website\",\"url\":\"https:\\\/\\\/puglialovesmatera.com\\\/es\\\/\",\"name\":\"Puglia Loves Matera\",\"description\":\"Ars Mediterranea Scario\",\"publisher\":{\"@id\":\"https:\\\/\\\/puglialovesmatera.com\\\/es\\\/#organization\"},\"potentialAction\":[{\"@type\":\"SearchAction\",\"target\":{\"@type\":\"EntryPoint\",\"urlTemplate\":\"https:\\\/\\\/puglialovesmatera.com\\\/es\\\/?s={search_term_string}\"},\"query-input\":{\"@type\":\"PropertyValueSpecification\",\"valueRequired\":true,\"valueName\":\"search_term_string\"}}],\"inLanguage\":\"es\"},{\"@type\":\"Organization\",\"@id\":\"https:\\\/\\\/puglialovesmatera.com\\\/es\\\/#organization\",\"name\":\"Puglia Loves Matera\",\"url\":\"https:\\\/\\\/puglialovesmatera.com\\\/es\\\/\",\"logo\":{\"@type\":\"ImageObject\",\"inLanguage\":\"es\",\"@id\":\"https:\\\/\\\/puglialovesmatera.com\\\/es\\\/#\\\/schema\\\/logo\\\/image\\\/\",\"url\":\"https:\\\/\\\/puglialovesmatera.com\\\/wp-content\\\/uploads\\\/2024\\\/07\\\/Group-14.svg\",\"contentUrl\":\"https:\\\/\\\/puglialovesmatera.com\\\/wp-content\\\/uploads\\\/2024\\\/07\\\/Group-14.svg\",\"width\":371,\"height\":381,\"caption\":\"Puglia Loves Matera\"},\"image\":{\"@id\":\"https:\\\/\\\/puglialovesmatera.com\\\/es\\\/#\\\/schema\\\/logo\\\/image\\\/\"}}]}<\/script>\n<!-- \/ Yoast SEO plugin. -->","yoast_head_json":{"title":"Visita guiada de Cisternino con un gu\u00eda profesional titulado","description":"Explora Cisternino, el Borgo Fiorito, con Alessandra Di Mauro, arque\u00f3loga y gu\u00eda tur\u00edstica licenciada. Descubre callejuelas ocultas y saborea las especialidades gastron\u00f3micas locales. Visitas personalizadas con una gu\u00eda experimentada y apasionada.","robots":{"index":"index","follow":"follow","max-snippet":"max-snippet:-1","max-image-preview":"max-image-preview:large","max-video-preview":"max-video-preview:-1"},"canonical":"https:\/\/puglialovesmatera.com\/es\/visita-guidata\/visita-guiada-cisternino-el-borgo-fiorito\/","og_locale":"es_ES","og_type":"article","og_title":"Visita guiada de Cisternino con un gu\u00eda profesional titulado","og_description":"Explora Cisternino, el Borgo Fiorito, con Alessandra Di Mauro, arque\u00f3loga y gu\u00eda tur\u00edstica licenciada. Descubre callejuelas ocultas y saborea las especialidades gastron\u00f3micas locales. Visitas personalizadas con una gu\u00eda experimentada y apasionada.","og_url":"https:\/\/puglialovesmatera.com\/es\/visita-guidata\/visita-guiada-cisternino-el-borgo-fiorito\/","og_site_name":"Puglia Loves Matera","og_image":[{"width":500,"height":500,"url":"https:\/\/puglialovesmatera.com\/wp-content\/uploads\/2024\/07\/Visita-guidata-Cisternino.jpg","type":"image\/jpeg"}],"twitter_card":"summary_large_image","twitter_misc":{"Tiempo de lectura":"3 minutos"},"schema":{"@context":"https:\/\/schema.org","@graph":[{"@type":"WebPage","@id":"https:\/\/puglialovesmatera.com\/es\/visita-guidata\/visita-guiada-cisternino-el-borgo-fiorito\/","url":"https:\/\/puglialovesmatera.com\/es\/visita-guidata\/visita-guiada-cisternino-el-borgo-fiorito\/","name":"Visita guiada de Cisternino con un gu\u00eda profesional titulado","isPartOf":{"@id":"https:\/\/puglialovesmatera.com\/es\/#website"},"primaryImageOfPage":{"@id":"https:\/\/puglialovesmatera.com\/es\/visita-guidata\/visita-guiada-cisternino-el-borgo-fiorito\/#primaryimage"},"image":{"@id":"https:\/\/puglialovesmatera.com\/es\/visita-guidata\/visita-guiada-cisternino-el-borgo-fiorito\/#primaryimage"},"thumbnailUrl":"https:\/\/puglialovesmatera.com\/wp-content\/uploads\/2024\/07\/Visita-guidata-Cisternino.jpg","datePublished":"2024-07-24T15:33:37+00:00","description":"Explora Cisternino, el Borgo Fiorito, con Alessandra Di Mauro, arque\u00f3loga y gu\u00eda tur\u00edstica licenciada. Descubre callejuelas ocultas y saborea las especialidades gastron\u00f3micas locales. Visitas personalizadas con una gu\u00eda experimentada y apasionada.","breadcrumb":{"@id":"https:\/\/puglialovesmatera.com\/es\/visita-guidata\/visita-guiada-cisternino-el-borgo-fiorito\/#breadcrumb"},"inLanguage":"es","potentialAction":[{"@type":"ReadAction","target":["https:\/\/puglialovesmatera.com\/es\/visita-guidata\/visita-guiada-cisternino-el-borgo-fiorito\/"]}]},{"@type":"ImageObject","inLanguage":"es","@id":"https:\/\/puglialovesmatera.com\/es\/visita-guidata\/visita-guiada-cisternino-el-borgo-fiorito\/#primaryimage","url":"https:\/\/puglialovesmatera.com\/wp-content\/uploads\/2024\/07\/Visita-guidata-Cisternino.jpg","contentUrl":"https:\/\/puglialovesmatera.com\/wp-content\/uploads\/2024\/07\/Visita-guidata-Cisternino.jpg","width":500,"height":500},{"@type":"BreadcrumbList","@id":"https:\/\/puglialovesmatera.com\/es\/visita-guidata\/visita-guiada-cisternino-el-borgo-fiorito\/#breadcrumb","itemListElement":[{"@type":"ListItem","position":1,"name":"Home","item":"https:\/\/puglialovesmatera.com\/es\/"},{"@type":"ListItem","position":2,"name":"Todas las visitas guiadas","item":"https:\/\/puglialovesmatera.com\/es\/visitas-todas-guiadas\/"},{"@type":"ListItem","position":3,"name":"Visita guiada Cisternino, el Borgo Fiorito"}]},{"@type":"WebSite","@id":"https:\/\/puglialovesmatera.com\/es\/#website","url":"https:\/\/puglialovesmatera.com\/es\/","name":"Puglia Loves Matera","description":"Ars Mediterranea Scario","publisher":{"@id":"https:\/\/puglialovesmatera.com\/es\/#organization"},"potentialAction":[{"@type":"SearchAction","target":{"@type":"EntryPoint","urlTemplate":"https:\/\/puglialovesmatera.com\/es\/?s={search_term_string}"},"query-input":{"@type":"PropertyValueSpecification","valueRequired":true,"valueName":"search_term_string"}}],"inLanguage":"es"},{"@type":"Organization","@id":"https:\/\/puglialovesmatera.com\/es\/#organization","name":"Puglia Loves Matera","url":"https:\/\/puglialovesmatera.com\/es\/","logo":{"@type":"ImageObject","inLanguage":"es","@id":"https:\/\/puglialovesmatera.com\/es\/#\/schema\/logo\/image\/","url":"https:\/\/puglialovesmatera.com\/wp-content\/uploads\/2024\/07\/Group-14.svg","contentUrl":"https:\/\/puglialovesmatera.com\/wp-content\/uploads\/2024\/07\/Group-14.svg","width":371,"height":381,"caption":"Puglia Loves Matera"},"image":{"@id":"https:\/\/puglialovesmatera.com\/es\/#\/schema\/logo\/image\/"}}]}},"_links":{"self":[{"href":"https:\/\/puglialovesmatera.com\/es\/wp-json\/wp\/v2\/product\/3340","targetHints":{"allow":["GET"]}}],"collection":[{"href":"https:\/\/puglialovesmatera.com\/es\/wp-json\/wp\/v2\/product"}],"about":[{"href":"https:\/\/puglialovesmatera.com\/es\/wp-json\/wp\/v2\/types\/product"}],"replies":[{"embeddable":true,"href":"https:\/\/puglialovesmatera.com\/es\/wp-json\/wp\/v2\/comments?post=3340"}],"wp:featuredmedia":[{"embeddable":true,"href":"https:\/\/puglialovesmatera.com\/es\/wp-json\/wp\/v2\/media\/2723"}],"wp:attachment":[{"href":"https:\/\/puglialovesmatera.com\/es\/wp-json\/wp\/v2\/media?parent=3340"}],"wp:term":[{"taxonomy":"product_brand","embeddable":true,"href":"https:\/\/puglialovesmatera.com\/es\/wp-json\/wp\/v2\/product_brand?post=3340"},{"taxonomy":"product_cat","embeddable":true,"href":"https:\/\/puglialovesmatera.com\/es\/wp-json\/wp\/v2\/product_cat?post=3340"},{"taxonomy":"product_tag","embeddable":true,"href":"https:\/\/puglialovesmatera.com\/es\/wp-json\/wp\/v2\/product_tag?post=3340"}],"curies":[{"name":"wp","href":"https:\/\/api.w.org\/{rel}","templated":true}]}}