{"id":3346,"date":"2024-07-27T08:01:05","date_gmt":"2024-07-27T08:01:05","guid":{"rendered":"https:\/\/puglialovesmatera.com\/visita-guidata\/visita-guiada-al-castillo-del-monte-y-federico-ii-de-suabia\/"},"modified":"2024-07-27T08:01:05","modified_gmt":"2024-07-27T08:01:05","slug":"visita-guiada-al-castillo-del-monte-y-federico-ii-de-suabia","status":"publish","type":"product","link":"https:\/\/puglialovesmatera.com\/es\/visita-guidata\/visita-guiada-al-castillo-del-monte-y-federico-ii-de-suabia\/","title":{"rendered":"Visita guiada al Castillo del Monte y Federico II de Suabia"},"content":{"rendered":"<h3>Inicio de la visita<\/h3>\n<p>  Mis visitas guiadas a Castel del Monte te llevar\u00e1n a descubrir una obra maestra \u00fanica de la arquitectura medieval, situada a 18 km de la ciudad de Andria, en el coraz\u00f3n de la Murgia.<br \/>\nCastel del Monte, conocido por su caracter\u00edstica forma octogonal, fue inscrito en la Lista del Patrimonio Mundial de la UNESCO en 1996.   <\/p>\n<h3>Historia y arquitectura de Castel del Monte<\/h3>\n<p>  Durante la visita, conoceremos la historia del castillo y su fundaci\u00f3n en el siglo XIII por el emperador Federico II de Suabia.<br \/>\nTodos los elementos internos y externos recuerdan la forma octogonal: el patio, las habitaciones, las torres y el per\u00edmetro exterior.<br \/>\nEste dise\u00f1o distintivo y simb\u00f3lico convierte al Castel del Monte en un icono de la arquitectura medieval.    <\/p>\n<h3>Materiales y contrastes de color<\/h3>\n<p>  Castel del Monte se caracteriza por el contraste de colores conseguido mediante el uso de brecha de coral, piedra caliza y m\u00e1rmol.<br \/>\nExploraremos c\u00f3mo estas combinaciones de materiales crean un efecto visual \u00fanico y hechizante.   <\/p>\n<h3>Estructuras y Funcionalidad<\/h3>\n<p>  Algunas torres albergan cisternas para recoger el agua de lluvia, parte de la cual se conduce a la cisterna situada bajo el patio central.<br \/>\nEn otras torres hay ba\u00f1os, equipados con letrina y lavabo.<br \/>\nTambi\u00e9n descubriremos el Sal\u00f3n del Trono, la Torre del Halconero y el Patio Central, analizando las funciones y caracter\u00edsticas de cada elemento.    <\/p>\n<h3>Aparatos decorativos hist\u00f3ricos<\/h3>\n<p>  Los escritores e historiadores locales de finales del siglo XVIII y principios del XIX describen un rico aparato decorativo caracterizado por azulejos de mosaico, may\u00f3lica, pasta de vidrio y pinturas murales.<br \/>\nTe hablar\u00e9 de las bellezas art\u00edsticas que adornaban el castillo y de su importancia hist\u00f3rica.   <\/p>\n<h3>Hip\u00f3tesis sobre el uso previsto<\/h3>\n<p>  Durante la visita, discutiremos las numerosas hip\u00f3tesis que se esconden tras el uso previsto del edificio.<br \/>\nEl Castillo del Monte, gracias a su posici\u00f3n estrat\u00e9gica, desempe\u00f1\u00f3 un papel esencial en el sistema de comunicaciones de la red deseada por Federico II.<br \/>\nExploraremos las distintas teor\u00edas y misterios que rodean a este extraordinario monumento.    <\/p>\n<h3>Informaci\u00f3n adicional<\/h3>\n<p><strong>Mis visitas guiadas al Castillo del Monte son una oportunidad ineludible para todo aquel que desee conocer mejor la historia, la arquitectura y los misterios de este fascinante castillo.<br \/>\nGracias a mi formaci\u00f3n continua y a mi pasi\u00f3n por la historia, podr\u00e9 involucrarte en un relato cautivador lleno de detalles, haciendo de cada visita una experiencia \u00fanica. <\/strong>  El enfoque en la personalizaci\u00f3n de las visitas permite adaptar el itinerario y las explicaciones a los intereses espec\u00edficos de los visitantes, garantizando una experiencia a medida y de alta calidad.<br \/>\nMi puntualidad y fiabilidad garantizan un servicio profesional e impecable.<br \/>\nNo pierdas la oportunidad de vivir un viaje en el tiempo entre los tesoros de Castel del Monte, donde cada rinc\u00f3n cuenta una historia y cada elemento arquitect\u00f3nico es un ejemplo de artesan\u00eda medieval.<br \/>\nPara m\u00e1s informaci\u00f3n y reservas, ponte en contacto conmigo para acordar el precio de la visita guiada.<br \/>\nEstar\u00e9 encantada de acompa\u00f1arte en esta extraordinaria aventura cultural e hist\u00f3rica.    <\/p>\n","protected":false},"excerpt":{"rendered":"<p>Inicio de la visita Mis visitas guiadas a Castel del Monte te llevar\u00e1n a descubrir una obra maestra \u00fanica de la arquitectura medieval, situada a 18 km de la ciudad de Andria, en el coraz\u00f3n de la Murgia. Castel del Monte, conocido por su caracter\u00edstica forma octogonal, fue inscrito en la Lista del Patrimonio Mundial [&hellip;]<\/p>\n","protected":false},"featured_media":2696,"comment_status":"open","ping_status":"closed","template":"","meta":{"_acf_changed":false},"product_brand":[],"product_cat":[74],"product_tag":[],"class_list":{"0":"post-3346","1":"product","2":"type-product","3":"status-publish","4":"has-post-thumbnail","6":"product_cat-museos-y-monumentos-nacionales-de-apulia","8":"first","9":"instock","10":"shipping-taxable","11":"product-type-simple"},"acf":[],"yoast_head":"<!-- This site is optimized with the Yoast SEO plugin v27.3 - https:\/\/yoast.com\/product\/yoast-seo-wordpress\/ -->\n<title>Visita guiada del Castillo del Monte - Descubre la obra maestra de Federico II<\/title>\n<meta name=\"description\" content=\"Explora Castel del Monte con Alessandra Di Mauro, arque\u00f3loga y gu\u00eda tur\u00edstica licenciada. Visitas personalizadas con una gu\u00eda experta y apasionada.\" \/>\n<meta name=\"robots\" content=\"index, follow, max-snippet:-1, max-image-preview:large, max-video-preview:-1\" \/>\n<link rel=\"canonical\" href=\"https:\/\/puglialovesmatera.com\/es\/visita-guidata\/visita-guiada-al-castillo-del-monte-y-federico-ii-de-suabia\/\" \/>\n<meta property=\"og:locale\" content=\"es_ES\" \/>\n<meta property=\"og:type\" content=\"article\" \/>\n<meta property=\"og:title\" content=\"Visita guiada del Castillo del Monte - Descubre la obra maestra de Federico II\" \/>\n<meta property=\"og:description\" content=\"Explora Castel del Monte con Alessandra Di Mauro, arque\u00f3loga y gu\u00eda tur\u00edstica licenciada. Visitas personalizadas con una gu\u00eda experta y apasionada.\" \/>\n<meta property=\"og:url\" content=\"https:\/\/puglialovesmatera.com\/es\/visita-guidata\/visita-guiada-al-castillo-del-monte-y-federico-ii-de-suabia\/\" \/>\n<meta property=\"og:site_name\" content=\"Puglia Loves Matera\" \/>\n<meta property=\"og:image\" content=\"https:\/\/puglialovesmatera.com\/wp-content\/uploads\/2024\/07\/Visita-guidata-Castel-del-Monte-Puglia.jpg\" \/>\n\t<meta property=\"og:image:width\" content=\"500\" \/>\n\t<meta property=\"og:image:height\" content=\"500\" \/>\n\t<meta property=\"og:image:type\" content=\"image\/jpeg\" \/>\n<meta name=\"twitter:card\" content=\"summary_large_image\" \/>\n<meta name=\"twitter:label1\" content=\"Tiempo de lectura\" \/>\n\t<meta name=\"twitter:data1\" content=\"3 minutos\" \/>\n<script type=\"application\/ld+json\" class=\"yoast-schema-graph\">{\"@context\":\"https:\\\/\\\/schema.org\",\"@graph\":[{\"@type\":\"WebPage\",\"@id\":\"https:\\\/\\\/puglialovesmatera.com\\\/es\\\/visita-guidata\\\/visita-guiada-al-castillo-del-monte-y-federico-ii-de-suabia\\\/\",\"url\":\"https:\\\/\\\/puglialovesmatera.com\\\/es\\\/visita-guidata\\\/visita-guiada-al-castillo-del-monte-y-federico-ii-de-suabia\\\/\",\"name\":\"Visita guiada del Castillo del Monte - Descubre la obra maestra de Federico II\",\"isPartOf\":{\"@id\":\"https:\\\/\\\/puglialovesmatera.com\\\/es\\\/#website\"},\"primaryImageOfPage\":{\"@id\":\"https:\\\/\\\/puglialovesmatera.com\\\/es\\\/visita-guidata\\\/visita-guiada-al-castillo-del-monte-y-federico-ii-de-suabia\\\/#primaryimage\"},\"image\":{\"@id\":\"https:\\\/\\\/puglialovesmatera.com\\\/es\\\/visita-guidata\\\/visita-guiada-al-castillo-del-monte-y-federico-ii-de-suabia\\\/#primaryimage\"},\"thumbnailUrl\":\"https:\\\/\\\/puglialovesmatera.com\\\/wp-content\\\/uploads\\\/2024\\\/07\\\/Visita-guidata-Castel-del-Monte-Puglia.jpg\",\"datePublished\":\"2024-07-27T08:01:05+00:00\",\"description\":\"Explora Castel del Monte con Alessandra Di Mauro, arque\u00f3loga y gu\u00eda tur\u00edstica licenciada. Visitas personalizadas con una gu\u00eda experta y apasionada.\",\"breadcrumb\":{\"@id\":\"https:\\\/\\\/puglialovesmatera.com\\\/es\\\/visita-guidata\\\/visita-guiada-al-castillo-del-monte-y-federico-ii-de-suabia\\\/#breadcrumb\"},\"inLanguage\":\"es\",\"potentialAction\":[{\"@type\":\"ReadAction\",\"target\":[\"https:\\\/\\\/puglialovesmatera.com\\\/es\\\/visita-guidata\\\/visita-guiada-al-castillo-del-monte-y-federico-ii-de-suabia\\\/\"]}]},{\"@type\":\"ImageObject\",\"inLanguage\":\"es\",\"@id\":\"https:\\\/\\\/puglialovesmatera.com\\\/es\\\/visita-guidata\\\/visita-guiada-al-castillo-del-monte-y-federico-ii-de-suabia\\\/#primaryimage\",\"url\":\"https:\\\/\\\/puglialovesmatera.com\\\/wp-content\\\/uploads\\\/2024\\\/07\\\/Visita-guidata-Castel-del-Monte-Puglia.jpg\",\"contentUrl\":\"https:\\\/\\\/puglialovesmatera.com\\\/wp-content\\\/uploads\\\/2024\\\/07\\\/Visita-guidata-Castel-del-Monte-Puglia.jpg\",\"width\":500,\"height\":500},{\"@type\":\"BreadcrumbList\",\"@id\":\"https:\\\/\\\/puglialovesmatera.com\\\/es\\\/visita-guidata\\\/visita-guiada-al-castillo-del-monte-y-federico-ii-de-suabia\\\/#breadcrumb\",\"itemListElement\":[{\"@type\":\"ListItem\",\"position\":1,\"name\":\"Home\",\"item\":\"https:\\\/\\\/puglialovesmatera.com\\\/es\\\/\"},{\"@type\":\"ListItem\",\"position\":2,\"name\":\"Todas las visitas guiadas\",\"item\":\"https:\\\/\\\/puglialovesmatera.com\\\/es\\\/visitas-todas-guiadas\\\/\"},{\"@type\":\"ListItem\",\"position\":3,\"name\":\"Visita guiada al Castillo del Monte y Federico II de Suabia\"}]},{\"@type\":\"WebSite\",\"@id\":\"https:\\\/\\\/puglialovesmatera.com\\\/es\\\/#website\",\"url\":\"https:\\\/\\\/puglialovesmatera.com\\\/es\\\/\",\"name\":\"Puglia Loves Matera\",\"description\":\"Ars Mediterranea Scario\",\"publisher\":{\"@id\":\"https:\\\/\\\/puglialovesmatera.com\\\/es\\\/#organization\"},\"potentialAction\":[{\"@type\":\"SearchAction\",\"target\":{\"@type\":\"EntryPoint\",\"urlTemplate\":\"https:\\\/\\\/puglialovesmatera.com\\\/es\\\/?s={search_term_string}\"},\"query-input\":{\"@type\":\"PropertyValueSpecification\",\"valueRequired\":true,\"valueName\":\"search_term_string\"}}],\"inLanguage\":\"es\"},{\"@type\":\"Organization\",\"@id\":\"https:\\\/\\\/puglialovesmatera.com\\\/es\\\/#organization\",\"name\":\"Puglia Loves Matera\",\"url\":\"https:\\\/\\\/puglialovesmatera.com\\\/es\\\/\",\"logo\":{\"@type\":\"ImageObject\",\"inLanguage\":\"es\",\"@id\":\"https:\\\/\\\/puglialovesmatera.com\\\/es\\\/#\\\/schema\\\/logo\\\/image\\\/\",\"url\":\"https:\\\/\\\/puglialovesmatera.com\\\/wp-content\\\/uploads\\\/2024\\\/07\\\/Group-14.svg\",\"contentUrl\":\"https:\\\/\\\/puglialovesmatera.com\\\/wp-content\\\/uploads\\\/2024\\\/07\\\/Group-14.svg\",\"width\":371,\"height\":381,\"caption\":\"Puglia Loves Matera\"},\"image\":{\"@id\":\"https:\\\/\\\/puglialovesmatera.com\\\/es\\\/#\\\/schema\\\/logo\\\/image\\\/\"}}]}<\/script>\n<!-- \/ Yoast SEO plugin. -->","yoast_head_json":{"title":"Visita guiada del Castillo del Monte - Descubre la obra maestra de Federico II","description":"Explora Castel del Monte con Alessandra Di Mauro, arque\u00f3loga y gu\u00eda tur\u00edstica licenciada. Visitas personalizadas con una gu\u00eda experta y apasionada.","robots":{"index":"index","follow":"follow","max-snippet":"max-snippet:-1","max-image-preview":"max-image-preview:large","max-video-preview":"max-video-preview:-1"},"canonical":"https:\/\/puglialovesmatera.com\/es\/visita-guidata\/visita-guiada-al-castillo-del-monte-y-federico-ii-de-suabia\/","og_locale":"es_ES","og_type":"article","og_title":"Visita guiada del Castillo del Monte - Descubre la obra maestra de Federico II","og_description":"Explora Castel del Monte con Alessandra Di Mauro, arque\u00f3loga y gu\u00eda tur\u00edstica licenciada. Visitas personalizadas con una gu\u00eda experta y apasionada.","og_url":"https:\/\/puglialovesmatera.com\/es\/visita-guidata\/visita-guiada-al-castillo-del-monte-y-federico-ii-de-suabia\/","og_site_name":"Puglia Loves Matera","og_image":[{"width":500,"height":500,"url":"https:\/\/puglialovesmatera.com\/wp-content\/uploads\/2024\/07\/Visita-guidata-Castel-del-Monte-Puglia.jpg","type":"image\/jpeg"}],"twitter_card":"summary_large_image","twitter_misc":{"Tiempo de lectura":"3 minutos"},"schema":{"@context":"https:\/\/schema.org","@graph":[{"@type":"WebPage","@id":"https:\/\/puglialovesmatera.com\/es\/visita-guidata\/visita-guiada-al-castillo-del-monte-y-federico-ii-de-suabia\/","url":"https:\/\/puglialovesmatera.com\/es\/visita-guidata\/visita-guiada-al-castillo-del-monte-y-federico-ii-de-suabia\/","name":"Visita guiada del Castillo del Monte - Descubre la obra maestra de Federico II","isPartOf":{"@id":"https:\/\/puglialovesmatera.com\/es\/#website"},"primaryImageOfPage":{"@id":"https:\/\/puglialovesmatera.com\/es\/visita-guidata\/visita-guiada-al-castillo-del-monte-y-federico-ii-de-suabia\/#primaryimage"},"image":{"@id":"https:\/\/puglialovesmatera.com\/es\/visita-guidata\/visita-guiada-al-castillo-del-monte-y-federico-ii-de-suabia\/#primaryimage"},"thumbnailUrl":"https:\/\/puglialovesmatera.com\/wp-content\/uploads\/2024\/07\/Visita-guidata-Castel-del-Monte-Puglia.jpg","datePublished":"2024-07-27T08:01:05+00:00","description":"Explora Castel del Monte con Alessandra Di Mauro, arque\u00f3loga y gu\u00eda tur\u00edstica licenciada. Visitas personalizadas con una gu\u00eda experta y apasionada.","breadcrumb":{"@id":"https:\/\/puglialovesmatera.com\/es\/visita-guidata\/visita-guiada-al-castillo-del-monte-y-federico-ii-de-suabia\/#breadcrumb"},"inLanguage":"es","potentialAction":[{"@type":"ReadAction","target":["https:\/\/puglialovesmatera.com\/es\/visita-guidata\/visita-guiada-al-castillo-del-monte-y-federico-ii-de-suabia\/"]}]},{"@type":"ImageObject","inLanguage":"es","@id":"https:\/\/puglialovesmatera.com\/es\/visita-guidata\/visita-guiada-al-castillo-del-monte-y-federico-ii-de-suabia\/#primaryimage","url":"https:\/\/puglialovesmatera.com\/wp-content\/uploads\/2024\/07\/Visita-guidata-Castel-del-Monte-Puglia.jpg","contentUrl":"https:\/\/puglialovesmatera.com\/wp-content\/uploads\/2024\/07\/Visita-guidata-Castel-del-Monte-Puglia.jpg","width":500,"height":500},{"@type":"BreadcrumbList","@id":"https:\/\/puglialovesmatera.com\/es\/visita-guidata\/visita-guiada-al-castillo-del-monte-y-federico-ii-de-suabia\/#breadcrumb","itemListElement":[{"@type":"ListItem","position":1,"name":"Home","item":"https:\/\/puglialovesmatera.com\/es\/"},{"@type":"ListItem","position":2,"name":"Todas las visitas guiadas","item":"https:\/\/puglialovesmatera.com\/es\/visitas-todas-guiadas\/"},{"@type":"ListItem","position":3,"name":"Visita guiada al Castillo del Monte y Federico II de Suabia"}]},{"@type":"WebSite","@id":"https:\/\/puglialovesmatera.com\/es\/#website","url":"https:\/\/puglialovesmatera.com\/es\/","name":"Puglia Loves Matera","description":"Ars Mediterranea Scario","publisher":{"@id":"https:\/\/puglialovesmatera.com\/es\/#organization"},"potentialAction":[{"@type":"SearchAction","target":{"@type":"EntryPoint","urlTemplate":"https:\/\/puglialovesmatera.com\/es\/?s={search_term_string}"},"query-input":{"@type":"PropertyValueSpecification","valueRequired":true,"valueName":"search_term_string"}}],"inLanguage":"es"},{"@type":"Organization","@id":"https:\/\/puglialovesmatera.com\/es\/#organization","name":"Puglia Loves Matera","url":"https:\/\/puglialovesmatera.com\/es\/","logo":{"@type":"ImageObject","inLanguage":"es","@id":"https:\/\/puglialovesmatera.com\/es\/#\/schema\/logo\/image\/","url":"https:\/\/puglialovesmatera.com\/wp-content\/uploads\/2024\/07\/Group-14.svg","contentUrl":"https:\/\/puglialovesmatera.com\/wp-content\/uploads\/2024\/07\/Group-14.svg","width":371,"height":381,"caption":"Puglia Loves Matera"},"image":{"@id":"https:\/\/puglialovesmatera.com\/es\/#\/schema\/logo\/image\/"}}]}},"_links":{"self":[{"href":"https:\/\/puglialovesmatera.com\/es\/wp-json\/wp\/v2\/product\/3346","targetHints":{"allow":["GET"]}}],"collection":[{"href":"https:\/\/puglialovesmatera.com\/es\/wp-json\/wp\/v2\/product"}],"about":[{"href":"https:\/\/puglialovesmatera.com\/es\/wp-json\/wp\/v2\/types\/product"}],"replies":[{"embeddable":true,"href":"https:\/\/puglialovesmatera.com\/es\/wp-json\/wp\/v2\/comments?post=3346"}],"wp:featuredmedia":[{"embeddable":true,"href":"https:\/\/puglialovesmatera.com\/es\/wp-json\/wp\/v2\/media\/2696"}],"wp:attachment":[{"href":"https:\/\/puglialovesmatera.com\/es\/wp-json\/wp\/v2\/media?parent=3346"}],"wp:term":[{"taxonomy":"product_brand","embeddable":true,"href":"https:\/\/puglialovesmatera.com\/es\/wp-json\/wp\/v2\/product_brand?post=3346"},{"taxonomy":"product_cat","embeddable":true,"href":"https:\/\/puglialovesmatera.com\/es\/wp-json\/wp\/v2\/product_cat?post=3346"},{"taxonomy":"product_tag","embeddable":true,"href":"https:\/\/puglialovesmatera.com\/es\/wp-json\/wp\/v2\/product_tag?post=3346"}],"curies":[{"name":"wp","href":"https:\/\/api.w.org\/{rel}","templated":true}]}}