{"id":3347,"date":"2024-07-27T08:00:21","date_gmt":"2024-07-27T08:00:21","guid":{"rendered":"https:\/\/puglialovesmatera.com\/visita-guidata\/visita-guiada-al-museo-y-parque-arqueologico-de-metaponto\/"},"modified":"2024-07-27T08:00:21","modified_gmt":"2024-07-27T08:00:21","slug":"visita-guiada-al-museo-y-parque-arqueologico-de-metaponto","status":"publish","type":"product","link":"https:\/\/puglialovesmatera.com\/es\/visita-guidata\/visita-guiada-al-museo-y-parque-arqueologico-de-metaponto\/","title":{"rendered":"Visita guiada al museo y parque arqueol\u00f3gico de Metaponto"},"content":{"rendered":"<h3>Inicio de la visita<\/h3>\n<p>  Mis visitas guiadas al Museo Arqueol\u00f3gico y al Parque de Metapontum te llevar\u00e1n a descubrir una de las zonas arqueol\u00f3gicas m\u00e1s significativas de Basilicata, situada cerca de la costa j\u00f3nica.<br \/>\nEl Museo Arqueol\u00f3gico Nacional de Metapontum expone los principales artefactos hallados en la zona de la antigua Metapontum, as\u00ed como los de las zonas cercanas de Pisticci y el yacimiento arqueol\u00f3gico de Incoronata.   <\/p>\n<h3>Museo Arqueol\u00f3gico Nacional de Metaponto<\/h3>\n<p>  Comenzaremos nuestra visita en el Museo, donde exploraremos las cuatro secciones principales:  <\/p>\n<ol>\n<li>Hallazgos <strong>prehist\u00f3ricos<\/strong>: Admiraremos los hallazgos que atestiguan la presencia humana en la regi\u00f3n desde la Prehistoria.<\/li>\n<li><strong>Colonizaci\u00f3n griega<\/strong>: Descubrimos artefactos y vasos mic\u00e9nicos, muchos de los cuales representan escenas de la Il\u00edada y la Odisea, as\u00ed como monedas y vasos que representan a dioses griegos.<\/li>\n<li><strong>Integraci\u00f3n entre griegos e ind\u00edgenas<\/strong>: Analizaremos artefactos que ilustran el encuentro y la integraci\u00f3n entre las culturas griega y local.<\/li>\n<li><strong>\u00c9poca romana<\/strong>: Concluimos con los hallazgos de \u00e9poca romana, que marcan la \u00faltima fase del desarrollo de la colonia.<\/li>\n<\/ol>\n<h3>Parque Arqueol\u00f3gico de Metapontum<\/h3>\n<p>  Tras explorar el museo, nos trasladamos al Parque Arqueol\u00f3gico de Metapontum, que incluye:  <\/p>\n<ol>\n<li><strong>Santuario urbano<\/strong>: Visitamos los restos del santuario, lugar central de culto para los habitantes de la antigua Metaponto.<\/li>\n<li><strong>\u00c1gora<\/strong>: Recorremos el \u00e1gora, el coraz\u00f3n de la vida p\u00fablica y pol\u00edtica de la colonia.<\/li>\n<li>Barrio de la <strong>Artesan\u00eda<\/strong>: Admiramos las huellas del barrio de la artesan\u00eda, donde se fabricaron muchos de los objetos que hemos visto en el museo.<\/li>\n<li><strong>Monumentos y huellas hist\u00f3ricas<\/strong>: Descubriremos diversos monumentos y estructuras que marcaron la vida civil y religiosa de la colonia, desde su fundaci\u00f3n hasta la conquista romana.<\/li>\n<\/ol>\n<h3>Informaci\u00f3n adicional<\/h3>\n<p>  Mis visitas guiadas al Museo y Parque Arqueol\u00f3gico de Metapontum son una oportunidad ineludible para todo aquel que desee saber m\u00e1s sobre la historia y la arqueolog\u00eda de esta fascinante zona.<br \/>\nGracias a mi formaci\u00f3n continua y a mi pasi\u00f3n por la historia, podr\u00e9 involucrarte en un relato apasionante y lleno de detalles, haciendo de cada visita una experiencia \u00fanica.   <strong>El enfoque en la personalizaci\u00f3n de las visitas permite adaptar el itinerario y las explicaciones a los intereses espec\u00edficos de los visitantes, garantizando una experiencia a medida y de alta calidad.<br \/>\nMi puntualidad y fiabilidad garantizan un servicio profesional e impecable. <\/strong>  No pierdas la oportunidad de experimentar un viaje en el tiempo entre los tesoros de Metapontum, donde cada rinc\u00f3n cuenta una historia y cada artefacto es testimonio de una civilizaci\u00f3n de miles de a\u00f1os de antig\u00fcedad.<br \/>\nPara m\u00e1s informaci\u00f3n y reservas, ponte en contacto conmigo para acordar el precio de la visita guiada.<br \/>\nEstar\u00e9 encantada de acompa\u00f1arte en esta extraordinaria aventura cultural e hist\u00f3rica.  <\/p>\n","protected":false},"excerpt":{"rendered":"<p>Visita guiada de Metapontum, una de las ciudades m\u00e1s importantes de la Magna Grecia.<br \/>\nEl Museo Arqueol\u00f3gico de Metaponto expone objetos que abarcan desde la prehistoria hasta la \u00e9poca romana.<br \/>\nEl Parque Arqueol\u00f3gico incluye el santuario urbano, el \u00e1gora, el barrio de la artesan\u00eda y la necr\u00f3polis mesapia.<br \/>\nLa visita guiada te permitir\u00e1 descubrir la historia de esta antigua ciudad, admirando valiosos objetos y evocadoras ruinas.   <\/p>\n","protected":false},"featured_media":2708,"comment_status":"open","ping_status":"closed","template":"","meta":{"_acf_changed":false},"product_brand":[],"product_cat":[74],"product_tag":[],"class_list":{"0":"post-3347","1":"product","2":"type-product","3":"status-publish","4":"has-post-thumbnail","6":"product_cat-museos-y-monumentos-nacionales-de-apulia","8":"first","9":"instock","10":"shipping-taxable","11":"product-type-simple"},"acf":[],"yoast_head":"<!-- This site is optimized with the Yoast SEO plugin v27.3 - https:\/\/yoast.com\/product\/yoast-seo-wordpress\/ -->\n<title>Visita guiada al Museo y Parque Arqueol\u00f3gico de Metaponto<\/title>\n<meta name=\"description\" content=\"Explora el Museo y Parque Arqueol\u00f3gico de Metaponto con Alessandra Di Mauro, arque\u00f3loga y gu\u00eda tur\u00edstica licenciada. Recorridos con un gu\u00eda experto.\" \/>\n<meta name=\"robots\" content=\"index, follow, max-snippet:-1, max-image-preview:large, max-video-preview:-1\" \/>\n<link rel=\"canonical\" href=\"https:\/\/puglialovesmatera.com\/es\/visita-guidata\/visita-guiada-al-museo-y-parque-arqueologico-de-metaponto\/\" \/>\n<meta property=\"og:locale\" content=\"es_ES\" \/>\n<meta property=\"og:type\" content=\"article\" \/>\n<meta property=\"og:title\" content=\"Visita guiada al Museo y Parque Arqueol\u00f3gico de Metaponto\" \/>\n<meta property=\"og:description\" content=\"Explora el Museo y Parque Arqueol\u00f3gico de Metaponto con Alessandra Di Mauro, arque\u00f3loga y gu\u00eda tur\u00edstica licenciada. Recorridos con un gu\u00eda experto.\" \/>\n<meta property=\"og:url\" content=\"https:\/\/puglialovesmatera.com\/es\/visita-guidata\/visita-guiada-al-museo-y-parque-arqueologico-de-metaponto\/\" \/>\n<meta property=\"og:site_name\" content=\"Puglia Loves Matera\" \/>\n<meta property=\"og:image\" content=\"https:\/\/puglialovesmatera.com\/wp-content\/uploads\/2024\/07\/Visita-guidata-parco-archeologico-di-Metaponto.jpg\" \/>\n\t<meta property=\"og:image:width\" content=\"500\" \/>\n\t<meta property=\"og:image:height\" content=\"500\" \/>\n\t<meta property=\"og:image:type\" content=\"image\/jpeg\" \/>\n<meta name=\"twitter:card\" content=\"summary_large_image\" \/>\n<meta name=\"twitter:label1\" content=\"Tiempo de lectura\" \/>\n\t<meta name=\"twitter:data1\" content=\"2 minutos\" \/>\n<script type=\"application\/ld+json\" class=\"yoast-schema-graph\">{\"@context\":\"https:\\\/\\\/schema.org\",\"@graph\":[{\"@type\":\"WebPage\",\"@id\":\"https:\\\/\\\/puglialovesmatera.com\\\/es\\\/visita-guidata\\\/visita-guiada-al-museo-y-parque-arqueologico-de-metaponto\\\/\",\"url\":\"https:\\\/\\\/puglialovesmatera.com\\\/es\\\/visita-guidata\\\/visita-guiada-al-museo-y-parque-arqueologico-de-metaponto\\\/\",\"name\":\"Visita guiada al Museo y Parque Arqueol\u00f3gico de Metaponto\",\"isPartOf\":{\"@id\":\"https:\\\/\\\/puglialovesmatera.com\\\/es\\\/#website\"},\"primaryImageOfPage\":{\"@id\":\"https:\\\/\\\/puglialovesmatera.com\\\/es\\\/visita-guidata\\\/visita-guiada-al-museo-y-parque-arqueologico-de-metaponto\\\/#primaryimage\"},\"image\":{\"@id\":\"https:\\\/\\\/puglialovesmatera.com\\\/es\\\/visita-guidata\\\/visita-guiada-al-museo-y-parque-arqueologico-de-metaponto\\\/#primaryimage\"},\"thumbnailUrl\":\"https:\\\/\\\/puglialovesmatera.com\\\/wp-content\\\/uploads\\\/2024\\\/07\\\/Visita-guidata-parco-archeologico-di-Metaponto.jpg\",\"datePublished\":\"2024-07-27T08:00:21+00:00\",\"description\":\"Explora el Museo y Parque Arqueol\u00f3gico de Metaponto con Alessandra Di Mauro, arque\u00f3loga y gu\u00eda tur\u00edstica licenciada. Recorridos con un gu\u00eda experto.\",\"breadcrumb\":{\"@id\":\"https:\\\/\\\/puglialovesmatera.com\\\/es\\\/visita-guidata\\\/visita-guiada-al-museo-y-parque-arqueologico-de-metaponto\\\/#breadcrumb\"},\"inLanguage\":\"es\",\"potentialAction\":[{\"@type\":\"ReadAction\",\"target\":[\"https:\\\/\\\/puglialovesmatera.com\\\/es\\\/visita-guidata\\\/visita-guiada-al-museo-y-parque-arqueologico-de-metaponto\\\/\"]}]},{\"@type\":\"ImageObject\",\"inLanguage\":\"es\",\"@id\":\"https:\\\/\\\/puglialovesmatera.com\\\/es\\\/visita-guidata\\\/visita-guiada-al-museo-y-parque-arqueologico-de-metaponto\\\/#primaryimage\",\"url\":\"https:\\\/\\\/puglialovesmatera.com\\\/wp-content\\\/uploads\\\/2024\\\/07\\\/Visita-guidata-parco-archeologico-di-Metaponto.jpg\",\"contentUrl\":\"https:\\\/\\\/puglialovesmatera.com\\\/wp-content\\\/uploads\\\/2024\\\/07\\\/Visita-guidata-parco-archeologico-di-Metaponto.jpg\",\"width\":500,\"height\":500},{\"@type\":\"BreadcrumbList\",\"@id\":\"https:\\\/\\\/puglialovesmatera.com\\\/es\\\/visita-guidata\\\/visita-guiada-al-museo-y-parque-arqueologico-de-metaponto\\\/#breadcrumb\",\"itemListElement\":[{\"@type\":\"ListItem\",\"position\":1,\"name\":\"Home\",\"item\":\"https:\\\/\\\/puglialovesmatera.com\\\/es\\\/\"},{\"@type\":\"ListItem\",\"position\":2,\"name\":\"Todas las visitas guiadas\",\"item\":\"https:\\\/\\\/puglialovesmatera.com\\\/es\\\/visitas-todas-guiadas\\\/\"},{\"@type\":\"ListItem\",\"position\":3,\"name\":\"Visita guiada al museo y parque arqueol\u00f3gico de Metaponto\"}]},{\"@type\":\"WebSite\",\"@id\":\"https:\\\/\\\/puglialovesmatera.com\\\/es\\\/#website\",\"url\":\"https:\\\/\\\/puglialovesmatera.com\\\/es\\\/\",\"name\":\"Puglia Loves Matera\",\"description\":\"Ars Mediterranea Scario\",\"publisher\":{\"@id\":\"https:\\\/\\\/puglialovesmatera.com\\\/es\\\/#organization\"},\"potentialAction\":[{\"@type\":\"SearchAction\",\"target\":{\"@type\":\"EntryPoint\",\"urlTemplate\":\"https:\\\/\\\/puglialovesmatera.com\\\/es\\\/?s={search_term_string}\"},\"query-input\":{\"@type\":\"PropertyValueSpecification\",\"valueRequired\":true,\"valueName\":\"search_term_string\"}}],\"inLanguage\":\"es\"},{\"@type\":\"Organization\",\"@id\":\"https:\\\/\\\/puglialovesmatera.com\\\/es\\\/#organization\",\"name\":\"Puglia Loves Matera\",\"url\":\"https:\\\/\\\/puglialovesmatera.com\\\/es\\\/\",\"logo\":{\"@type\":\"ImageObject\",\"inLanguage\":\"es\",\"@id\":\"https:\\\/\\\/puglialovesmatera.com\\\/es\\\/#\\\/schema\\\/logo\\\/image\\\/\",\"url\":\"https:\\\/\\\/puglialovesmatera.com\\\/wp-content\\\/uploads\\\/2024\\\/07\\\/Group-14.svg\",\"contentUrl\":\"https:\\\/\\\/puglialovesmatera.com\\\/wp-content\\\/uploads\\\/2024\\\/07\\\/Group-14.svg\",\"width\":371,\"height\":381,\"caption\":\"Puglia Loves Matera\"},\"image\":{\"@id\":\"https:\\\/\\\/puglialovesmatera.com\\\/es\\\/#\\\/schema\\\/logo\\\/image\\\/\"}}]}<\/script>\n<!-- \/ Yoast SEO plugin. -->","yoast_head_json":{"title":"Visita guiada al Museo y Parque Arqueol\u00f3gico de Metaponto","description":"Explora el Museo y Parque Arqueol\u00f3gico de Metaponto con Alessandra Di Mauro, arque\u00f3loga y gu\u00eda tur\u00edstica licenciada. Recorridos con un gu\u00eda experto.","robots":{"index":"index","follow":"follow","max-snippet":"max-snippet:-1","max-image-preview":"max-image-preview:large","max-video-preview":"max-video-preview:-1"},"canonical":"https:\/\/puglialovesmatera.com\/es\/visita-guidata\/visita-guiada-al-museo-y-parque-arqueologico-de-metaponto\/","og_locale":"es_ES","og_type":"article","og_title":"Visita guiada al Museo y Parque Arqueol\u00f3gico de Metaponto","og_description":"Explora el Museo y Parque Arqueol\u00f3gico de Metaponto con Alessandra Di Mauro, arque\u00f3loga y gu\u00eda tur\u00edstica licenciada. Recorridos con un gu\u00eda experto.","og_url":"https:\/\/puglialovesmatera.com\/es\/visita-guidata\/visita-guiada-al-museo-y-parque-arqueologico-de-metaponto\/","og_site_name":"Puglia Loves Matera","og_image":[{"width":500,"height":500,"url":"https:\/\/puglialovesmatera.com\/wp-content\/uploads\/2024\/07\/Visita-guidata-parco-archeologico-di-Metaponto.jpg","type":"image\/jpeg"}],"twitter_card":"summary_large_image","twitter_misc":{"Tiempo de lectura":"2 minutos"},"schema":{"@context":"https:\/\/schema.org","@graph":[{"@type":"WebPage","@id":"https:\/\/puglialovesmatera.com\/es\/visita-guidata\/visita-guiada-al-museo-y-parque-arqueologico-de-metaponto\/","url":"https:\/\/puglialovesmatera.com\/es\/visita-guidata\/visita-guiada-al-museo-y-parque-arqueologico-de-metaponto\/","name":"Visita guiada al Museo y Parque Arqueol\u00f3gico de Metaponto","isPartOf":{"@id":"https:\/\/puglialovesmatera.com\/es\/#website"},"primaryImageOfPage":{"@id":"https:\/\/puglialovesmatera.com\/es\/visita-guidata\/visita-guiada-al-museo-y-parque-arqueologico-de-metaponto\/#primaryimage"},"image":{"@id":"https:\/\/puglialovesmatera.com\/es\/visita-guidata\/visita-guiada-al-museo-y-parque-arqueologico-de-metaponto\/#primaryimage"},"thumbnailUrl":"https:\/\/puglialovesmatera.com\/wp-content\/uploads\/2024\/07\/Visita-guidata-parco-archeologico-di-Metaponto.jpg","datePublished":"2024-07-27T08:00:21+00:00","description":"Explora el Museo y Parque Arqueol\u00f3gico de Metaponto con Alessandra Di Mauro, arque\u00f3loga y gu\u00eda tur\u00edstica licenciada. Recorridos con un gu\u00eda experto.","breadcrumb":{"@id":"https:\/\/puglialovesmatera.com\/es\/visita-guidata\/visita-guiada-al-museo-y-parque-arqueologico-de-metaponto\/#breadcrumb"},"inLanguage":"es","potentialAction":[{"@type":"ReadAction","target":["https:\/\/puglialovesmatera.com\/es\/visita-guidata\/visita-guiada-al-museo-y-parque-arqueologico-de-metaponto\/"]}]},{"@type":"ImageObject","inLanguage":"es","@id":"https:\/\/puglialovesmatera.com\/es\/visita-guidata\/visita-guiada-al-museo-y-parque-arqueologico-de-metaponto\/#primaryimage","url":"https:\/\/puglialovesmatera.com\/wp-content\/uploads\/2024\/07\/Visita-guidata-parco-archeologico-di-Metaponto.jpg","contentUrl":"https:\/\/puglialovesmatera.com\/wp-content\/uploads\/2024\/07\/Visita-guidata-parco-archeologico-di-Metaponto.jpg","width":500,"height":500},{"@type":"BreadcrumbList","@id":"https:\/\/puglialovesmatera.com\/es\/visita-guidata\/visita-guiada-al-museo-y-parque-arqueologico-de-metaponto\/#breadcrumb","itemListElement":[{"@type":"ListItem","position":1,"name":"Home","item":"https:\/\/puglialovesmatera.com\/es\/"},{"@type":"ListItem","position":2,"name":"Todas las visitas guiadas","item":"https:\/\/puglialovesmatera.com\/es\/visitas-todas-guiadas\/"},{"@type":"ListItem","position":3,"name":"Visita guiada al museo y parque arqueol\u00f3gico de Metaponto"}]},{"@type":"WebSite","@id":"https:\/\/puglialovesmatera.com\/es\/#website","url":"https:\/\/puglialovesmatera.com\/es\/","name":"Puglia Loves Matera","description":"Ars Mediterranea Scario","publisher":{"@id":"https:\/\/puglialovesmatera.com\/es\/#organization"},"potentialAction":[{"@type":"SearchAction","target":{"@type":"EntryPoint","urlTemplate":"https:\/\/puglialovesmatera.com\/es\/?s={search_term_string}"},"query-input":{"@type":"PropertyValueSpecification","valueRequired":true,"valueName":"search_term_string"}}],"inLanguage":"es"},{"@type":"Organization","@id":"https:\/\/puglialovesmatera.com\/es\/#organization","name":"Puglia Loves Matera","url":"https:\/\/puglialovesmatera.com\/es\/","logo":{"@type":"ImageObject","inLanguage":"es","@id":"https:\/\/puglialovesmatera.com\/es\/#\/schema\/logo\/image\/","url":"https:\/\/puglialovesmatera.com\/wp-content\/uploads\/2024\/07\/Group-14.svg","contentUrl":"https:\/\/puglialovesmatera.com\/wp-content\/uploads\/2024\/07\/Group-14.svg","width":371,"height":381,"caption":"Puglia Loves Matera"},"image":{"@id":"https:\/\/puglialovesmatera.com\/es\/#\/schema\/logo\/image\/"}}]}},"_links":{"self":[{"href":"https:\/\/puglialovesmatera.com\/es\/wp-json\/wp\/v2\/product\/3347","targetHints":{"allow":["GET"]}}],"collection":[{"href":"https:\/\/puglialovesmatera.com\/es\/wp-json\/wp\/v2\/product"}],"about":[{"href":"https:\/\/puglialovesmatera.com\/es\/wp-json\/wp\/v2\/types\/product"}],"replies":[{"embeddable":true,"href":"https:\/\/puglialovesmatera.com\/es\/wp-json\/wp\/v2\/comments?post=3347"}],"wp:featuredmedia":[{"embeddable":true,"href":"https:\/\/puglialovesmatera.com\/es\/wp-json\/wp\/v2\/media\/2708"}],"wp:attachment":[{"href":"https:\/\/puglialovesmatera.com\/es\/wp-json\/wp\/v2\/media?parent=3347"}],"wp:term":[{"taxonomy":"product_brand","embeddable":true,"href":"https:\/\/puglialovesmatera.com\/es\/wp-json\/wp\/v2\/product_brand?post=3347"},{"taxonomy":"product_cat","embeddable":true,"href":"https:\/\/puglialovesmatera.com\/es\/wp-json\/wp\/v2\/product_cat?post=3347"},{"taxonomy":"product_tag","embeddable":true,"href":"https:\/\/puglialovesmatera.com\/es\/wp-json\/wp\/v2\/product_tag?post=3347"}],"curies":[{"name":"wp","href":"https:\/\/api.w.org\/{rel}","templated":true}]}}