{"id":3355,"date":"2024-07-27T07:59:11","date_gmt":"2024-07-27T07:59:11","guid":{"rendered":"https:\/\/puglialovesmatera.com\/visita-guidata\/visita-guiada-trani-la-perla-del-adriatico-catedral-y-barrio-judio\/"},"modified":"2024-07-27T07:59:11","modified_gmt":"2024-07-27T07:59:11","slug":"visita-guiada-trani-la-perla-del-adriatico-catedral-y-barrio-judio","status":"publish","type":"product","link":"https:\/\/puglialovesmatera.com\/es\/visita-guidata\/visita-guiada-trani-la-perla-del-adriatico-catedral-y-barrio-judio\/","title":{"rendered":"Visita guiada Trani: la Perla del Adri\u00e1tico Catedral y Barrio Jud\u00edo"},"content":{"rendered":"<h3>Inicio de la visita<\/h3>\n<p>  Mis visitas guiadas a Trani te llevar\u00e1n a descubrir una ciudad fascinante, a menudo llamada la Perla del Adri\u00e1tico por su belleza y ubicaci\u00f3n.<br \/>\nEl pintoresco puerto pesquero se organiza en torno a la majestuosa catedral y al laberinto de calles medievales que caracterizan el centro hist\u00f3rico.   <\/p>\n<h3>Puerto de Trani y Castillo de Suabia<\/h3>\n<p>  Empezaremos nuestro recorrido desde la plaza Re Manfredi, explorando el puerto de Trani, famoso por sus pintorescas vistas y sus embarcaciones tradicionales.<br \/>\nContinuaremos hacia el Castillo de Suabia, donde te contar\u00e9 las muchas historias y leyendas relacionadas con este imponente edificio, construido a instancias de Federico II de Suabia.   <\/p>\n<h3>Catedral de San Nicol\u00e1s Pellegrino<\/h3>\n<p>  La visita continuar\u00e1 con la Catedral de San Nicola Pellegrino, situada junto al mar.<br \/>\nEl arque\u00f3logo franc\u00e9s Francois Lenormant considera esta catedral \u00abla reina de las catedrales\u00bb por su espl\u00e9ndida arquitectura rom\u00e1nica de Apulia.<br \/>\nEn su interior, visitamos la cripta que alberga las reliquias de la patrona de Trani.<br \/>\nLa ubicaci\u00f3n \u00fanica de la catedral, con vistas directas al mar, ofrece una experiencia visual y espiritual sin igual.     <\/p>\n<h3>Barrio Jud\u00edo y Sinagogas<\/h3>\n<p>  Trani tambi\u00e9n presume de una rica historia jud\u00eda, ya que alberg\u00f3 la mayor comunidad jud\u00eda del sur de Italia durante la Edad Media.<br \/>\nPasearemos por el barrio jud\u00edo, descubriendo sinagogas y signos de este importante patrimonio cultural.<br \/>\nTe hablar\u00e9 del primer c\u00f3digo de navegaci\u00f3n de la historia, la Ordinamenta Maris, que se origin\u00f3 en Trani.    <\/p>\n<h3>Conclusi\u00f3n y degustaci\u00f3n del Moscato di Trani<\/h3>\n<p>  Concluiremos la visita recomend\u00e1ndote una degustaci\u00f3n de Moscato di Trani, un renombrado vino fortificado indisolublemente ligado a la ciudad.<br \/>\nEste dulce final te permitir\u00e1 saborear un trozo de la tradici\u00f3n vin\u00edcola local.   <\/p>\n<h3>Informaci\u00f3n adicional<\/h3>\n<p>  Mis visitas guiadas a Trani son una oportunidad ineludible para todo aquel que quiera saber m\u00e1s sobre la historia, la cultura y la arquitectura de esta fascinante ciudad.<br \/>\nGracias a mi formaci\u00f3n continua y a mi pasi\u00f3n por la historia, podr\u00e9 involucrarte en un relato cautivador lleno de detalles, haciendo de cada visita una experiencia \u00fanica.<br \/>\nEl enfoque en la personalizaci\u00f3n de las visitas me permite adaptar el itinerario y las explicaciones a los intereses espec\u00edficos de los visitantes, garantizando una experiencia a medida y de alta calidad.<br \/>\nMi puntualidad y fiabilidad garantizan un servicio profesional e impecable.<br \/>\nNo pierdas la oportunidad de vivir un viaje en el tiempo entre los tesoros de Trani, donde cada rinc\u00f3n cuenta una historia y cada monumento es un ejemplo de maestr\u00eda arquitect\u00f3nica.<br \/>\nPara m\u00e1s informaci\u00f3n y reservas, ponte en contacto conmigo para acordar el precio de la visita guiada.<br \/>\nEstar\u00e9 encantada de acompa\u00f1arte en esta extraordinaria aventura cultural e hist\u00f3rica.      <\/p>\n","protected":false},"excerpt":{"rendered":"<p>Trani, conocida como la Perla del Adri\u00e1tico, es famosa por su magn\u00edfica Catedral de San Nicola Pellegrino, con vistas al mar.<br \/>\nLa visita guiada incluir\u00e1 el Castillo Suabo y el pintoresco barrio jud\u00edo, con la Sinagoga Scolanova.<br \/>\nPasearemos por el puerto y admiraremos las antiguas columnas romanas.<br \/>\nTu gu\u00eda te revelar\u00e1 la historia y las curiosidades de esta fascinante ciudad.   <\/p>\n","protected":false},"featured_media":2759,"comment_status":"open","ping_status":"closed","template":"","meta":{"_acf_changed":false},"product_brand":[],"product_cat":[76],"product_tag":[],"class_list":{"0":"post-3355","1":"product","2":"type-product","3":"status-publish","4":"has-post-thumbnail","6":"product_cat-bari-entre-las-murallas-del-norte-y-la-costa-adriatica","8":"first","9":"instock","10":"shipping-taxable","11":"product-type-simple"},"acf":[],"yoast_head":"<!-- This site is optimized with the Yoast SEO plugin v27.3 - https:\/\/yoast.com\/product\/yoast-seo-wordpress\/ -->\n<title>Visita guiada de Trani con Alessandra Di Mauro<\/title>\n<meta name=\"description\" content=\"Explora Trani con Alessandra Di Mauro, arque\u00f3loga y gu\u00eda tur\u00edstica licenciada. Recorridos personalizados con una gu\u00eda experimentada y apasionada.\" \/>\n<meta name=\"robots\" content=\"index, follow, max-snippet:-1, max-image-preview:large, max-video-preview:-1\" \/>\n<link rel=\"canonical\" href=\"https:\/\/puglialovesmatera.com\/es\/visita-guidata\/visita-guiada-trani-la-perla-del-adriatico-catedral-y-barrio-judio\/\" \/>\n<meta property=\"og:locale\" content=\"es_ES\" \/>\n<meta property=\"og:type\" content=\"article\" \/>\n<meta property=\"og:title\" content=\"Visita guiada de Trani con Alessandra Di Mauro\" \/>\n<meta property=\"og:description\" content=\"Explora Trani con Alessandra Di Mauro, arque\u00f3loga y gu\u00eda tur\u00edstica licenciada. Recorridos personalizados con una gu\u00eda experimentada y apasionada.\" \/>\n<meta property=\"og:url\" content=\"https:\/\/puglialovesmatera.com\/es\/visita-guidata\/visita-guiada-trani-la-perla-del-adriatico-catedral-y-barrio-judio\/\" \/>\n<meta property=\"og:site_name\" content=\"Puglia Loves Matera\" \/>\n<meta property=\"og:image\" content=\"https:\/\/puglialovesmatera.com\/wp-content\/uploads\/2024\/07\/Visita-guidata-Trani.jpg\" \/>\n\t<meta property=\"og:image:width\" content=\"500\" \/>\n\t<meta property=\"og:image:height\" content=\"500\" \/>\n\t<meta property=\"og:image:type\" content=\"image\/jpeg\" \/>\n<meta name=\"twitter:card\" content=\"summary_large_image\" \/>\n<meta name=\"twitter:label1\" content=\"Tiempo de lectura\" \/>\n\t<meta name=\"twitter:data1\" content=\"2 minutos\" \/>\n<script type=\"application\/ld+json\" class=\"yoast-schema-graph\">{\"@context\":\"https:\\\/\\\/schema.org\",\"@graph\":[{\"@type\":\"WebPage\",\"@id\":\"https:\\\/\\\/puglialovesmatera.com\\\/es\\\/visita-guidata\\\/visita-guiada-trani-la-perla-del-adriatico-catedral-y-barrio-judio\\\/\",\"url\":\"https:\\\/\\\/puglialovesmatera.com\\\/es\\\/visita-guidata\\\/visita-guiada-trani-la-perla-del-adriatico-catedral-y-barrio-judio\\\/\",\"name\":\"Visita guiada de Trani con Alessandra Di Mauro\",\"isPartOf\":{\"@id\":\"https:\\\/\\\/puglialovesmatera.com\\\/es\\\/#website\"},\"primaryImageOfPage\":{\"@id\":\"https:\\\/\\\/puglialovesmatera.com\\\/es\\\/visita-guidata\\\/visita-guiada-trani-la-perla-del-adriatico-catedral-y-barrio-judio\\\/#primaryimage\"},\"image\":{\"@id\":\"https:\\\/\\\/puglialovesmatera.com\\\/es\\\/visita-guidata\\\/visita-guiada-trani-la-perla-del-adriatico-catedral-y-barrio-judio\\\/#primaryimage\"},\"thumbnailUrl\":\"https:\\\/\\\/puglialovesmatera.com\\\/wp-content\\\/uploads\\\/2024\\\/07\\\/Visita-guidata-Trani.jpg\",\"datePublished\":\"2024-07-27T07:59:11+00:00\",\"description\":\"Explora Trani con Alessandra Di Mauro, arque\u00f3loga y gu\u00eda tur\u00edstica licenciada. Recorridos personalizados con una gu\u00eda experimentada y apasionada.\",\"breadcrumb\":{\"@id\":\"https:\\\/\\\/puglialovesmatera.com\\\/es\\\/visita-guidata\\\/visita-guiada-trani-la-perla-del-adriatico-catedral-y-barrio-judio\\\/#breadcrumb\"},\"inLanguage\":\"es\",\"potentialAction\":[{\"@type\":\"ReadAction\",\"target\":[\"https:\\\/\\\/puglialovesmatera.com\\\/es\\\/visita-guidata\\\/visita-guiada-trani-la-perla-del-adriatico-catedral-y-barrio-judio\\\/\"]}]},{\"@type\":\"ImageObject\",\"inLanguage\":\"es\",\"@id\":\"https:\\\/\\\/puglialovesmatera.com\\\/es\\\/visita-guidata\\\/visita-guiada-trani-la-perla-del-adriatico-catedral-y-barrio-judio\\\/#primaryimage\",\"url\":\"https:\\\/\\\/puglialovesmatera.com\\\/wp-content\\\/uploads\\\/2024\\\/07\\\/Visita-guidata-Trani.jpg\",\"contentUrl\":\"https:\\\/\\\/puglialovesmatera.com\\\/wp-content\\\/uploads\\\/2024\\\/07\\\/Visita-guidata-Trani.jpg\",\"width\":500,\"height\":500},{\"@type\":\"BreadcrumbList\",\"@id\":\"https:\\\/\\\/puglialovesmatera.com\\\/es\\\/visita-guidata\\\/visita-guiada-trani-la-perla-del-adriatico-catedral-y-barrio-judio\\\/#breadcrumb\",\"itemListElement\":[{\"@type\":\"ListItem\",\"position\":1,\"name\":\"Home\",\"item\":\"https:\\\/\\\/puglialovesmatera.com\\\/es\\\/\"},{\"@type\":\"ListItem\",\"position\":2,\"name\":\"Todas las visitas guiadas\",\"item\":\"https:\\\/\\\/puglialovesmatera.com\\\/es\\\/visitas-todas-guiadas\\\/\"},{\"@type\":\"ListItem\",\"position\":3,\"name\":\"Visita guiada Trani: la Perla del Adri\u00e1tico Catedral y Barrio Jud\u00edo\"}]},{\"@type\":\"WebSite\",\"@id\":\"https:\\\/\\\/puglialovesmatera.com\\\/es\\\/#website\",\"url\":\"https:\\\/\\\/puglialovesmatera.com\\\/es\\\/\",\"name\":\"Puglia Loves Matera\",\"description\":\"Ars Mediterranea Scario\",\"publisher\":{\"@id\":\"https:\\\/\\\/puglialovesmatera.com\\\/es\\\/#organization\"},\"potentialAction\":[{\"@type\":\"SearchAction\",\"target\":{\"@type\":\"EntryPoint\",\"urlTemplate\":\"https:\\\/\\\/puglialovesmatera.com\\\/es\\\/?s={search_term_string}\"},\"query-input\":{\"@type\":\"PropertyValueSpecification\",\"valueRequired\":true,\"valueName\":\"search_term_string\"}}],\"inLanguage\":\"es\"},{\"@type\":\"Organization\",\"@id\":\"https:\\\/\\\/puglialovesmatera.com\\\/es\\\/#organization\",\"name\":\"Puglia Loves Matera\",\"url\":\"https:\\\/\\\/puglialovesmatera.com\\\/es\\\/\",\"logo\":{\"@type\":\"ImageObject\",\"inLanguage\":\"es\",\"@id\":\"https:\\\/\\\/puglialovesmatera.com\\\/es\\\/#\\\/schema\\\/logo\\\/image\\\/\",\"url\":\"https:\\\/\\\/puglialovesmatera.com\\\/wp-content\\\/uploads\\\/2024\\\/07\\\/Group-14.svg\",\"contentUrl\":\"https:\\\/\\\/puglialovesmatera.com\\\/wp-content\\\/uploads\\\/2024\\\/07\\\/Group-14.svg\",\"width\":371,\"height\":381,\"caption\":\"Puglia Loves Matera\"},\"image\":{\"@id\":\"https:\\\/\\\/puglialovesmatera.com\\\/es\\\/#\\\/schema\\\/logo\\\/image\\\/\"}}]}<\/script>\n<!-- \/ Yoast SEO plugin. -->","yoast_head_json":{"title":"Visita guiada de Trani con Alessandra Di Mauro","description":"Explora Trani con Alessandra Di Mauro, arque\u00f3loga y gu\u00eda tur\u00edstica licenciada. Recorridos personalizados con una gu\u00eda experimentada y apasionada.","robots":{"index":"index","follow":"follow","max-snippet":"max-snippet:-1","max-image-preview":"max-image-preview:large","max-video-preview":"max-video-preview:-1"},"canonical":"https:\/\/puglialovesmatera.com\/es\/visita-guidata\/visita-guiada-trani-la-perla-del-adriatico-catedral-y-barrio-judio\/","og_locale":"es_ES","og_type":"article","og_title":"Visita guiada de Trani con Alessandra Di Mauro","og_description":"Explora Trani con Alessandra Di Mauro, arque\u00f3loga y gu\u00eda tur\u00edstica licenciada. Recorridos personalizados con una gu\u00eda experimentada y apasionada.","og_url":"https:\/\/puglialovesmatera.com\/es\/visita-guidata\/visita-guiada-trani-la-perla-del-adriatico-catedral-y-barrio-judio\/","og_site_name":"Puglia Loves Matera","og_image":[{"width":500,"height":500,"url":"https:\/\/puglialovesmatera.com\/wp-content\/uploads\/2024\/07\/Visita-guidata-Trani.jpg","type":"image\/jpeg"}],"twitter_card":"summary_large_image","twitter_misc":{"Tiempo de lectura":"2 minutos"},"schema":{"@context":"https:\/\/schema.org","@graph":[{"@type":"WebPage","@id":"https:\/\/puglialovesmatera.com\/es\/visita-guidata\/visita-guiada-trani-la-perla-del-adriatico-catedral-y-barrio-judio\/","url":"https:\/\/puglialovesmatera.com\/es\/visita-guidata\/visita-guiada-trani-la-perla-del-adriatico-catedral-y-barrio-judio\/","name":"Visita guiada de Trani con Alessandra Di Mauro","isPartOf":{"@id":"https:\/\/puglialovesmatera.com\/es\/#website"},"primaryImageOfPage":{"@id":"https:\/\/puglialovesmatera.com\/es\/visita-guidata\/visita-guiada-trani-la-perla-del-adriatico-catedral-y-barrio-judio\/#primaryimage"},"image":{"@id":"https:\/\/puglialovesmatera.com\/es\/visita-guidata\/visita-guiada-trani-la-perla-del-adriatico-catedral-y-barrio-judio\/#primaryimage"},"thumbnailUrl":"https:\/\/puglialovesmatera.com\/wp-content\/uploads\/2024\/07\/Visita-guidata-Trani.jpg","datePublished":"2024-07-27T07:59:11+00:00","description":"Explora Trani con Alessandra Di Mauro, arque\u00f3loga y gu\u00eda tur\u00edstica licenciada. Recorridos personalizados con una gu\u00eda experimentada y apasionada.","breadcrumb":{"@id":"https:\/\/puglialovesmatera.com\/es\/visita-guidata\/visita-guiada-trani-la-perla-del-adriatico-catedral-y-barrio-judio\/#breadcrumb"},"inLanguage":"es","potentialAction":[{"@type":"ReadAction","target":["https:\/\/puglialovesmatera.com\/es\/visita-guidata\/visita-guiada-trani-la-perla-del-adriatico-catedral-y-barrio-judio\/"]}]},{"@type":"ImageObject","inLanguage":"es","@id":"https:\/\/puglialovesmatera.com\/es\/visita-guidata\/visita-guiada-trani-la-perla-del-adriatico-catedral-y-barrio-judio\/#primaryimage","url":"https:\/\/puglialovesmatera.com\/wp-content\/uploads\/2024\/07\/Visita-guidata-Trani.jpg","contentUrl":"https:\/\/puglialovesmatera.com\/wp-content\/uploads\/2024\/07\/Visita-guidata-Trani.jpg","width":500,"height":500},{"@type":"BreadcrumbList","@id":"https:\/\/puglialovesmatera.com\/es\/visita-guidata\/visita-guiada-trani-la-perla-del-adriatico-catedral-y-barrio-judio\/#breadcrumb","itemListElement":[{"@type":"ListItem","position":1,"name":"Home","item":"https:\/\/puglialovesmatera.com\/es\/"},{"@type":"ListItem","position":2,"name":"Todas las visitas guiadas","item":"https:\/\/puglialovesmatera.com\/es\/visitas-todas-guiadas\/"},{"@type":"ListItem","position":3,"name":"Visita guiada Trani: la Perla del Adri\u00e1tico Catedral y Barrio Jud\u00edo"}]},{"@type":"WebSite","@id":"https:\/\/puglialovesmatera.com\/es\/#website","url":"https:\/\/puglialovesmatera.com\/es\/","name":"Puglia Loves Matera","description":"Ars Mediterranea Scario","publisher":{"@id":"https:\/\/puglialovesmatera.com\/es\/#organization"},"potentialAction":[{"@type":"SearchAction","target":{"@type":"EntryPoint","urlTemplate":"https:\/\/puglialovesmatera.com\/es\/?s={search_term_string}"},"query-input":{"@type":"PropertyValueSpecification","valueRequired":true,"valueName":"search_term_string"}}],"inLanguage":"es"},{"@type":"Organization","@id":"https:\/\/puglialovesmatera.com\/es\/#organization","name":"Puglia Loves Matera","url":"https:\/\/puglialovesmatera.com\/es\/","logo":{"@type":"ImageObject","inLanguage":"es","@id":"https:\/\/puglialovesmatera.com\/es\/#\/schema\/logo\/image\/","url":"https:\/\/puglialovesmatera.com\/wp-content\/uploads\/2024\/07\/Group-14.svg","contentUrl":"https:\/\/puglialovesmatera.com\/wp-content\/uploads\/2024\/07\/Group-14.svg","width":371,"height":381,"caption":"Puglia Loves Matera"},"image":{"@id":"https:\/\/puglialovesmatera.com\/es\/#\/schema\/logo\/image\/"}}]}},"_links":{"self":[{"href":"https:\/\/puglialovesmatera.com\/es\/wp-json\/wp\/v2\/product\/3355","targetHints":{"allow":["GET"]}}],"collection":[{"href":"https:\/\/puglialovesmatera.com\/es\/wp-json\/wp\/v2\/product"}],"about":[{"href":"https:\/\/puglialovesmatera.com\/es\/wp-json\/wp\/v2\/types\/product"}],"replies":[{"embeddable":true,"href":"https:\/\/puglialovesmatera.com\/es\/wp-json\/wp\/v2\/comments?post=3355"}],"wp:featuredmedia":[{"embeddable":true,"href":"https:\/\/puglialovesmatera.com\/es\/wp-json\/wp\/v2\/media\/2759"}],"wp:attachment":[{"href":"https:\/\/puglialovesmatera.com\/es\/wp-json\/wp\/v2\/media?parent=3355"}],"wp:term":[{"taxonomy":"product_brand","embeddable":true,"href":"https:\/\/puglialovesmatera.com\/es\/wp-json\/wp\/v2\/product_brand?post=3355"},{"taxonomy":"product_cat","embeddable":true,"href":"https:\/\/puglialovesmatera.com\/es\/wp-json\/wp\/v2\/product_cat?post=3355"},{"taxonomy":"product_tag","embeddable":true,"href":"https:\/\/puglialovesmatera.com\/es\/wp-json\/wp\/v2\/product_tag?post=3355"}],"curies":[{"name":"wp","href":"https:\/\/api.w.org\/{rel}","templated":true}]}}