{"id":3360,"date":"2024-07-27T07:59:31","date_gmt":"2024-07-27T07:59:31","guid":{"rendered":"https:\/\/puglialovesmatera.com\/visita-guidata\/visita-guiada-giovinazzo-la-catedral-y-el-puerto\/"},"modified":"2024-07-27T07:59:31","modified_gmt":"2024-07-27T07:59:31","slug":"visita-guiada-giovinazzo-la-catedral-y-el-puerto","status":"publish","type":"product","link":"https:\/\/puglialovesmatera.com\/es\/visita-guidata\/visita-guiada-giovinazzo-la-catedral-y-el-puerto\/","title":{"rendered":"Visita guiada Giovinazzo, la Catedral y el Puerto"},"content":{"rendered":"<h3>Inicio de la visita<\/h3>\n<p>  Mis visitas guiadas a Giovinazzo te llevar\u00e1n a descubrir una ciudad mar\u00edtima situada cerca de la costa adri\u00e1tica, al norte de Bari.<br \/>\nGiovinazzo, rodeada de murallas en el siglo XV, contiene testimonios arquitect\u00f3nicos que documentan la historia del asentamiento desde la \u00e9poca romana hasta la Edad Media y el Barroco.   <\/p>\n<h3>Plaza Vittorio Emanuele y Fuente Tritoni<\/h3>\n<p>  Empezaremos nuestro recorrido desde la Piazza Vittorio Emanuele, la plaza principal de la ciudad.<br \/>\nDesde aqu\u00ed podremos admirar los palacios del siglo XIX y la impresionante Fuente del Trit\u00f3n, s\u00edmbolo de la ciudad y de su historia mar\u00edtima.   <\/p>\n<h3>Casco antiguo y Catedral de Santa Mar\u00eda Asunta<\/h3>\n<p>  Seguimos hacia el centro hist\u00f3rico y caminamos por las murallas de la Via Cattedrale, hasta llegar a la Catedral de Santa Maria Assunta, construida en el siglo XII.<br \/>\nSituada en la Piazza Duomo, esta catedral es un magn\u00edfico ejemplo de la arquitectura rom\u00e1nica de Apulia.   <\/p>\n<h3>Palacio Ducal y Murallas Romanas<\/h3>\n<p>  Desde la Plaza del Duomo, admiraremos el imponente Palacio Ducal, un edificio con patio del siglo XVII que muestra su riqueza arquitect\u00f3nica sobre todo en la fachada que da al mar, cerca de los restos de las murallas romanas.<br \/>\nTe contar\u00e9 la historia del palacio y sus transformaciones a lo largo de los siglos.   <\/p>\n<h3>Calles e iglesias del casco antiguo<\/h3>\n<p>  Deambulando por las calles del centro, exploraremos los patios, las callejuelas y los detalles arquitect\u00f3nicos que hacen \u00fanica a Giovinazzo.<br \/>\nVisitaremos la Iglesia del Esp\u00edritu Santo y la Iglesia de Nuestra Se\u00f1ora de Constantinopla, del siglo XVI, descubriendo las historias y tradiciones vinculadas a estos lugares sagrados.   <\/p>\n<h3>Puerto de Giovinazzo y tradiciones mar\u00edtimas<\/h3>\n<p>  La visita continuar\u00e1 en el pintoresco puerto de Giovinazzo, donde hablar\u00e9 de las tradiciones mar\u00edtimas que han marcado la historia de la ciudad y de la reciente revalorizaci\u00f3n del centro hist\u00f3rico, que ha permitido redescubrir y realzar su belleza.  <\/p>\n<h3>Informaci\u00f3n adicional<\/h3>\n<p>  Mis visitas guiadas a Giovinazzo ofrecen una oportunidad imperdible para quien desee conocer mejor la historia, la cultura y la arquitectura de esta fascinante ciudad mar\u00edtima.<br \/>\nGracias a mi formaci\u00f3n continua y a mi pasi\u00f3n por la historia, podr\u00e9 involucrarte en un relato convincente y lleno de detalles, haciendo de cada visita una experiencia \u00fanica.<br \/>\nEl enfoque en la personalizaci\u00f3n de las visitas me permite adaptar el itinerario y las explicaciones a los intereses espec\u00edficos de los visitantes, garantizando una experiencia a medida y de alta calidad.<br \/>\nMi puntualidad y fiabilidad garantizan un servicio profesional e impecable.<br \/>\nNo pierdas la oportunidad de vivir un viaje en el tiempo entre los tesoros de Giovinazzo, donde cada rinc\u00f3n cuenta una historia y cada monumento es un ejemplo de maestr\u00eda arquitect\u00f3nica.<br \/>\nPara m\u00e1s informaci\u00f3n y reservas, ponte en contacto conmigo para acordar una tarifa de visita guiada.<br \/>\nEstar\u00e9 encantada de acompa\u00f1arte en esta extraordinaria aventura cultural e hist\u00f3rica.      <\/p>\n","protected":false},"excerpt":{"rendered":"<p>Giovinazzo, con su encantador puerto y la Catedral de Santa Mar\u00eda Assunta, es una joya oculta.<br \/>\nLa visita guiada partir\u00e1 de la Plaza Vittorio Emanuele, explorando el centro hist\u00f3rico con sus nobles palacios e iglesias medievales.<br \/>\nDescubriremos las antiguas murallas y la Torre Normanda, sumergi\u00e9ndonos en la historia y las tradiciones de este encantador pueblo mar\u00edtimo.  <\/p>\n","protected":false},"featured_media":2699,"comment_status":"open","ping_status":"closed","template":"","meta":{"_acf_changed":false},"product_brand":[],"product_cat":[76],"product_tag":[],"class_list":{"0":"post-3360","1":"product","2":"type-product","3":"status-publish","4":"has-post-thumbnail","6":"product_cat-bari-entre-las-murallas-del-norte-y-la-costa-adriatica","8":"first","9":"instock","10":"shipping-taxable","11":"product-type-simple"},"acf":[],"yoast_head":"<!-- This site is optimized with the Yoast SEO plugin v27.3 - https:\/\/yoast.com\/product\/yoast-seo-wordpress\/ -->\n<title>Visita guiada a Giovinazzo con Alessandra Di Mauro<\/title>\n<meta name=\"description\" content=\"Explora Giovinazzo con Alessandra Di Mauro, arque\u00f3loga y gu\u00eda tur\u00edstica licenciada. Visitas personalizadas con una gu\u00eda experta y apasionada.\" \/>\n<meta name=\"robots\" content=\"index, follow, max-snippet:-1, max-image-preview:large, max-video-preview:-1\" \/>\n<link rel=\"canonical\" href=\"https:\/\/puglialovesmatera.com\/es\/visita-guidata\/visita-guiada-giovinazzo-la-catedral-y-el-puerto\/\" \/>\n<meta property=\"og:locale\" content=\"es_ES\" \/>\n<meta property=\"og:type\" content=\"article\" \/>\n<meta property=\"og:title\" content=\"Visita guiada a Giovinazzo con Alessandra Di Mauro\" \/>\n<meta property=\"og:description\" content=\"Explora Giovinazzo con Alessandra Di Mauro, arque\u00f3loga y gu\u00eda tur\u00edstica licenciada. Visitas personalizadas con una gu\u00eda experta y apasionada.\" \/>\n<meta property=\"og:url\" content=\"https:\/\/puglialovesmatera.com\/es\/visita-guidata\/visita-guiada-giovinazzo-la-catedral-y-el-puerto\/\" \/>\n<meta property=\"og:site_name\" content=\"Puglia Loves Matera\" \/>\n<meta property=\"og:image\" content=\"https:\/\/puglialovesmatera.com\/wp-content\/uploads\/2024\/07\/Visita-guidata-Giovinazzo.jpg\" \/>\n\t<meta property=\"og:image:width\" content=\"500\" \/>\n\t<meta property=\"og:image:height\" content=\"500\" \/>\n\t<meta property=\"og:image:type\" content=\"image\/jpeg\" \/>\n<meta name=\"twitter:card\" content=\"summary_large_image\" \/>\n<meta name=\"twitter:label1\" content=\"Tiempo de lectura\" \/>\n\t<meta name=\"twitter:data1\" content=\"2 minutos\" \/>\n<script type=\"application\/ld+json\" class=\"yoast-schema-graph\">{\"@context\":\"https:\\\/\\\/schema.org\",\"@graph\":[{\"@type\":\"WebPage\",\"@id\":\"https:\\\/\\\/puglialovesmatera.com\\\/es\\\/visita-guidata\\\/visita-guiada-giovinazzo-la-catedral-y-el-puerto\\\/\",\"url\":\"https:\\\/\\\/puglialovesmatera.com\\\/es\\\/visita-guidata\\\/visita-guiada-giovinazzo-la-catedral-y-el-puerto\\\/\",\"name\":\"Visita guiada a Giovinazzo con Alessandra Di Mauro\",\"isPartOf\":{\"@id\":\"https:\\\/\\\/puglialovesmatera.com\\\/es\\\/#website\"},\"primaryImageOfPage\":{\"@id\":\"https:\\\/\\\/puglialovesmatera.com\\\/es\\\/visita-guidata\\\/visita-guiada-giovinazzo-la-catedral-y-el-puerto\\\/#primaryimage\"},\"image\":{\"@id\":\"https:\\\/\\\/puglialovesmatera.com\\\/es\\\/visita-guidata\\\/visita-guiada-giovinazzo-la-catedral-y-el-puerto\\\/#primaryimage\"},\"thumbnailUrl\":\"https:\\\/\\\/puglialovesmatera.com\\\/wp-content\\\/uploads\\\/2024\\\/07\\\/Visita-guidata-Giovinazzo.jpg\",\"datePublished\":\"2024-07-27T07:59:31+00:00\",\"description\":\"Explora Giovinazzo con Alessandra Di Mauro, arque\u00f3loga y gu\u00eda tur\u00edstica licenciada. Visitas personalizadas con una gu\u00eda experta y apasionada.\",\"breadcrumb\":{\"@id\":\"https:\\\/\\\/puglialovesmatera.com\\\/es\\\/visita-guidata\\\/visita-guiada-giovinazzo-la-catedral-y-el-puerto\\\/#breadcrumb\"},\"inLanguage\":\"es\",\"potentialAction\":[{\"@type\":\"ReadAction\",\"target\":[\"https:\\\/\\\/puglialovesmatera.com\\\/es\\\/visita-guidata\\\/visita-guiada-giovinazzo-la-catedral-y-el-puerto\\\/\"]}]},{\"@type\":\"ImageObject\",\"inLanguage\":\"es\",\"@id\":\"https:\\\/\\\/puglialovesmatera.com\\\/es\\\/visita-guidata\\\/visita-guiada-giovinazzo-la-catedral-y-el-puerto\\\/#primaryimage\",\"url\":\"https:\\\/\\\/puglialovesmatera.com\\\/wp-content\\\/uploads\\\/2024\\\/07\\\/Visita-guidata-Giovinazzo.jpg\",\"contentUrl\":\"https:\\\/\\\/puglialovesmatera.com\\\/wp-content\\\/uploads\\\/2024\\\/07\\\/Visita-guidata-Giovinazzo.jpg\",\"width\":500,\"height\":500},{\"@type\":\"BreadcrumbList\",\"@id\":\"https:\\\/\\\/puglialovesmatera.com\\\/es\\\/visita-guidata\\\/visita-guiada-giovinazzo-la-catedral-y-el-puerto\\\/#breadcrumb\",\"itemListElement\":[{\"@type\":\"ListItem\",\"position\":1,\"name\":\"Home\",\"item\":\"https:\\\/\\\/puglialovesmatera.com\\\/es\\\/\"},{\"@type\":\"ListItem\",\"position\":2,\"name\":\"Todas las visitas guiadas\",\"item\":\"https:\\\/\\\/puglialovesmatera.com\\\/es\\\/visitas-todas-guiadas\\\/\"},{\"@type\":\"ListItem\",\"position\":3,\"name\":\"Visita guiada Giovinazzo, la Catedral y el Puerto\"}]},{\"@type\":\"WebSite\",\"@id\":\"https:\\\/\\\/puglialovesmatera.com\\\/es\\\/#website\",\"url\":\"https:\\\/\\\/puglialovesmatera.com\\\/es\\\/\",\"name\":\"Puglia Loves Matera\",\"description\":\"Ars Mediterranea Scario\",\"publisher\":{\"@id\":\"https:\\\/\\\/puglialovesmatera.com\\\/es\\\/#organization\"},\"potentialAction\":[{\"@type\":\"SearchAction\",\"target\":{\"@type\":\"EntryPoint\",\"urlTemplate\":\"https:\\\/\\\/puglialovesmatera.com\\\/es\\\/?s={search_term_string}\"},\"query-input\":{\"@type\":\"PropertyValueSpecification\",\"valueRequired\":true,\"valueName\":\"search_term_string\"}}],\"inLanguage\":\"es\"},{\"@type\":\"Organization\",\"@id\":\"https:\\\/\\\/puglialovesmatera.com\\\/es\\\/#organization\",\"name\":\"Puglia Loves Matera\",\"url\":\"https:\\\/\\\/puglialovesmatera.com\\\/es\\\/\",\"logo\":{\"@type\":\"ImageObject\",\"inLanguage\":\"es\",\"@id\":\"https:\\\/\\\/puglialovesmatera.com\\\/es\\\/#\\\/schema\\\/logo\\\/image\\\/\",\"url\":\"https:\\\/\\\/puglialovesmatera.com\\\/wp-content\\\/uploads\\\/2024\\\/07\\\/Group-14.svg\",\"contentUrl\":\"https:\\\/\\\/puglialovesmatera.com\\\/wp-content\\\/uploads\\\/2024\\\/07\\\/Group-14.svg\",\"width\":371,\"height\":381,\"caption\":\"Puglia Loves Matera\"},\"image\":{\"@id\":\"https:\\\/\\\/puglialovesmatera.com\\\/es\\\/#\\\/schema\\\/logo\\\/image\\\/\"}}]}<\/script>\n<!-- \/ Yoast SEO plugin. -->","yoast_head_json":{"title":"Visita guiada a Giovinazzo con Alessandra Di Mauro","description":"Explora Giovinazzo con Alessandra Di Mauro, arque\u00f3loga y gu\u00eda tur\u00edstica licenciada. Visitas personalizadas con una gu\u00eda experta y apasionada.","robots":{"index":"index","follow":"follow","max-snippet":"max-snippet:-1","max-image-preview":"max-image-preview:large","max-video-preview":"max-video-preview:-1"},"canonical":"https:\/\/puglialovesmatera.com\/es\/visita-guidata\/visita-guiada-giovinazzo-la-catedral-y-el-puerto\/","og_locale":"es_ES","og_type":"article","og_title":"Visita guiada a Giovinazzo con Alessandra Di Mauro","og_description":"Explora Giovinazzo con Alessandra Di Mauro, arque\u00f3loga y gu\u00eda tur\u00edstica licenciada. Visitas personalizadas con una gu\u00eda experta y apasionada.","og_url":"https:\/\/puglialovesmatera.com\/es\/visita-guidata\/visita-guiada-giovinazzo-la-catedral-y-el-puerto\/","og_site_name":"Puglia Loves Matera","og_image":[{"width":500,"height":500,"url":"https:\/\/puglialovesmatera.com\/wp-content\/uploads\/2024\/07\/Visita-guidata-Giovinazzo.jpg","type":"image\/jpeg"}],"twitter_card":"summary_large_image","twitter_misc":{"Tiempo de lectura":"2 minutos"},"schema":{"@context":"https:\/\/schema.org","@graph":[{"@type":"WebPage","@id":"https:\/\/puglialovesmatera.com\/es\/visita-guidata\/visita-guiada-giovinazzo-la-catedral-y-el-puerto\/","url":"https:\/\/puglialovesmatera.com\/es\/visita-guidata\/visita-guiada-giovinazzo-la-catedral-y-el-puerto\/","name":"Visita guiada a Giovinazzo con Alessandra Di Mauro","isPartOf":{"@id":"https:\/\/puglialovesmatera.com\/es\/#website"},"primaryImageOfPage":{"@id":"https:\/\/puglialovesmatera.com\/es\/visita-guidata\/visita-guiada-giovinazzo-la-catedral-y-el-puerto\/#primaryimage"},"image":{"@id":"https:\/\/puglialovesmatera.com\/es\/visita-guidata\/visita-guiada-giovinazzo-la-catedral-y-el-puerto\/#primaryimage"},"thumbnailUrl":"https:\/\/puglialovesmatera.com\/wp-content\/uploads\/2024\/07\/Visita-guidata-Giovinazzo.jpg","datePublished":"2024-07-27T07:59:31+00:00","description":"Explora Giovinazzo con Alessandra Di Mauro, arque\u00f3loga y gu\u00eda tur\u00edstica licenciada. Visitas personalizadas con una gu\u00eda experta y apasionada.","breadcrumb":{"@id":"https:\/\/puglialovesmatera.com\/es\/visita-guidata\/visita-guiada-giovinazzo-la-catedral-y-el-puerto\/#breadcrumb"},"inLanguage":"es","potentialAction":[{"@type":"ReadAction","target":["https:\/\/puglialovesmatera.com\/es\/visita-guidata\/visita-guiada-giovinazzo-la-catedral-y-el-puerto\/"]}]},{"@type":"ImageObject","inLanguage":"es","@id":"https:\/\/puglialovesmatera.com\/es\/visita-guidata\/visita-guiada-giovinazzo-la-catedral-y-el-puerto\/#primaryimage","url":"https:\/\/puglialovesmatera.com\/wp-content\/uploads\/2024\/07\/Visita-guidata-Giovinazzo.jpg","contentUrl":"https:\/\/puglialovesmatera.com\/wp-content\/uploads\/2024\/07\/Visita-guidata-Giovinazzo.jpg","width":500,"height":500},{"@type":"BreadcrumbList","@id":"https:\/\/puglialovesmatera.com\/es\/visita-guidata\/visita-guiada-giovinazzo-la-catedral-y-el-puerto\/#breadcrumb","itemListElement":[{"@type":"ListItem","position":1,"name":"Home","item":"https:\/\/puglialovesmatera.com\/es\/"},{"@type":"ListItem","position":2,"name":"Todas las visitas guiadas","item":"https:\/\/puglialovesmatera.com\/es\/visitas-todas-guiadas\/"},{"@type":"ListItem","position":3,"name":"Visita guiada Giovinazzo, la Catedral y el Puerto"}]},{"@type":"WebSite","@id":"https:\/\/puglialovesmatera.com\/es\/#website","url":"https:\/\/puglialovesmatera.com\/es\/","name":"Puglia Loves Matera","description":"Ars Mediterranea Scario","publisher":{"@id":"https:\/\/puglialovesmatera.com\/es\/#organization"},"potentialAction":[{"@type":"SearchAction","target":{"@type":"EntryPoint","urlTemplate":"https:\/\/puglialovesmatera.com\/es\/?s={search_term_string}"},"query-input":{"@type":"PropertyValueSpecification","valueRequired":true,"valueName":"search_term_string"}}],"inLanguage":"es"},{"@type":"Organization","@id":"https:\/\/puglialovesmatera.com\/es\/#organization","name":"Puglia Loves Matera","url":"https:\/\/puglialovesmatera.com\/es\/","logo":{"@type":"ImageObject","inLanguage":"es","@id":"https:\/\/puglialovesmatera.com\/es\/#\/schema\/logo\/image\/","url":"https:\/\/puglialovesmatera.com\/wp-content\/uploads\/2024\/07\/Group-14.svg","contentUrl":"https:\/\/puglialovesmatera.com\/wp-content\/uploads\/2024\/07\/Group-14.svg","width":371,"height":381,"caption":"Puglia Loves Matera"},"image":{"@id":"https:\/\/puglialovesmatera.com\/es\/#\/schema\/logo\/image\/"}}]}},"_links":{"self":[{"href":"https:\/\/puglialovesmatera.com\/es\/wp-json\/wp\/v2\/product\/3360","targetHints":{"allow":["GET"]}}],"collection":[{"href":"https:\/\/puglialovesmatera.com\/es\/wp-json\/wp\/v2\/product"}],"about":[{"href":"https:\/\/puglialovesmatera.com\/es\/wp-json\/wp\/v2\/types\/product"}],"replies":[{"embeddable":true,"href":"https:\/\/puglialovesmatera.com\/es\/wp-json\/wp\/v2\/comments?post=3360"}],"wp:featuredmedia":[{"embeddable":true,"href":"https:\/\/puglialovesmatera.com\/es\/wp-json\/wp\/v2\/media\/2699"}],"wp:attachment":[{"href":"https:\/\/puglialovesmatera.com\/es\/wp-json\/wp\/v2\/media?parent=3360"}],"wp:term":[{"taxonomy":"product_brand","embeddable":true,"href":"https:\/\/puglialovesmatera.com\/es\/wp-json\/wp\/v2\/product_brand?post=3360"},{"taxonomy":"product_cat","embeddable":true,"href":"https:\/\/puglialovesmatera.com\/es\/wp-json\/wp\/v2\/product_cat?post=3360"},{"taxonomy":"product_tag","embeddable":true,"href":"https:\/\/puglialovesmatera.com\/es\/wp-json\/wp\/v2\/product_tag?post=3360"}],"curies":[{"name":"wp","href":"https:\/\/api.w.org\/{rel}","templated":true}]}}