{"id":3367,"date":"2024-07-24T15:38:37","date_gmt":"2024-07-24T15:38:37","guid":{"rendered":"https:\/\/puglialovesmatera.com\/visita-guidata\/visita-guiada-monopoli\/"},"modified":"2024-07-24T15:38:37","modified_gmt":"2024-07-24T15:38:37","slug":"visita-guiada-monopoli","status":"publish","type":"product","link":"https:\/\/puglialovesmatera.com\/es\/visita-guidata\/visita-guiada-monopoli\/","title":{"rendered":"Visita guiada Monopoli"},"content":{"rendered":"<h3>Inicio de la visita<\/h3>\n<p>  Mis visitas guiadas a Monopoli te llevar\u00e1n a descubrir una ciudad fascinante, situada en la costa adri\u00e1tica en una posici\u00f3n inclinada hacia el este.  <\/p>\n<h3>Puerto de Monopoli<\/h3>\n<p>  Comenzaremos nuestra ruta desde la Plaza Vittorio Emanuele y nos dirigiremos hacia el pintoresco puerto de Monopoli.<br \/>\nAqu\u00ed admiraremos las \u00abparanze\u00bb, t\u00edpicas embarcaciones de madera, que forman el tel\u00f3n de fondo de un paisaje \u00fanico y evocador.   <\/p>\n<h3>Murallas y castillo de Carlos V<\/h3>\n<p>  Continuaremos por las murallas de la ciudad, que ofrecen una espl\u00e9ndida vista del mar y de la propia ciudad.<br \/>\nLlegaremos al Castillo de Carlos V, una imponente fortaleza que narra la historia militar y defensiva de Monopoli.   <\/p>\n<h3>Iglesia de Amalfi<\/h3>\n<p>  Visitamos la Iglesia Amalfitana, que data de la primera mitad del siglo XII.<br \/>\nEsta iglesia es un precioso ejemplo de arquitectura religiosa medieval, con una fascinante historia vinculada a la comunidad amalfitana.   <\/p>\n<h3>Catedral de Nuestra Se\u00f1ora de la Madia<\/h3>\n<p>  El punto central de la visita ser\u00e1 la Catedral dedicada a Nuestra Se\u00f1ora de la Madia.<br \/>\nEn su interior, descubriremos la Capilla de las Vigas, que alberga en un gran armario las vigas de la Madia, la balsa en la que lleg\u00f3 el icono mariano en 1117.<br \/>\nEsta historia milagrosa est\u00e1 en el coraz\u00f3n de la devoci\u00f3n de la ciudad.    <\/p>\n<h3>Iglesia del Purgatorio<\/h3>\n<p>  Continuamos con una visita a la Iglesia del Purgatorio, famosa por sus macabras decoraciones y su singular arquitectura, que ofrecen elementos de reflexi\u00f3n sobre la vida y la muerte.  <\/p>\n<h3>Plaza Garibaldi<\/h3>\n<p>  Terminamos nuestra visita en la Plaza Garibaldi, donde admiramos el Palacio Cacace y la Torre del Reloj.<br \/>\nAqu\u00ed encontrar\u00e1s tambi\u00e9n la Columna de la Justicia, que lleva el escudo de la ciudad, s\u00edmbolo del poder y la historia de Monopoli.   <\/p>\n<h3>Informaci\u00f3n adicional<\/h3>\n<p>  Mis visitas guiadas a Monopoli son una oportunidad ineludible para todo aquel que quiera saber m\u00e1s sobre la historia, la cultura y la arquitectura de esta fascinante ciudad.<br \/>\nGracias a mi formaci\u00f3n continua y a mi pasi\u00f3n por la historia, podr\u00e9 involucrarte en un relato cautivador lleno de detalles, haciendo de cada visita una experiencia \u00fanica.<br \/>\nEl enfoque en la personalizaci\u00f3n de las visitas me permite adaptar el itinerario y las explicaciones a los intereses espec\u00edficos de los visitantes, garantizando una experiencia a medida y de alta calidad.<br \/>\nMi puntualidad y fiabilidad garantizan un servicio profesional e impecable.<br \/>\nNo pierdas la oportunidad de vivir un viaje en el tiempo entre los tesoros de Monopoli, donde cada rinc\u00f3n cuenta una historia y cada monumento es un ejemplo de maestr\u00eda arquitect\u00f3nica.<br \/>\nPara m\u00e1s informaci\u00f3n y reservas, ponte en contacto conmigo para acordar el precio de la visita guiada.<br \/>\nEstar\u00e9 encantada de acompa\u00f1arte en esta extraordinaria aventura cultural e hist\u00f3rica.      <\/p>\n","protected":false},"excerpt":{"rendered":"<p>Monopoli, con su pintoresco puerto y sus antiguas murallas, ofrece una experiencia \u00fanica.<br \/>\nLa visita guiada partir\u00e1 de la Piazza Vittorio Emanuele y te llevar\u00e1 por las estrechas calles del centro hist\u00f3rico hasta la Catedral de Santa Maria della Madia.<br \/>\nDescubriremos el Castillo de Carlos V y fascinantes iglesias como la de San Salvatore.<br \/>\nTu gu\u00eda te contar\u00e1 las historias y leyendas asociadas a esta fascinante ciudad costera.   <\/p>\n","protected":false},"featured_media":2702,"comment_status":"open","ping_status":"closed","template":"","meta":{"_acf_changed":false},"product_brand":[],"product_cat":[76],"product_tag":[],"class_list":{"0":"post-3367","1":"product","2":"type-product","3":"status-publish","4":"has-post-thumbnail","6":"product_cat-bari-entre-las-murallas-del-norte-y-la-costa-adriatica","8":"first","9":"instock","10":"shipping-taxable","11":"product-type-simple"},"acf":[],"yoast_head":"<!-- This site is optimized with the Yoast SEO plugin v27.3 - https:\/\/yoast.com\/product\/yoast-seo-wordpress\/ -->\n<title>Visita guiada de Monopoli con Alessandra Di Mauro<\/title>\n<meta name=\"description\" content=\"Explora Monopoli, la ciudad \u00fanica, con Alessandra Di Mauro, arque\u00f3loga y gu\u00eda tur\u00edstica licenciada. Descubre la historia de Monopoli con una gu\u00eda experta\" \/>\n<meta name=\"robots\" content=\"index, follow, max-snippet:-1, max-image-preview:large, max-video-preview:-1\" \/>\n<link rel=\"canonical\" href=\"https:\/\/puglialovesmatera.com\/es\/visita-guidata\/visita-guiada-monopoli\/\" \/>\n<meta property=\"og:locale\" content=\"es_ES\" \/>\n<meta property=\"og:type\" content=\"article\" \/>\n<meta property=\"og:title\" content=\"Visita guiada de Monopoli con Alessandra Di Mauro\" \/>\n<meta property=\"og:description\" content=\"Explora Monopoli, la ciudad \u00fanica, con Alessandra Di Mauro, arque\u00f3loga y gu\u00eda tur\u00edstica licenciada. Descubre la historia de Monopoli con una gu\u00eda experta\" \/>\n<meta property=\"og:url\" content=\"https:\/\/puglialovesmatera.com\/es\/visita-guidata\/visita-guiada-monopoli\/\" \/>\n<meta property=\"og:site_name\" content=\"Puglia Loves Matera\" \/>\n<meta property=\"og:image\" content=\"https:\/\/puglialovesmatera.com\/wp-content\/uploads\/2024\/07\/Visita-guidata-Monopoli.jpg\" \/>\n\t<meta property=\"og:image:width\" content=\"500\" \/>\n\t<meta property=\"og:image:height\" content=\"500\" \/>\n\t<meta property=\"og:image:type\" content=\"image\/jpeg\" \/>\n<meta name=\"twitter:card\" content=\"summary_large_image\" \/>\n<meta name=\"twitter:label1\" content=\"Tiempo de lectura\" \/>\n\t<meta name=\"twitter:data1\" content=\"2 minutos\" \/>\n<script type=\"application\/ld+json\" class=\"yoast-schema-graph\">{\"@context\":\"https:\\\/\\\/schema.org\",\"@graph\":[{\"@type\":\"WebPage\",\"@id\":\"https:\\\/\\\/puglialovesmatera.com\\\/es\\\/visita-guidata\\\/visita-guiada-monopoli\\\/\",\"url\":\"https:\\\/\\\/puglialovesmatera.com\\\/es\\\/visita-guidata\\\/visita-guiada-monopoli\\\/\",\"name\":\"Visita guiada de Monopoli con Alessandra Di Mauro\",\"isPartOf\":{\"@id\":\"https:\\\/\\\/puglialovesmatera.com\\\/es\\\/#website\"},\"primaryImageOfPage\":{\"@id\":\"https:\\\/\\\/puglialovesmatera.com\\\/es\\\/visita-guidata\\\/visita-guiada-monopoli\\\/#primaryimage\"},\"image\":{\"@id\":\"https:\\\/\\\/puglialovesmatera.com\\\/es\\\/visita-guidata\\\/visita-guiada-monopoli\\\/#primaryimage\"},\"thumbnailUrl\":\"https:\\\/\\\/puglialovesmatera.com\\\/wp-content\\\/uploads\\\/2024\\\/07\\\/Visita-guidata-Monopoli.jpg\",\"datePublished\":\"2024-07-24T15:38:37+00:00\",\"description\":\"Explora Monopoli, la ciudad \u00fanica, con Alessandra Di Mauro, arque\u00f3loga y gu\u00eda tur\u00edstica licenciada. Descubre la historia de Monopoli con una gu\u00eda experta\",\"breadcrumb\":{\"@id\":\"https:\\\/\\\/puglialovesmatera.com\\\/es\\\/visita-guidata\\\/visita-guiada-monopoli\\\/#breadcrumb\"},\"inLanguage\":\"es\",\"potentialAction\":[{\"@type\":\"ReadAction\",\"target\":[\"https:\\\/\\\/puglialovesmatera.com\\\/es\\\/visita-guidata\\\/visita-guiada-monopoli\\\/\"]}]},{\"@type\":\"ImageObject\",\"inLanguage\":\"es\",\"@id\":\"https:\\\/\\\/puglialovesmatera.com\\\/es\\\/visita-guidata\\\/visita-guiada-monopoli\\\/#primaryimage\",\"url\":\"https:\\\/\\\/puglialovesmatera.com\\\/wp-content\\\/uploads\\\/2024\\\/07\\\/Visita-guidata-Monopoli.jpg\",\"contentUrl\":\"https:\\\/\\\/puglialovesmatera.com\\\/wp-content\\\/uploads\\\/2024\\\/07\\\/Visita-guidata-Monopoli.jpg\",\"width\":500,\"height\":500},{\"@type\":\"BreadcrumbList\",\"@id\":\"https:\\\/\\\/puglialovesmatera.com\\\/es\\\/visita-guidata\\\/visita-guiada-monopoli\\\/#breadcrumb\",\"itemListElement\":[{\"@type\":\"ListItem\",\"position\":1,\"name\":\"Home\",\"item\":\"https:\\\/\\\/puglialovesmatera.com\\\/es\\\/\"},{\"@type\":\"ListItem\",\"position\":2,\"name\":\"Todas las visitas guiadas\",\"item\":\"https:\\\/\\\/puglialovesmatera.com\\\/es\\\/visitas-todas-guiadas\\\/\"},{\"@type\":\"ListItem\",\"position\":3,\"name\":\"Visita guiada Monopoli\"}]},{\"@type\":\"WebSite\",\"@id\":\"https:\\\/\\\/puglialovesmatera.com\\\/es\\\/#website\",\"url\":\"https:\\\/\\\/puglialovesmatera.com\\\/es\\\/\",\"name\":\"Puglia Loves Matera\",\"description\":\"Ars Mediterranea Scario\",\"publisher\":{\"@id\":\"https:\\\/\\\/puglialovesmatera.com\\\/es\\\/#organization\"},\"potentialAction\":[{\"@type\":\"SearchAction\",\"target\":{\"@type\":\"EntryPoint\",\"urlTemplate\":\"https:\\\/\\\/puglialovesmatera.com\\\/es\\\/?s={search_term_string}\"},\"query-input\":{\"@type\":\"PropertyValueSpecification\",\"valueRequired\":true,\"valueName\":\"search_term_string\"}}],\"inLanguage\":\"es\"},{\"@type\":\"Organization\",\"@id\":\"https:\\\/\\\/puglialovesmatera.com\\\/es\\\/#organization\",\"name\":\"Puglia Loves Matera\",\"url\":\"https:\\\/\\\/puglialovesmatera.com\\\/es\\\/\",\"logo\":{\"@type\":\"ImageObject\",\"inLanguage\":\"es\",\"@id\":\"https:\\\/\\\/puglialovesmatera.com\\\/es\\\/#\\\/schema\\\/logo\\\/image\\\/\",\"url\":\"https:\\\/\\\/puglialovesmatera.com\\\/wp-content\\\/uploads\\\/2024\\\/07\\\/Group-14.svg\",\"contentUrl\":\"https:\\\/\\\/puglialovesmatera.com\\\/wp-content\\\/uploads\\\/2024\\\/07\\\/Group-14.svg\",\"width\":371,\"height\":381,\"caption\":\"Puglia Loves Matera\"},\"image\":{\"@id\":\"https:\\\/\\\/puglialovesmatera.com\\\/es\\\/#\\\/schema\\\/logo\\\/image\\\/\"}}]}<\/script>\n<!-- \/ Yoast SEO plugin. -->","yoast_head_json":{"title":"Visita guiada de Monopoli con Alessandra Di Mauro","description":"Explora Monopoli, la ciudad \u00fanica, con Alessandra Di Mauro, arque\u00f3loga y gu\u00eda tur\u00edstica licenciada. Descubre la historia de Monopoli con una gu\u00eda experta","robots":{"index":"index","follow":"follow","max-snippet":"max-snippet:-1","max-image-preview":"max-image-preview:large","max-video-preview":"max-video-preview:-1"},"canonical":"https:\/\/puglialovesmatera.com\/es\/visita-guidata\/visita-guiada-monopoli\/","og_locale":"es_ES","og_type":"article","og_title":"Visita guiada de Monopoli con Alessandra Di Mauro","og_description":"Explora Monopoli, la ciudad \u00fanica, con Alessandra Di Mauro, arque\u00f3loga y gu\u00eda tur\u00edstica licenciada. Descubre la historia de Monopoli con una gu\u00eda experta","og_url":"https:\/\/puglialovesmatera.com\/es\/visita-guidata\/visita-guiada-monopoli\/","og_site_name":"Puglia Loves Matera","og_image":[{"width":500,"height":500,"url":"https:\/\/puglialovesmatera.com\/wp-content\/uploads\/2024\/07\/Visita-guidata-Monopoli.jpg","type":"image\/jpeg"}],"twitter_card":"summary_large_image","twitter_misc":{"Tiempo de lectura":"2 minutos"},"schema":{"@context":"https:\/\/schema.org","@graph":[{"@type":"WebPage","@id":"https:\/\/puglialovesmatera.com\/es\/visita-guidata\/visita-guiada-monopoli\/","url":"https:\/\/puglialovesmatera.com\/es\/visita-guidata\/visita-guiada-monopoli\/","name":"Visita guiada de Monopoli con Alessandra Di Mauro","isPartOf":{"@id":"https:\/\/puglialovesmatera.com\/es\/#website"},"primaryImageOfPage":{"@id":"https:\/\/puglialovesmatera.com\/es\/visita-guidata\/visita-guiada-monopoli\/#primaryimage"},"image":{"@id":"https:\/\/puglialovesmatera.com\/es\/visita-guidata\/visita-guiada-monopoli\/#primaryimage"},"thumbnailUrl":"https:\/\/puglialovesmatera.com\/wp-content\/uploads\/2024\/07\/Visita-guidata-Monopoli.jpg","datePublished":"2024-07-24T15:38:37+00:00","description":"Explora Monopoli, la ciudad \u00fanica, con Alessandra Di Mauro, arque\u00f3loga y gu\u00eda tur\u00edstica licenciada. Descubre la historia de Monopoli con una gu\u00eda experta","breadcrumb":{"@id":"https:\/\/puglialovesmatera.com\/es\/visita-guidata\/visita-guiada-monopoli\/#breadcrumb"},"inLanguage":"es","potentialAction":[{"@type":"ReadAction","target":["https:\/\/puglialovesmatera.com\/es\/visita-guidata\/visita-guiada-monopoli\/"]}]},{"@type":"ImageObject","inLanguage":"es","@id":"https:\/\/puglialovesmatera.com\/es\/visita-guidata\/visita-guiada-monopoli\/#primaryimage","url":"https:\/\/puglialovesmatera.com\/wp-content\/uploads\/2024\/07\/Visita-guidata-Monopoli.jpg","contentUrl":"https:\/\/puglialovesmatera.com\/wp-content\/uploads\/2024\/07\/Visita-guidata-Monopoli.jpg","width":500,"height":500},{"@type":"BreadcrumbList","@id":"https:\/\/puglialovesmatera.com\/es\/visita-guidata\/visita-guiada-monopoli\/#breadcrumb","itemListElement":[{"@type":"ListItem","position":1,"name":"Home","item":"https:\/\/puglialovesmatera.com\/es\/"},{"@type":"ListItem","position":2,"name":"Todas las visitas guiadas","item":"https:\/\/puglialovesmatera.com\/es\/visitas-todas-guiadas\/"},{"@type":"ListItem","position":3,"name":"Visita guiada Monopoli"}]},{"@type":"WebSite","@id":"https:\/\/puglialovesmatera.com\/es\/#website","url":"https:\/\/puglialovesmatera.com\/es\/","name":"Puglia Loves Matera","description":"Ars Mediterranea Scario","publisher":{"@id":"https:\/\/puglialovesmatera.com\/es\/#organization"},"potentialAction":[{"@type":"SearchAction","target":{"@type":"EntryPoint","urlTemplate":"https:\/\/puglialovesmatera.com\/es\/?s={search_term_string}"},"query-input":{"@type":"PropertyValueSpecification","valueRequired":true,"valueName":"search_term_string"}}],"inLanguage":"es"},{"@type":"Organization","@id":"https:\/\/puglialovesmatera.com\/es\/#organization","name":"Puglia Loves Matera","url":"https:\/\/puglialovesmatera.com\/es\/","logo":{"@type":"ImageObject","inLanguage":"es","@id":"https:\/\/puglialovesmatera.com\/es\/#\/schema\/logo\/image\/","url":"https:\/\/puglialovesmatera.com\/wp-content\/uploads\/2024\/07\/Group-14.svg","contentUrl":"https:\/\/puglialovesmatera.com\/wp-content\/uploads\/2024\/07\/Group-14.svg","width":371,"height":381,"caption":"Puglia Loves Matera"},"image":{"@id":"https:\/\/puglialovesmatera.com\/es\/#\/schema\/logo\/image\/"}}]}},"_links":{"self":[{"href":"https:\/\/puglialovesmatera.com\/es\/wp-json\/wp\/v2\/product\/3367","targetHints":{"allow":["GET"]}}],"collection":[{"href":"https:\/\/puglialovesmatera.com\/es\/wp-json\/wp\/v2\/product"}],"about":[{"href":"https:\/\/puglialovesmatera.com\/es\/wp-json\/wp\/v2\/types\/product"}],"replies":[{"embeddable":true,"href":"https:\/\/puglialovesmatera.com\/es\/wp-json\/wp\/v2\/comments?post=3367"}],"wp:featuredmedia":[{"embeddable":true,"href":"https:\/\/puglialovesmatera.com\/es\/wp-json\/wp\/v2\/media\/2702"}],"wp:attachment":[{"href":"https:\/\/puglialovesmatera.com\/es\/wp-json\/wp\/v2\/media?parent=3367"}],"wp:term":[{"taxonomy":"product_brand","embeddable":true,"href":"https:\/\/puglialovesmatera.com\/es\/wp-json\/wp\/v2\/product_brand?post=3367"},{"taxonomy":"product_cat","embeddable":true,"href":"https:\/\/puglialovesmatera.com\/es\/wp-json\/wp\/v2\/product_cat?post=3367"},{"taxonomy":"product_tag","embeddable":true,"href":"https:\/\/puglialovesmatera.com\/es\/wp-json\/wp\/v2\/product_tag?post=3367"}],"curies":[{"name":"wp","href":"https:\/\/api.w.org\/{rel}","templated":true}]}}