{"id":3378,"date":"2024-07-24T15:35:17","date_gmt":"2024-07-24T15:35:17","guid":{"rendered":"https:\/\/puglialovesmatera.com\/visita-guidata\/visita-guiada-otranto\/"},"modified":"2024-07-24T15:35:17","modified_gmt":"2024-07-24T15:35:17","slug":"visita-guiada-otranto","status":"publish","type":"product","link":"https:\/\/puglialovesmatera.com\/es\/visita-guidata\/visita-guiada-otranto\/","title":{"rendered":"Visita guiada Otranto"},"content":{"rendered":"<h3>Inicio de la visita<\/h3>\n<p>  Mis visitas guiadas a Otranto te llevar\u00e1n a descubrir su centro hist\u00f3rico fortificado, donde conoceremos un triste cap\u00edtulo de su historia: la conquista por los turcos en 1480 y el posterior culto a los 814 m\u00e1rtires.  <\/p>\n<h3>Casco Antiguo y Catedral de Santa Maria Annunziata<\/h3>\n<p>  Comenzaremos nuestra ruta en la Via del Porto, desde donde nos adentraremos en el coraz\u00f3n de Otranto.<br \/>\nAl llegar a la Piazza Basilica, nos encontraremos ante la Catedral de Santa Maria Annunziata, una estructura limpia y lineal, alejada de los ornamentos del barroco salentino.<br \/>\nLa catedral data de la segunda mitad del a\u00f1o 1000 y se construy\u00f3 sobre los restos de antiguos poblados mesapios, romanos y paleocristianos.<br \/>\nHa sufrido numerosos asaltos y ha sido destruida y reconstruida varias veces.<br \/>\nEn el interior de la catedral, admiramos el mosaico m\u00e1s grande y espectacular de Europa, que data del siglo XII.<br \/>\nEsta obra maestra, creada por el monje Pantale\u00f3n y terminada en 1164, representa el \u00e1rbol de la vida y escenas del Antiguo Testamento, narrando el viaje del hombre para liberarse del pecado y buscar la salvaci\u00f3n eterna.       <\/p>\n<h3>Castillo de Otranto e Iglesia de San Pietro<\/h3>\n<p>  La visita guiada continuar\u00e1 hacia el Castillo de Otranto, donde admiraremos la arquitectura exterior de esta impresionante estructura.<br \/>\nEl castillo desempe\u00f1\u00f3 un papel crucial en la defensa de la ciudad y es un notable ejemplo de arquitectura militar.<br \/>\nConcluiremos nuestra visita en la Iglesia de San Pietro, un peque\u00f1o tesoro de arte bizantino situado en el coraz\u00f3n del centro hist\u00f3rico.<br \/>\nEsta iglesia, con sus frescos y su arquitectura, ofrece una experiencia \u00edntima de la espiritualidad y el arte de Otranto.     <\/p>\n<h3><strong>Informaci\u00f3n adicional<\/strong><\/h3>\n<p>  Mis visitas guiadas a Otranto son una oportunidad ineludible para todo aquel que quiera saber m\u00e1s sobre la historia, la cultura y el arte de esta fascinante ciudad.<br \/>\nGracias a mi formaci\u00f3n continua y a mi pasi\u00f3n por la historia, podr\u00e9 involucrarte en un relato cautivador lleno de detalles, haciendo de cada visita una experiencia \u00fanica.<br \/>\nEl enfoque en la personalizaci\u00f3n de las visitas me permite adaptar el itinerario y las explicaciones a los intereses espec\u00edficos de los visitantes, garantizando una experiencia a medida y de alta calidad.<br \/>\nMi puntualidad y fiabilidad garantizan un servicio profesional e impecable.<br \/>\nNo pierdas la oportunidad de vivir un viaje en el tiempo entre los tesoros de Otranto, donde cada rinc\u00f3n cuenta una historia y cada mosaico es una obra de arte.<br \/>\nPara m\u00e1s informaci\u00f3n y reservas, ponte en contacto conmigo para acordar el precio de la visita guiada.<br \/>\nEstar\u00e9 encantada de acompa\u00f1arte en esta extraordinaria aventura cultural e hist\u00f3rica.      <\/p>\n","protected":false},"excerpt":{"rendered":"<p>Visitas guiadas Otranto, la ciudad m\u00e1s oriental de Italia, es famosa por el mosaico del suelo de la Catedral de Santa Mar\u00eda Annunziata, considerado el m\u00e1s grande de Europa.<br \/>\nLa visita guiada te llevar\u00e1 por las callejuelas del centro hist\u00f3rico, el castillo aragon\u00e9s y la catedral.<br \/>\nDescubrir\u00e1s las historias de los m\u00e1rtires de Otranto y admirar\u00e1s el magn\u00edfico mosaico del siglo XII que narra historias y leyendas b\u00edblicas.  <\/p>\n","protected":false},"featured_media":2717,"comment_status":"open","ping_status":"closed","template":"","meta":{"_acf_changed":false},"product_brand":[],"product_cat":[82],"product_tag":[],"class_list":{"0":"post-3378","1":"product","2":"type-product","3":"status-publish","4":"has-post-thumbnail","6":"product_cat-lecce-y-el-salento","8":"first","9":"instock","10":"shipping-taxable","11":"product-type-simple"},"acf":[],"yoast_head":"<!-- This site is optimized with the Yoast SEO plugin v27.3 - https:\/\/yoast.com\/product\/yoast-seo-wordpress\/ -->\n<title>Visita guiada de Otranto con Alessandra Di Mauro<\/title>\n<meta name=\"description\" content=\"Explora Otranto y su centro hist\u00f3rico con Alessandra Di Mauro, arque\u00f3loga y gu\u00eda tur\u00edstica licenciada. Descubre la historia de los m\u00e1rtires de Otranto y el arte bizantino. Visitas personalizadas con una gu\u00eda experimentada y apasionada.\" \/>\n<meta name=\"robots\" content=\"index, follow, max-snippet:-1, max-image-preview:large, max-video-preview:-1\" \/>\n<link rel=\"canonical\" href=\"https:\/\/puglialovesmatera.com\/es\/visita-guidata\/visita-guiada-otranto\/\" \/>\n<meta property=\"og:locale\" content=\"es_ES\" \/>\n<meta property=\"og:type\" content=\"article\" \/>\n<meta property=\"og:title\" content=\"Visita guiada de Otranto con Alessandra Di Mauro\" \/>\n<meta property=\"og:description\" content=\"Explora Otranto y su centro hist\u00f3rico con Alessandra Di Mauro, arque\u00f3loga y gu\u00eda tur\u00edstica licenciada. Descubre la historia de los m\u00e1rtires de Otranto y el arte bizantino. Visitas personalizadas con una gu\u00eda experimentada y apasionada.\" \/>\n<meta property=\"og:url\" content=\"https:\/\/puglialovesmatera.com\/es\/visita-guidata\/visita-guiada-otranto\/\" \/>\n<meta property=\"og:site_name\" content=\"Puglia Loves Matera\" \/>\n<meta property=\"og:image\" content=\"https:\/\/puglialovesmatera.com\/wp-content\/uploads\/2024\/07\/Visite-Guidate-Otranto.jpg\" \/>\n\t<meta property=\"og:image:width\" content=\"500\" \/>\n\t<meta property=\"og:image:height\" content=\"500\" \/>\n\t<meta property=\"og:image:type\" content=\"image\/jpeg\" \/>\n<meta name=\"twitter:card\" content=\"summary_large_image\" \/>\n<meta name=\"twitter:label1\" content=\"Tiempo de lectura\" \/>\n\t<meta name=\"twitter:data1\" content=\"2 minutos\" \/>\n<script type=\"application\/ld+json\" class=\"yoast-schema-graph\">{\"@context\":\"https:\\\/\\\/schema.org\",\"@graph\":[{\"@type\":\"WebPage\",\"@id\":\"https:\\\/\\\/puglialovesmatera.com\\\/es\\\/visita-guidata\\\/visita-guiada-otranto\\\/\",\"url\":\"https:\\\/\\\/puglialovesmatera.com\\\/es\\\/visita-guidata\\\/visita-guiada-otranto\\\/\",\"name\":\"Visita guiada de Otranto con Alessandra Di Mauro\",\"isPartOf\":{\"@id\":\"https:\\\/\\\/puglialovesmatera.com\\\/es\\\/#website\"},\"primaryImageOfPage\":{\"@id\":\"https:\\\/\\\/puglialovesmatera.com\\\/es\\\/visita-guidata\\\/visita-guiada-otranto\\\/#primaryimage\"},\"image\":{\"@id\":\"https:\\\/\\\/puglialovesmatera.com\\\/es\\\/visita-guidata\\\/visita-guiada-otranto\\\/#primaryimage\"},\"thumbnailUrl\":\"https:\\\/\\\/puglialovesmatera.com\\\/wp-content\\\/uploads\\\/2024\\\/07\\\/Visite-Guidate-Otranto.jpg\",\"datePublished\":\"2024-07-24T15:35:17+00:00\",\"description\":\"Explora Otranto y su centro hist\u00f3rico con Alessandra Di Mauro, arque\u00f3loga y gu\u00eda tur\u00edstica licenciada. Descubre la historia de los m\u00e1rtires de Otranto y el arte bizantino. Visitas personalizadas con una gu\u00eda experimentada y apasionada.\",\"breadcrumb\":{\"@id\":\"https:\\\/\\\/puglialovesmatera.com\\\/es\\\/visita-guidata\\\/visita-guiada-otranto\\\/#breadcrumb\"},\"inLanguage\":\"es\",\"potentialAction\":[{\"@type\":\"ReadAction\",\"target\":[\"https:\\\/\\\/puglialovesmatera.com\\\/es\\\/visita-guidata\\\/visita-guiada-otranto\\\/\"]}]},{\"@type\":\"ImageObject\",\"inLanguage\":\"es\",\"@id\":\"https:\\\/\\\/puglialovesmatera.com\\\/es\\\/visita-guidata\\\/visita-guiada-otranto\\\/#primaryimage\",\"url\":\"https:\\\/\\\/puglialovesmatera.com\\\/wp-content\\\/uploads\\\/2024\\\/07\\\/Visite-Guidate-Otranto.jpg\",\"contentUrl\":\"https:\\\/\\\/puglialovesmatera.com\\\/wp-content\\\/uploads\\\/2024\\\/07\\\/Visite-Guidate-Otranto.jpg\",\"width\":500,\"height\":500},{\"@type\":\"BreadcrumbList\",\"@id\":\"https:\\\/\\\/puglialovesmatera.com\\\/es\\\/visita-guidata\\\/visita-guiada-otranto\\\/#breadcrumb\",\"itemListElement\":[{\"@type\":\"ListItem\",\"position\":1,\"name\":\"Home\",\"item\":\"https:\\\/\\\/puglialovesmatera.com\\\/es\\\/\"},{\"@type\":\"ListItem\",\"position\":2,\"name\":\"Todas las visitas guiadas\",\"item\":\"https:\\\/\\\/puglialovesmatera.com\\\/es\\\/visitas-todas-guiadas\\\/\"},{\"@type\":\"ListItem\",\"position\":3,\"name\":\"Visita guiada Otranto\"}]},{\"@type\":\"WebSite\",\"@id\":\"https:\\\/\\\/puglialovesmatera.com\\\/es\\\/#website\",\"url\":\"https:\\\/\\\/puglialovesmatera.com\\\/es\\\/\",\"name\":\"Puglia Loves Matera\",\"description\":\"Ars Mediterranea Scario\",\"publisher\":{\"@id\":\"https:\\\/\\\/puglialovesmatera.com\\\/es\\\/#organization\"},\"potentialAction\":[{\"@type\":\"SearchAction\",\"target\":{\"@type\":\"EntryPoint\",\"urlTemplate\":\"https:\\\/\\\/puglialovesmatera.com\\\/es\\\/?s={search_term_string}\"},\"query-input\":{\"@type\":\"PropertyValueSpecification\",\"valueRequired\":true,\"valueName\":\"search_term_string\"}}],\"inLanguage\":\"es\"},{\"@type\":\"Organization\",\"@id\":\"https:\\\/\\\/puglialovesmatera.com\\\/es\\\/#organization\",\"name\":\"Puglia Loves Matera\",\"url\":\"https:\\\/\\\/puglialovesmatera.com\\\/es\\\/\",\"logo\":{\"@type\":\"ImageObject\",\"inLanguage\":\"es\",\"@id\":\"https:\\\/\\\/puglialovesmatera.com\\\/es\\\/#\\\/schema\\\/logo\\\/image\\\/\",\"url\":\"https:\\\/\\\/puglialovesmatera.com\\\/wp-content\\\/uploads\\\/2024\\\/07\\\/Group-14.svg\",\"contentUrl\":\"https:\\\/\\\/puglialovesmatera.com\\\/wp-content\\\/uploads\\\/2024\\\/07\\\/Group-14.svg\",\"width\":371,\"height\":381,\"caption\":\"Puglia Loves Matera\"},\"image\":{\"@id\":\"https:\\\/\\\/puglialovesmatera.com\\\/es\\\/#\\\/schema\\\/logo\\\/image\\\/\"}}]}<\/script>\n<!-- \/ Yoast SEO plugin. -->","yoast_head_json":{"title":"Visita guiada de Otranto con Alessandra Di Mauro","description":"Explora Otranto y su centro hist\u00f3rico con Alessandra Di Mauro, arque\u00f3loga y gu\u00eda tur\u00edstica licenciada. Descubre la historia de los m\u00e1rtires de Otranto y el arte bizantino. Visitas personalizadas con una gu\u00eda experimentada y apasionada.","robots":{"index":"index","follow":"follow","max-snippet":"max-snippet:-1","max-image-preview":"max-image-preview:large","max-video-preview":"max-video-preview:-1"},"canonical":"https:\/\/puglialovesmatera.com\/es\/visita-guidata\/visita-guiada-otranto\/","og_locale":"es_ES","og_type":"article","og_title":"Visita guiada de Otranto con Alessandra Di Mauro","og_description":"Explora Otranto y su centro hist\u00f3rico con Alessandra Di Mauro, arque\u00f3loga y gu\u00eda tur\u00edstica licenciada. Descubre la historia de los m\u00e1rtires de Otranto y el arte bizantino. Visitas personalizadas con una gu\u00eda experimentada y apasionada.","og_url":"https:\/\/puglialovesmatera.com\/es\/visita-guidata\/visita-guiada-otranto\/","og_site_name":"Puglia Loves Matera","og_image":[{"width":500,"height":500,"url":"https:\/\/puglialovesmatera.com\/wp-content\/uploads\/2024\/07\/Visite-Guidate-Otranto.jpg","type":"image\/jpeg"}],"twitter_card":"summary_large_image","twitter_misc":{"Tiempo de lectura":"2 minutos"},"schema":{"@context":"https:\/\/schema.org","@graph":[{"@type":"WebPage","@id":"https:\/\/puglialovesmatera.com\/es\/visita-guidata\/visita-guiada-otranto\/","url":"https:\/\/puglialovesmatera.com\/es\/visita-guidata\/visita-guiada-otranto\/","name":"Visita guiada de Otranto con Alessandra Di Mauro","isPartOf":{"@id":"https:\/\/puglialovesmatera.com\/es\/#website"},"primaryImageOfPage":{"@id":"https:\/\/puglialovesmatera.com\/es\/visita-guidata\/visita-guiada-otranto\/#primaryimage"},"image":{"@id":"https:\/\/puglialovesmatera.com\/es\/visita-guidata\/visita-guiada-otranto\/#primaryimage"},"thumbnailUrl":"https:\/\/puglialovesmatera.com\/wp-content\/uploads\/2024\/07\/Visite-Guidate-Otranto.jpg","datePublished":"2024-07-24T15:35:17+00:00","description":"Explora Otranto y su centro hist\u00f3rico con Alessandra Di Mauro, arque\u00f3loga y gu\u00eda tur\u00edstica licenciada. Descubre la historia de los m\u00e1rtires de Otranto y el arte bizantino. Visitas personalizadas con una gu\u00eda experimentada y apasionada.","breadcrumb":{"@id":"https:\/\/puglialovesmatera.com\/es\/visita-guidata\/visita-guiada-otranto\/#breadcrumb"},"inLanguage":"es","potentialAction":[{"@type":"ReadAction","target":["https:\/\/puglialovesmatera.com\/es\/visita-guidata\/visita-guiada-otranto\/"]}]},{"@type":"ImageObject","inLanguage":"es","@id":"https:\/\/puglialovesmatera.com\/es\/visita-guidata\/visita-guiada-otranto\/#primaryimage","url":"https:\/\/puglialovesmatera.com\/wp-content\/uploads\/2024\/07\/Visite-Guidate-Otranto.jpg","contentUrl":"https:\/\/puglialovesmatera.com\/wp-content\/uploads\/2024\/07\/Visite-Guidate-Otranto.jpg","width":500,"height":500},{"@type":"BreadcrumbList","@id":"https:\/\/puglialovesmatera.com\/es\/visita-guidata\/visita-guiada-otranto\/#breadcrumb","itemListElement":[{"@type":"ListItem","position":1,"name":"Home","item":"https:\/\/puglialovesmatera.com\/es\/"},{"@type":"ListItem","position":2,"name":"Todas las visitas guiadas","item":"https:\/\/puglialovesmatera.com\/es\/visitas-todas-guiadas\/"},{"@type":"ListItem","position":3,"name":"Visita guiada Otranto"}]},{"@type":"WebSite","@id":"https:\/\/puglialovesmatera.com\/es\/#website","url":"https:\/\/puglialovesmatera.com\/es\/","name":"Puglia Loves Matera","description":"Ars Mediterranea Scario","publisher":{"@id":"https:\/\/puglialovesmatera.com\/es\/#organization"},"potentialAction":[{"@type":"SearchAction","target":{"@type":"EntryPoint","urlTemplate":"https:\/\/puglialovesmatera.com\/es\/?s={search_term_string}"},"query-input":{"@type":"PropertyValueSpecification","valueRequired":true,"valueName":"search_term_string"}}],"inLanguage":"es"},{"@type":"Organization","@id":"https:\/\/puglialovesmatera.com\/es\/#organization","name":"Puglia Loves Matera","url":"https:\/\/puglialovesmatera.com\/es\/","logo":{"@type":"ImageObject","inLanguage":"es","@id":"https:\/\/puglialovesmatera.com\/es\/#\/schema\/logo\/image\/","url":"https:\/\/puglialovesmatera.com\/wp-content\/uploads\/2024\/07\/Group-14.svg","contentUrl":"https:\/\/puglialovesmatera.com\/wp-content\/uploads\/2024\/07\/Group-14.svg","width":371,"height":381,"caption":"Puglia Loves Matera"},"image":{"@id":"https:\/\/puglialovesmatera.com\/es\/#\/schema\/logo\/image\/"}}]}},"_links":{"self":[{"href":"https:\/\/puglialovesmatera.com\/es\/wp-json\/wp\/v2\/product\/3378","targetHints":{"allow":["GET"]}}],"collection":[{"href":"https:\/\/puglialovesmatera.com\/es\/wp-json\/wp\/v2\/product"}],"about":[{"href":"https:\/\/puglialovesmatera.com\/es\/wp-json\/wp\/v2\/types\/product"}],"replies":[{"embeddable":true,"href":"https:\/\/puglialovesmatera.com\/es\/wp-json\/wp\/v2\/comments?post=3378"}],"wp:featuredmedia":[{"embeddable":true,"href":"https:\/\/puglialovesmatera.com\/es\/wp-json\/wp\/v2\/media\/2717"}],"wp:attachment":[{"href":"https:\/\/puglialovesmatera.com\/es\/wp-json\/wp\/v2\/media?parent=3378"}],"wp:term":[{"taxonomy":"product_brand","embeddable":true,"href":"https:\/\/puglialovesmatera.com\/es\/wp-json\/wp\/v2\/product_brand?post=3378"},{"taxonomy":"product_cat","embeddable":true,"href":"https:\/\/puglialovesmatera.com\/es\/wp-json\/wp\/v2\/product_cat?post=3378"},{"taxonomy":"product_tag","embeddable":true,"href":"https:\/\/puglialovesmatera.com\/es\/wp-json\/wp\/v2\/product_tag?post=3378"}],"curies":[{"name":"wp","href":"https:\/\/api.w.org\/{rel}","templated":true}]}}