{"id":3381,"date":"2024-07-24T15:37:16","date_gmt":"2024-07-24T15:37:16","guid":{"rendered":"https:\/\/puglialovesmatera.com\/visita-guidata\/visita-guiada-matera-la-ciudad-de-los-sassi\/"},"modified":"2024-07-24T15:37:16","modified_gmt":"2024-07-24T15:37:16","slug":"visita-guiada-matera-la-ciudad-de-los-sassi","status":"publish","type":"product","link":"https:\/\/puglialovesmatera.com\/es\/visita-guidata\/visita-guiada-matera-la-ciudad-de-los-sassi\/","title":{"rendered":"Visita guiada Matera la ciudad de los Sassi"},"content":{"rendered":"<h3>Inicio de la visita<\/h3>\n<p>  Mis visitas guiadas en Matera te llevar\u00e1n a descubrir una ciudad milenaria, bordada en piedra y declarada Patrimonio de la Humanidad por la UNESCO en 1993 y Capital Europea de la Cultura 2019.  <\/p>\n<h3>Plaza Vittorio Veneto y Sasso Barisano<\/h3>\n<p>  Empezaremos nuestra ruta desde la Plaza Vittorio Veneto, donde admiraremos los famosos Sassi, los barrios antiguos de Matera, desde el primer mirador.<br \/>\nDesde aqu\u00ed, recorreremos el Sasso Barisano, explorando las calles hist\u00f3ricas que nos llevar\u00e1n a las plazas m\u00e1s bellas de la ciudad, como la Plaza del Sedile.   <\/p>\n<h3>Catedral de Nuestra Se\u00f1ora de Bruna y Escudo C\u00edvico<\/h3>\n<p>  Llegaremos a la Catedral de la Madonna della Bruna, desde cuyo mirador podremos admirar el castillo de Matera.<br \/>\nDurante la visita, te hablar\u00e9 del nacimiento del escudo c\u00edvico y de la historia vinculada al castillo.   <\/p>\n<h3>Sasso Caveoso y Casa Grotta<\/h3>\n<p>  La visita continuar\u00e1 con un descenso al Sasso Caveoso, un conocido plat\u00f3 cinematogr\u00e1fico utilizado tambi\u00e9n por el actor y director Mel Gibson para la pel\u00edcula \u00abLa Pasi\u00f3n de Cristo\u00bb.<br \/>\nAqu\u00ed haremos una parada obligatoria en la Casa Grotta, donde vivieron las familias de Matera hasta los a\u00f1os sesenta.<br \/>\nEsta visita te proporcionar\u00e1 una experiencia aut\u00e9ntica de la vida cotidiana en los Sassi.    <\/p>\n<h3>Gravina y el Parque Arqueol\u00f3gico de la Murgia Materana<\/h3>\n<p>  Terminamos la excursi\u00f3n con otra vista de la Gravina y el Parque Arqueol\u00f3gico de la Murgia Materana, famoso por sus iglesias rupestres.<br \/>\nEste mirador te proporcionar\u00e1 una vista impresionante del paisaje \u00fanico de Matera.   <\/p>\n<h3><strong>Informaci\u00f3n adicional<\/strong><\/h3>\n<p>  Mis visitas guiadas a Matera son una oportunidad ineludible para quien desee conocer mejor la historia, la cultura y la arquitectura de esta fascinante ciudad.<br \/>\nGracias a mi formaci\u00f3n continua y a mi pasi\u00f3n por la historia, podr\u00e9 involucrarte en un relato cautivador lleno de detalles, haciendo de cada visita una experiencia \u00fanica.<br \/>\nEl enfoque en la personalizaci\u00f3n de las visitas me permite adaptar el itinerario y las explicaciones a los intereses espec\u00edficos de los visitantes, garantizando una experiencia a medida y de alta calidad.<br \/>\nMi puntualidad y fiabilidad garantizan un servicio profesional e impecable.<br \/>\nNo pierdas la oportunidad de vivir un viaje en el tiempo entre los tesoros de Matera, donde cada rinc\u00f3n cuenta una historia y cada piedra es testimonio de una civilizaci\u00f3n milenaria.<br \/>\nPara m\u00e1s informaci\u00f3n y reservas, ponte en contacto conmigo para acordar el precio de la visita guiada.<br \/>\nEstar\u00e9 encantada de acompa\u00f1arte en esta extraordinaria aventura cultural e hist\u00f3rica.      <\/p>\n","protected":false},"excerpt":{"rendered":"<p>Visitas guiadas a Matera, famosa por sus Sassi, antiguos asentamientos excavados en la roca que ofrecen un espect\u00e1culo \u00fanico.<br \/>\nLa visita guiada te llevar\u00e1 por los Sassi Barisano y Caveoso, permiti\u00e9ndote descubrir las viviendas rupestres, las iglesias rupestres y las estrechas callejuelas que caracterizan este incre\u00edble paisaje urbano.<br \/>\nConcluiremos la visita admirando la vista de la Gravina y el Parque de la Murgia Materana.  <\/p>\n","protected":false},"featured_media":2747,"comment_status":"open","ping_status":"closed","template":"","meta":{"_acf_changed":false},"product_brand":[],"product_cat":[79],"product_tag":[],"class_list":{"0":"post-3381","1":"product","2":"type-product","3":"status-publish","4":"has-post-thumbnail","6":"product_cat-matera-y-la-leona-de-apulia","8":"first","9":"instock","10":"shipping-taxable","11":"product-type-simple"},"acf":[],"yoast_head":"<!-- This site is optimized with the Yoast SEO plugin v27.3 - https:\/\/yoast.com\/product\/yoast-seo-wordpress\/ -->\n<title>Visita guiada en Matera - Descubre los Sassi con Alessandra Di Mauro<\/title>\n<meta name=\"description\" content=\"Explora Matera, la Ciudad de los Sassi, con Alessandra Di Mauro, arque\u00f3loga y gu\u00eda tur\u00edstica licenciada. Visitas personalizadas con una gu\u00eda experta y apasionada.\" \/>\n<meta name=\"robots\" content=\"index, follow, max-snippet:-1, max-image-preview:large, max-video-preview:-1\" \/>\n<link rel=\"canonical\" href=\"https:\/\/puglialovesmatera.com\/es\/visita-guidata\/visita-guiada-matera-la-ciudad-de-los-sassi\/\" \/>\n<meta property=\"og:locale\" content=\"es_ES\" \/>\n<meta property=\"og:type\" content=\"article\" \/>\n<meta property=\"og:title\" content=\"Visita guiada en Matera - Descubre los Sassi con Alessandra Di Mauro\" \/>\n<meta property=\"og:description\" content=\"Explora Matera, la Ciudad de los Sassi, con Alessandra Di Mauro, arque\u00f3loga y gu\u00eda tur\u00edstica licenciada. Visitas personalizadas con una gu\u00eda experta y apasionada.\" \/>\n<meta property=\"og:url\" content=\"https:\/\/puglialovesmatera.com\/es\/visita-guidata\/visita-guiada-matera-la-ciudad-de-los-sassi\/\" \/>\n<meta property=\"og:site_name\" content=\"Puglia Loves Matera\" \/>\n<meta property=\"og:image\" content=\"https:\/\/puglialovesmatera.com\/wp-content\/uploads\/2024\/07\/Visita-guidata-Matera.jpg\" \/>\n\t<meta property=\"og:image:width\" content=\"500\" \/>\n\t<meta property=\"og:image:height\" content=\"500\" \/>\n\t<meta property=\"og:image:type\" content=\"image\/jpeg\" \/>\n<meta name=\"twitter:card\" content=\"summary_large_image\" \/>\n<meta name=\"twitter:label1\" content=\"Tiempo de lectura\" \/>\n\t<meta name=\"twitter:data1\" content=\"2 minutos\" \/>\n<script type=\"application\/ld+json\" class=\"yoast-schema-graph\">{\"@context\":\"https:\\\/\\\/schema.org\",\"@graph\":[{\"@type\":\"WebPage\",\"@id\":\"https:\\\/\\\/puglialovesmatera.com\\\/es\\\/visita-guidata\\\/visita-guiada-matera-la-ciudad-de-los-sassi\\\/\",\"url\":\"https:\\\/\\\/puglialovesmatera.com\\\/es\\\/visita-guidata\\\/visita-guiada-matera-la-ciudad-de-los-sassi\\\/\",\"name\":\"Visita guiada en Matera - Descubre los Sassi con Alessandra Di Mauro\",\"isPartOf\":{\"@id\":\"https:\\\/\\\/puglialovesmatera.com\\\/es\\\/#website\"},\"primaryImageOfPage\":{\"@id\":\"https:\\\/\\\/puglialovesmatera.com\\\/es\\\/visita-guidata\\\/visita-guiada-matera-la-ciudad-de-los-sassi\\\/#primaryimage\"},\"image\":{\"@id\":\"https:\\\/\\\/puglialovesmatera.com\\\/es\\\/visita-guidata\\\/visita-guiada-matera-la-ciudad-de-los-sassi\\\/#primaryimage\"},\"thumbnailUrl\":\"https:\\\/\\\/puglialovesmatera.com\\\/wp-content\\\/uploads\\\/2024\\\/07\\\/Visita-guidata-Matera.jpg\",\"datePublished\":\"2024-07-24T15:37:16+00:00\",\"description\":\"Explora Matera, la Ciudad de los Sassi, con Alessandra Di Mauro, arque\u00f3loga y gu\u00eda tur\u00edstica licenciada. Visitas personalizadas con una gu\u00eda experta y apasionada.\",\"breadcrumb\":{\"@id\":\"https:\\\/\\\/puglialovesmatera.com\\\/es\\\/visita-guidata\\\/visita-guiada-matera-la-ciudad-de-los-sassi\\\/#breadcrumb\"},\"inLanguage\":\"es\",\"potentialAction\":[{\"@type\":\"ReadAction\",\"target\":[\"https:\\\/\\\/puglialovesmatera.com\\\/es\\\/visita-guidata\\\/visita-guiada-matera-la-ciudad-de-los-sassi\\\/\"]}]},{\"@type\":\"ImageObject\",\"inLanguage\":\"es\",\"@id\":\"https:\\\/\\\/puglialovesmatera.com\\\/es\\\/visita-guidata\\\/visita-guiada-matera-la-ciudad-de-los-sassi\\\/#primaryimage\",\"url\":\"https:\\\/\\\/puglialovesmatera.com\\\/wp-content\\\/uploads\\\/2024\\\/07\\\/Visita-guidata-Matera.jpg\",\"contentUrl\":\"https:\\\/\\\/puglialovesmatera.com\\\/wp-content\\\/uploads\\\/2024\\\/07\\\/Visita-guidata-Matera.jpg\",\"width\":500,\"height\":500},{\"@type\":\"BreadcrumbList\",\"@id\":\"https:\\\/\\\/puglialovesmatera.com\\\/es\\\/visita-guidata\\\/visita-guiada-matera-la-ciudad-de-los-sassi\\\/#breadcrumb\",\"itemListElement\":[{\"@type\":\"ListItem\",\"position\":1,\"name\":\"Home\",\"item\":\"https:\\\/\\\/puglialovesmatera.com\\\/es\\\/\"},{\"@type\":\"ListItem\",\"position\":2,\"name\":\"Todas las visitas guiadas\",\"item\":\"https:\\\/\\\/puglialovesmatera.com\\\/es\\\/visitas-todas-guiadas\\\/\"},{\"@type\":\"ListItem\",\"position\":3,\"name\":\"Visita guiada Matera la ciudad de los Sassi\"}]},{\"@type\":\"WebSite\",\"@id\":\"https:\\\/\\\/puglialovesmatera.com\\\/es\\\/#website\",\"url\":\"https:\\\/\\\/puglialovesmatera.com\\\/es\\\/\",\"name\":\"Puglia Loves Matera\",\"description\":\"Ars Mediterranea Scario\",\"publisher\":{\"@id\":\"https:\\\/\\\/puglialovesmatera.com\\\/es\\\/#organization\"},\"potentialAction\":[{\"@type\":\"SearchAction\",\"target\":{\"@type\":\"EntryPoint\",\"urlTemplate\":\"https:\\\/\\\/puglialovesmatera.com\\\/es\\\/?s={search_term_string}\"},\"query-input\":{\"@type\":\"PropertyValueSpecification\",\"valueRequired\":true,\"valueName\":\"search_term_string\"}}],\"inLanguage\":\"es\"},{\"@type\":\"Organization\",\"@id\":\"https:\\\/\\\/puglialovesmatera.com\\\/es\\\/#organization\",\"name\":\"Puglia Loves Matera\",\"url\":\"https:\\\/\\\/puglialovesmatera.com\\\/es\\\/\",\"logo\":{\"@type\":\"ImageObject\",\"inLanguage\":\"es\",\"@id\":\"https:\\\/\\\/puglialovesmatera.com\\\/es\\\/#\\\/schema\\\/logo\\\/image\\\/\",\"url\":\"https:\\\/\\\/puglialovesmatera.com\\\/wp-content\\\/uploads\\\/2024\\\/07\\\/Group-14.svg\",\"contentUrl\":\"https:\\\/\\\/puglialovesmatera.com\\\/wp-content\\\/uploads\\\/2024\\\/07\\\/Group-14.svg\",\"width\":371,\"height\":381,\"caption\":\"Puglia Loves Matera\"},\"image\":{\"@id\":\"https:\\\/\\\/puglialovesmatera.com\\\/es\\\/#\\\/schema\\\/logo\\\/image\\\/\"}}]}<\/script>\n<!-- \/ Yoast SEO plugin. -->","yoast_head_json":{"title":"Visita guiada en Matera - Descubre los Sassi con Alessandra Di Mauro","description":"Explora Matera, la Ciudad de los Sassi, con Alessandra Di Mauro, arque\u00f3loga y gu\u00eda tur\u00edstica licenciada. Visitas personalizadas con una gu\u00eda experta y apasionada.","robots":{"index":"index","follow":"follow","max-snippet":"max-snippet:-1","max-image-preview":"max-image-preview:large","max-video-preview":"max-video-preview:-1"},"canonical":"https:\/\/puglialovesmatera.com\/es\/visita-guidata\/visita-guiada-matera-la-ciudad-de-los-sassi\/","og_locale":"es_ES","og_type":"article","og_title":"Visita guiada en Matera - Descubre los Sassi con Alessandra Di Mauro","og_description":"Explora Matera, la Ciudad de los Sassi, con Alessandra Di Mauro, arque\u00f3loga y gu\u00eda tur\u00edstica licenciada. Visitas personalizadas con una gu\u00eda experta y apasionada.","og_url":"https:\/\/puglialovesmatera.com\/es\/visita-guidata\/visita-guiada-matera-la-ciudad-de-los-sassi\/","og_site_name":"Puglia Loves Matera","og_image":[{"width":500,"height":500,"url":"https:\/\/puglialovesmatera.com\/wp-content\/uploads\/2024\/07\/Visita-guidata-Matera.jpg","type":"image\/jpeg"}],"twitter_card":"summary_large_image","twitter_misc":{"Tiempo de lectura":"2 minutos"},"schema":{"@context":"https:\/\/schema.org","@graph":[{"@type":"WebPage","@id":"https:\/\/puglialovesmatera.com\/es\/visita-guidata\/visita-guiada-matera-la-ciudad-de-los-sassi\/","url":"https:\/\/puglialovesmatera.com\/es\/visita-guidata\/visita-guiada-matera-la-ciudad-de-los-sassi\/","name":"Visita guiada en Matera - Descubre los Sassi con Alessandra Di Mauro","isPartOf":{"@id":"https:\/\/puglialovesmatera.com\/es\/#website"},"primaryImageOfPage":{"@id":"https:\/\/puglialovesmatera.com\/es\/visita-guidata\/visita-guiada-matera-la-ciudad-de-los-sassi\/#primaryimage"},"image":{"@id":"https:\/\/puglialovesmatera.com\/es\/visita-guidata\/visita-guiada-matera-la-ciudad-de-los-sassi\/#primaryimage"},"thumbnailUrl":"https:\/\/puglialovesmatera.com\/wp-content\/uploads\/2024\/07\/Visita-guidata-Matera.jpg","datePublished":"2024-07-24T15:37:16+00:00","description":"Explora Matera, la Ciudad de los Sassi, con Alessandra Di Mauro, arque\u00f3loga y gu\u00eda tur\u00edstica licenciada. Visitas personalizadas con una gu\u00eda experta y apasionada.","breadcrumb":{"@id":"https:\/\/puglialovesmatera.com\/es\/visita-guidata\/visita-guiada-matera-la-ciudad-de-los-sassi\/#breadcrumb"},"inLanguage":"es","potentialAction":[{"@type":"ReadAction","target":["https:\/\/puglialovesmatera.com\/es\/visita-guidata\/visita-guiada-matera-la-ciudad-de-los-sassi\/"]}]},{"@type":"ImageObject","inLanguage":"es","@id":"https:\/\/puglialovesmatera.com\/es\/visita-guidata\/visita-guiada-matera-la-ciudad-de-los-sassi\/#primaryimage","url":"https:\/\/puglialovesmatera.com\/wp-content\/uploads\/2024\/07\/Visita-guidata-Matera.jpg","contentUrl":"https:\/\/puglialovesmatera.com\/wp-content\/uploads\/2024\/07\/Visita-guidata-Matera.jpg","width":500,"height":500},{"@type":"BreadcrumbList","@id":"https:\/\/puglialovesmatera.com\/es\/visita-guidata\/visita-guiada-matera-la-ciudad-de-los-sassi\/#breadcrumb","itemListElement":[{"@type":"ListItem","position":1,"name":"Home","item":"https:\/\/puglialovesmatera.com\/es\/"},{"@type":"ListItem","position":2,"name":"Todas las visitas guiadas","item":"https:\/\/puglialovesmatera.com\/es\/visitas-todas-guiadas\/"},{"@type":"ListItem","position":3,"name":"Visita guiada Matera la ciudad de los Sassi"}]},{"@type":"WebSite","@id":"https:\/\/puglialovesmatera.com\/es\/#website","url":"https:\/\/puglialovesmatera.com\/es\/","name":"Puglia Loves Matera","description":"Ars Mediterranea Scario","publisher":{"@id":"https:\/\/puglialovesmatera.com\/es\/#organization"},"potentialAction":[{"@type":"SearchAction","target":{"@type":"EntryPoint","urlTemplate":"https:\/\/puglialovesmatera.com\/es\/?s={search_term_string}"},"query-input":{"@type":"PropertyValueSpecification","valueRequired":true,"valueName":"search_term_string"}}],"inLanguage":"es"},{"@type":"Organization","@id":"https:\/\/puglialovesmatera.com\/es\/#organization","name":"Puglia Loves Matera","url":"https:\/\/puglialovesmatera.com\/es\/","logo":{"@type":"ImageObject","inLanguage":"es","@id":"https:\/\/puglialovesmatera.com\/es\/#\/schema\/logo\/image\/","url":"https:\/\/puglialovesmatera.com\/wp-content\/uploads\/2024\/07\/Group-14.svg","contentUrl":"https:\/\/puglialovesmatera.com\/wp-content\/uploads\/2024\/07\/Group-14.svg","width":371,"height":381,"caption":"Puglia Loves Matera"},"image":{"@id":"https:\/\/puglialovesmatera.com\/es\/#\/schema\/logo\/image\/"}}]}},"_links":{"self":[{"href":"https:\/\/puglialovesmatera.com\/es\/wp-json\/wp\/v2\/product\/3381","targetHints":{"allow":["GET"]}}],"collection":[{"href":"https:\/\/puglialovesmatera.com\/es\/wp-json\/wp\/v2\/product"}],"about":[{"href":"https:\/\/puglialovesmatera.com\/es\/wp-json\/wp\/v2\/types\/product"}],"replies":[{"embeddable":true,"href":"https:\/\/puglialovesmatera.com\/es\/wp-json\/wp\/v2\/comments?post=3381"}],"wp:featuredmedia":[{"embeddable":true,"href":"https:\/\/puglialovesmatera.com\/es\/wp-json\/wp\/v2\/media\/2747"}],"wp:attachment":[{"href":"https:\/\/puglialovesmatera.com\/es\/wp-json\/wp\/v2\/media?parent=3381"}],"wp:term":[{"taxonomy":"product_brand","embeddable":true,"href":"https:\/\/puglialovesmatera.com\/es\/wp-json\/wp\/v2\/product_brand?post=3381"},{"taxonomy":"product_cat","embeddable":true,"href":"https:\/\/puglialovesmatera.com\/es\/wp-json\/wp\/v2\/product_cat?post=3381"},{"taxonomy":"product_tag","embeddable":true,"href":"https:\/\/puglialovesmatera.com\/es\/wp-json\/wp\/v2\/product_tag?post=3381"}],"curies":[{"name":"wp","href":"https:\/\/api.w.org\/{rel}","templated":true}]}}