{"id":3394,"date":"2024-07-24T15:32:32","date_gmt":"2024-07-24T15:32:32","guid":{"rendered":"https:\/\/puglialovesmatera.com\/visita-guidata\/visita-guiada-a-martina-franca-y-su-barroco\/"},"modified":"2024-07-24T15:32:32","modified_gmt":"2024-07-24T15:32:32","slug":"visita-guiada-a-martina-franca-y-su-barroco","status":"publish","type":"product","link":"https:\/\/puglialovesmatera.com\/es\/visita-guidata\/visita-guiada-a-martina-franca-y-su-barroco\/","title":{"rendered":"Visita guiada a Martina Franca y su Barroco"},"content":{"rendered":"<h3>Inicio de la visita<\/h3>\n<p>  Mis visitas guiadas a Martina Franca te llevar\u00e1n a descubrir una ciudad rica en historia y arte, famosa por su espl\u00e9ndido estilo barroco.<br \/>\nMartina Franca toma la primera parte de su nombre, \u00abMartina\u00bb, de la devoci\u00f3n popular a San Mart\u00edn de Tours; el adjetivo \u00abFranca\u00bb fue a\u00f1adido en el siglo XIV por los angevinos, cuyo papel fue esencial para el desarrollo de la ciudad.   <\/p>\n<h3>Centro hist\u00f3rico de Martina Franca<\/h3>\n<p>  La visita guiada se centrar\u00e1 en el Barroco, elemento por el que Martina Franca puede considerarse una digna rival de Lecce.<br \/>\nComenzaremos nuestro recorrido admirando la Puerta de Santo Stefano, la entrada principal al centro hist\u00f3rico, y nos adentraremos en las encantadoras calles de la ciudad.<br \/>\nDurante nuestro recorrido, te mostrar\u00e9 algunos de los m\u00e1s bellos palacios hist\u00f3ricos aristocr\u00e1ticos que dan lustre a la ciudad, cada uno con su propia historia y una arquitectura \u00fanica.    <\/p>\n<h3>Palacio Ducal y Bas\u00edlica de San Martino<\/h3>\n<p>  Continuaremos hacia el majestuoso Palacio Ducal, donde tendremos la oportunidad de visitar el primer piso, recientemente hecho accesible a la comunidad y a numerosos viajeros.<br \/>\nEste palacio es un magn\u00edfico ejemplo de arquitectura barroca y alberga numerosas obras de arte y frescos de gran valor hist\u00f3rico.<br \/>\nNuestra siguiente parada es la Bas\u00edlica de San Martino, obra maestra del barroco apulense, dedicada al santo patr\u00f3n de la ciudad.<br \/>\nAdmiraremos su fachada ricamente decorada y su majestuoso interior, donde se pueden contemplar numerosas obras de arte sacro.     <\/p>\n<h3>Iglesia de San Domenico y Palacios Hist\u00f3ricos<\/h3>\n<p>  Continuamos nuestra visita con la Iglesia de San Domenico, otra joya barroca, con su imponente fachada y su fascinante interior.<br \/>\nPor el camino, se\u00f1alaremos los innumerables palacios nobiliarios hist\u00f3ricos, cada uno con su propia historia \u00fanica, que salpican el centro hist\u00f3rico de Martina Franca.   <\/p>\n<h3>Fiesta del Valle de Itria<\/h3>\n<p>  Durante la visita, te hablar\u00e9 del Festival della Valle d&#8217;Itria, un gran acontecimiento cultural que atrae cada a\u00f1o a miles de espectadores de todo el mundo.<br \/>\nEste festival celebra la \u00f3pera y la m\u00fasica oper\u00edstica, contribuyendo a mantener viva la tradici\u00f3n cultural de la ciudad.   <\/p>\n<h3><strong>Informaci\u00f3n adicional<\/strong><\/h3>\n<p>  Mis visitas guiadas a Martina Franca son una oportunidad ineludible para todo aquel que desee conocer mejor la historia, la cultura y el arte de esta fascinante ciudad.<br \/>\nGracias a mi formaci\u00f3n continua y a mi pasi\u00f3n por la historia, podr\u00e9 involucrarte en un relato cautivador lleno de detalles, haciendo de cada visita una experiencia \u00fanica.<br \/>\nEl enfoque en la personalizaci\u00f3n de las visitas me permite adaptar el itinerario y las explicaciones a los intereses espec\u00edficos de los visitantes, garantizando una experiencia a medida y de alta calidad.<br \/>\nMi puntualidad y fiabilidad garantizan un servicio profesional e impecable.<br \/>\nNo pierdas la oportunidad de vivir un viaje en el tiempo entre los tesoros de Martina Franca, donde cada rinc\u00f3n cuenta una historia y cada edificio es un ejemplo de la maestr\u00eda arquitect\u00f3nica barroca.<br \/>\nPara m\u00e1s informaci\u00f3n y reservas, ponte en contacto conmigo para acordar el precio de la visita guiada.<br \/>\nEstar\u00e9 encantada de acompa\u00f1arte en esta extraordinaria aventura cultural y art\u00edstica.      <\/p>\n","protected":false},"excerpt":{"rendered":"<p>Visitas guiadas a Martina Franca, conocida por su arquitectura barroca.<br \/>\nDurante la visita guiada, explorar\u00e1s los principales monumentos, como la majestuosa Bas\u00edlica de San Martino, el Palacio Ducal y la Iglesia de San Domenico.<br \/>\nConoce la historia de la ciudad, su papel en el Festival del Valle de Itria, y admira los espl\u00e9ndidos palacios nobiliarios que adornan el centro hist\u00f3rico.  <\/p>\n","protected":false},"featured_media":2768,"comment_status":"open","ping_status":"closed","template":"","meta":{"_acf_changed":false},"product_brand":[],"product_cat":[70],"product_tag":[],"class_list":{"0":"post-3394","1":"product","2":"type-product","3":"status-publish","4":"has-post-thumbnail","6":"product_cat-el-valle-de-itria-y-sus-pueblos-blancos","8":"first","9":"instock","10":"shipping-taxable","11":"product-type-simple"},"acf":[],"yoast_head":"<!-- This site is optimized with the Yoast SEO plugin v27.3 - https:\/\/yoast.com\/product\/yoast-seo-wordpress\/ -->\n<title>Visita guiada a Martina Franca con gu\u00eda autorizado<\/title>\n<meta name=\"description\" content=\"Explora Martina Franca y su hermoso estilo barroco con Alessandra Di Mauro, arque\u00f3loga y gu\u00eda tur\u00edstica licenciada. Ver tarifas\" \/>\n<meta name=\"robots\" content=\"index, follow, max-snippet:-1, max-image-preview:large, max-video-preview:-1\" \/>\n<link rel=\"canonical\" href=\"https:\/\/puglialovesmatera.com\/es\/visita-guidata\/visita-guiada-a-martina-franca-y-su-barroco\/\" \/>\n<meta property=\"og:locale\" content=\"es_ES\" \/>\n<meta property=\"og:type\" content=\"article\" \/>\n<meta property=\"og:title\" content=\"Visita guiada a Martina Franca con gu\u00eda autorizado\" \/>\n<meta property=\"og:description\" content=\"Explora Martina Franca y su hermoso estilo barroco con Alessandra Di Mauro, arque\u00f3loga y gu\u00eda tur\u00edstica licenciada. Ver tarifas\" \/>\n<meta property=\"og:url\" content=\"https:\/\/puglialovesmatera.com\/es\/visita-guidata\/visita-guiada-a-martina-franca-y-su-barroco\/\" \/>\n<meta property=\"og:site_name\" content=\"Puglia Loves Matera\" \/>\n<meta property=\"og:image\" content=\"https:\/\/puglialovesmatera.com\/wp-content\/uploads\/2024\/07\/Visita-guidata-Martina-Franca.jpg\" \/>\n\t<meta property=\"og:image:width\" content=\"500\" \/>\n\t<meta property=\"og:image:height\" content=\"500\" \/>\n\t<meta property=\"og:image:type\" content=\"image\/jpeg\" \/>\n<meta name=\"twitter:card\" content=\"summary_large_image\" \/>\n<meta name=\"twitter:label1\" content=\"Tiempo de lectura\" \/>\n\t<meta name=\"twitter:data1\" content=\"3 minutos\" \/>\n<script type=\"application\/ld+json\" class=\"yoast-schema-graph\">{\"@context\":\"https:\\\/\\\/schema.org\",\"@graph\":[{\"@type\":\"WebPage\",\"@id\":\"https:\\\/\\\/puglialovesmatera.com\\\/es\\\/visita-guidata\\\/visita-guiada-a-martina-franca-y-su-barroco\\\/\",\"url\":\"https:\\\/\\\/puglialovesmatera.com\\\/es\\\/visita-guidata\\\/visita-guiada-a-martina-franca-y-su-barroco\\\/\",\"name\":\"Visita guiada a Martina Franca con gu\u00eda autorizado\",\"isPartOf\":{\"@id\":\"https:\\\/\\\/puglialovesmatera.com\\\/es\\\/#website\"},\"primaryImageOfPage\":{\"@id\":\"https:\\\/\\\/puglialovesmatera.com\\\/es\\\/visita-guidata\\\/visita-guiada-a-martina-franca-y-su-barroco\\\/#primaryimage\"},\"image\":{\"@id\":\"https:\\\/\\\/puglialovesmatera.com\\\/es\\\/visita-guidata\\\/visita-guiada-a-martina-franca-y-su-barroco\\\/#primaryimage\"},\"thumbnailUrl\":\"https:\\\/\\\/puglialovesmatera.com\\\/wp-content\\\/uploads\\\/2024\\\/07\\\/Visita-guidata-Martina-Franca.jpg\",\"datePublished\":\"2024-07-24T15:32:32+00:00\",\"description\":\"Explora Martina Franca y su hermoso estilo barroco con Alessandra Di Mauro, arque\u00f3loga y gu\u00eda tur\u00edstica licenciada. Ver tarifas\",\"breadcrumb\":{\"@id\":\"https:\\\/\\\/puglialovesmatera.com\\\/es\\\/visita-guidata\\\/visita-guiada-a-martina-franca-y-su-barroco\\\/#breadcrumb\"},\"inLanguage\":\"es\",\"potentialAction\":[{\"@type\":\"ReadAction\",\"target\":[\"https:\\\/\\\/puglialovesmatera.com\\\/es\\\/visita-guidata\\\/visita-guiada-a-martina-franca-y-su-barroco\\\/\"]}]},{\"@type\":\"ImageObject\",\"inLanguage\":\"es\",\"@id\":\"https:\\\/\\\/puglialovesmatera.com\\\/es\\\/visita-guidata\\\/visita-guiada-a-martina-franca-y-su-barroco\\\/#primaryimage\",\"url\":\"https:\\\/\\\/puglialovesmatera.com\\\/wp-content\\\/uploads\\\/2024\\\/07\\\/Visita-guidata-Martina-Franca.jpg\",\"contentUrl\":\"https:\\\/\\\/puglialovesmatera.com\\\/wp-content\\\/uploads\\\/2024\\\/07\\\/Visita-guidata-Martina-Franca.jpg\",\"width\":500,\"height\":500},{\"@type\":\"BreadcrumbList\",\"@id\":\"https:\\\/\\\/puglialovesmatera.com\\\/es\\\/visita-guidata\\\/visita-guiada-a-martina-franca-y-su-barroco\\\/#breadcrumb\",\"itemListElement\":[{\"@type\":\"ListItem\",\"position\":1,\"name\":\"Home\",\"item\":\"https:\\\/\\\/puglialovesmatera.com\\\/es\\\/\"},{\"@type\":\"ListItem\",\"position\":2,\"name\":\"Todas las visitas guiadas\",\"item\":\"https:\\\/\\\/puglialovesmatera.com\\\/es\\\/visitas-todas-guiadas\\\/\"},{\"@type\":\"ListItem\",\"position\":3,\"name\":\"Visita guiada a Martina Franca y su Barroco\"}]},{\"@type\":\"WebSite\",\"@id\":\"https:\\\/\\\/puglialovesmatera.com\\\/es\\\/#website\",\"url\":\"https:\\\/\\\/puglialovesmatera.com\\\/es\\\/\",\"name\":\"Puglia Loves Matera\",\"description\":\"Ars Mediterranea Scario\",\"publisher\":{\"@id\":\"https:\\\/\\\/puglialovesmatera.com\\\/es\\\/#organization\"},\"potentialAction\":[{\"@type\":\"SearchAction\",\"target\":{\"@type\":\"EntryPoint\",\"urlTemplate\":\"https:\\\/\\\/puglialovesmatera.com\\\/es\\\/?s={search_term_string}\"},\"query-input\":{\"@type\":\"PropertyValueSpecification\",\"valueRequired\":true,\"valueName\":\"search_term_string\"}}],\"inLanguage\":\"es\"},{\"@type\":\"Organization\",\"@id\":\"https:\\\/\\\/puglialovesmatera.com\\\/es\\\/#organization\",\"name\":\"Puglia Loves Matera\",\"url\":\"https:\\\/\\\/puglialovesmatera.com\\\/es\\\/\",\"logo\":{\"@type\":\"ImageObject\",\"inLanguage\":\"es\",\"@id\":\"https:\\\/\\\/puglialovesmatera.com\\\/es\\\/#\\\/schema\\\/logo\\\/image\\\/\",\"url\":\"https:\\\/\\\/puglialovesmatera.com\\\/wp-content\\\/uploads\\\/2024\\\/07\\\/Group-14.svg\",\"contentUrl\":\"https:\\\/\\\/puglialovesmatera.com\\\/wp-content\\\/uploads\\\/2024\\\/07\\\/Group-14.svg\",\"width\":371,\"height\":381,\"caption\":\"Puglia Loves Matera\"},\"image\":{\"@id\":\"https:\\\/\\\/puglialovesmatera.com\\\/es\\\/#\\\/schema\\\/logo\\\/image\\\/\"}}]}<\/script>\n<!-- \/ Yoast SEO plugin. -->","yoast_head_json":{"title":"Visita guiada a Martina Franca con gu\u00eda autorizado","description":"Explora Martina Franca y su hermoso estilo barroco con Alessandra Di Mauro, arque\u00f3loga y gu\u00eda tur\u00edstica licenciada. Ver tarifas","robots":{"index":"index","follow":"follow","max-snippet":"max-snippet:-1","max-image-preview":"max-image-preview:large","max-video-preview":"max-video-preview:-1"},"canonical":"https:\/\/puglialovesmatera.com\/es\/visita-guidata\/visita-guiada-a-martina-franca-y-su-barroco\/","og_locale":"es_ES","og_type":"article","og_title":"Visita guiada a Martina Franca con gu\u00eda autorizado","og_description":"Explora Martina Franca y su hermoso estilo barroco con Alessandra Di Mauro, arque\u00f3loga y gu\u00eda tur\u00edstica licenciada. Ver tarifas","og_url":"https:\/\/puglialovesmatera.com\/es\/visita-guidata\/visita-guiada-a-martina-franca-y-su-barroco\/","og_site_name":"Puglia Loves Matera","og_image":[{"width":500,"height":500,"url":"https:\/\/puglialovesmatera.com\/wp-content\/uploads\/2024\/07\/Visita-guidata-Martina-Franca.jpg","type":"image\/jpeg"}],"twitter_card":"summary_large_image","twitter_misc":{"Tiempo de lectura":"3 minutos"},"schema":{"@context":"https:\/\/schema.org","@graph":[{"@type":"WebPage","@id":"https:\/\/puglialovesmatera.com\/es\/visita-guidata\/visita-guiada-a-martina-franca-y-su-barroco\/","url":"https:\/\/puglialovesmatera.com\/es\/visita-guidata\/visita-guiada-a-martina-franca-y-su-barroco\/","name":"Visita guiada a Martina Franca con gu\u00eda autorizado","isPartOf":{"@id":"https:\/\/puglialovesmatera.com\/es\/#website"},"primaryImageOfPage":{"@id":"https:\/\/puglialovesmatera.com\/es\/visita-guidata\/visita-guiada-a-martina-franca-y-su-barroco\/#primaryimage"},"image":{"@id":"https:\/\/puglialovesmatera.com\/es\/visita-guidata\/visita-guiada-a-martina-franca-y-su-barroco\/#primaryimage"},"thumbnailUrl":"https:\/\/puglialovesmatera.com\/wp-content\/uploads\/2024\/07\/Visita-guidata-Martina-Franca.jpg","datePublished":"2024-07-24T15:32:32+00:00","description":"Explora Martina Franca y su hermoso estilo barroco con Alessandra Di Mauro, arque\u00f3loga y gu\u00eda tur\u00edstica licenciada. Ver tarifas","breadcrumb":{"@id":"https:\/\/puglialovesmatera.com\/es\/visita-guidata\/visita-guiada-a-martina-franca-y-su-barroco\/#breadcrumb"},"inLanguage":"es","potentialAction":[{"@type":"ReadAction","target":["https:\/\/puglialovesmatera.com\/es\/visita-guidata\/visita-guiada-a-martina-franca-y-su-barroco\/"]}]},{"@type":"ImageObject","inLanguage":"es","@id":"https:\/\/puglialovesmatera.com\/es\/visita-guidata\/visita-guiada-a-martina-franca-y-su-barroco\/#primaryimage","url":"https:\/\/puglialovesmatera.com\/wp-content\/uploads\/2024\/07\/Visita-guidata-Martina-Franca.jpg","contentUrl":"https:\/\/puglialovesmatera.com\/wp-content\/uploads\/2024\/07\/Visita-guidata-Martina-Franca.jpg","width":500,"height":500},{"@type":"BreadcrumbList","@id":"https:\/\/puglialovesmatera.com\/es\/visita-guidata\/visita-guiada-a-martina-franca-y-su-barroco\/#breadcrumb","itemListElement":[{"@type":"ListItem","position":1,"name":"Home","item":"https:\/\/puglialovesmatera.com\/es\/"},{"@type":"ListItem","position":2,"name":"Todas las visitas guiadas","item":"https:\/\/puglialovesmatera.com\/es\/visitas-todas-guiadas\/"},{"@type":"ListItem","position":3,"name":"Visita guiada a Martina Franca y su Barroco"}]},{"@type":"WebSite","@id":"https:\/\/puglialovesmatera.com\/es\/#website","url":"https:\/\/puglialovesmatera.com\/es\/","name":"Puglia Loves Matera","description":"Ars Mediterranea Scario","publisher":{"@id":"https:\/\/puglialovesmatera.com\/es\/#organization"},"potentialAction":[{"@type":"SearchAction","target":{"@type":"EntryPoint","urlTemplate":"https:\/\/puglialovesmatera.com\/es\/?s={search_term_string}"},"query-input":{"@type":"PropertyValueSpecification","valueRequired":true,"valueName":"search_term_string"}}],"inLanguage":"es"},{"@type":"Organization","@id":"https:\/\/puglialovesmatera.com\/es\/#organization","name":"Puglia Loves Matera","url":"https:\/\/puglialovesmatera.com\/es\/","logo":{"@type":"ImageObject","inLanguage":"es","@id":"https:\/\/puglialovesmatera.com\/es\/#\/schema\/logo\/image\/","url":"https:\/\/puglialovesmatera.com\/wp-content\/uploads\/2024\/07\/Group-14.svg","contentUrl":"https:\/\/puglialovesmatera.com\/wp-content\/uploads\/2024\/07\/Group-14.svg","width":371,"height":381,"caption":"Puglia Loves Matera"},"image":{"@id":"https:\/\/puglialovesmatera.com\/es\/#\/schema\/logo\/image\/"}}]}},"_links":{"self":[{"href":"https:\/\/puglialovesmatera.com\/es\/wp-json\/wp\/v2\/product\/3394","targetHints":{"allow":["GET"]}}],"collection":[{"href":"https:\/\/puglialovesmatera.com\/es\/wp-json\/wp\/v2\/product"}],"about":[{"href":"https:\/\/puglialovesmatera.com\/es\/wp-json\/wp\/v2\/types\/product"}],"replies":[{"embeddable":true,"href":"https:\/\/puglialovesmatera.com\/es\/wp-json\/wp\/v2\/comments?post=3394"}],"wp:featuredmedia":[{"embeddable":true,"href":"https:\/\/puglialovesmatera.com\/es\/wp-json\/wp\/v2\/media\/2768"}],"wp:attachment":[{"href":"https:\/\/puglialovesmatera.com\/es\/wp-json\/wp\/v2\/media?parent=3394"}],"wp:term":[{"taxonomy":"product_brand","embeddable":true,"href":"https:\/\/puglialovesmatera.com\/es\/wp-json\/wp\/v2\/product_brand?post=3394"},{"taxonomy":"product_cat","embeddable":true,"href":"https:\/\/puglialovesmatera.com\/es\/wp-json\/wp\/v2\/product_cat?post=3394"},{"taxonomy":"product_tag","embeddable":true,"href":"https:\/\/puglialovesmatera.com\/es\/wp-json\/wp\/v2\/product_tag?post=3394"}],"curies":[{"name":"wp","href":"https:\/\/api.w.org\/{rel}","templated":true}]}}