{"id":3440,"date":"2024-07-27T08:01:47","date_gmt":"2024-07-27T08:01:47","guid":{"rendered":"https:\/\/puglialovesmatera.com\/visita-guidata\/visita-guiada-al-parque-arqueologico-de-manduria\/"},"modified":"2024-07-27T08:01:47","modified_gmt":"2024-07-27T08:01:47","slug":"visita-guiada-al-parque-arqueologico-de-manduria","status":"publish","type":"product","link":"https:\/\/puglialovesmatera.com\/es\/visita-guidata\/visita-guiada-al-parque-arqueologico-de-manduria\/","title":{"rendered":"Visita guiada al parque arqueol\u00f3gico de Manduria"},"content":{"rendered":"<h3>Inicio de la visita<\/h3>\n<p>  Mis visitas guiadas al Parque Arqueol\u00f3gico de Manduria te llevar\u00e1n a descubrir una antigua ciudad mesapia, rodeada de fosos y poderosas murallas megal\u00edticas entre los siglos V y III a.C. Manduria es rica en historia y hallazgos arqueol\u00f3gicos que atestiguan su glorioso y tumultuoso pasado.  <\/p>\n<h3>Murallas megal\u00edticas y necr\u00f3polis<\/h3>\n<p>  Comenzamos el recorrido explorando los restos de las antiguas murallas mesapias, dispuestas en un triple c\u00edrculo, a\u00fan visibles hoy en d\u00eda.<br \/>\nEstas murallas ofrecen una impresionante visi\u00f3n de las habilidades de ingenier\u00eda de los mesapios.<br \/>\nContinuaremos con una visita a la gran necr\u00f3polis, donde podremos ver las tumbas de fosa, a menudo de tama\u00f1o considerable y cubiertas de losas de piedra.    <\/p>\n<h3>Historia de Manduria<\/h3>\n<p>  Te contar\u00e9 la historia de los asedios y conquistas que marcaron Manduria.<br \/>\nLa ciudad fue asediada por Tarento con la ayuda del rey de Esparta Arquidamo, que perdi\u00f3 la vida bajo las murallas en el 338 a.C. M\u00e1s tarde, la ciudad fue tomada por An\u00edbal en 212 a.C. y luego conquistada por el c\u00f3nsul Quinto Fabio M\u00e1ximo en 209 a.C., que saque\u00f3 Manduria y tom\u00f3 3.000 prisioneros.   <\/p>\n<h3>Fuente pliniana<\/h3>\n<p>  El punto culminante de la visita ser\u00e1 el Manantial Pliniano, una fuente de agua oculta en el interior de una cueva de unos 18 metros de di\u00e1metro.<br \/>\nPlinio el Viejo describi\u00f3 este lugar en su obra Naturalis Historia, habi\u00e9ndolo visitado o habi\u00e9ndoselo contado otros.<br \/>\nEntramos en la cueva a trav\u00e9s de un tramo de escaleras, donde podemos admirar la gran claraboya situada en la parte superior de la b\u00f3veda.<br \/>\nEn el exterior, en la claraboya, hay una representaci\u00f3n del escudo c\u00edvico de la ciudad, un almendro dentro de un pozo.     <\/p>\n<h3>Informaci\u00f3n adicional<\/h3>\n<p>  Mis visitas guiadas al Parque Arqueol\u00f3gico de Manduria ofrecen una oportunidad ineludible para todo aquel que quiera saber m\u00e1s sobre la historia y la arqueolog\u00eda de esta antigua ciudad mesapia.  <strong>Gracias a mi formaci\u00f3n continua y a mi pasi\u00f3n por la historia, podr\u00e9 involucrarte en una historia convincente y detallada, haciendo de cada visita una experiencia \u00fanica.<\/strong>  El enfoque en la personalizaci\u00f3n de las visitas permite adaptar la ruta y las explicaciones a los intereses espec\u00edficos de los visitantes, garantizando una experiencia a medida y de alta calidad.  <strong>Mi puntualidad y fiabilidad garantizan un servicio profesional e impecable.<\/strong>  No pierdas la oportunidad de experimentar un viaje en el tiempo entre los tesoros de Manduria, donde cada rinc\u00f3n cuenta una historia y cada artefacto es testimonio de una civilizaci\u00f3n milenaria.<br \/>\nPara m\u00e1s informaci\u00f3n y reservas, ponte en contacto conmigo para acordar el precio de la visita guiada.<br \/>\nEstar\u00e9 encantada de acompa\u00f1arte en esta extraordinaria aventura cultural e hist\u00f3rica.  <\/p>\n","protected":false},"excerpt":{"rendered":"<p>Visitas guiadas a Manduria, una ciudad mesapia rodeada de poderosas murallas megal\u00edticas.<br \/>\nEl Parque Arqueol\u00f3gico incluye los restos de las murallas, una gran necr\u00f3polis y la Fonte Pliniano, un manantial de agua descrito por Plinio el Viejo.<br \/>\nLa visita guiada te llevar\u00e1 por los antiguos restos de Manduria, revel\u00e1ndote las historias de asedios y conquistas que marcaron esta ciudad.  <\/p>\n","protected":false},"featured_media":2753,"comment_status":"open","ping_status":"closed","template":"","meta":{"_acf_changed":false},"product_brand":[],"product_cat":[74],"product_tag":[],"class_list":{"0":"post-3440","1":"product","2":"type-product","3":"status-publish","4":"has-post-thumbnail","6":"product_cat-museos-y-monumentos-nacionales-de-apulia","8":"first","9":"instock","10":"shipping-taxable","11":"product-type-simple"},"acf":[],"yoast_head":"<!-- This site is optimized with the Yoast SEO plugin v27.3 - https:\/\/yoast.com\/product\/yoast-seo-wordpress\/ -->\n<title>Visita guiada al Parque Arqueol\u00f3gico de Manduria<\/title>\n<meta name=\"description\" content=\"Explora el Parque Arqueol\u00f3gico de Manduria con Alessandra Di Mauro, arque\u00f3loga y gu\u00eda tur\u00edstica licenciada. Visitas personalizadas con una gu\u00eda experimentada y apasionada.\" \/>\n<meta name=\"robots\" content=\"index, follow, max-snippet:-1, max-image-preview:large, max-video-preview:-1\" \/>\n<link rel=\"canonical\" href=\"https:\/\/puglialovesmatera.com\/es\/visita-guidata\/visita-guiada-al-parque-arqueologico-de-manduria\/\" \/>\n<meta property=\"og:locale\" content=\"es_ES\" \/>\n<meta property=\"og:type\" content=\"article\" \/>\n<meta property=\"og:title\" content=\"Visita guiada al Parque Arqueol\u00f3gico de Manduria\" \/>\n<meta property=\"og:description\" content=\"Explora el Parque Arqueol\u00f3gico de Manduria con Alessandra Di Mauro, arque\u00f3loga y gu\u00eda tur\u00edstica licenciada. Visitas personalizadas con una gu\u00eda experimentada y apasionada.\" \/>\n<meta property=\"og:url\" content=\"https:\/\/puglialovesmatera.com\/es\/visita-guidata\/visita-guiada-al-parque-arqueologico-de-manduria\/\" \/>\n<meta property=\"og:site_name\" content=\"Puglia Loves Matera\" \/>\n<meta property=\"og:image\" content=\"https:\/\/puglialovesmatera.com\/wp-content\/uploads\/2024\/07\/Visita-guidata-parco-archeologico-di-Manduria.jpg\" \/>\n\t<meta property=\"og:image:width\" content=\"500\" \/>\n\t<meta property=\"og:image:height\" content=\"500\" \/>\n\t<meta property=\"og:image:type\" content=\"image\/jpeg\" \/>\n<meta name=\"twitter:card\" content=\"summary_large_image\" \/>\n<meta name=\"twitter:label1\" content=\"Tiempo de lectura\" \/>\n\t<meta name=\"twitter:data1\" content=\"2 minutos\" \/>\n<script type=\"application\/ld+json\" class=\"yoast-schema-graph\">{\"@context\":\"https:\\\/\\\/schema.org\",\"@graph\":[{\"@type\":\"WebPage\",\"@id\":\"https:\\\/\\\/puglialovesmatera.com\\\/es\\\/visita-guidata\\\/visita-guiada-al-parque-arqueologico-de-manduria\\\/\",\"url\":\"https:\\\/\\\/puglialovesmatera.com\\\/es\\\/visita-guidata\\\/visita-guiada-al-parque-arqueologico-de-manduria\\\/\",\"name\":\"Visita guiada al Parque Arqueol\u00f3gico de Manduria\",\"isPartOf\":{\"@id\":\"https:\\\/\\\/puglialovesmatera.com\\\/es\\\/#website\"},\"primaryImageOfPage\":{\"@id\":\"https:\\\/\\\/puglialovesmatera.com\\\/es\\\/visita-guidata\\\/visita-guiada-al-parque-arqueologico-de-manduria\\\/#primaryimage\"},\"image\":{\"@id\":\"https:\\\/\\\/puglialovesmatera.com\\\/es\\\/visita-guidata\\\/visita-guiada-al-parque-arqueologico-de-manduria\\\/#primaryimage\"},\"thumbnailUrl\":\"https:\\\/\\\/puglialovesmatera.com\\\/wp-content\\\/uploads\\\/2024\\\/07\\\/Visita-guidata-parco-archeologico-di-Manduria.jpg\",\"datePublished\":\"2024-07-27T08:01:47+00:00\",\"description\":\"Explora el Parque Arqueol\u00f3gico de Manduria con Alessandra Di Mauro, arque\u00f3loga y gu\u00eda tur\u00edstica licenciada. Visitas personalizadas con una gu\u00eda experimentada y apasionada.\",\"breadcrumb\":{\"@id\":\"https:\\\/\\\/puglialovesmatera.com\\\/es\\\/visita-guidata\\\/visita-guiada-al-parque-arqueologico-de-manduria\\\/#breadcrumb\"},\"inLanguage\":\"es\",\"potentialAction\":[{\"@type\":\"ReadAction\",\"target\":[\"https:\\\/\\\/puglialovesmatera.com\\\/es\\\/visita-guidata\\\/visita-guiada-al-parque-arqueologico-de-manduria\\\/\"]}]},{\"@type\":\"ImageObject\",\"inLanguage\":\"es\",\"@id\":\"https:\\\/\\\/puglialovesmatera.com\\\/es\\\/visita-guidata\\\/visita-guiada-al-parque-arqueologico-de-manduria\\\/#primaryimage\",\"url\":\"https:\\\/\\\/puglialovesmatera.com\\\/wp-content\\\/uploads\\\/2024\\\/07\\\/Visita-guidata-parco-archeologico-di-Manduria.jpg\",\"contentUrl\":\"https:\\\/\\\/puglialovesmatera.com\\\/wp-content\\\/uploads\\\/2024\\\/07\\\/Visita-guidata-parco-archeologico-di-Manduria.jpg\",\"width\":500,\"height\":500},{\"@type\":\"BreadcrumbList\",\"@id\":\"https:\\\/\\\/puglialovesmatera.com\\\/es\\\/visita-guidata\\\/visita-guiada-al-parque-arqueologico-de-manduria\\\/#breadcrumb\",\"itemListElement\":[{\"@type\":\"ListItem\",\"position\":1,\"name\":\"Home\",\"item\":\"https:\\\/\\\/puglialovesmatera.com\\\/es\\\/\"},{\"@type\":\"ListItem\",\"position\":2,\"name\":\"Todas las visitas guiadas\",\"item\":\"https:\\\/\\\/puglialovesmatera.com\\\/es\\\/visitas-todas-guiadas\\\/\"},{\"@type\":\"ListItem\",\"position\":3,\"name\":\"Visita guiada al parque arqueol\u00f3gico de Manduria\"}]},{\"@type\":\"WebSite\",\"@id\":\"https:\\\/\\\/puglialovesmatera.com\\\/es\\\/#website\",\"url\":\"https:\\\/\\\/puglialovesmatera.com\\\/es\\\/\",\"name\":\"Puglia Loves Matera\",\"description\":\"Ars Mediterranea Scario\",\"publisher\":{\"@id\":\"https:\\\/\\\/puglialovesmatera.com\\\/es\\\/#organization\"},\"potentialAction\":[{\"@type\":\"SearchAction\",\"target\":{\"@type\":\"EntryPoint\",\"urlTemplate\":\"https:\\\/\\\/puglialovesmatera.com\\\/es\\\/?s={search_term_string}\"},\"query-input\":{\"@type\":\"PropertyValueSpecification\",\"valueRequired\":true,\"valueName\":\"search_term_string\"}}],\"inLanguage\":\"es\"},{\"@type\":\"Organization\",\"@id\":\"https:\\\/\\\/puglialovesmatera.com\\\/es\\\/#organization\",\"name\":\"Puglia Loves Matera\",\"url\":\"https:\\\/\\\/puglialovesmatera.com\\\/es\\\/\",\"logo\":{\"@type\":\"ImageObject\",\"inLanguage\":\"es\",\"@id\":\"https:\\\/\\\/puglialovesmatera.com\\\/es\\\/#\\\/schema\\\/logo\\\/image\\\/\",\"url\":\"https:\\\/\\\/puglialovesmatera.com\\\/wp-content\\\/uploads\\\/2024\\\/07\\\/Group-14.svg\",\"contentUrl\":\"https:\\\/\\\/puglialovesmatera.com\\\/wp-content\\\/uploads\\\/2024\\\/07\\\/Group-14.svg\",\"width\":371,\"height\":381,\"caption\":\"Puglia Loves Matera\"},\"image\":{\"@id\":\"https:\\\/\\\/puglialovesmatera.com\\\/es\\\/#\\\/schema\\\/logo\\\/image\\\/\"}}]}<\/script>\n<!-- \/ Yoast SEO plugin. -->","yoast_head_json":{"title":"Visita guiada al Parque Arqueol\u00f3gico de Manduria","description":"Explora el Parque Arqueol\u00f3gico de Manduria con Alessandra Di Mauro, arque\u00f3loga y gu\u00eda tur\u00edstica licenciada. Visitas personalizadas con una gu\u00eda experimentada y apasionada.","robots":{"index":"index","follow":"follow","max-snippet":"max-snippet:-1","max-image-preview":"max-image-preview:large","max-video-preview":"max-video-preview:-1"},"canonical":"https:\/\/puglialovesmatera.com\/es\/visita-guidata\/visita-guiada-al-parque-arqueologico-de-manduria\/","og_locale":"es_ES","og_type":"article","og_title":"Visita guiada al Parque Arqueol\u00f3gico de Manduria","og_description":"Explora el Parque Arqueol\u00f3gico de Manduria con Alessandra Di Mauro, arque\u00f3loga y gu\u00eda tur\u00edstica licenciada. Visitas personalizadas con una gu\u00eda experimentada y apasionada.","og_url":"https:\/\/puglialovesmatera.com\/es\/visita-guidata\/visita-guiada-al-parque-arqueologico-de-manduria\/","og_site_name":"Puglia Loves Matera","og_image":[{"width":500,"height":500,"url":"https:\/\/puglialovesmatera.com\/wp-content\/uploads\/2024\/07\/Visita-guidata-parco-archeologico-di-Manduria.jpg","type":"image\/jpeg"}],"twitter_card":"summary_large_image","twitter_misc":{"Tiempo de lectura":"2 minutos"},"schema":{"@context":"https:\/\/schema.org","@graph":[{"@type":"WebPage","@id":"https:\/\/puglialovesmatera.com\/es\/visita-guidata\/visita-guiada-al-parque-arqueologico-de-manduria\/","url":"https:\/\/puglialovesmatera.com\/es\/visita-guidata\/visita-guiada-al-parque-arqueologico-de-manduria\/","name":"Visita guiada al Parque Arqueol\u00f3gico de Manduria","isPartOf":{"@id":"https:\/\/puglialovesmatera.com\/es\/#website"},"primaryImageOfPage":{"@id":"https:\/\/puglialovesmatera.com\/es\/visita-guidata\/visita-guiada-al-parque-arqueologico-de-manduria\/#primaryimage"},"image":{"@id":"https:\/\/puglialovesmatera.com\/es\/visita-guidata\/visita-guiada-al-parque-arqueologico-de-manduria\/#primaryimage"},"thumbnailUrl":"https:\/\/puglialovesmatera.com\/wp-content\/uploads\/2024\/07\/Visita-guidata-parco-archeologico-di-Manduria.jpg","datePublished":"2024-07-27T08:01:47+00:00","description":"Explora el Parque Arqueol\u00f3gico de Manduria con Alessandra Di Mauro, arque\u00f3loga y gu\u00eda tur\u00edstica licenciada. Visitas personalizadas con una gu\u00eda experimentada y apasionada.","breadcrumb":{"@id":"https:\/\/puglialovesmatera.com\/es\/visita-guidata\/visita-guiada-al-parque-arqueologico-de-manduria\/#breadcrumb"},"inLanguage":"es","potentialAction":[{"@type":"ReadAction","target":["https:\/\/puglialovesmatera.com\/es\/visita-guidata\/visita-guiada-al-parque-arqueologico-de-manduria\/"]}]},{"@type":"ImageObject","inLanguage":"es","@id":"https:\/\/puglialovesmatera.com\/es\/visita-guidata\/visita-guiada-al-parque-arqueologico-de-manduria\/#primaryimage","url":"https:\/\/puglialovesmatera.com\/wp-content\/uploads\/2024\/07\/Visita-guidata-parco-archeologico-di-Manduria.jpg","contentUrl":"https:\/\/puglialovesmatera.com\/wp-content\/uploads\/2024\/07\/Visita-guidata-parco-archeologico-di-Manduria.jpg","width":500,"height":500},{"@type":"BreadcrumbList","@id":"https:\/\/puglialovesmatera.com\/es\/visita-guidata\/visita-guiada-al-parque-arqueologico-de-manduria\/#breadcrumb","itemListElement":[{"@type":"ListItem","position":1,"name":"Home","item":"https:\/\/puglialovesmatera.com\/es\/"},{"@type":"ListItem","position":2,"name":"Todas las visitas guiadas","item":"https:\/\/puglialovesmatera.com\/es\/visitas-todas-guiadas\/"},{"@type":"ListItem","position":3,"name":"Visita guiada al parque arqueol\u00f3gico de Manduria"}]},{"@type":"WebSite","@id":"https:\/\/puglialovesmatera.com\/es\/#website","url":"https:\/\/puglialovesmatera.com\/es\/","name":"Puglia Loves Matera","description":"Ars Mediterranea Scario","publisher":{"@id":"https:\/\/puglialovesmatera.com\/es\/#organization"},"potentialAction":[{"@type":"SearchAction","target":{"@type":"EntryPoint","urlTemplate":"https:\/\/puglialovesmatera.com\/es\/?s={search_term_string}"},"query-input":{"@type":"PropertyValueSpecification","valueRequired":true,"valueName":"search_term_string"}}],"inLanguage":"es"},{"@type":"Organization","@id":"https:\/\/puglialovesmatera.com\/es\/#organization","name":"Puglia Loves Matera","url":"https:\/\/puglialovesmatera.com\/es\/","logo":{"@type":"ImageObject","inLanguage":"es","@id":"https:\/\/puglialovesmatera.com\/es\/#\/schema\/logo\/image\/","url":"https:\/\/puglialovesmatera.com\/wp-content\/uploads\/2024\/07\/Group-14.svg","contentUrl":"https:\/\/puglialovesmatera.com\/wp-content\/uploads\/2024\/07\/Group-14.svg","width":371,"height":381,"caption":"Puglia Loves Matera"},"image":{"@id":"https:\/\/puglialovesmatera.com\/es\/#\/schema\/logo\/image\/"}}]}},"_links":{"self":[{"href":"https:\/\/puglialovesmatera.com\/es\/wp-json\/wp\/v2\/product\/3440","targetHints":{"allow":["GET"]}}],"collection":[{"href":"https:\/\/puglialovesmatera.com\/es\/wp-json\/wp\/v2\/product"}],"about":[{"href":"https:\/\/puglialovesmatera.com\/es\/wp-json\/wp\/v2\/types\/product"}],"replies":[{"embeddable":true,"href":"https:\/\/puglialovesmatera.com\/es\/wp-json\/wp\/v2\/comments?post=3440"}],"wp:featuredmedia":[{"embeddable":true,"href":"https:\/\/puglialovesmatera.com\/es\/wp-json\/wp\/v2\/media\/2753"}],"wp:attachment":[{"href":"https:\/\/puglialovesmatera.com\/es\/wp-json\/wp\/v2\/media?parent=3440"}],"wp:term":[{"taxonomy":"product_brand","embeddable":true,"href":"https:\/\/puglialovesmatera.com\/es\/wp-json\/wp\/v2\/product_brand?post=3440"},{"taxonomy":"product_cat","embeddable":true,"href":"https:\/\/puglialovesmatera.com\/es\/wp-json\/wp\/v2\/product_cat?post=3440"},{"taxonomy":"product_tag","embeddable":true,"href":"https:\/\/puglialovesmatera.com\/es\/wp-json\/wp\/v2\/product_tag?post=3440"}],"curies":[{"name":"wp","href":"https:\/\/api.w.org\/{rel}","templated":true}]}}