{"id":3443,"date":"2024-07-27T08:01:29","date_gmt":"2024-07-27T08:01:29","guid":{"rendered":"https:\/\/puglialovesmatera.com\/visita-guidata\/visita-guiada-al-museo-arqueologico-nacional-marta-de-taranto\/"},"modified":"2024-07-27T08:01:29","modified_gmt":"2024-07-27T08:01:29","slug":"visita-guiada-al-museo-arqueologico-nacional-marta-de-taranto","status":"publish","type":"product","link":"https:\/\/puglialovesmatera.com\/es\/visita-guidata\/visita-guiada-al-museo-arqueologico-nacional-marta-de-taranto\/","title":{"rendered":"Visita guiada al Museo Arqueol\u00f3gico Nacional Marta de Taranto"},"content":{"rendered":"<h3>Inicio de la visita<\/h3>\n<p>  Mis visitas guiadas al Museo Arqueol\u00f3gico Nacional M.A.R.T.A. de Tarento te llevar\u00e1n a conocer uno de los museos m\u00e1s importantes y ricos de Italia.<br \/>\nEl museo alberga una extraordinaria colecci\u00f3n que abarca desde la Prehistoria hasta la Edad Media.   <\/p>\n<h3>Fundaci\u00f3n Taranto<\/h3>\n<p>  Comenzamos el recorrido cronol\u00f3gico con objetos de la fundaci\u00f3n de la ciudad por los espartanos en el a\u00f1o 706 a.C. Las primeras salas del museo muestran artefactos y pruebas de este importante periodo, que nos permiten echar un vistazo al nacimiento de Tarento.  <\/p>\n<h3>Obras de raro valor<\/h3>\n<p>  Continuamos la visita explorando las vitrinas que albergan obras de raro valor, como el Zeus estilita, la Venus de Parabita y los vasos de figuras rojas de Apulia.<br \/>\nEstas piezas no s\u00f3lo son excepcionales por su belleza art\u00edstica, sino tambi\u00e9n por su importancia hist\u00f3rica y cultural.   <\/p>\n<h3>Conquista romana de Tarento<\/h3>\n<p>  La visita continuar\u00e1 en las salas dedicadas a la conquista romana de Tarento.<br \/>\nAqu\u00ed admiraremos hermosos mosaicos en el suelo y otros objetos que atestiguan la influencia romana en la ciudad.<br \/>\nCada pieza cuenta una historia de integraci\u00f3n y transformaci\u00f3n cultural.    <\/p>\n<h3>Antig\u00fcedad tard\u00eda y Edad Media<\/h3>\n<p>  A continuaci\u00f3n pasaremos a las salas que ilustran la Antig\u00fcedad tard\u00eda y la Edad Media, explorando c\u00f3mo Tarento evolucion\u00f3 a lo largo de los siglos.<br \/>\nEntre las obras maestras imperdibles, encontraremos el pendiente de lanzadera, el cascanueces, las \u00e1nforas panatenaicas del atleta de Tarento, la diadema de la Tumba de los Oros de Canosa y el mosaico del suelo con s\u00e1tiro y ninfa.   <\/p>\n<h3>Obras maestras ineludibles<\/h3>\n<p>  Durante la visita, me asegurar\u00e9 de mostrarte algunas de las obras maestras m\u00e1s notables del museo, como el pendiente de lanzadera, la diadema de la Tumba de los Oros de Canosa y el mosaico del suelo con s\u00e1tiro y ninfa.<br \/>\nEstas piezas no s\u00f3lo son espectaculares desde el punto de vista art\u00edstico, sino que tambi\u00e9n ofrecen una importante visi\u00f3n de las vidas y creencias de las personas que las crearon.   <\/p>\n<h3>Informaci\u00f3n adicional<\/h3>\n<p>  Mis visitas guiadas al Museo Arqueol\u00f3gico Nacional M.A.R.T.A. de Tarento son una oportunidad ineludible para todo aquel que quiera aprender m\u00e1s sobre la historia y la arqueolog\u00eda de esta fascinante ciudad.<br \/>\nGracias a mi formaci\u00f3n continua y a mi pasi\u00f3n por la historia, podr\u00e9 involucrarte en una historia apasionante y llena de detalles, haciendo de cada visita una experiencia \u00fanica.   <strong>El enfoque en la personalizaci\u00f3n de las visitas permite adaptar el itinerario y las explicaciones a los intereses espec\u00edficos de los visitantes, garantizando una experiencia a medida y de alta calidad.<br \/>\nMi puntualidad y fiabilidad garantizan un servicio profesional e impecable. <\/strong>  No pierdas la oportunidad de experimentar un viaje en el tiempo entre los tesoros del Museo Arqueol\u00f3gico Nacional M.A.R.T.A., donde cada rinc\u00f3n cuenta una historia y cada artefacto es testimonio de una civilizaci\u00f3n de miles de a\u00f1os de antig\u00fcedad.<br \/>\nPara m\u00e1s informaci\u00f3n y reservas, ponte en contacto conmigo para acordar el precio de la visita guiada.<br \/>\nEstar\u00e9 encantada de acompa\u00f1arte en esta extraordinaria aventura cultural e hist\u00f3rica.  <\/p>\n","protected":false},"excerpt":{"rendered":"<p>El Museo Arqueol\u00f3gico Nacional M.A.R.T.A. de Tarento es uno de los m\u00e1s importantes de Italia, con colecciones que abarcan desde la Prehistoria hasta la Edad Media.<br \/>\nPodr\u00e1s admirar obras de raro valor, como el Zeus Estilita, la Venus de Parabita, vasos de figuras rojas de Apulia y espl\u00e9ndidos mosaicos romanos.<br \/>\nLa visita guiada te dar\u00e1 una visi\u00f3n general de la historia y las influencias culturales de Tarento.  <\/p>\n","protected":false},"featured_media":2744,"comment_status":"open","ping_status":"closed","template":"","meta":{"_acf_changed":false},"product_brand":[],"product_cat":[74],"product_tag":[],"class_list":{"0":"post-3443","1":"product","2":"type-product","3":"status-publish","4":"has-post-thumbnail","6":"product_cat-museos-y-monumentos-nacionales-de-apulia","8":"first","9":"instock","10":"shipping-taxable","11":"product-type-simple"},"acf":[],"yoast_head":"<!-- This site is optimized with the Yoast SEO plugin v27.3 - https:\/\/yoast.com\/product\/yoast-seo-wordpress\/ -->\n<title>Visita guiada al Museo Arqueol\u00f3gico Nacional M.A.R.T.A. de Tarento<\/title>\n<meta name=\"description\" content=\"Explora el Museo Arqueol\u00f3gico Nacional M.A.R.T.A. de Tarento con Alessandra Di Mauro, arque\u00f3loga y gu\u00eda tur\u00edstica licenciada.\" \/>\n<meta name=\"robots\" content=\"index, follow, max-snippet:-1, max-image-preview:large, max-video-preview:-1\" \/>\n<link rel=\"canonical\" href=\"https:\/\/puglialovesmatera.com\/es\/visita-guidata\/visita-guiada-al-museo-arqueologico-nacional-marta-de-taranto\/\" \/>\n<meta property=\"og:locale\" content=\"es_ES\" \/>\n<meta property=\"og:type\" content=\"article\" \/>\n<meta property=\"og:title\" content=\"Visita guiada al Museo Arqueol\u00f3gico Nacional M.A.R.T.A. de Tarento\" \/>\n<meta property=\"og:description\" content=\"Explora el Museo Arqueol\u00f3gico Nacional M.A.R.T.A. de Tarento con Alessandra Di Mauro, arque\u00f3loga y gu\u00eda tur\u00edstica licenciada.\" \/>\n<meta property=\"og:url\" content=\"https:\/\/puglialovesmatera.com\/es\/visita-guidata\/visita-guiada-al-museo-arqueologico-nacional-marta-de-taranto\/\" \/>\n<meta property=\"og:site_name\" content=\"Puglia Loves Matera\" \/>\n<meta property=\"og:image\" content=\"https:\/\/puglialovesmatera.com\/wp-content\/uploads\/2024\/07\/Visita-guidata-Marta-Taranto.jpg\" \/>\n\t<meta property=\"og:image:width\" content=\"500\" \/>\n\t<meta property=\"og:image:height\" content=\"500\" \/>\n\t<meta property=\"og:image:type\" content=\"image\/jpeg\" \/>\n<meta name=\"twitter:card\" content=\"summary_large_image\" \/>\n<meta name=\"twitter:label1\" content=\"Tiempo de lectura\" \/>\n\t<meta name=\"twitter:data1\" content=\"3 minutos\" \/>\n<script type=\"application\/ld+json\" class=\"yoast-schema-graph\">{\"@context\":\"https:\\\/\\\/schema.org\",\"@graph\":[{\"@type\":\"WebPage\",\"@id\":\"https:\\\/\\\/puglialovesmatera.com\\\/es\\\/visita-guidata\\\/visita-guiada-al-museo-arqueologico-nacional-marta-de-taranto\\\/\",\"url\":\"https:\\\/\\\/puglialovesmatera.com\\\/es\\\/visita-guidata\\\/visita-guiada-al-museo-arqueologico-nacional-marta-de-taranto\\\/\",\"name\":\"Visita guiada al Museo Arqueol\u00f3gico Nacional M.A.R.T.A. de Tarento\",\"isPartOf\":{\"@id\":\"https:\\\/\\\/puglialovesmatera.com\\\/es\\\/#website\"},\"primaryImageOfPage\":{\"@id\":\"https:\\\/\\\/puglialovesmatera.com\\\/es\\\/visita-guidata\\\/visita-guiada-al-museo-arqueologico-nacional-marta-de-taranto\\\/#primaryimage\"},\"image\":{\"@id\":\"https:\\\/\\\/puglialovesmatera.com\\\/es\\\/visita-guidata\\\/visita-guiada-al-museo-arqueologico-nacional-marta-de-taranto\\\/#primaryimage\"},\"thumbnailUrl\":\"https:\\\/\\\/puglialovesmatera.com\\\/wp-content\\\/uploads\\\/2024\\\/07\\\/Visita-guidata-Marta-Taranto.jpg\",\"datePublished\":\"2024-07-27T08:01:29+00:00\",\"description\":\"Explora el Museo Arqueol\u00f3gico Nacional M.A.R.T.A. de Tarento con Alessandra Di Mauro, arque\u00f3loga y gu\u00eda tur\u00edstica licenciada.\",\"breadcrumb\":{\"@id\":\"https:\\\/\\\/puglialovesmatera.com\\\/es\\\/visita-guidata\\\/visita-guiada-al-museo-arqueologico-nacional-marta-de-taranto\\\/#breadcrumb\"},\"inLanguage\":\"es\",\"potentialAction\":[{\"@type\":\"ReadAction\",\"target\":[\"https:\\\/\\\/puglialovesmatera.com\\\/es\\\/visita-guidata\\\/visita-guiada-al-museo-arqueologico-nacional-marta-de-taranto\\\/\"]}]},{\"@type\":\"ImageObject\",\"inLanguage\":\"es\",\"@id\":\"https:\\\/\\\/puglialovesmatera.com\\\/es\\\/visita-guidata\\\/visita-guiada-al-museo-arqueologico-nacional-marta-de-taranto\\\/#primaryimage\",\"url\":\"https:\\\/\\\/puglialovesmatera.com\\\/wp-content\\\/uploads\\\/2024\\\/07\\\/Visita-guidata-Marta-Taranto.jpg\",\"contentUrl\":\"https:\\\/\\\/puglialovesmatera.com\\\/wp-content\\\/uploads\\\/2024\\\/07\\\/Visita-guidata-Marta-Taranto.jpg\",\"width\":500,\"height\":500},{\"@type\":\"BreadcrumbList\",\"@id\":\"https:\\\/\\\/puglialovesmatera.com\\\/es\\\/visita-guidata\\\/visita-guiada-al-museo-arqueologico-nacional-marta-de-taranto\\\/#breadcrumb\",\"itemListElement\":[{\"@type\":\"ListItem\",\"position\":1,\"name\":\"Home\",\"item\":\"https:\\\/\\\/puglialovesmatera.com\\\/es\\\/\"},{\"@type\":\"ListItem\",\"position\":2,\"name\":\"Todas las visitas guiadas\",\"item\":\"https:\\\/\\\/puglialovesmatera.com\\\/es\\\/visitas-todas-guiadas\\\/\"},{\"@type\":\"ListItem\",\"position\":3,\"name\":\"Visita guiada al Museo Arqueol\u00f3gico Nacional Marta de Taranto\"}]},{\"@type\":\"WebSite\",\"@id\":\"https:\\\/\\\/puglialovesmatera.com\\\/es\\\/#website\",\"url\":\"https:\\\/\\\/puglialovesmatera.com\\\/es\\\/\",\"name\":\"Puglia Loves Matera\",\"description\":\"Ars Mediterranea Scario\",\"publisher\":{\"@id\":\"https:\\\/\\\/puglialovesmatera.com\\\/es\\\/#organization\"},\"potentialAction\":[{\"@type\":\"SearchAction\",\"target\":{\"@type\":\"EntryPoint\",\"urlTemplate\":\"https:\\\/\\\/puglialovesmatera.com\\\/es\\\/?s={search_term_string}\"},\"query-input\":{\"@type\":\"PropertyValueSpecification\",\"valueRequired\":true,\"valueName\":\"search_term_string\"}}],\"inLanguage\":\"es\"},{\"@type\":\"Organization\",\"@id\":\"https:\\\/\\\/puglialovesmatera.com\\\/es\\\/#organization\",\"name\":\"Puglia Loves Matera\",\"url\":\"https:\\\/\\\/puglialovesmatera.com\\\/es\\\/\",\"logo\":{\"@type\":\"ImageObject\",\"inLanguage\":\"es\",\"@id\":\"https:\\\/\\\/puglialovesmatera.com\\\/es\\\/#\\\/schema\\\/logo\\\/image\\\/\",\"url\":\"https:\\\/\\\/puglialovesmatera.com\\\/wp-content\\\/uploads\\\/2024\\\/07\\\/Group-14.svg\",\"contentUrl\":\"https:\\\/\\\/puglialovesmatera.com\\\/wp-content\\\/uploads\\\/2024\\\/07\\\/Group-14.svg\",\"width\":371,\"height\":381,\"caption\":\"Puglia Loves Matera\"},\"image\":{\"@id\":\"https:\\\/\\\/puglialovesmatera.com\\\/es\\\/#\\\/schema\\\/logo\\\/image\\\/\"}}]}<\/script>\n<!-- \/ Yoast SEO plugin. -->","yoast_head_json":{"title":"Visita guiada al Museo Arqueol\u00f3gico Nacional M.A.R.T.A. de Tarento","description":"Explora el Museo Arqueol\u00f3gico Nacional M.A.R.T.A. de Tarento con Alessandra Di Mauro, arque\u00f3loga y gu\u00eda tur\u00edstica licenciada.","robots":{"index":"index","follow":"follow","max-snippet":"max-snippet:-1","max-image-preview":"max-image-preview:large","max-video-preview":"max-video-preview:-1"},"canonical":"https:\/\/puglialovesmatera.com\/es\/visita-guidata\/visita-guiada-al-museo-arqueologico-nacional-marta-de-taranto\/","og_locale":"es_ES","og_type":"article","og_title":"Visita guiada al Museo Arqueol\u00f3gico Nacional M.A.R.T.A. de Tarento","og_description":"Explora el Museo Arqueol\u00f3gico Nacional M.A.R.T.A. de Tarento con Alessandra Di Mauro, arque\u00f3loga y gu\u00eda tur\u00edstica licenciada.","og_url":"https:\/\/puglialovesmatera.com\/es\/visita-guidata\/visita-guiada-al-museo-arqueologico-nacional-marta-de-taranto\/","og_site_name":"Puglia Loves Matera","og_image":[{"width":500,"height":500,"url":"https:\/\/puglialovesmatera.com\/wp-content\/uploads\/2024\/07\/Visita-guidata-Marta-Taranto.jpg","type":"image\/jpeg"}],"twitter_card":"summary_large_image","twitter_misc":{"Tiempo de lectura":"3 minutos"},"schema":{"@context":"https:\/\/schema.org","@graph":[{"@type":"WebPage","@id":"https:\/\/puglialovesmatera.com\/es\/visita-guidata\/visita-guiada-al-museo-arqueologico-nacional-marta-de-taranto\/","url":"https:\/\/puglialovesmatera.com\/es\/visita-guidata\/visita-guiada-al-museo-arqueologico-nacional-marta-de-taranto\/","name":"Visita guiada al Museo Arqueol\u00f3gico Nacional M.A.R.T.A. de Tarento","isPartOf":{"@id":"https:\/\/puglialovesmatera.com\/es\/#website"},"primaryImageOfPage":{"@id":"https:\/\/puglialovesmatera.com\/es\/visita-guidata\/visita-guiada-al-museo-arqueologico-nacional-marta-de-taranto\/#primaryimage"},"image":{"@id":"https:\/\/puglialovesmatera.com\/es\/visita-guidata\/visita-guiada-al-museo-arqueologico-nacional-marta-de-taranto\/#primaryimage"},"thumbnailUrl":"https:\/\/puglialovesmatera.com\/wp-content\/uploads\/2024\/07\/Visita-guidata-Marta-Taranto.jpg","datePublished":"2024-07-27T08:01:29+00:00","description":"Explora el Museo Arqueol\u00f3gico Nacional M.A.R.T.A. de Tarento con Alessandra Di Mauro, arque\u00f3loga y gu\u00eda tur\u00edstica licenciada.","breadcrumb":{"@id":"https:\/\/puglialovesmatera.com\/es\/visita-guidata\/visita-guiada-al-museo-arqueologico-nacional-marta-de-taranto\/#breadcrumb"},"inLanguage":"es","potentialAction":[{"@type":"ReadAction","target":["https:\/\/puglialovesmatera.com\/es\/visita-guidata\/visita-guiada-al-museo-arqueologico-nacional-marta-de-taranto\/"]}]},{"@type":"ImageObject","inLanguage":"es","@id":"https:\/\/puglialovesmatera.com\/es\/visita-guidata\/visita-guiada-al-museo-arqueologico-nacional-marta-de-taranto\/#primaryimage","url":"https:\/\/puglialovesmatera.com\/wp-content\/uploads\/2024\/07\/Visita-guidata-Marta-Taranto.jpg","contentUrl":"https:\/\/puglialovesmatera.com\/wp-content\/uploads\/2024\/07\/Visita-guidata-Marta-Taranto.jpg","width":500,"height":500},{"@type":"BreadcrumbList","@id":"https:\/\/puglialovesmatera.com\/es\/visita-guidata\/visita-guiada-al-museo-arqueologico-nacional-marta-de-taranto\/#breadcrumb","itemListElement":[{"@type":"ListItem","position":1,"name":"Home","item":"https:\/\/puglialovesmatera.com\/es\/"},{"@type":"ListItem","position":2,"name":"Todas las visitas guiadas","item":"https:\/\/puglialovesmatera.com\/es\/visitas-todas-guiadas\/"},{"@type":"ListItem","position":3,"name":"Visita guiada al Museo Arqueol\u00f3gico Nacional Marta de Taranto"}]},{"@type":"WebSite","@id":"https:\/\/puglialovesmatera.com\/es\/#website","url":"https:\/\/puglialovesmatera.com\/es\/","name":"Puglia Loves Matera","description":"Ars Mediterranea Scario","publisher":{"@id":"https:\/\/puglialovesmatera.com\/es\/#organization"},"potentialAction":[{"@type":"SearchAction","target":{"@type":"EntryPoint","urlTemplate":"https:\/\/puglialovesmatera.com\/es\/?s={search_term_string}"},"query-input":{"@type":"PropertyValueSpecification","valueRequired":true,"valueName":"search_term_string"}}],"inLanguage":"es"},{"@type":"Organization","@id":"https:\/\/puglialovesmatera.com\/es\/#organization","name":"Puglia Loves Matera","url":"https:\/\/puglialovesmatera.com\/es\/","logo":{"@type":"ImageObject","inLanguage":"es","@id":"https:\/\/puglialovesmatera.com\/es\/#\/schema\/logo\/image\/","url":"https:\/\/puglialovesmatera.com\/wp-content\/uploads\/2024\/07\/Group-14.svg","contentUrl":"https:\/\/puglialovesmatera.com\/wp-content\/uploads\/2024\/07\/Group-14.svg","width":371,"height":381,"caption":"Puglia Loves Matera"},"image":{"@id":"https:\/\/puglialovesmatera.com\/es\/#\/schema\/logo\/image\/"}}]}},"_links":{"self":[{"href":"https:\/\/puglialovesmatera.com\/es\/wp-json\/wp\/v2\/product\/3443","targetHints":{"allow":["GET"]}}],"collection":[{"href":"https:\/\/puglialovesmatera.com\/es\/wp-json\/wp\/v2\/product"}],"about":[{"href":"https:\/\/puglialovesmatera.com\/es\/wp-json\/wp\/v2\/types\/product"}],"replies":[{"embeddable":true,"href":"https:\/\/puglialovesmatera.com\/es\/wp-json\/wp\/v2\/comments?post=3443"}],"wp:featuredmedia":[{"embeddable":true,"href":"https:\/\/puglialovesmatera.com\/es\/wp-json\/wp\/v2\/media\/2744"}],"wp:attachment":[{"href":"https:\/\/puglialovesmatera.com\/es\/wp-json\/wp\/v2\/media?parent=3443"}],"wp:term":[{"taxonomy":"product_brand","embeddable":true,"href":"https:\/\/puglialovesmatera.com\/es\/wp-json\/wp\/v2\/product_brand?post=3443"},{"taxonomy":"product_cat","embeddable":true,"href":"https:\/\/puglialovesmatera.com\/es\/wp-json\/wp\/v2\/product_cat?post=3443"},{"taxonomy":"product_tag","embeddable":true,"href":"https:\/\/puglialovesmatera.com\/es\/wp-json\/wp\/v2\/product_tag?post=3443"}],"curies":[{"name":"wp","href":"https:\/\/api.w.org\/{rel}","templated":true}]}}