{"id":3324,"date":"2024-07-23T12:28:54","date_gmt":"2024-07-23T12:28:54","guid":{"rendered":"https:\/\/puglialovesmatera.com\/visita-guidata\/visite-guidee-de-tarente-le-centre-historique-et-sa-cathedrale\/"},"modified":"2024-07-23T12:28:54","modified_gmt":"2024-07-23T12:28:54","slug":"visite-guidee-de-tarente-le-centre-historique-et-sa-cathedrale","status":"publish","type":"product","link":"https:\/\/puglialovesmatera.com\/fr\/visita-guidata\/visite-guidee-de-tarente-le-centre-historique-et-sa-cathedrale\/","title":{"rendered":"Visite guid\u00e9e de Tarente : le centre historique et sa cath\u00e9drale"},"content":{"rendered":"<h3>Visite guid\u00e9e de Tarente, la ville des deux mers<\/h3>\n<p>  Au cours de cette <strong>visite guid\u00e9e de Tarente<\/strong>, nous explorerons les preuves uniques de la fondation de Tarente par les Spartiates en 706 av. Nous admirerons les vestiges du temple dorique, symbole de la colonie de la Grande Gr\u00e8ce, et visiterons la cath\u00e9drale de San Cataldo, avec sa crypte et son cappellone.<br \/>\nNotre promenade commencera dans le c\u0153ur battant de la ville, \u00e0 travers les ruelles de la \u00ab\u00a0vieille ville\u00a0\u00bb, o\u00f9 nous d\u00e9couvrirons l&rsquo;histoire et les l\u00e9gendes qui font de Tarente une ville unique.   <\/p>\n<h3>Les tr\u00e9sors de la Grande Gr\u00e8ce et la cath\u00e9drale de San Cataldo<\/h3>\n<p>  Notre exploration nous m\u00e8nera aux vestiges du temple dorique, t\u00e9moin de l&rsquo;ancienne colonie de la Grande Gr\u00e8ce.<br \/>\nNous visiterons la cath\u00e9drale de San Cataldo, d\u00e9di\u00e9e au saint patron de Tarente, avec sa fascinante crypte et sa chapelle riche en histoire et en art sacr\u00e9.<br \/>\nIci, nous reconstituerons ensemble les \u00e9v\u00e9nements historiques d&rsquo;un incroyable carrefour de dominations et de cultures qui ont laiss\u00e9 des traces ind\u00e9l\u00e9biles dans la ville.    <\/p>\n<h3>Un carrefour de cultures et de dominations<\/h3>\n<p>  Tarente a \u00e9t\u00e9 le point de rencontre de diff\u00e9rentes civilisations, des Romains aux Byzantins, des Normands aux Angevins et aux Espagnols.<br \/>\nChaque domination a laiss\u00e9 un h\u00e9ritage de traditions et de monuments que nous explorerons au cours de notre visite guid\u00e9e de Tarente.<br \/>\nNous d\u00e9couvrirons comment ces influences ont fa\u00e7onn\u00e9 la culture et l&rsquo;architecture de la ville, cr\u00e9ant une mosa\u00efque d&rsquo;histoire et d&rsquo;art qui rend Tarente unique.    <\/p>\n<h3>Monuments embl\u00e9matiques et charme de la mer<\/h3>\n<p>  Nous admirerons de l&rsquo;ext\u00e9rieur le majestueux ch\u00e2teau aragonais, une forteresse qui domine le paysage de Tarente.<br \/>\nNous continuerons vers le canal navigable et le pont tournant, structures embl\u00e9matiques qui caract\u00e9risent la ville.<br \/>\nNotre promenade nous m\u00e8nera \u00e9galement aux \u00eeles Cheradi, situ\u00e9es dans le pittoresque golfe de Tarente.<br \/>\nNous ne perdrons jamais de vue la mer, qui nous accompagnera tout au long de notre promenade et nous offrira des vues panoramiques inoubliables.     <\/p>\n<h3>Promenade dans la vieille ville<\/h3>\n<p>  Notre visite se terminera par une promenade dans les ruelles \u00e9troites et caract\u00e9ristiques de la \u00ab\u00a0vieille ville\u00a0\u00bb.<br \/>\nNous marcherons jusqu&rsquo;\u00e0 la ruelle la plus \u00e9troite, symbole de l&rsquo;historicit\u00e9 et du charme intemporel de Tarente.<br \/>\nChaque recoin raconte une histoire, et la mer sera notre fid\u00e8le compagne tout au long du parcours, ce qui en fera une exp\u00e9rience inoubliable et charg\u00e9e d&rsquo;\u00e9motion.<br \/>\nRejoignez-nous pour une <strong>visite guid\u00e9e de Tarente, la ville des deux mers<\/strong>, et d\u00e9couvrez son histoire fascinante, ses monuments embl\u00e9matiques et le charme de sa mer.   <\/p>\n","protected":false},"excerpt":{"rendered":"<p>Plongez dans l&rsquo;histoire de Tarente en visitant sa magnifique cath\u00e9drale San Cataldo.<br \/>\nCette \u00e9glise, \u00e0 l&rsquo;architecture baroque fascinante, t\u00e9moigne de la richesse culturelle et religieuse de la ville.<br \/>\nLa visite guid\u00e9e vous fera traverser les si\u00e8cles, r\u00e9v\u00e9lant les splendeurs artistiques et historiques qui font de la cath\u00e9drale un lieu de culte et d&rsquo;\u00e9merveillement.  <\/p>\n","protected":false},"featured_media":2770,"comment_status":"open","ping_status":"closed","template":"","meta":{"_acf_changed":false},"product_brand":[],"product_cat":[65],"product_tag":[],"class_list":{"0":"post-3324","1":"product","2":"type-product","3":"status-publish","4":"has-post-thumbnail","6":"product_cat-tarente-entre-histoire-et-artisanat","8":"first","9":"instock","10":"shipping-taxable","11":"product-type-simple"},"acf":[],"yoast_head":"<!-- This site is optimized with the Yoast SEO plugin v27.3 - https:\/\/yoast.com\/product\/yoast-seo-wordpress\/ -->\n<title>Visite guid\u00e9e de Tarente avec un guide professionnel agr\u00e9\u00e9<\/title>\n<meta name=\"description\" content=\"Visite guid\u00e9e de Tarente avec un guide professionnel agr\u00e9\u00e9. D\u00e9couvrez les monuments historiques et le charme de la mer. Contactez-moi\" \/>\n<meta name=\"robots\" content=\"index, follow, max-snippet:-1, max-image-preview:large, max-video-preview:-1\" \/>\n<link rel=\"canonical\" href=\"https:\/\/puglialovesmatera.com\/fr\/visita-guidata\/visite-guidee-de-tarente-le-centre-historique-et-sa-cathedrale\/\" \/>\n<meta property=\"og:locale\" content=\"fr_FR\" \/>\n<meta property=\"og:type\" content=\"article\" \/>\n<meta property=\"og:title\" content=\"Visite guid\u00e9e de Tarente avec un guide professionnel agr\u00e9\u00e9\" \/>\n<meta property=\"og:description\" content=\"Visite guid\u00e9e de Tarente avec un guide professionnel agr\u00e9\u00e9. D\u00e9couvrez les monuments historiques et le charme de la mer. Contactez-moi\" \/>\n<meta property=\"og:url\" content=\"https:\/\/puglialovesmatera.com\/fr\/visita-guidata\/visite-guidee-de-tarente-le-centre-historique-et-sa-cathedrale\/\" \/>\n<meta property=\"og:site_name\" content=\"Puglia Loves Matera\" \/>\n<meta property=\"og:image\" content=\"https:\/\/puglialovesmatera.com\/wp-content\/uploads\/2024\/07\/Visita-guidata-Taranto.jpg\" \/>\n\t<meta property=\"og:image:width\" content=\"500\" \/>\n\t<meta property=\"og:image:height\" content=\"500\" \/>\n\t<meta property=\"og:image:type\" content=\"image\/jpeg\" \/>\n<meta name=\"twitter:card\" content=\"summary_large_image\" \/>\n<meta name=\"twitter:label1\" content=\"Dur\u00e9e de lecture estim\u00e9e\" \/>\n\t<meta name=\"twitter:data1\" content=\"2 minutes\" \/>\n<script type=\"application\/ld+json\" class=\"yoast-schema-graph\">{\"@context\":\"https:\\\/\\\/schema.org\",\"@graph\":[{\"@type\":\"WebPage\",\"@id\":\"https:\\\/\\\/puglialovesmatera.com\\\/fr\\\/visita-guidata\\\/visite-guidee-de-tarente-le-centre-historique-et-sa-cathedrale\\\/\",\"url\":\"https:\\\/\\\/puglialovesmatera.com\\\/fr\\\/visita-guidata\\\/visite-guidee-de-tarente-le-centre-historique-et-sa-cathedrale\\\/\",\"name\":\"Visite guid\u00e9e de Tarente avec un guide professionnel agr\u00e9\u00e9\",\"isPartOf\":{\"@id\":\"https:\\\/\\\/puglialovesmatera.com\\\/fr\\\/#website\"},\"primaryImageOfPage\":{\"@id\":\"https:\\\/\\\/puglialovesmatera.com\\\/fr\\\/visita-guidata\\\/visite-guidee-de-tarente-le-centre-historique-et-sa-cathedrale\\\/#primaryimage\"},\"image\":{\"@id\":\"https:\\\/\\\/puglialovesmatera.com\\\/fr\\\/visita-guidata\\\/visite-guidee-de-tarente-le-centre-historique-et-sa-cathedrale\\\/#primaryimage\"},\"thumbnailUrl\":\"https:\\\/\\\/puglialovesmatera.com\\\/wp-content\\\/uploads\\\/2024\\\/07\\\/Visita-guidata-Taranto.jpg\",\"datePublished\":\"2024-07-23T12:28:54+00:00\",\"description\":\"Visite guid\u00e9e de Tarente avec un guide professionnel agr\u00e9\u00e9. D\u00e9couvrez les monuments historiques et le charme de la mer. Contactez-moi\",\"breadcrumb\":{\"@id\":\"https:\\\/\\\/puglialovesmatera.com\\\/fr\\\/visita-guidata\\\/visite-guidee-de-tarente-le-centre-historique-et-sa-cathedrale\\\/#breadcrumb\"},\"inLanguage\":\"fr-FR\",\"potentialAction\":[{\"@type\":\"ReadAction\",\"target\":[\"https:\\\/\\\/puglialovesmatera.com\\\/fr\\\/visita-guidata\\\/visite-guidee-de-tarente-le-centre-historique-et-sa-cathedrale\\\/\"]}]},{\"@type\":\"ImageObject\",\"inLanguage\":\"fr-FR\",\"@id\":\"https:\\\/\\\/puglialovesmatera.com\\\/fr\\\/visita-guidata\\\/visite-guidee-de-tarente-le-centre-historique-et-sa-cathedrale\\\/#primaryimage\",\"url\":\"https:\\\/\\\/puglialovesmatera.com\\\/wp-content\\\/uploads\\\/2024\\\/07\\\/Visita-guidata-Taranto.jpg\",\"contentUrl\":\"https:\\\/\\\/puglialovesmatera.com\\\/wp-content\\\/uploads\\\/2024\\\/07\\\/Visita-guidata-Taranto.jpg\",\"width\":500,\"height\":500},{\"@type\":\"BreadcrumbList\",\"@id\":\"https:\\\/\\\/puglialovesmatera.com\\\/fr\\\/visita-guidata\\\/visite-guidee-de-tarente-le-centre-historique-et-sa-cathedrale\\\/#breadcrumb\",\"itemListElement\":[{\"@type\":\"ListItem\",\"position\":1,\"name\":\"Home\",\"item\":\"https:\\\/\\\/puglialovesmatera.com\\\/fr\\\/accueil-puglia-aime-matera-visites-guidees\\\/\"},{\"@type\":\"ListItem\",\"position\":2,\"name\":\"Toutes les visites guid\u00e9es\",\"item\":\"https:\\\/\\\/puglialovesmatera.com\\\/fr\\\/visites-tout-guidees\\\/\"},{\"@type\":\"ListItem\",\"position\":3,\"name\":\"Visite guid\u00e9e de Tarente : le centre historique et sa cath\u00e9drale\"}]},{\"@type\":\"WebSite\",\"@id\":\"https:\\\/\\\/puglialovesmatera.com\\\/fr\\\/#website\",\"url\":\"https:\\\/\\\/puglialovesmatera.com\\\/fr\\\/\",\"name\":\"Puglia Loves Matera\",\"description\":\"Ars Mediterranea Scario\",\"publisher\":{\"@id\":\"https:\\\/\\\/puglialovesmatera.com\\\/fr\\\/#organization\"},\"potentialAction\":[{\"@type\":\"SearchAction\",\"target\":{\"@type\":\"EntryPoint\",\"urlTemplate\":\"https:\\\/\\\/puglialovesmatera.com\\\/fr\\\/?s={search_term_string}\"},\"query-input\":{\"@type\":\"PropertyValueSpecification\",\"valueRequired\":true,\"valueName\":\"search_term_string\"}}],\"inLanguage\":\"fr-FR\"},{\"@type\":\"Organization\",\"@id\":\"https:\\\/\\\/puglialovesmatera.com\\\/fr\\\/#organization\",\"name\":\"Puglia Loves Matera\",\"url\":\"https:\\\/\\\/puglialovesmatera.com\\\/fr\\\/\",\"logo\":{\"@type\":\"ImageObject\",\"inLanguage\":\"fr-FR\",\"@id\":\"https:\\\/\\\/puglialovesmatera.com\\\/fr\\\/#\\\/schema\\\/logo\\\/image\\\/\",\"url\":\"https:\\\/\\\/puglialovesmatera.com\\\/wp-content\\\/uploads\\\/2024\\\/07\\\/Group-14.svg\",\"contentUrl\":\"https:\\\/\\\/puglialovesmatera.com\\\/wp-content\\\/uploads\\\/2024\\\/07\\\/Group-14.svg\",\"width\":371,\"height\":381,\"caption\":\"Puglia Loves Matera\"},\"image\":{\"@id\":\"https:\\\/\\\/puglialovesmatera.com\\\/fr\\\/#\\\/schema\\\/logo\\\/image\\\/\"}}]}<\/script>\n<!-- \/ Yoast SEO plugin. -->","yoast_head_json":{"title":"Visite guid\u00e9e de Tarente avec un guide professionnel agr\u00e9\u00e9","description":"Visite guid\u00e9e de Tarente avec un guide professionnel agr\u00e9\u00e9. D\u00e9couvrez les monuments historiques et le charme de la mer. Contactez-moi","robots":{"index":"index","follow":"follow","max-snippet":"max-snippet:-1","max-image-preview":"max-image-preview:large","max-video-preview":"max-video-preview:-1"},"canonical":"https:\/\/puglialovesmatera.com\/fr\/visita-guidata\/visite-guidee-de-tarente-le-centre-historique-et-sa-cathedrale\/","og_locale":"fr_FR","og_type":"article","og_title":"Visite guid\u00e9e de Tarente avec un guide professionnel agr\u00e9\u00e9","og_description":"Visite guid\u00e9e de Tarente avec un guide professionnel agr\u00e9\u00e9. D\u00e9couvrez les monuments historiques et le charme de la mer. Contactez-moi","og_url":"https:\/\/puglialovesmatera.com\/fr\/visita-guidata\/visite-guidee-de-tarente-le-centre-historique-et-sa-cathedrale\/","og_site_name":"Puglia Loves Matera","og_image":[{"width":500,"height":500,"url":"https:\/\/puglialovesmatera.com\/wp-content\/uploads\/2024\/07\/Visita-guidata-Taranto.jpg","type":"image\/jpeg"}],"twitter_card":"summary_large_image","twitter_misc":{"Dur\u00e9e de lecture estim\u00e9e":"2 minutes"},"schema":{"@context":"https:\/\/schema.org","@graph":[{"@type":"WebPage","@id":"https:\/\/puglialovesmatera.com\/fr\/visita-guidata\/visite-guidee-de-tarente-le-centre-historique-et-sa-cathedrale\/","url":"https:\/\/puglialovesmatera.com\/fr\/visita-guidata\/visite-guidee-de-tarente-le-centre-historique-et-sa-cathedrale\/","name":"Visite guid\u00e9e de Tarente avec un guide professionnel agr\u00e9\u00e9","isPartOf":{"@id":"https:\/\/puglialovesmatera.com\/fr\/#website"},"primaryImageOfPage":{"@id":"https:\/\/puglialovesmatera.com\/fr\/visita-guidata\/visite-guidee-de-tarente-le-centre-historique-et-sa-cathedrale\/#primaryimage"},"image":{"@id":"https:\/\/puglialovesmatera.com\/fr\/visita-guidata\/visite-guidee-de-tarente-le-centre-historique-et-sa-cathedrale\/#primaryimage"},"thumbnailUrl":"https:\/\/puglialovesmatera.com\/wp-content\/uploads\/2024\/07\/Visita-guidata-Taranto.jpg","datePublished":"2024-07-23T12:28:54+00:00","description":"Visite guid\u00e9e de Tarente avec un guide professionnel agr\u00e9\u00e9. D\u00e9couvrez les monuments historiques et le charme de la mer. Contactez-moi","breadcrumb":{"@id":"https:\/\/puglialovesmatera.com\/fr\/visita-guidata\/visite-guidee-de-tarente-le-centre-historique-et-sa-cathedrale\/#breadcrumb"},"inLanguage":"fr-FR","potentialAction":[{"@type":"ReadAction","target":["https:\/\/puglialovesmatera.com\/fr\/visita-guidata\/visite-guidee-de-tarente-le-centre-historique-et-sa-cathedrale\/"]}]},{"@type":"ImageObject","inLanguage":"fr-FR","@id":"https:\/\/puglialovesmatera.com\/fr\/visita-guidata\/visite-guidee-de-tarente-le-centre-historique-et-sa-cathedrale\/#primaryimage","url":"https:\/\/puglialovesmatera.com\/wp-content\/uploads\/2024\/07\/Visita-guidata-Taranto.jpg","contentUrl":"https:\/\/puglialovesmatera.com\/wp-content\/uploads\/2024\/07\/Visita-guidata-Taranto.jpg","width":500,"height":500},{"@type":"BreadcrumbList","@id":"https:\/\/puglialovesmatera.com\/fr\/visita-guidata\/visite-guidee-de-tarente-le-centre-historique-et-sa-cathedrale\/#breadcrumb","itemListElement":[{"@type":"ListItem","position":1,"name":"Home","item":"https:\/\/puglialovesmatera.com\/fr\/accueil-puglia-aime-matera-visites-guidees\/"},{"@type":"ListItem","position":2,"name":"Toutes les visites guid\u00e9es","item":"https:\/\/puglialovesmatera.com\/fr\/visites-tout-guidees\/"},{"@type":"ListItem","position":3,"name":"Visite guid\u00e9e de Tarente : le centre historique et sa cath\u00e9drale"}]},{"@type":"WebSite","@id":"https:\/\/puglialovesmatera.com\/fr\/#website","url":"https:\/\/puglialovesmatera.com\/fr\/","name":"Puglia Loves Matera","description":"Ars Mediterranea Scario","publisher":{"@id":"https:\/\/puglialovesmatera.com\/fr\/#organization"},"potentialAction":[{"@type":"SearchAction","target":{"@type":"EntryPoint","urlTemplate":"https:\/\/puglialovesmatera.com\/fr\/?s={search_term_string}"},"query-input":{"@type":"PropertyValueSpecification","valueRequired":true,"valueName":"search_term_string"}}],"inLanguage":"fr-FR"},{"@type":"Organization","@id":"https:\/\/puglialovesmatera.com\/fr\/#organization","name":"Puglia Loves Matera","url":"https:\/\/puglialovesmatera.com\/fr\/","logo":{"@type":"ImageObject","inLanguage":"fr-FR","@id":"https:\/\/puglialovesmatera.com\/fr\/#\/schema\/logo\/image\/","url":"https:\/\/puglialovesmatera.com\/wp-content\/uploads\/2024\/07\/Group-14.svg","contentUrl":"https:\/\/puglialovesmatera.com\/wp-content\/uploads\/2024\/07\/Group-14.svg","width":371,"height":381,"caption":"Puglia Loves Matera"},"image":{"@id":"https:\/\/puglialovesmatera.com\/fr\/#\/schema\/logo\/image\/"}}]}},"_links":{"self":[{"href":"https:\/\/puglialovesmatera.com\/fr\/wp-json\/wp\/v2\/product\/3324","targetHints":{"allow":["GET"]}}],"collection":[{"href":"https:\/\/puglialovesmatera.com\/fr\/wp-json\/wp\/v2\/product"}],"about":[{"href":"https:\/\/puglialovesmatera.com\/fr\/wp-json\/wp\/v2\/types\/product"}],"replies":[{"embeddable":true,"href":"https:\/\/puglialovesmatera.com\/fr\/wp-json\/wp\/v2\/comments?post=3324"}],"wp:featuredmedia":[{"embeddable":true,"href":"https:\/\/puglialovesmatera.com\/fr\/wp-json\/wp\/v2\/media\/2770"}],"wp:attachment":[{"href":"https:\/\/puglialovesmatera.com\/fr\/wp-json\/wp\/v2\/media?parent=3324"}],"wp:term":[{"taxonomy":"product_brand","embeddable":true,"href":"https:\/\/puglialovesmatera.com\/fr\/wp-json\/wp\/v2\/product_brand?post=3324"},{"taxonomy":"product_cat","embeddable":true,"href":"https:\/\/puglialovesmatera.com\/fr\/wp-json\/wp\/v2\/product_cat?post=3324"},{"taxonomy":"product_tag","embeddable":true,"href":"https:\/\/puglialovesmatera.com\/fr\/wp-json\/wp\/v2\/product_tag?post=3324"}],"curies":[{"name":"wp","href":"https:\/\/api.w.org\/{rel}","templated":true}]}}