{"id":3328,"date":"2024-07-24T15:30:37","date_gmt":"2024-07-24T15:30:37","guid":{"rendered":"https:\/\/puglialovesmatera.com\/visita-guidata\/visite-guidee-de-grottaglie-et-du-musee-de-la-ceramique\/"},"modified":"2024-07-24T15:30:37","modified_gmt":"2024-07-24T15:30:37","slug":"visite-guidee-de-grottaglie-et-du-musee-de-la-ceramique","status":"publish","type":"product","link":"https:\/\/puglialovesmatera.com\/fr\/visita-guidata\/visite-guidee-de-grottaglie-et-du-musee-de-la-ceramique\/","title":{"rendered":"Visite guid\u00e9e de Grottaglie et du mus\u00e9e de la c\u00e9ramique"},"content":{"rendered":"<h3>D\u00e9but de la visite<\/h3>\n<p>  Mes visites guid\u00e9es de Grottaglie vous permettront de d\u00e9couvrir l&rsquo;une des villes italiennes les plus c\u00e9l\u00e8bres pour sa tradition c\u00e9ramique.<br \/>\nGrottaglie, situ\u00e9e dans la province de Tarente, doit son nom au latin \u00ab\u00a0Kriptalys\u00a0\u00bb et au grec \u00ab\u00a0\u039a\u03c1\u03c5\u03c0\u03c4\u03b1\u03bb\u03cd\u03c2\u00a0\u00bb, qui soulignent la pr\u00e9sence de grottes et de carri\u00e8res naturelles sur son territoire.<br \/>\nGr\u00e2ce \u00e0 cette conformation g\u00e9ologique, la ville a d\u00e9velopp\u00e9 une \u00e9conomie bas\u00e9e sur l&rsquo;art et l&rsquo;artisanat de la c\u00e9ramique, dont les preuves historiques remontent au VIIIe si\u00e8cle avant J\u00e9sus-Christ.    <\/p>\n<h3>\u00c9glise m\u00e8re et vieille ville<\/h3>\n<p>  La visite commencera par l&rsquo;\u00e9glise m\u00e8re, un joyau de l&rsquo;art roman.<br \/>\nEnsuite, nous nous perdrons dans l&rsquo;atmosph\u00e8re des &lsquo;nchiosce, terme dialectal d\u00e9signant les ruelles du centre historique de Grottaglie.<br \/>\nCes ruelles \u00e9troites et blanches, envelopp\u00e9es d&rsquo;une atmosph\u00e8re unique et typiquement m\u00e9diterran\u00e9enne, repr\u00e9sentent le c\u0153ur battant de la ville.<br \/>\nEn vous promenant dans ces ruelles, vous pourrez appr\u00e9cier l&rsquo;architecture traditionnelle et la culture locale anim\u00e9e.     <\/p>\n<h3>Ch\u00e2teau d&rsquo;Episcopio et mus\u00e9e de la c\u00e9ramique<\/h3>\n<p>  Notre itin\u00e9raire nous conduira ensuite au ch\u00e2teau Episcopio de Grottaglie, o\u00f9 nous admirerons l&rsquo;architecture de la grande cour ext\u00e9rieure et des salles int\u00e9rieures.<br \/>\nLe ch\u00e2teau abrite un petit mus\u00e9e consacr\u00e9 \u00e0 la c\u00e9ramique locale, qui repr\u00e9sente le c\u0153ur de la tradition artistique de Grottaglie.<br \/>\nLe mus\u00e9e offre une vaste collection de c\u00e9ramiques allant de l&rsquo;antiquit\u00e9 \u00e0 nos jours, vous permettant de comprendre l&rsquo;\u00e9volution de cet art au cours des si\u00e8cles.    <\/p>\n<h3>Quartier de la c\u00e9ramique<\/h3>\n<p>  Nous terminons la visite par une promenade dans les ateliers et les boutiques du quartier des c\u00e9ramiques.<br \/>\nCe quartier est r\u00e9put\u00e9 pour ses c\u00e9ramiques faites \u00e0 la main, o\u00f9 vous pouvez observer les artisans au travail et acheter des pi\u00e8ces uniques et authentiques.<br \/>\nLes boutiques proposent un large \u00e9ventail de produits, de la c\u00e9ramique traditionnelle \u00e0 la c\u00e9ramique moderne, tous fabriqu\u00e9s avec talent et passion.    <\/p>\n<h3>Informations compl\u00e9mentaires<\/h3>\n<p>  Mes visites guid\u00e9es de Grottaglie et du mus\u00e9e de la c\u00e9ramique sont une occasion \u00e0 ne pas manquer pour tous ceux qui souhaitent en savoir plus sur l&rsquo;histoire et la culture de cette ville fascinante.<br \/>\nGr\u00e2ce \u00e0 ma formation continue et \u00e0 ma passion pour l&rsquo;histoire, je serai en mesure de vous faire participer \u00e0 un r\u00e9cit passionnant et plein de d\u00e9tails, faisant de chaque visite une exp\u00e9rience unique.<br \/>\nL&rsquo;accent mis sur la personnalisation des visites me permet d&rsquo;adapter l&rsquo;itin\u00e9raire et les explications aux int\u00e9r\u00eats sp\u00e9cifiques des visiteurs, garantissant ainsi une exp\u00e9rience sur mesure et de grande qualit\u00e9.<br \/>\nMa ponctualit\u00e9 et ma fiabilit\u00e9 garantissent un service professionnel et impeccable.<br \/>\nNe manquez pas l&rsquo;occasion de faire un voyage dans le temps parmi les tr\u00e9sors de Grottaglie et du mus\u00e9e de la c\u00e9ramique, o\u00f9 chaque recoin raconte une histoire et o\u00f9 chaque objet est une \u0153uvre d&rsquo;art.<br \/>\nPour plus d&rsquo;informations et de r\u00e9servations, veuillez me contacter pour convenir du prix de la visite guid\u00e9e.<br \/>\nJe serai heureuse de vous accompagner dans cette extraordinaire aventure culturelle.      <\/p>\n","protected":false},"excerpt":{"rendered":"<p>Explorez Grottaglie, c\u00e9l\u00e8bre pour sa tradition c\u00e9ramique, en visitant le mus\u00e9e de la c\u00e9ramique.<br \/>\nSitu\u00e9 dans un charmant quartier d&rsquo;ateliers, le mus\u00e9e offre un aper\u00e7u des techniques et des styles qui ont fait la renomm\u00e9e de la c\u00e9ramique de Grottaglie.<br \/>\nLa visite guid\u00e9e vous permettra de d\u00e9couvrir l&rsquo;art de la poterie et d&rsquo;admirer des pi\u00e8ces uniques qui racontent l&rsquo;histoire et la cr\u00e9ativit\u00e9 de cet artisanat fascinant.  <\/p>\n","protected":false},"featured_media":2764,"comment_status":"open","ping_status":"closed","template":"","meta":{"_acf_changed":false},"product_brand":[],"product_cat":[65],"product_tag":[],"class_list":{"0":"post-3328","1":"product","2":"type-product","3":"status-publish","4":"has-post-thumbnail","6":"product_cat-tarente-entre-histoire-et-artisanat","8":"first","9":"instock","10":"shipping-taxable","11":"product-type-simple"},"acf":[],"yoast_head":"<!-- This site is optimized with the Yoast SEO plugin v27.3 - https:\/\/yoast.com\/product\/yoast-seo-wordpress\/ -->\n<title>Visite guid\u00e9e de Grottaglie et du mus\u00e9e de la c\u00e9ramique avec guide<\/title>\n<meta name=\"description\" content=\"D\u00e9couvrez Grottaglie et le mus\u00e9e de la c\u00e9ramique avec Alessandra Di Mauro, arch\u00e9ologue et guide touristique agr\u00e9\u00e9e. Explorez la tradition de la c\u00e9ramique.\" \/>\n<meta name=\"robots\" content=\"index, follow, max-snippet:-1, max-image-preview:large, max-video-preview:-1\" \/>\n<link rel=\"canonical\" href=\"https:\/\/puglialovesmatera.com\/fr\/visita-guidata\/visite-guidee-de-grottaglie-et-du-musee-de-la-ceramique\/\" \/>\n<meta property=\"og:locale\" content=\"fr_FR\" \/>\n<meta property=\"og:type\" content=\"article\" \/>\n<meta property=\"og:title\" content=\"Visite guid\u00e9e de Grottaglie et du mus\u00e9e de la c\u00e9ramique avec guide\" \/>\n<meta property=\"og:description\" content=\"D\u00e9couvrez Grottaglie et le mus\u00e9e de la c\u00e9ramique avec Alessandra Di Mauro, arch\u00e9ologue et guide touristique agr\u00e9\u00e9e. Explorez la tradition de la c\u00e9ramique.\" \/>\n<meta property=\"og:url\" content=\"https:\/\/puglialovesmatera.com\/fr\/visita-guidata\/visite-guidee-de-grottaglie-et-du-musee-de-la-ceramique\/\" \/>\n<meta property=\"og:site_name\" content=\"Puglia Loves Matera\" \/>\n<meta property=\"og:image\" content=\"https:\/\/puglialovesmatera.com\/wp-content\/uploads\/2024\/07\/Visita-guidata-Grottaglie.jpg\" \/>\n\t<meta property=\"og:image:width\" content=\"500\" \/>\n\t<meta property=\"og:image:height\" content=\"500\" \/>\n\t<meta property=\"og:image:type\" content=\"image\/jpeg\" \/>\n<meta name=\"twitter:card\" content=\"summary_large_image\" \/>\n<meta name=\"twitter:label1\" content=\"Dur\u00e9e de lecture estim\u00e9e\" \/>\n\t<meta name=\"twitter:data1\" content=\"3 minutes\" \/>\n<script type=\"application\/ld+json\" class=\"yoast-schema-graph\">{\"@context\":\"https:\\\/\\\/schema.org\",\"@graph\":[{\"@type\":\"WebPage\",\"@id\":\"https:\\\/\\\/puglialovesmatera.com\\\/fr\\\/visita-guidata\\\/visite-guidee-de-grottaglie-et-du-musee-de-la-ceramique\\\/\",\"url\":\"https:\\\/\\\/puglialovesmatera.com\\\/fr\\\/visita-guidata\\\/visite-guidee-de-grottaglie-et-du-musee-de-la-ceramique\\\/\",\"name\":\"Visite guid\u00e9e de Grottaglie et du mus\u00e9e de la c\u00e9ramique avec guide\",\"isPartOf\":{\"@id\":\"https:\\\/\\\/puglialovesmatera.com\\\/fr\\\/#website\"},\"primaryImageOfPage\":{\"@id\":\"https:\\\/\\\/puglialovesmatera.com\\\/fr\\\/visita-guidata\\\/visite-guidee-de-grottaglie-et-du-musee-de-la-ceramique\\\/#primaryimage\"},\"image\":{\"@id\":\"https:\\\/\\\/puglialovesmatera.com\\\/fr\\\/visita-guidata\\\/visite-guidee-de-grottaglie-et-du-musee-de-la-ceramique\\\/#primaryimage\"},\"thumbnailUrl\":\"https:\\\/\\\/puglialovesmatera.com\\\/wp-content\\\/uploads\\\/2024\\\/07\\\/Visita-guidata-Grottaglie.jpg\",\"datePublished\":\"2024-07-24T15:30:37+00:00\",\"description\":\"D\u00e9couvrez Grottaglie et le mus\u00e9e de la c\u00e9ramique avec Alessandra Di Mauro, arch\u00e9ologue et guide touristique agr\u00e9\u00e9e. Explorez la tradition de la c\u00e9ramique.\",\"breadcrumb\":{\"@id\":\"https:\\\/\\\/puglialovesmatera.com\\\/fr\\\/visita-guidata\\\/visite-guidee-de-grottaglie-et-du-musee-de-la-ceramique\\\/#breadcrumb\"},\"inLanguage\":\"fr-FR\",\"potentialAction\":[{\"@type\":\"ReadAction\",\"target\":[\"https:\\\/\\\/puglialovesmatera.com\\\/fr\\\/visita-guidata\\\/visite-guidee-de-grottaglie-et-du-musee-de-la-ceramique\\\/\"]}]},{\"@type\":\"ImageObject\",\"inLanguage\":\"fr-FR\",\"@id\":\"https:\\\/\\\/puglialovesmatera.com\\\/fr\\\/visita-guidata\\\/visite-guidee-de-grottaglie-et-du-musee-de-la-ceramique\\\/#primaryimage\",\"url\":\"https:\\\/\\\/puglialovesmatera.com\\\/wp-content\\\/uploads\\\/2024\\\/07\\\/Visita-guidata-Grottaglie.jpg\",\"contentUrl\":\"https:\\\/\\\/puglialovesmatera.com\\\/wp-content\\\/uploads\\\/2024\\\/07\\\/Visita-guidata-Grottaglie.jpg\",\"width\":500,\"height\":500},{\"@type\":\"BreadcrumbList\",\"@id\":\"https:\\\/\\\/puglialovesmatera.com\\\/fr\\\/visita-guidata\\\/visite-guidee-de-grottaglie-et-du-musee-de-la-ceramique\\\/#breadcrumb\",\"itemListElement\":[{\"@type\":\"ListItem\",\"position\":1,\"name\":\"Home\",\"item\":\"https:\\\/\\\/puglialovesmatera.com\\\/fr\\\/accueil-puglia-aime-matera-visites-guidees\\\/\"},{\"@type\":\"ListItem\",\"position\":2,\"name\":\"Toutes les visites guid\u00e9es\",\"item\":\"https:\\\/\\\/puglialovesmatera.com\\\/fr\\\/visites-tout-guidees\\\/\"},{\"@type\":\"ListItem\",\"position\":3,\"name\":\"Visite guid\u00e9e de Grottaglie et du mus\u00e9e de la c\u00e9ramique\"}]},{\"@type\":\"WebSite\",\"@id\":\"https:\\\/\\\/puglialovesmatera.com\\\/fr\\\/#website\",\"url\":\"https:\\\/\\\/puglialovesmatera.com\\\/fr\\\/\",\"name\":\"Puglia Loves Matera\",\"description\":\"Ars Mediterranea Scario\",\"publisher\":{\"@id\":\"https:\\\/\\\/puglialovesmatera.com\\\/fr\\\/#organization\"},\"potentialAction\":[{\"@type\":\"SearchAction\",\"target\":{\"@type\":\"EntryPoint\",\"urlTemplate\":\"https:\\\/\\\/puglialovesmatera.com\\\/fr\\\/?s={search_term_string}\"},\"query-input\":{\"@type\":\"PropertyValueSpecification\",\"valueRequired\":true,\"valueName\":\"search_term_string\"}}],\"inLanguage\":\"fr-FR\"},{\"@type\":\"Organization\",\"@id\":\"https:\\\/\\\/puglialovesmatera.com\\\/fr\\\/#organization\",\"name\":\"Puglia Loves Matera\",\"url\":\"https:\\\/\\\/puglialovesmatera.com\\\/fr\\\/\",\"logo\":{\"@type\":\"ImageObject\",\"inLanguage\":\"fr-FR\",\"@id\":\"https:\\\/\\\/puglialovesmatera.com\\\/fr\\\/#\\\/schema\\\/logo\\\/image\\\/\",\"url\":\"https:\\\/\\\/puglialovesmatera.com\\\/wp-content\\\/uploads\\\/2024\\\/07\\\/Group-14.svg\",\"contentUrl\":\"https:\\\/\\\/puglialovesmatera.com\\\/wp-content\\\/uploads\\\/2024\\\/07\\\/Group-14.svg\",\"width\":371,\"height\":381,\"caption\":\"Puglia Loves Matera\"},\"image\":{\"@id\":\"https:\\\/\\\/puglialovesmatera.com\\\/fr\\\/#\\\/schema\\\/logo\\\/image\\\/\"}}]}<\/script>\n<!-- \/ Yoast SEO plugin. -->","yoast_head_json":{"title":"Visite guid\u00e9e de Grottaglie et du mus\u00e9e de la c\u00e9ramique avec guide","description":"D\u00e9couvrez Grottaglie et le mus\u00e9e de la c\u00e9ramique avec Alessandra Di Mauro, arch\u00e9ologue et guide touristique agr\u00e9\u00e9e. Explorez la tradition de la c\u00e9ramique.","robots":{"index":"index","follow":"follow","max-snippet":"max-snippet:-1","max-image-preview":"max-image-preview:large","max-video-preview":"max-video-preview:-1"},"canonical":"https:\/\/puglialovesmatera.com\/fr\/visita-guidata\/visite-guidee-de-grottaglie-et-du-musee-de-la-ceramique\/","og_locale":"fr_FR","og_type":"article","og_title":"Visite guid\u00e9e de Grottaglie et du mus\u00e9e de la c\u00e9ramique avec guide","og_description":"D\u00e9couvrez Grottaglie et le mus\u00e9e de la c\u00e9ramique avec Alessandra Di Mauro, arch\u00e9ologue et guide touristique agr\u00e9\u00e9e. Explorez la tradition de la c\u00e9ramique.","og_url":"https:\/\/puglialovesmatera.com\/fr\/visita-guidata\/visite-guidee-de-grottaglie-et-du-musee-de-la-ceramique\/","og_site_name":"Puglia Loves Matera","og_image":[{"width":500,"height":500,"url":"https:\/\/puglialovesmatera.com\/wp-content\/uploads\/2024\/07\/Visita-guidata-Grottaglie.jpg","type":"image\/jpeg"}],"twitter_card":"summary_large_image","twitter_misc":{"Dur\u00e9e de lecture estim\u00e9e":"3 minutes"},"schema":{"@context":"https:\/\/schema.org","@graph":[{"@type":"WebPage","@id":"https:\/\/puglialovesmatera.com\/fr\/visita-guidata\/visite-guidee-de-grottaglie-et-du-musee-de-la-ceramique\/","url":"https:\/\/puglialovesmatera.com\/fr\/visita-guidata\/visite-guidee-de-grottaglie-et-du-musee-de-la-ceramique\/","name":"Visite guid\u00e9e de Grottaglie et du mus\u00e9e de la c\u00e9ramique avec guide","isPartOf":{"@id":"https:\/\/puglialovesmatera.com\/fr\/#website"},"primaryImageOfPage":{"@id":"https:\/\/puglialovesmatera.com\/fr\/visita-guidata\/visite-guidee-de-grottaglie-et-du-musee-de-la-ceramique\/#primaryimage"},"image":{"@id":"https:\/\/puglialovesmatera.com\/fr\/visita-guidata\/visite-guidee-de-grottaglie-et-du-musee-de-la-ceramique\/#primaryimage"},"thumbnailUrl":"https:\/\/puglialovesmatera.com\/wp-content\/uploads\/2024\/07\/Visita-guidata-Grottaglie.jpg","datePublished":"2024-07-24T15:30:37+00:00","description":"D\u00e9couvrez Grottaglie et le mus\u00e9e de la c\u00e9ramique avec Alessandra Di Mauro, arch\u00e9ologue et guide touristique agr\u00e9\u00e9e. Explorez la tradition de la c\u00e9ramique.","breadcrumb":{"@id":"https:\/\/puglialovesmatera.com\/fr\/visita-guidata\/visite-guidee-de-grottaglie-et-du-musee-de-la-ceramique\/#breadcrumb"},"inLanguage":"fr-FR","potentialAction":[{"@type":"ReadAction","target":["https:\/\/puglialovesmatera.com\/fr\/visita-guidata\/visite-guidee-de-grottaglie-et-du-musee-de-la-ceramique\/"]}]},{"@type":"ImageObject","inLanguage":"fr-FR","@id":"https:\/\/puglialovesmatera.com\/fr\/visita-guidata\/visite-guidee-de-grottaglie-et-du-musee-de-la-ceramique\/#primaryimage","url":"https:\/\/puglialovesmatera.com\/wp-content\/uploads\/2024\/07\/Visita-guidata-Grottaglie.jpg","contentUrl":"https:\/\/puglialovesmatera.com\/wp-content\/uploads\/2024\/07\/Visita-guidata-Grottaglie.jpg","width":500,"height":500},{"@type":"BreadcrumbList","@id":"https:\/\/puglialovesmatera.com\/fr\/visita-guidata\/visite-guidee-de-grottaglie-et-du-musee-de-la-ceramique\/#breadcrumb","itemListElement":[{"@type":"ListItem","position":1,"name":"Home","item":"https:\/\/puglialovesmatera.com\/fr\/accueil-puglia-aime-matera-visites-guidees\/"},{"@type":"ListItem","position":2,"name":"Toutes les visites guid\u00e9es","item":"https:\/\/puglialovesmatera.com\/fr\/visites-tout-guidees\/"},{"@type":"ListItem","position":3,"name":"Visite guid\u00e9e de Grottaglie et du mus\u00e9e de la c\u00e9ramique"}]},{"@type":"WebSite","@id":"https:\/\/puglialovesmatera.com\/fr\/#website","url":"https:\/\/puglialovesmatera.com\/fr\/","name":"Puglia Loves Matera","description":"Ars Mediterranea Scario","publisher":{"@id":"https:\/\/puglialovesmatera.com\/fr\/#organization"},"potentialAction":[{"@type":"SearchAction","target":{"@type":"EntryPoint","urlTemplate":"https:\/\/puglialovesmatera.com\/fr\/?s={search_term_string}"},"query-input":{"@type":"PropertyValueSpecification","valueRequired":true,"valueName":"search_term_string"}}],"inLanguage":"fr-FR"},{"@type":"Organization","@id":"https:\/\/puglialovesmatera.com\/fr\/#organization","name":"Puglia Loves Matera","url":"https:\/\/puglialovesmatera.com\/fr\/","logo":{"@type":"ImageObject","inLanguage":"fr-FR","@id":"https:\/\/puglialovesmatera.com\/fr\/#\/schema\/logo\/image\/","url":"https:\/\/puglialovesmatera.com\/wp-content\/uploads\/2024\/07\/Group-14.svg","contentUrl":"https:\/\/puglialovesmatera.com\/wp-content\/uploads\/2024\/07\/Group-14.svg","width":371,"height":381,"caption":"Puglia Loves Matera"},"image":{"@id":"https:\/\/puglialovesmatera.com\/fr\/#\/schema\/logo\/image\/"}}]}},"_links":{"self":[{"href":"https:\/\/puglialovesmatera.com\/fr\/wp-json\/wp\/v2\/product\/3328","targetHints":{"allow":["GET"]}}],"collection":[{"href":"https:\/\/puglialovesmatera.com\/fr\/wp-json\/wp\/v2\/product"}],"about":[{"href":"https:\/\/puglialovesmatera.com\/fr\/wp-json\/wp\/v2\/types\/product"}],"replies":[{"embeddable":true,"href":"https:\/\/puglialovesmatera.com\/fr\/wp-json\/wp\/v2\/comments?post=3328"}],"wp:featuredmedia":[{"embeddable":true,"href":"https:\/\/puglialovesmatera.com\/fr\/wp-json\/wp\/v2\/media\/2764"}],"wp:attachment":[{"href":"https:\/\/puglialovesmatera.com\/fr\/wp-json\/wp\/v2\/media?parent=3328"}],"wp:term":[{"taxonomy":"product_brand","embeddable":true,"href":"https:\/\/puglialovesmatera.com\/fr\/wp-json\/wp\/v2\/product_brand?post=3328"},{"taxonomy":"product_cat","embeddable":true,"href":"https:\/\/puglialovesmatera.com\/fr\/wp-json\/wp\/v2\/product_cat?post=3328"},{"taxonomy":"product_tag","embeddable":true,"href":"https:\/\/puglialovesmatera.com\/fr\/wp-json\/wp\/v2\/product_tag?post=3328"}],"curies":[{"name":"wp","href":"https:\/\/api.w.org\/{rel}","templated":true}]}}