{"id":3332,"date":"2024-07-24T15:32:07","date_gmt":"2024-07-24T15:32:07","guid":{"rendered":"https:\/\/puglialovesmatera.com\/visita-guidata\/visite-guidee-dalberobello\/"},"modified":"2024-07-24T15:32:07","modified_gmt":"2024-07-24T15:32:07","slug":"visite-guidee-dalberobello","status":"publish","type":"product","link":"https:\/\/puglialovesmatera.com\/fr\/visita-guidata\/visite-guidee-dalberobello\/","title":{"rendered":"Visite guid\u00e9e d&rsquo;Alberobello"},"content":{"rendered":"<h3>D\u00e9but de la visite<\/h3>\n<p>  Mes visites guid\u00e9es \u00e0 Alberobello vous offrent une exp\u00e9rience unique et fascinante dans la magnifique vall\u00e9e d&rsquo;Itria.<br \/>\nAlberobello, connue comme la capitale des Trulli, a \u00e9t\u00e9 reconnue comme site du patrimoine mondial de l&rsquo;UNESCO pour son architecture extraordinaire et son histoire unique.   <\/p>\n<h3>Quartiers historiques d&rsquo;Alberobello<\/h3>\n<p>  Au cours de la visite, nous explorerons les deux principaux quartiers qui caract\u00e9risent le centre historique d&rsquo;Alberobello : Aia Piccola et Rione Monti.<br \/>\nNous nous prom\u00e8nerons dans les rues de ces quartiers, o\u00f9 j&rsquo;expliquerai les techniques de construction utilis\u00e9es pour cr\u00e9er les murs caract\u00e9ristiques en pierre s\u00e8che et les trulli, symboles distinctifs de la r\u00e9gion.<br \/>\nEnsemble, nous d\u00e9couvrirons pourquoi Alberobello est n\u00e9e dans le mythe et le folklore, en nous immergeant dans les l\u00e9gendes et les histoires locales qui rendent cette ville si fascinante.    <\/p>\n<h3><strong>\u00c9glise Trullo et d\u00e9gustation<\/strong><\/h3>\n<p>  Nous atteindrons la c\u00e9l\u00e8bre \u00e9glise de Trullo, un b\u00e2timent unique qui allie tradition et spiritualit\u00e9 dans une architecture sans pareille.<br \/>\nLa visite guid\u00e9e se terminera par une d\u00e9gustation d&rsquo;huile d&rsquo;olive extra vierge et de produits locaux typiques, organis\u00e9e par Cosimo (sous r\u00e9serve de disponibilit\u00e9).<br \/>\nCette exp\u00e9rience vous permettra de savourer les saveurs authentiques des Pouilles, en compl\u00e9tant notre voyage \u00e0 travers la culture et les traditions d&rsquo;Alberobello.    <\/p>\n<h3><strong>Informations compl\u00e9mentaires<\/strong><\/h3>\n<p>  Mes visites guid\u00e9es d&rsquo;Alberobello sont une occasion unique pour tous ceux qui veulent en savoir plus sur l&rsquo;histoire et la culture de cette ville fascinante.<br \/>\nGr\u00e2ce \u00e0 ma formation continue et \u00e0 ma passion pour l&rsquo;histoire, je serai en mesure de vous faire participer \u00e0 un r\u00e9cit passionnant et plein de d\u00e9tails, faisant de chaque visite une exp\u00e9rience unique.<br \/>\nL&rsquo;accent mis sur la personnalisation des visites me permet d&rsquo;adapter l&rsquo;itin\u00e9raire et les explications aux int\u00e9r\u00eats sp\u00e9cifiques des visiteurs, garantissant ainsi une exp\u00e9rience sur mesure et de grande qualit\u00e9.<br \/>\nMa ponctualit\u00e9 et ma fiabilit\u00e9 garantissent un service professionnel et impeccable.<br \/>\nNe manquez pas l&rsquo;occasion de faire un voyage dans le temps parmi les tr\u00e9sors d&rsquo;Alberobello, o\u00f9 chaque coin de rue raconte une histoire et o\u00f9 chaque trullo est un exemple de ma\u00eetrise architecturale.<br \/>\nPour plus d&rsquo;informations et de r\u00e9servations, contactez-moi pour convenir du prix de la visite guid\u00e9e.<br \/>\nJe serai heureuse de vous accompagner dans cette extraordinaire aventure culturelle et gastronomique.      <\/p>\n","protected":false},"excerpt":{"rendered":"<p>Visites guid\u00e9es d&rsquo;Alberobello, c\u00e9l\u00e8bre dans le monde entier pour ses trulli, anciennes constructions en pierre s\u00e8che aux toits coniques.<br \/>\nCe site inscrit au patrimoine mondial de l&rsquo;UNESCO offre une exp\u00e9rience unique avec ses deux quartiers historiques, Aia Piccola et Rione Monti.<br \/>\nAu cours de la visite guid\u00e9e, vous d\u00e9couvrirez les techniques de construction des trulli, l&rsquo;histoire locale et vous terminerez par une d\u00e9gustation de produits locaux typiques.  <\/p>\n","protected":false},"featured_media":2683,"comment_status":"open","ping_status":"closed","template":"","meta":{"_acf_changed":false},"product_brand":[],"product_cat":[68],"product_tag":[],"class_list":{"0":"post-3332","1":"product","2":"type-product","3":"status-publish","4":"has-post-thumbnail","6":"product_cat-la-vallee-ditria-et-ses-villages-blancs","8":"first","9":"instock","10":"shipping-taxable","11":"product-type-simple"},"acf":[],"yoast_head":"<!-- This site is optimized with the Yoast SEO plugin v27.3 - https:\/\/yoast.com\/product\/yoast-seo-wordpress\/ -->\n<title>Visite guid\u00e9e d&#039;Alberobello - D\u00e9couvrez les Trulli et leur histoire avec un guide<\/title>\n<meta name=\"description\" content=\"Explorez Alberobello, la capitale des Trulli et le site du patrimoine mondial de l&#039;UNESCO, avec Alessandra Di Mauro, arch\u00e9ologue et guide touristique agr\u00e9\u00e9e.\" \/>\n<meta name=\"robots\" content=\"index, follow, max-snippet:-1, max-image-preview:large, max-video-preview:-1\" \/>\n<link rel=\"canonical\" href=\"https:\/\/puglialovesmatera.com\/fr\/visita-guidata\/visite-guidee-dalberobello\/\" \/>\n<meta property=\"og:locale\" content=\"fr_FR\" \/>\n<meta property=\"og:type\" content=\"article\" \/>\n<meta property=\"og:title\" content=\"Visite guid\u00e9e d&#039;Alberobello - D\u00e9couvrez les Trulli et leur histoire avec un guide\" \/>\n<meta property=\"og:description\" content=\"Explorez Alberobello, la capitale des Trulli et le site du patrimoine mondial de l&#039;UNESCO, avec Alessandra Di Mauro, arch\u00e9ologue et guide touristique agr\u00e9\u00e9e.\" \/>\n<meta property=\"og:url\" content=\"https:\/\/puglialovesmatera.com\/fr\/visita-guidata\/visite-guidee-dalberobello\/\" \/>\n<meta property=\"og:site_name\" content=\"Puglia Loves Matera\" \/>\n<meta property=\"og:image\" content=\"https:\/\/puglialovesmatera.com\/wp-content\/uploads\/2024\/07\/Visita-guidata-Alberobello.jpg\" \/>\n\t<meta property=\"og:image:width\" content=\"500\" \/>\n\t<meta property=\"og:image:height\" content=\"500\" \/>\n\t<meta property=\"og:image:type\" content=\"image\/jpeg\" \/>\n<meta name=\"twitter:card\" content=\"summary_large_image\" \/>\n<meta name=\"twitter:label1\" content=\"Dur\u00e9e de lecture estim\u00e9e\" \/>\n\t<meta name=\"twitter:data1\" content=\"2 minutes\" \/>\n<script type=\"application\/ld+json\" class=\"yoast-schema-graph\">{\"@context\":\"https:\\\/\\\/schema.org\",\"@graph\":[{\"@type\":\"WebPage\",\"@id\":\"https:\\\/\\\/puglialovesmatera.com\\\/fr\\\/visita-guidata\\\/visite-guidee-dalberobello\\\/\",\"url\":\"https:\\\/\\\/puglialovesmatera.com\\\/fr\\\/visita-guidata\\\/visite-guidee-dalberobello\\\/\",\"name\":\"Visite guid\u00e9e d'Alberobello - D\u00e9couvrez les Trulli et leur histoire avec un guide\",\"isPartOf\":{\"@id\":\"https:\\\/\\\/puglialovesmatera.com\\\/fr\\\/#website\"},\"primaryImageOfPage\":{\"@id\":\"https:\\\/\\\/puglialovesmatera.com\\\/fr\\\/visita-guidata\\\/visite-guidee-dalberobello\\\/#primaryimage\"},\"image\":{\"@id\":\"https:\\\/\\\/puglialovesmatera.com\\\/fr\\\/visita-guidata\\\/visite-guidee-dalberobello\\\/#primaryimage\"},\"thumbnailUrl\":\"https:\\\/\\\/puglialovesmatera.com\\\/wp-content\\\/uploads\\\/2024\\\/07\\\/Visita-guidata-Alberobello.jpg\",\"datePublished\":\"2024-07-24T15:32:07+00:00\",\"description\":\"Explorez Alberobello, la capitale des Trulli et le site du patrimoine mondial de l'UNESCO, avec Alessandra Di Mauro, arch\u00e9ologue et guide touristique agr\u00e9\u00e9e.\",\"breadcrumb\":{\"@id\":\"https:\\\/\\\/puglialovesmatera.com\\\/fr\\\/visita-guidata\\\/visite-guidee-dalberobello\\\/#breadcrumb\"},\"inLanguage\":\"fr-FR\",\"potentialAction\":[{\"@type\":\"ReadAction\",\"target\":[\"https:\\\/\\\/puglialovesmatera.com\\\/fr\\\/visita-guidata\\\/visite-guidee-dalberobello\\\/\"]}]},{\"@type\":\"ImageObject\",\"inLanguage\":\"fr-FR\",\"@id\":\"https:\\\/\\\/puglialovesmatera.com\\\/fr\\\/visita-guidata\\\/visite-guidee-dalberobello\\\/#primaryimage\",\"url\":\"https:\\\/\\\/puglialovesmatera.com\\\/wp-content\\\/uploads\\\/2024\\\/07\\\/Visita-guidata-Alberobello.jpg\",\"contentUrl\":\"https:\\\/\\\/puglialovesmatera.com\\\/wp-content\\\/uploads\\\/2024\\\/07\\\/Visita-guidata-Alberobello.jpg\",\"width\":500,\"height\":500},{\"@type\":\"BreadcrumbList\",\"@id\":\"https:\\\/\\\/puglialovesmatera.com\\\/fr\\\/visita-guidata\\\/visite-guidee-dalberobello\\\/#breadcrumb\",\"itemListElement\":[{\"@type\":\"ListItem\",\"position\":1,\"name\":\"Home\",\"item\":\"https:\\\/\\\/puglialovesmatera.com\\\/fr\\\/accueil-puglia-aime-matera-visites-guidees\\\/\"},{\"@type\":\"ListItem\",\"position\":2,\"name\":\"Toutes les visites guid\u00e9es\",\"item\":\"https:\\\/\\\/puglialovesmatera.com\\\/fr\\\/visites-tout-guidees\\\/\"},{\"@type\":\"ListItem\",\"position\":3,\"name\":\"Visite guid\u00e9e d&rsquo;Alberobello\"}]},{\"@type\":\"WebSite\",\"@id\":\"https:\\\/\\\/puglialovesmatera.com\\\/fr\\\/#website\",\"url\":\"https:\\\/\\\/puglialovesmatera.com\\\/fr\\\/\",\"name\":\"Puglia Loves Matera\",\"description\":\"Ars Mediterranea Scario\",\"publisher\":{\"@id\":\"https:\\\/\\\/puglialovesmatera.com\\\/fr\\\/#organization\"},\"potentialAction\":[{\"@type\":\"SearchAction\",\"target\":{\"@type\":\"EntryPoint\",\"urlTemplate\":\"https:\\\/\\\/puglialovesmatera.com\\\/fr\\\/?s={search_term_string}\"},\"query-input\":{\"@type\":\"PropertyValueSpecification\",\"valueRequired\":true,\"valueName\":\"search_term_string\"}}],\"inLanguage\":\"fr-FR\"},{\"@type\":\"Organization\",\"@id\":\"https:\\\/\\\/puglialovesmatera.com\\\/fr\\\/#organization\",\"name\":\"Puglia Loves Matera\",\"url\":\"https:\\\/\\\/puglialovesmatera.com\\\/fr\\\/\",\"logo\":{\"@type\":\"ImageObject\",\"inLanguage\":\"fr-FR\",\"@id\":\"https:\\\/\\\/puglialovesmatera.com\\\/fr\\\/#\\\/schema\\\/logo\\\/image\\\/\",\"url\":\"https:\\\/\\\/puglialovesmatera.com\\\/wp-content\\\/uploads\\\/2024\\\/07\\\/Group-14.svg\",\"contentUrl\":\"https:\\\/\\\/puglialovesmatera.com\\\/wp-content\\\/uploads\\\/2024\\\/07\\\/Group-14.svg\",\"width\":371,\"height\":381,\"caption\":\"Puglia Loves Matera\"},\"image\":{\"@id\":\"https:\\\/\\\/puglialovesmatera.com\\\/fr\\\/#\\\/schema\\\/logo\\\/image\\\/\"}}]}<\/script>\n<!-- \/ Yoast SEO plugin. -->","yoast_head_json":{"title":"Visite guid\u00e9e d'Alberobello - D\u00e9couvrez les Trulli et leur histoire avec un guide","description":"Explorez Alberobello, la capitale des Trulli et le site du patrimoine mondial de l'UNESCO, avec Alessandra Di Mauro, arch\u00e9ologue et guide touristique agr\u00e9\u00e9e.","robots":{"index":"index","follow":"follow","max-snippet":"max-snippet:-1","max-image-preview":"max-image-preview:large","max-video-preview":"max-video-preview:-1"},"canonical":"https:\/\/puglialovesmatera.com\/fr\/visita-guidata\/visite-guidee-dalberobello\/","og_locale":"fr_FR","og_type":"article","og_title":"Visite guid\u00e9e d'Alberobello - D\u00e9couvrez les Trulli et leur histoire avec un guide","og_description":"Explorez Alberobello, la capitale des Trulli et le site du patrimoine mondial de l'UNESCO, avec Alessandra Di Mauro, arch\u00e9ologue et guide touristique agr\u00e9\u00e9e.","og_url":"https:\/\/puglialovesmatera.com\/fr\/visita-guidata\/visite-guidee-dalberobello\/","og_site_name":"Puglia Loves Matera","og_image":[{"width":500,"height":500,"url":"https:\/\/puglialovesmatera.com\/wp-content\/uploads\/2024\/07\/Visita-guidata-Alberobello.jpg","type":"image\/jpeg"}],"twitter_card":"summary_large_image","twitter_misc":{"Dur\u00e9e de lecture estim\u00e9e":"2 minutes"},"schema":{"@context":"https:\/\/schema.org","@graph":[{"@type":"WebPage","@id":"https:\/\/puglialovesmatera.com\/fr\/visita-guidata\/visite-guidee-dalberobello\/","url":"https:\/\/puglialovesmatera.com\/fr\/visita-guidata\/visite-guidee-dalberobello\/","name":"Visite guid\u00e9e d'Alberobello - D\u00e9couvrez les Trulli et leur histoire avec un guide","isPartOf":{"@id":"https:\/\/puglialovesmatera.com\/fr\/#website"},"primaryImageOfPage":{"@id":"https:\/\/puglialovesmatera.com\/fr\/visita-guidata\/visite-guidee-dalberobello\/#primaryimage"},"image":{"@id":"https:\/\/puglialovesmatera.com\/fr\/visita-guidata\/visite-guidee-dalberobello\/#primaryimage"},"thumbnailUrl":"https:\/\/puglialovesmatera.com\/wp-content\/uploads\/2024\/07\/Visita-guidata-Alberobello.jpg","datePublished":"2024-07-24T15:32:07+00:00","description":"Explorez Alberobello, la capitale des Trulli et le site du patrimoine mondial de l'UNESCO, avec Alessandra Di Mauro, arch\u00e9ologue et guide touristique agr\u00e9\u00e9e.","breadcrumb":{"@id":"https:\/\/puglialovesmatera.com\/fr\/visita-guidata\/visite-guidee-dalberobello\/#breadcrumb"},"inLanguage":"fr-FR","potentialAction":[{"@type":"ReadAction","target":["https:\/\/puglialovesmatera.com\/fr\/visita-guidata\/visite-guidee-dalberobello\/"]}]},{"@type":"ImageObject","inLanguage":"fr-FR","@id":"https:\/\/puglialovesmatera.com\/fr\/visita-guidata\/visite-guidee-dalberobello\/#primaryimage","url":"https:\/\/puglialovesmatera.com\/wp-content\/uploads\/2024\/07\/Visita-guidata-Alberobello.jpg","contentUrl":"https:\/\/puglialovesmatera.com\/wp-content\/uploads\/2024\/07\/Visita-guidata-Alberobello.jpg","width":500,"height":500},{"@type":"BreadcrumbList","@id":"https:\/\/puglialovesmatera.com\/fr\/visita-guidata\/visite-guidee-dalberobello\/#breadcrumb","itemListElement":[{"@type":"ListItem","position":1,"name":"Home","item":"https:\/\/puglialovesmatera.com\/fr\/accueil-puglia-aime-matera-visites-guidees\/"},{"@type":"ListItem","position":2,"name":"Toutes les visites guid\u00e9es","item":"https:\/\/puglialovesmatera.com\/fr\/visites-tout-guidees\/"},{"@type":"ListItem","position":3,"name":"Visite guid\u00e9e d&rsquo;Alberobello"}]},{"@type":"WebSite","@id":"https:\/\/puglialovesmatera.com\/fr\/#website","url":"https:\/\/puglialovesmatera.com\/fr\/","name":"Puglia Loves Matera","description":"Ars Mediterranea Scario","publisher":{"@id":"https:\/\/puglialovesmatera.com\/fr\/#organization"},"potentialAction":[{"@type":"SearchAction","target":{"@type":"EntryPoint","urlTemplate":"https:\/\/puglialovesmatera.com\/fr\/?s={search_term_string}"},"query-input":{"@type":"PropertyValueSpecification","valueRequired":true,"valueName":"search_term_string"}}],"inLanguage":"fr-FR"},{"@type":"Organization","@id":"https:\/\/puglialovesmatera.com\/fr\/#organization","name":"Puglia Loves Matera","url":"https:\/\/puglialovesmatera.com\/fr\/","logo":{"@type":"ImageObject","inLanguage":"fr-FR","@id":"https:\/\/puglialovesmatera.com\/fr\/#\/schema\/logo\/image\/","url":"https:\/\/puglialovesmatera.com\/wp-content\/uploads\/2024\/07\/Group-14.svg","contentUrl":"https:\/\/puglialovesmatera.com\/wp-content\/uploads\/2024\/07\/Group-14.svg","width":371,"height":381,"caption":"Puglia Loves Matera"},"image":{"@id":"https:\/\/puglialovesmatera.com\/fr\/#\/schema\/logo\/image\/"}}]}},"_links":{"self":[{"href":"https:\/\/puglialovesmatera.com\/fr\/wp-json\/wp\/v2\/product\/3332","targetHints":{"allow":["GET"]}}],"collection":[{"href":"https:\/\/puglialovesmatera.com\/fr\/wp-json\/wp\/v2\/product"}],"about":[{"href":"https:\/\/puglialovesmatera.com\/fr\/wp-json\/wp\/v2\/types\/product"}],"replies":[{"embeddable":true,"href":"https:\/\/puglialovesmatera.com\/fr\/wp-json\/wp\/v2\/comments?post=3332"}],"wp:featuredmedia":[{"embeddable":true,"href":"https:\/\/puglialovesmatera.com\/fr\/wp-json\/wp\/v2\/media\/2683"}],"wp:attachment":[{"href":"https:\/\/puglialovesmatera.com\/fr\/wp-json\/wp\/v2\/media?parent=3332"}],"wp:term":[{"taxonomy":"product_brand","embeddable":true,"href":"https:\/\/puglialovesmatera.com\/fr\/wp-json\/wp\/v2\/product_brand?post=3332"},{"taxonomy":"product_cat","embeddable":true,"href":"https:\/\/puglialovesmatera.com\/fr\/wp-json\/wp\/v2\/product_cat?post=3332"},{"taxonomy":"product_tag","embeddable":true,"href":"https:\/\/puglialovesmatera.com\/fr\/wp-json\/wp\/v2\/product_tag?post=3332"}],"curies":[{"name":"wp","href":"https:\/\/api.w.org\/{rel}","templated":true}]}}