{"id":3334,"date":"2024-07-24T15:30:14","date_gmt":"2024-07-24T15:30:14","guid":{"rendered":"https:\/\/puglialovesmatera.com\/visita-guidata\/visite-guidee-musee-archeologique-national-m-a-r-t-a-et-tarente\/"},"modified":"2024-07-24T15:30:14","modified_gmt":"2024-07-24T15:30:14","slug":"visite-guidee-musee-archeologique-national-m-a-r-t-a-et-tarente","status":"publish","type":"product","link":"https:\/\/puglialovesmatera.com\/fr\/visita-guidata\/visite-guidee-musee-archeologique-national-m-a-r-t-a-et-tarente\/","title":{"rendered":"Visite guid\u00e9e Mus\u00e9e arch\u00e9ologique national M.A.R.T.A. et Tarente"},"content":{"rendered":"<p>Mes visites guid\u00e9es de Tarente offrent une exp\u00e9rience unique et fascinante.<br \/>\nNous commen\u00e7ons par une splendide vue panoramique du canal navigable, d&rsquo;o\u00f9 vous pourrez admirer le ch\u00e2teau aragonais et le pont tournant, symboles incontest\u00e9s de la ville.<br \/>\nCette introduction vous permet de d\u00e9couvrir les preuves de la fondation de Tarente par les Spartiates en 706 avant J.-C., vous transportant dans le pass\u00e9 \u00e0 travers les mythes et les l\u00e9gendes.    <\/p>\n<h3>Mus\u00e9e arch\u00e9ologique national M.A.R.T.A.<\/h3>\n<p>  Poursuivant notre itin\u00e9raire, nous nous rendons au mus\u00e9e arch\u00e9ologique national M.A.R.T.A., l&rsquo;un des plus importants d&rsquo;Italie pour la richesse et la valeur de ses expositions.<br \/>\nLe nouvel am\u00e9nagement du mus\u00e9e est un v\u00e9ritable voyage dans le temps, qui r\u00e9v\u00e8le les secrets de la ville grecque, romaine et de l&rsquo;Antiquit\u00e9 tardive.<br \/>\nAu milieu de vases et d&rsquo;amphores d\u00e9cor\u00e9s et de c\u00e9ramiques surpeintes, je vous conduirai vers les mythes et les traditions li\u00e9s \u00e0 la vie quotidienne et aux principaux rites de passage de l&rsquo;ancienne Tarente.    <\/p>\n<h3>Constatations et sections du mus\u00e9e<\/h3>\n<p>  Au cours de la visite, nous admirerons certaines des expositions les plus significatives du mus\u00e9e, notamment  <\/p>\n<ul>\n<li><strong>Le Zeus stylis\u00e9<\/strong>: Une magnifique sculpture repr\u00e9sentant le dieu grec Zeus, symbole de puissance et d&rsquo;autorit\u00e9.<\/li>\n<li><strong>Les V\u00e9nus de Parabita<\/strong>: repr\u00e9sentations de la d\u00e9esse de l&rsquo;amour, t\u00e9moignant de l&rsquo;importance du culte de la fertilit\u00e9.<\/li>\n<li><strong>L&rsquo;athl\u00e8te de Tarente<\/strong>: Une sculpture c\u00e9l\u00e9brant la figure de l&rsquo;athl\u00e8te, symbole de force et de beaut\u00e9.<\/li>\n<li><strong>La salle des bijoux<\/strong>: o\u00f9 l&rsquo;on peut admirer les pr\u00e9cieuses parures qui ornaient les femmes dans l&rsquo;Antiquit\u00e9.<\/li>\n<li><strong>Des vitrines d\u00e9di\u00e9es au th\u00e9\u00e2tre<\/strong>: elles nous montrent la place centrale du th\u00e9\u00e2tre dans la vie culturelle et sociale de l&rsquo;ancienne Tarente.<\/li>\n<li><strong>Les salles de mosa\u00efque<\/strong>: avec de splendides mosa\u00efques qui d\u00e9coraient les maisons et les b\u00e2timents publics.<\/li>\n<\/ul>\n<h3>Conclusion de la visite<\/h3>\n<p>  Mes visites guid\u00e9es du mus\u00e9e arch\u00e9ologique national M.A.R.T.A. de Tarente offrent une occasion unique de se plonger dans l&rsquo;histoire mill\u00e9naire de cette ville, en d\u00e9couvrant ses origines, ses \u00e9volutions et ses traditions.<br \/>\nMon expertise et ma passion feront de chaque visite une exp\u00e9rience inoubliable qui fascinera et int\u00e9ressera les visiteurs de tous \u00e2ges.   <\/p>\n<h3>Informations utiles<\/h3>\n<p>  Mes visites guid\u00e9es de Tarente et du Mus\u00e9e arch\u00e9ologique national M.A.R.T.A. sont une occasion \u00e0 ne pas manquer pour tous ceux qui souhaitent en savoir plus sur l&rsquo;histoire et la culture de cette ville fascinante.<br \/>\nGr\u00e2ce \u00e0 ma formation continue et \u00e0 ma passion pour l&rsquo;histoire, je serai en mesure de vous faire participer \u00e0 un r\u00e9cit passionnant et riche en d\u00e9tails, faisant de chaque visite une exp\u00e9rience unique.<br \/>\nL&rsquo;accent mis sur la personnalisation des visites me permet d&rsquo;adapter l&rsquo;itin\u00e9raire et les explications aux int\u00e9r\u00eats sp\u00e9cifiques des visiteurs, garantissant ainsi une exp\u00e9rience sur mesure et de grande qualit\u00e9.<br \/>\nMa ponctualit\u00e9 et ma fiabilit\u00e9 garantissent un service professionnel et impeccable.<br \/>\nNe manquez pas l&rsquo;occasion de faire un voyage dans le temps parmi les tr\u00e9sors de Tarente et du mus\u00e9e arch\u00e9ologique national M.A.R.T.A., o\u00f9 chaque objet raconte une histoire et o\u00f9 chaque pi\u00e8ce est une fen\u00eatre ouverte sur le pass\u00e9.<br \/>\nPour plus d&rsquo;informations et de r\u00e9servations, veuillez me contacter pour convenir d&rsquo;un tarif de visite guid\u00e9e.<br \/>\nJe serai heureuse de vous accompagner dans cette extraordinaire aventure culturelle.      <\/p>\n","protected":false},"excerpt":{"rendered":"<p>D\u00e9couvrez l&rsquo;un des mus\u00e9es les plus importants et les plus riches d&rsquo;Italie, le mus\u00e9e arch\u00e9ologique national M.A.R.T.A. de Tarente.<br \/>\n\u00c0 travers un parcours chronologique allant de la pr\u00e9histoire au Moyen \u00c2ge, vous pourrez admirer des \u0153uvres d&rsquo;une valeur rare telles que le Zeus Stylite, les V\u00e9nus de Parabita, les vases apuliens \u00e0 figures rouges, les mosa\u00efques romaines et d&rsquo;autres tr\u00e9sors.<br \/>\nCette visite guid\u00e9e vous permettra de mieux comprendre l&rsquo;histoire ancienne et les influences culturelles de Tarente.  <\/p>\n","protected":false},"featured_media":2743,"comment_status":"open","ping_status":"closed","template":"","meta":{"_acf_changed":false},"product_brand":[],"product_cat":[65],"product_tag":[],"class_list":{"0":"post-3334","1":"product","2":"type-product","3":"status-publish","4":"has-post-thumbnail","6":"product_cat-tarente-entre-histoire-et-artisanat","8":"first","9":"instock","10":"shipping-taxable","11":"product-type-simple"},"acf":[],"yoast_head":"<!-- This site is optimized with the Yoast SEO plugin v27.3 - https:\/\/yoast.com\/product\/yoast-seo-wordpress\/ -->\n<title>Visite guid\u00e9e du Mus\u00e9e arch\u00e9ologique national M.A.R.T.A. Taranto<\/title>\n<meta name=\"description\" content=\"D\u00e9couvrez Tarente et le mus\u00e9e arch\u00e9ologique national M.A.R.T.A. gr\u00e2ce aux visites guid\u00e9es d&#039;Alessandra Di Mauro, arch\u00e9ologue et guide touristique agr\u00e9\u00e9e.\" \/>\n<meta name=\"robots\" content=\"index, follow, max-snippet:-1, max-image-preview:large, max-video-preview:-1\" \/>\n<link rel=\"canonical\" href=\"https:\/\/puglialovesmatera.com\/fr\/visita-guidata\/visite-guidee-musee-archeologique-national-m-a-r-t-a-et-tarente\/\" \/>\n<meta property=\"og:locale\" content=\"fr_FR\" \/>\n<meta property=\"og:type\" content=\"article\" \/>\n<meta property=\"og:title\" content=\"Visite guid\u00e9e du Mus\u00e9e arch\u00e9ologique national M.A.R.T.A. Taranto\" \/>\n<meta property=\"og:description\" content=\"D\u00e9couvrez Tarente et le mus\u00e9e arch\u00e9ologique national M.A.R.T.A. gr\u00e2ce aux visites guid\u00e9es d&#039;Alessandra Di Mauro, arch\u00e9ologue et guide touristique agr\u00e9\u00e9e.\" \/>\n<meta property=\"og:url\" content=\"https:\/\/puglialovesmatera.com\/fr\/visita-guidata\/visite-guidee-musee-archeologique-national-m-a-r-t-a-et-tarente\/\" \/>\n<meta property=\"og:site_name\" content=\"Puglia Loves Matera\" \/>\n<meta property=\"og:image\" content=\"https:\/\/puglialovesmatera.com\/wp-content\/uploads\/2024\/07\/Visita-guidata-Marta-Taranto.jpg\" \/>\n\t<meta property=\"og:image:width\" content=\"500\" \/>\n\t<meta property=\"og:image:height\" content=\"500\" \/>\n\t<meta property=\"og:image:type\" content=\"image\/jpeg\" \/>\n<meta name=\"twitter:card\" content=\"summary_large_image\" \/>\n<meta name=\"twitter:label1\" content=\"Dur\u00e9e de lecture estim\u00e9e\" \/>\n\t<meta name=\"twitter:data1\" content=\"3 minutes\" \/>\n<script type=\"application\/ld+json\" class=\"yoast-schema-graph\">{\"@context\":\"https:\\\/\\\/schema.org\",\"@graph\":[{\"@type\":\"WebPage\",\"@id\":\"https:\\\/\\\/puglialovesmatera.com\\\/fr\\\/visita-guidata\\\/visite-guidee-musee-archeologique-national-m-a-r-t-a-et-tarente\\\/\",\"url\":\"https:\\\/\\\/puglialovesmatera.com\\\/fr\\\/visita-guidata\\\/visite-guidee-musee-archeologique-national-m-a-r-t-a-et-tarente\\\/\",\"name\":\"Visite guid\u00e9e du Mus\u00e9e arch\u00e9ologique national M.A.R.T.A. Taranto\",\"isPartOf\":{\"@id\":\"https:\\\/\\\/puglialovesmatera.com\\\/fr\\\/#website\"},\"primaryImageOfPage\":{\"@id\":\"https:\\\/\\\/puglialovesmatera.com\\\/fr\\\/visita-guidata\\\/visite-guidee-musee-archeologique-national-m-a-r-t-a-et-tarente\\\/#primaryimage\"},\"image\":{\"@id\":\"https:\\\/\\\/puglialovesmatera.com\\\/fr\\\/visita-guidata\\\/visite-guidee-musee-archeologique-national-m-a-r-t-a-et-tarente\\\/#primaryimage\"},\"thumbnailUrl\":\"https:\\\/\\\/puglialovesmatera.com\\\/wp-content\\\/uploads\\\/2024\\\/07\\\/Visita-guidata-Marta-Taranto.jpg\",\"datePublished\":\"2024-07-24T15:30:14+00:00\",\"description\":\"D\u00e9couvrez Tarente et le mus\u00e9e arch\u00e9ologique national M.A.R.T.A. gr\u00e2ce aux visites guid\u00e9es d'Alessandra Di Mauro, arch\u00e9ologue et guide touristique agr\u00e9\u00e9e.\",\"breadcrumb\":{\"@id\":\"https:\\\/\\\/puglialovesmatera.com\\\/fr\\\/visita-guidata\\\/visite-guidee-musee-archeologique-national-m-a-r-t-a-et-tarente\\\/#breadcrumb\"},\"inLanguage\":\"fr-FR\",\"potentialAction\":[{\"@type\":\"ReadAction\",\"target\":[\"https:\\\/\\\/puglialovesmatera.com\\\/fr\\\/visita-guidata\\\/visite-guidee-musee-archeologique-national-m-a-r-t-a-et-tarente\\\/\"]}]},{\"@type\":\"ImageObject\",\"inLanguage\":\"fr-FR\",\"@id\":\"https:\\\/\\\/puglialovesmatera.com\\\/fr\\\/visita-guidata\\\/visite-guidee-musee-archeologique-national-m-a-r-t-a-et-tarente\\\/#primaryimage\",\"url\":\"https:\\\/\\\/puglialovesmatera.com\\\/wp-content\\\/uploads\\\/2024\\\/07\\\/Visita-guidata-Marta-Taranto.jpg\",\"contentUrl\":\"https:\\\/\\\/puglialovesmatera.com\\\/wp-content\\\/uploads\\\/2024\\\/07\\\/Visita-guidata-Marta-Taranto.jpg\",\"width\":500,\"height\":500},{\"@type\":\"BreadcrumbList\",\"@id\":\"https:\\\/\\\/puglialovesmatera.com\\\/fr\\\/visita-guidata\\\/visite-guidee-musee-archeologique-national-m-a-r-t-a-et-tarente\\\/#breadcrumb\",\"itemListElement\":[{\"@type\":\"ListItem\",\"position\":1,\"name\":\"Home\",\"item\":\"https:\\\/\\\/puglialovesmatera.com\\\/fr\\\/accueil-puglia-aime-matera-visites-guidees\\\/\"},{\"@type\":\"ListItem\",\"position\":2,\"name\":\"Toutes les visites guid\u00e9es\",\"item\":\"https:\\\/\\\/puglialovesmatera.com\\\/fr\\\/visites-tout-guidees\\\/\"},{\"@type\":\"ListItem\",\"position\":3,\"name\":\"Visite guid\u00e9e Mus\u00e9e arch\u00e9ologique national M.A.R.T.A. et Tarente\"}]},{\"@type\":\"WebSite\",\"@id\":\"https:\\\/\\\/puglialovesmatera.com\\\/fr\\\/#website\",\"url\":\"https:\\\/\\\/puglialovesmatera.com\\\/fr\\\/\",\"name\":\"Puglia Loves Matera\",\"description\":\"Ars Mediterranea Scario\",\"publisher\":{\"@id\":\"https:\\\/\\\/puglialovesmatera.com\\\/fr\\\/#organization\"},\"potentialAction\":[{\"@type\":\"SearchAction\",\"target\":{\"@type\":\"EntryPoint\",\"urlTemplate\":\"https:\\\/\\\/puglialovesmatera.com\\\/fr\\\/?s={search_term_string}\"},\"query-input\":{\"@type\":\"PropertyValueSpecification\",\"valueRequired\":true,\"valueName\":\"search_term_string\"}}],\"inLanguage\":\"fr-FR\"},{\"@type\":\"Organization\",\"@id\":\"https:\\\/\\\/puglialovesmatera.com\\\/fr\\\/#organization\",\"name\":\"Puglia Loves Matera\",\"url\":\"https:\\\/\\\/puglialovesmatera.com\\\/fr\\\/\",\"logo\":{\"@type\":\"ImageObject\",\"inLanguage\":\"fr-FR\",\"@id\":\"https:\\\/\\\/puglialovesmatera.com\\\/fr\\\/#\\\/schema\\\/logo\\\/image\\\/\",\"url\":\"https:\\\/\\\/puglialovesmatera.com\\\/wp-content\\\/uploads\\\/2024\\\/07\\\/Group-14.svg\",\"contentUrl\":\"https:\\\/\\\/puglialovesmatera.com\\\/wp-content\\\/uploads\\\/2024\\\/07\\\/Group-14.svg\",\"width\":371,\"height\":381,\"caption\":\"Puglia Loves Matera\"},\"image\":{\"@id\":\"https:\\\/\\\/puglialovesmatera.com\\\/fr\\\/#\\\/schema\\\/logo\\\/image\\\/\"}}]}<\/script>\n<!-- \/ Yoast SEO plugin. -->","yoast_head_json":{"title":"Visite guid\u00e9e du Mus\u00e9e arch\u00e9ologique national M.A.R.T.A. Taranto","description":"D\u00e9couvrez Tarente et le mus\u00e9e arch\u00e9ologique national M.A.R.T.A. gr\u00e2ce aux visites guid\u00e9es d'Alessandra Di Mauro, arch\u00e9ologue et guide touristique agr\u00e9\u00e9e.","robots":{"index":"index","follow":"follow","max-snippet":"max-snippet:-1","max-image-preview":"max-image-preview:large","max-video-preview":"max-video-preview:-1"},"canonical":"https:\/\/puglialovesmatera.com\/fr\/visita-guidata\/visite-guidee-musee-archeologique-national-m-a-r-t-a-et-tarente\/","og_locale":"fr_FR","og_type":"article","og_title":"Visite guid\u00e9e du Mus\u00e9e arch\u00e9ologique national M.A.R.T.A. Taranto","og_description":"D\u00e9couvrez Tarente et le mus\u00e9e arch\u00e9ologique national M.A.R.T.A. gr\u00e2ce aux visites guid\u00e9es d'Alessandra Di Mauro, arch\u00e9ologue et guide touristique agr\u00e9\u00e9e.","og_url":"https:\/\/puglialovesmatera.com\/fr\/visita-guidata\/visite-guidee-musee-archeologique-national-m-a-r-t-a-et-tarente\/","og_site_name":"Puglia Loves Matera","og_image":[{"width":500,"height":500,"url":"https:\/\/puglialovesmatera.com\/wp-content\/uploads\/2024\/07\/Visita-guidata-Marta-Taranto.jpg","type":"image\/jpeg"}],"twitter_card":"summary_large_image","twitter_misc":{"Dur\u00e9e de lecture estim\u00e9e":"3 minutes"},"schema":{"@context":"https:\/\/schema.org","@graph":[{"@type":"WebPage","@id":"https:\/\/puglialovesmatera.com\/fr\/visita-guidata\/visite-guidee-musee-archeologique-national-m-a-r-t-a-et-tarente\/","url":"https:\/\/puglialovesmatera.com\/fr\/visita-guidata\/visite-guidee-musee-archeologique-national-m-a-r-t-a-et-tarente\/","name":"Visite guid\u00e9e du Mus\u00e9e arch\u00e9ologique national M.A.R.T.A. Taranto","isPartOf":{"@id":"https:\/\/puglialovesmatera.com\/fr\/#website"},"primaryImageOfPage":{"@id":"https:\/\/puglialovesmatera.com\/fr\/visita-guidata\/visite-guidee-musee-archeologique-national-m-a-r-t-a-et-tarente\/#primaryimage"},"image":{"@id":"https:\/\/puglialovesmatera.com\/fr\/visita-guidata\/visite-guidee-musee-archeologique-national-m-a-r-t-a-et-tarente\/#primaryimage"},"thumbnailUrl":"https:\/\/puglialovesmatera.com\/wp-content\/uploads\/2024\/07\/Visita-guidata-Marta-Taranto.jpg","datePublished":"2024-07-24T15:30:14+00:00","description":"D\u00e9couvrez Tarente et le mus\u00e9e arch\u00e9ologique national M.A.R.T.A. gr\u00e2ce aux visites guid\u00e9es d'Alessandra Di Mauro, arch\u00e9ologue et guide touristique agr\u00e9\u00e9e.","breadcrumb":{"@id":"https:\/\/puglialovesmatera.com\/fr\/visita-guidata\/visite-guidee-musee-archeologique-national-m-a-r-t-a-et-tarente\/#breadcrumb"},"inLanguage":"fr-FR","potentialAction":[{"@type":"ReadAction","target":["https:\/\/puglialovesmatera.com\/fr\/visita-guidata\/visite-guidee-musee-archeologique-national-m-a-r-t-a-et-tarente\/"]}]},{"@type":"ImageObject","inLanguage":"fr-FR","@id":"https:\/\/puglialovesmatera.com\/fr\/visita-guidata\/visite-guidee-musee-archeologique-national-m-a-r-t-a-et-tarente\/#primaryimage","url":"https:\/\/puglialovesmatera.com\/wp-content\/uploads\/2024\/07\/Visita-guidata-Marta-Taranto.jpg","contentUrl":"https:\/\/puglialovesmatera.com\/wp-content\/uploads\/2024\/07\/Visita-guidata-Marta-Taranto.jpg","width":500,"height":500},{"@type":"BreadcrumbList","@id":"https:\/\/puglialovesmatera.com\/fr\/visita-guidata\/visite-guidee-musee-archeologique-national-m-a-r-t-a-et-tarente\/#breadcrumb","itemListElement":[{"@type":"ListItem","position":1,"name":"Home","item":"https:\/\/puglialovesmatera.com\/fr\/accueil-puglia-aime-matera-visites-guidees\/"},{"@type":"ListItem","position":2,"name":"Toutes les visites guid\u00e9es","item":"https:\/\/puglialovesmatera.com\/fr\/visites-tout-guidees\/"},{"@type":"ListItem","position":3,"name":"Visite guid\u00e9e Mus\u00e9e arch\u00e9ologique national M.A.R.T.A. et Tarente"}]},{"@type":"WebSite","@id":"https:\/\/puglialovesmatera.com\/fr\/#website","url":"https:\/\/puglialovesmatera.com\/fr\/","name":"Puglia Loves Matera","description":"Ars Mediterranea Scario","publisher":{"@id":"https:\/\/puglialovesmatera.com\/fr\/#organization"},"potentialAction":[{"@type":"SearchAction","target":{"@type":"EntryPoint","urlTemplate":"https:\/\/puglialovesmatera.com\/fr\/?s={search_term_string}"},"query-input":{"@type":"PropertyValueSpecification","valueRequired":true,"valueName":"search_term_string"}}],"inLanguage":"fr-FR"},{"@type":"Organization","@id":"https:\/\/puglialovesmatera.com\/fr\/#organization","name":"Puglia Loves Matera","url":"https:\/\/puglialovesmatera.com\/fr\/","logo":{"@type":"ImageObject","inLanguage":"fr-FR","@id":"https:\/\/puglialovesmatera.com\/fr\/#\/schema\/logo\/image\/","url":"https:\/\/puglialovesmatera.com\/wp-content\/uploads\/2024\/07\/Group-14.svg","contentUrl":"https:\/\/puglialovesmatera.com\/wp-content\/uploads\/2024\/07\/Group-14.svg","width":371,"height":381,"caption":"Puglia Loves Matera"},"image":{"@id":"https:\/\/puglialovesmatera.com\/fr\/#\/schema\/logo\/image\/"}}]}},"_links":{"self":[{"href":"https:\/\/puglialovesmatera.com\/fr\/wp-json\/wp\/v2\/product\/3334","targetHints":{"allow":["GET"]}}],"collection":[{"href":"https:\/\/puglialovesmatera.com\/fr\/wp-json\/wp\/v2\/product"}],"about":[{"href":"https:\/\/puglialovesmatera.com\/fr\/wp-json\/wp\/v2\/types\/product"}],"replies":[{"embeddable":true,"href":"https:\/\/puglialovesmatera.com\/fr\/wp-json\/wp\/v2\/comments?post=3334"}],"wp:featuredmedia":[{"embeddable":true,"href":"https:\/\/puglialovesmatera.com\/fr\/wp-json\/wp\/v2\/media\/2743"}],"wp:attachment":[{"href":"https:\/\/puglialovesmatera.com\/fr\/wp-json\/wp\/v2\/media?parent=3334"}],"wp:term":[{"taxonomy":"product_brand","embeddable":true,"href":"https:\/\/puglialovesmatera.com\/fr\/wp-json\/wp\/v2\/product_brand?post=3334"},{"taxonomy":"product_cat","embeddable":true,"href":"https:\/\/puglialovesmatera.com\/fr\/wp-json\/wp\/v2\/product_cat?post=3334"},{"taxonomy":"product_tag","embeddable":true,"href":"https:\/\/puglialovesmatera.com\/fr\/wp-json\/wp\/v2\/product_tag?post=3334"}],"curies":[{"name":"wp","href":"https:\/\/api.w.org\/{rel}","templated":true}]}}