{"id":3338,"date":"2024-07-24T15:31:02","date_gmt":"2024-07-24T15:31:02","guid":{"rendered":"https:\/\/puglialovesmatera.com\/visita-guidata\/visite-guidee-de-manduria-la-patrie-du-vin-primitif\/"},"modified":"2024-07-24T15:31:02","modified_gmt":"2024-07-24T15:31:02","slug":"visite-guidee-de-manduria-la-patrie-du-vin-primitif","status":"publish","type":"product","link":"https:\/\/puglialovesmatera.com\/fr\/visita-guidata\/visite-guidee-de-manduria-la-patrie-du-vin-primitif\/","title":{"rendered":"Visite guid\u00e9e de Manduria, la patrie du vin primitif"},"content":{"rendered":"<h3>D\u00e9but de la visite<\/h3>\n<p>  Mes visites guid\u00e9es \u00e0 Manduria vous permettront de d\u00e9couvrir une ville d&rsquo;origine messapienne, c\u00e9l\u00e8bre pour ses murs m\u00e9galithiques qui t\u00e9moignent d&rsquo;un pass\u00e9 ancien et fascinant.<br \/>\nManduria est connue pour \u00eatre la patrie du vin Primitivo, qui a obtenu le statut de DOC il y a plus de 50 ans.<br \/>\nL&rsquo;histoire et la vinification de ce vin sont retrac\u00e9es au Museo della Civilt\u00e0 del Vino Primitivo, une \u00e9tape incontournable de notre itin\u00e9raire.    <\/p>\n<h3>Centre historique de Manduria<\/h3>\n<p>  Nous commencerons la visite en explorant le petit centre historique de Manduria.<br \/>\nLa premi\u00e8re \u00e9tape sera l&rsquo;\u00e9glise m\u00e8re, un exemple du style roman des Pouilles.<br \/>\nEn parcourant les rues du centre, je vous conduirai vers les palais nobles, parmi lesquels se distingue l&rsquo;imposant Palazzo Imperiali.<br \/>\nNous poursuivrons notre promenade dans le quartier juif, o\u00f9 l&rsquo;on peut encore lire les traces du passage de cette ancienne communaut\u00e9, ce qui ajoutera une couche suppl\u00e9mentaire d&rsquo;histoire et de culture \u00e0 notre visite.     <\/p>\n<h3>Mus\u00e9e de la civilisation du vin Primitivo<\/h3>\n<p>  Apr\u00e8s avoir explor\u00e9 le centre historique, nous nous rendons \u00e0 l&rsquo;historique Cantina Sociale pour visiter le mus\u00e9e de la civilisation du vin Primitivo.<br \/>\nCe mus\u00e9e offre un aper\u00e7u complet de l&rsquo;histoire et des techniques de vinification du Primitivo di Manduria.<br \/>\nAu cours de la visite, vous d\u00e9couvrirez comment ce vin est devenu un symbole de la r\u00e9gion de Tarente et de la ville de Manduria.    <\/p>\n<h3>D\u00e9gustation de vin<\/h3>\n<p>  \u00c0 la fin de la visite du mus\u00e9e, un \u0153nologue expert nous emm\u00e8nera pour une d\u00e9gustation guid\u00e9e de quelques-uns des vins les plus repr\u00e9sentatifs de la r\u00e9gion.<br \/>\nCette exp\u00e9rience vous permettra d&rsquo;appr\u00e9cier les caract\u00e9ristiques uniques du vin Primitivo et d&rsquo;apprendre de premi\u00e8re main le processus de production qui rend ce vin si sp\u00e9cial.   <\/p>\n<h3>Informations compl\u00e9mentaires<\/h3>\n<p>  Mes visites guid\u00e9es de Manduria et du mus\u00e9e de la civilisation du vin primitivo sont une occasion \u00e0 ne pas manquer pour tous ceux qui souhaitent en savoir plus sur l&rsquo;histoire, la culture et les traditions vinicoles de cette ville fascinante.<br \/>\nGr\u00e2ce \u00e0 ma formation continue et \u00e0 ma passion pour l&rsquo;histoire, je serai en mesure de vous faire participer \u00e0 un r\u00e9cit passionnant et plein de d\u00e9tails, faisant de chaque visite une exp\u00e9rience unique.<br \/>\nL&rsquo;accent mis sur la personnalisation des visites me permet d&rsquo;adapter l&rsquo;itin\u00e9raire et les explications aux int\u00e9r\u00eats sp\u00e9cifiques des visiteurs, garantissant ainsi une exp\u00e9rience sur mesure et de grande qualit\u00e9.<br \/>\nMa ponctualit\u00e9 et ma fiabilit\u00e9 garantissent un service professionnel et impeccable.<br \/>\nNe manquez pas l&rsquo;occasion de faire un voyage dans le temps parmi les tr\u00e9sors de la Mandurie et du mus\u00e9e de la civilisation du vin de primitivo, o\u00f9 chaque coin de rue raconte une histoire et o\u00f9 chaque gorg\u00e9e de vin est un plongeon dans les traditions du territoire.<br \/>\nPour plus d&rsquo;informations et de r\u00e9servations, veuillez me contacter pour convenir du prix de la visite guid\u00e9e.<br \/>\nJe serai heureuse de vous accompagner dans cette extraordinaire aventure culturelle et \u0153nologique.      <\/p>\n","protected":false},"excerpt":{"rendered":"<p>Manduria, connue comme la patrie du vin Primitivo, offre une exp\u00e9rience gastronomique et vinicole inoubliable.<br \/>\nLa visite guid\u00e9e vous conduira \u00e0 travers le centre historique de la ville, en passant par les caves \u00e0 vin historiques et le mus\u00e9e de la civilisation du vin Primitivo.<br \/>\nVous d\u00e9gusterez quelques-uns des vins embl\u00e9matiques de la r\u00e9gion et d\u00e9couvrirez l&rsquo;histoire et les traditions viticoles qui font de Manduria un lieu unique sur la sc\u00e8ne viticole italienne.  <\/p>\n","protected":false},"featured_media":2713,"comment_status":"open","ping_status":"closed","template":"","meta":{"_acf_changed":false},"product_brand":[],"product_cat":[65],"product_tag":[],"class_list":{"0":"post-3338","1":"product","2":"type-product","3":"status-publish","4":"has-post-thumbnail","6":"product_cat-tarente-entre-histoire-et-artisanat","8":"first","9":"instock","10":"shipping-taxable","11":"product-type-simple"},"acf":[],"yoast_head":"<!-- This site is optimized with the Yoast SEO plugin v27.3 - https:\/\/yoast.com\/product\/yoast-seo-wordpress\/ -->\n<title>Visite guid\u00e9e de Manduria et du mus\u00e9e de la civilisation du vin Primitivo<\/title>\n<meta name=\"description\" content=\"D\u00e9couvrez Manduria et le mus\u00e9e de la civilisation du vin Primitivo avec Alessandra Di Mauro, arch\u00e9ologue et guide touristique agr\u00e9\u00e9e. D\u00e9couvrez les tarifs\" \/>\n<meta name=\"robots\" content=\"index, follow, max-snippet:-1, max-image-preview:large, max-video-preview:-1\" \/>\n<link rel=\"canonical\" href=\"https:\/\/puglialovesmatera.com\/fr\/visita-guidata\/visite-guidee-de-manduria-la-patrie-du-vin-primitif\/\" \/>\n<meta property=\"og:locale\" content=\"fr_FR\" \/>\n<meta property=\"og:type\" content=\"article\" \/>\n<meta property=\"og:title\" content=\"Visite guid\u00e9e de Manduria et du mus\u00e9e de la civilisation du vin Primitivo\" \/>\n<meta property=\"og:description\" content=\"D\u00e9couvrez Manduria et le mus\u00e9e de la civilisation du vin Primitivo avec Alessandra Di Mauro, arch\u00e9ologue et guide touristique agr\u00e9\u00e9e. D\u00e9couvrez les tarifs\" \/>\n<meta property=\"og:url\" content=\"https:\/\/puglialovesmatera.com\/fr\/visita-guidata\/visite-guidee-de-manduria-la-patrie-du-vin-primitif\/\" \/>\n<meta property=\"og:site_name\" content=\"Puglia Loves Matera\" \/>\n<meta property=\"og:image\" content=\"https:\/\/puglialovesmatera.com\/wp-content\/uploads\/2024\/07\/Visite-Guidate-Manduria.jpg\" \/>\n\t<meta property=\"og:image:width\" content=\"500\" \/>\n\t<meta property=\"og:image:height\" content=\"500\" \/>\n\t<meta property=\"og:image:type\" content=\"image\/jpeg\" \/>\n<meta name=\"twitter:card\" content=\"summary_large_image\" \/>\n<meta name=\"twitter:label1\" content=\"Dur\u00e9e de lecture estim\u00e9e\" \/>\n\t<meta name=\"twitter:data1\" content=\"3 minutes\" \/>\n<script type=\"application\/ld+json\" class=\"yoast-schema-graph\">{\"@context\":\"https:\\\/\\\/schema.org\",\"@graph\":[{\"@type\":\"WebPage\",\"@id\":\"https:\\\/\\\/puglialovesmatera.com\\\/fr\\\/visita-guidata\\\/visite-guidee-de-manduria-la-patrie-du-vin-primitif\\\/\",\"url\":\"https:\\\/\\\/puglialovesmatera.com\\\/fr\\\/visita-guidata\\\/visite-guidee-de-manduria-la-patrie-du-vin-primitif\\\/\",\"name\":\"Visite guid\u00e9e de Manduria et du mus\u00e9e de la civilisation du vin Primitivo\",\"isPartOf\":{\"@id\":\"https:\\\/\\\/puglialovesmatera.com\\\/fr\\\/#website\"},\"primaryImageOfPage\":{\"@id\":\"https:\\\/\\\/puglialovesmatera.com\\\/fr\\\/visita-guidata\\\/visite-guidee-de-manduria-la-patrie-du-vin-primitif\\\/#primaryimage\"},\"image\":{\"@id\":\"https:\\\/\\\/puglialovesmatera.com\\\/fr\\\/visita-guidata\\\/visite-guidee-de-manduria-la-patrie-du-vin-primitif\\\/#primaryimage\"},\"thumbnailUrl\":\"https:\\\/\\\/puglialovesmatera.com\\\/wp-content\\\/uploads\\\/2024\\\/07\\\/Visite-Guidate-Manduria.jpg\",\"datePublished\":\"2024-07-24T15:31:02+00:00\",\"description\":\"D\u00e9couvrez Manduria et le mus\u00e9e de la civilisation du vin Primitivo avec Alessandra Di Mauro, arch\u00e9ologue et guide touristique agr\u00e9\u00e9e. D\u00e9couvrez les tarifs\",\"breadcrumb\":{\"@id\":\"https:\\\/\\\/puglialovesmatera.com\\\/fr\\\/visita-guidata\\\/visite-guidee-de-manduria-la-patrie-du-vin-primitif\\\/#breadcrumb\"},\"inLanguage\":\"fr-FR\",\"potentialAction\":[{\"@type\":\"ReadAction\",\"target\":[\"https:\\\/\\\/puglialovesmatera.com\\\/fr\\\/visita-guidata\\\/visite-guidee-de-manduria-la-patrie-du-vin-primitif\\\/\"]}]},{\"@type\":\"ImageObject\",\"inLanguage\":\"fr-FR\",\"@id\":\"https:\\\/\\\/puglialovesmatera.com\\\/fr\\\/visita-guidata\\\/visite-guidee-de-manduria-la-patrie-du-vin-primitif\\\/#primaryimage\",\"url\":\"https:\\\/\\\/puglialovesmatera.com\\\/wp-content\\\/uploads\\\/2024\\\/07\\\/Visite-Guidate-Manduria.jpg\",\"contentUrl\":\"https:\\\/\\\/puglialovesmatera.com\\\/wp-content\\\/uploads\\\/2024\\\/07\\\/Visite-Guidate-Manduria.jpg\",\"width\":500,\"height\":500},{\"@type\":\"BreadcrumbList\",\"@id\":\"https:\\\/\\\/puglialovesmatera.com\\\/fr\\\/visita-guidata\\\/visite-guidee-de-manduria-la-patrie-du-vin-primitif\\\/#breadcrumb\",\"itemListElement\":[{\"@type\":\"ListItem\",\"position\":1,\"name\":\"Home\",\"item\":\"https:\\\/\\\/puglialovesmatera.com\\\/fr\\\/accueil-puglia-aime-matera-visites-guidees\\\/\"},{\"@type\":\"ListItem\",\"position\":2,\"name\":\"Toutes les visites guid\u00e9es\",\"item\":\"https:\\\/\\\/puglialovesmatera.com\\\/fr\\\/visites-tout-guidees\\\/\"},{\"@type\":\"ListItem\",\"position\":3,\"name\":\"Visite guid\u00e9e de Manduria, la patrie du vin primitif\"}]},{\"@type\":\"WebSite\",\"@id\":\"https:\\\/\\\/puglialovesmatera.com\\\/fr\\\/#website\",\"url\":\"https:\\\/\\\/puglialovesmatera.com\\\/fr\\\/\",\"name\":\"Puglia Loves Matera\",\"description\":\"Ars Mediterranea Scario\",\"publisher\":{\"@id\":\"https:\\\/\\\/puglialovesmatera.com\\\/fr\\\/#organization\"},\"potentialAction\":[{\"@type\":\"SearchAction\",\"target\":{\"@type\":\"EntryPoint\",\"urlTemplate\":\"https:\\\/\\\/puglialovesmatera.com\\\/fr\\\/?s={search_term_string}\"},\"query-input\":{\"@type\":\"PropertyValueSpecification\",\"valueRequired\":true,\"valueName\":\"search_term_string\"}}],\"inLanguage\":\"fr-FR\"},{\"@type\":\"Organization\",\"@id\":\"https:\\\/\\\/puglialovesmatera.com\\\/fr\\\/#organization\",\"name\":\"Puglia Loves Matera\",\"url\":\"https:\\\/\\\/puglialovesmatera.com\\\/fr\\\/\",\"logo\":{\"@type\":\"ImageObject\",\"inLanguage\":\"fr-FR\",\"@id\":\"https:\\\/\\\/puglialovesmatera.com\\\/fr\\\/#\\\/schema\\\/logo\\\/image\\\/\",\"url\":\"https:\\\/\\\/puglialovesmatera.com\\\/wp-content\\\/uploads\\\/2024\\\/07\\\/Group-14.svg\",\"contentUrl\":\"https:\\\/\\\/puglialovesmatera.com\\\/wp-content\\\/uploads\\\/2024\\\/07\\\/Group-14.svg\",\"width\":371,\"height\":381,\"caption\":\"Puglia Loves Matera\"},\"image\":{\"@id\":\"https:\\\/\\\/puglialovesmatera.com\\\/fr\\\/#\\\/schema\\\/logo\\\/image\\\/\"}}]}<\/script>\n<!-- \/ Yoast SEO plugin. -->","yoast_head_json":{"title":"Visite guid\u00e9e de Manduria et du mus\u00e9e de la civilisation du vin Primitivo","description":"D\u00e9couvrez Manduria et le mus\u00e9e de la civilisation du vin Primitivo avec Alessandra Di Mauro, arch\u00e9ologue et guide touristique agr\u00e9\u00e9e. D\u00e9couvrez les tarifs","robots":{"index":"index","follow":"follow","max-snippet":"max-snippet:-1","max-image-preview":"max-image-preview:large","max-video-preview":"max-video-preview:-1"},"canonical":"https:\/\/puglialovesmatera.com\/fr\/visita-guidata\/visite-guidee-de-manduria-la-patrie-du-vin-primitif\/","og_locale":"fr_FR","og_type":"article","og_title":"Visite guid\u00e9e de Manduria et du mus\u00e9e de la civilisation du vin Primitivo","og_description":"D\u00e9couvrez Manduria et le mus\u00e9e de la civilisation du vin Primitivo avec Alessandra Di Mauro, arch\u00e9ologue et guide touristique agr\u00e9\u00e9e. D\u00e9couvrez les tarifs","og_url":"https:\/\/puglialovesmatera.com\/fr\/visita-guidata\/visite-guidee-de-manduria-la-patrie-du-vin-primitif\/","og_site_name":"Puglia Loves Matera","og_image":[{"width":500,"height":500,"url":"https:\/\/puglialovesmatera.com\/wp-content\/uploads\/2024\/07\/Visite-Guidate-Manduria.jpg","type":"image\/jpeg"}],"twitter_card":"summary_large_image","twitter_misc":{"Dur\u00e9e de lecture estim\u00e9e":"3 minutes"},"schema":{"@context":"https:\/\/schema.org","@graph":[{"@type":"WebPage","@id":"https:\/\/puglialovesmatera.com\/fr\/visita-guidata\/visite-guidee-de-manduria-la-patrie-du-vin-primitif\/","url":"https:\/\/puglialovesmatera.com\/fr\/visita-guidata\/visite-guidee-de-manduria-la-patrie-du-vin-primitif\/","name":"Visite guid\u00e9e de Manduria et du mus\u00e9e de la civilisation du vin Primitivo","isPartOf":{"@id":"https:\/\/puglialovesmatera.com\/fr\/#website"},"primaryImageOfPage":{"@id":"https:\/\/puglialovesmatera.com\/fr\/visita-guidata\/visite-guidee-de-manduria-la-patrie-du-vin-primitif\/#primaryimage"},"image":{"@id":"https:\/\/puglialovesmatera.com\/fr\/visita-guidata\/visite-guidee-de-manduria-la-patrie-du-vin-primitif\/#primaryimage"},"thumbnailUrl":"https:\/\/puglialovesmatera.com\/wp-content\/uploads\/2024\/07\/Visite-Guidate-Manduria.jpg","datePublished":"2024-07-24T15:31:02+00:00","description":"D\u00e9couvrez Manduria et le mus\u00e9e de la civilisation du vin Primitivo avec Alessandra Di Mauro, arch\u00e9ologue et guide touristique agr\u00e9\u00e9e. D\u00e9couvrez les tarifs","breadcrumb":{"@id":"https:\/\/puglialovesmatera.com\/fr\/visita-guidata\/visite-guidee-de-manduria-la-patrie-du-vin-primitif\/#breadcrumb"},"inLanguage":"fr-FR","potentialAction":[{"@type":"ReadAction","target":["https:\/\/puglialovesmatera.com\/fr\/visita-guidata\/visite-guidee-de-manduria-la-patrie-du-vin-primitif\/"]}]},{"@type":"ImageObject","inLanguage":"fr-FR","@id":"https:\/\/puglialovesmatera.com\/fr\/visita-guidata\/visite-guidee-de-manduria-la-patrie-du-vin-primitif\/#primaryimage","url":"https:\/\/puglialovesmatera.com\/wp-content\/uploads\/2024\/07\/Visite-Guidate-Manduria.jpg","contentUrl":"https:\/\/puglialovesmatera.com\/wp-content\/uploads\/2024\/07\/Visite-Guidate-Manduria.jpg","width":500,"height":500},{"@type":"BreadcrumbList","@id":"https:\/\/puglialovesmatera.com\/fr\/visita-guidata\/visite-guidee-de-manduria-la-patrie-du-vin-primitif\/#breadcrumb","itemListElement":[{"@type":"ListItem","position":1,"name":"Home","item":"https:\/\/puglialovesmatera.com\/fr\/accueil-puglia-aime-matera-visites-guidees\/"},{"@type":"ListItem","position":2,"name":"Toutes les visites guid\u00e9es","item":"https:\/\/puglialovesmatera.com\/fr\/visites-tout-guidees\/"},{"@type":"ListItem","position":3,"name":"Visite guid\u00e9e de Manduria, la patrie du vin primitif"}]},{"@type":"WebSite","@id":"https:\/\/puglialovesmatera.com\/fr\/#website","url":"https:\/\/puglialovesmatera.com\/fr\/","name":"Puglia Loves Matera","description":"Ars Mediterranea Scario","publisher":{"@id":"https:\/\/puglialovesmatera.com\/fr\/#organization"},"potentialAction":[{"@type":"SearchAction","target":{"@type":"EntryPoint","urlTemplate":"https:\/\/puglialovesmatera.com\/fr\/?s={search_term_string}"},"query-input":{"@type":"PropertyValueSpecification","valueRequired":true,"valueName":"search_term_string"}}],"inLanguage":"fr-FR"},{"@type":"Organization","@id":"https:\/\/puglialovesmatera.com\/fr\/#organization","name":"Puglia Loves Matera","url":"https:\/\/puglialovesmatera.com\/fr\/","logo":{"@type":"ImageObject","inLanguage":"fr-FR","@id":"https:\/\/puglialovesmatera.com\/fr\/#\/schema\/logo\/image\/","url":"https:\/\/puglialovesmatera.com\/wp-content\/uploads\/2024\/07\/Group-14.svg","contentUrl":"https:\/\/puglialovesmatera.com\/wp-content\/uploads\/2024\/07\/Group-14.svg","width":371,"height":381,"caption":"Puglia Loves Matera"},"image":{"@id":"https:\/\/puglialovesmatera.com\/fr\/#\/schema\/logo\/image\/"}}]}},"_links":{"self":[{"href":"https:\/\/puglialovesmatera.com\/fr\/wp-json\/wp\/v2\/product\/3338","targetHints":{"allow":["GET"]}}],"collection":[{"href":"https:\/\/puglialovesmatera.com\/fr\/wp-json\/wp\/v2\/product"}],"about":[{"href":"https:\/\/puglialovesmatera.com\/fr\/wp-json\/wp\/v2\/types\/product"}],"replies":[{"embeddable":true,"href":"https:\/\/puglialovesmatera.com\/fr\/wp-json\/wp\/v2\/comments?post=3338"}],"wp:featuredmedia":[{"embeddable":true,"href":"https:\/\/puglialovesmatera.com\/fr\/wp-json\/wp\/v2\/media\/2713"}],"wp:attachment":[{"href":"https:\/\/puglialovesmatera.com\/fr\/wp-json\/wp\/v2\/media?parent=3338"}],"wp:term":[{"taxonomy":"product_brand","embeddable":true,"href":"https:\/\/puglialovesmatera.com\/fr\/wp-json\/wp\/v2\/product_brand?post=3338"},{"taxonomy":"product_cat","embeddable":true,"href":"https:\/\/puglialovesmatera.com\/fr\/wp-json\/wp\/v2\/product_cat?post=3338"},{"taxonomy":"product_tag","embeddable":true,"href":"https:\/\/puglialovesmatera.com\/fr\/wp-json\/wp\/v2\/product_tag?post=3338"}],"curies":[{"name":"wp","href":"https:\/\/api.w.org\/{rel}","templated":true}]}}