{"id":3341,"date":"2024-07-24T15:33:37","date_gmt":"2024-07-24T15:33:37","guid":{"rendered":"https:\/\/puglialovesmatera.com\/visita-guidata\/visite-guidee-de-cisternino-le-borgo-fiorito\/"},"modified":"2024-07-24T15:33:37","modified_gmt":"2024-07-24T15:33:37","slug":"visite-guidee-de-cisternino-le-borgo-fiorito","status":"publish","type":"product","link":"https:\/\/puglialovesmatera.com\/fr\/visita-guidata\/visite-guidee-de-cisternino-le-borgo-fiorito\/","title":{"rendered":"Visite guid\u00e9e de Cisternino, le Borgo Fiorito"},"content":{"rendered":"<h3>D\u00e9but de la visite<\/h3>\n<p>  Mes visites guid\u00e9es de Cisternino vous feront d\u00e9couvrir un joyau de la vall\u00e9e d&rsquo;Itria, situ\u00e9 \u00e0 400 m\u00e8tres au-dessus du niveau de la mer.<br \/>\nCisternino est un village qui a re\u00e7u le drapeau orange du Touring Club italien pour sa beaut\u00e9 et sa pr\u00e9servation.   <\/p>\n<h3>Vieille ville et \u00e9glise m\u00e8re<\/h3>\n<p>  Nous commencerons la visite guid\u00e9e par la Porta Piccola, sur la Piazza Mazzini.<br \/>\nEn entrant dans le centre historique, je vous montrerai les rues pav\u00e9es et les maisons blanches parsem\u00e9es de pots de fleurs color\u00e9s.<br \/>\nLe village a conserv\u00e9 son charme oriental avec ses maisons basses, ses cours cach\u00e9es, ses escaliers, ses ruelles complexes et ses petites arches.<br \/>\nNotre premi\u00e8re \u00e9tape sera l&rsquo;\u00e9glise m\u00e8re, d\u00e9di\u00e9e \u00e0 Saint-Nicolas, construite au XIVe si\u00e8cle.<br \/>\n\u00c0 l&rsquo;int\u00e9rieur de l&rsquo;\u00e9glise, nous admirerons une \u0153uvre d&rsquo;art de grande valeur sculpt\u00e9e par Stefano da Putignano.      <\/p>\n<h3>Architecture spontan\u00e9e et quartiers historiques<\/h3>\n<p>  Nous nous promenons dans le centre historique, admirant l&rsquo;architecture spontan\u00e9e qui caract\u00e9rise les cinq principaux quartiers du village.<br \/>\nAutour de la place centrale, la Piazza Vittorio Emanuele, s&rsquo;articulent les quatre quartiers : B\u00e8re Vecchie, Scheledd, U&rsquo; Pant\u00e8ne, L&rsquo;Isule.<br \/>\nChaque quartier a son histoire et ses particularit\u00e9s, et je vous emm\u00e8ne en voyage \u00e0 travers les si\u00e8cles.    <\/p>\n<h3>Monuments historiques<\/h3>\n<p>  Au cours de la visite, nous admirerons certains des monuments les plus importants de Cisternino, notamment  <\/p>\n<ul>\n<li><strong>Palazzo Amati<\/strong>: un exemple \u00e9l\u00e9gant d&rsquo;architecture historique.<\/li>\n<li><strong>Tour de l&rsquo;horloge<\/strong>: un symbole de la ville qui marque le temps.<\/li>\n<li><strong>Tour normande souabe<\/strong>: de laquelle se trouve la statue de Saint Nicolas de Patara, protecteur de la ville.<\/li>\n<\/ul>\n<h3>Gastronomie locale<\/h3>\n<p>  Cisternino est c\u00e9l\u00e8bre pour ses salaisons et ses viandes cuites dans les typiques \u00ab\u00a0fornelli\u00a0\u00bb, des tavernes o\u00f9 l&rsquo;on pr\u00e9pare des bombettes, des rouleaux et des c\u00f4telettes enfil\u00e9es sur une broche et cuites \u00e0 la verticale.<br \/>\nCes d\u00e9lices repr\u00e9sentent l&rsquo;orgueil gastronomique de toute la vall\u00e9e d&rsquo;Itria, dont Cisternino est proclam\u00e9e la capitale.<br \/>\nAu cours de la visite, je vous parlerai de ces traditions culinaires et vous conseillerai les meilleurs endroits pour les d\u00e9guster.    <\/p>\n<h3><strong>Informations compl\u00e9mentaires<\/strong><\/h3>\n<p>  Mes visites guid\u00e9es de Cisternino constituent une occasion unique pour tous ceux qui souhaitent en savoir plus sur l&rsquo;histoire, la culture et l&rsquo;architecture de ce village fascinant.<br \/>\nGr\u00e2ce \u00e0 ma formation continue et \u00e0 ma passion pour l&rsquo;histoire, je serai en mesure de vous faire participer \u00e0 un r\u00e9cit captivant et plein de d\u00e9tails, faisant de chaque visite une exp\u00e9rience unique.<br \/>\nL&rsquo;accent mis sur la personnalisation des visites me permet d&rsquo;adapter l&rsquo;itin\u00e9raire et les explications aux int\u00e9r\u00eats sp\u00e9cifiques des visiteurs, garantissant ainsi une exp\u00e9rience sur mesure et de grande qualit\u00e9.<br \/>\nMa ponctualit\u00e9 et ma fiabilit\u00e9 garantissent un service professionnel et impeccable.<br \/>\nNe manquez pas l&rsquo;occasion de faire un voyage dans le temps parmi les tr\u00e9sors de Cisternino, o\u00f9 chaque coin de rue raconte une histoire et o\u00f9 chaque ruelle est une explosion de couleurs et de parfums.<br \/>\nPour plus d&rsquo;informations et de r\u00e9servations, contactez-moi pour convenir du prix de la visite guid\u00e9e.<br \/>\nJe serai heureuse de vous accompagner dans cette extraordinaire aventure culturelle et gastronomique.      <\/p>\n","protected":false},"excerpt":{"rendered":"<p>Visites guid\u00e9es de Cisternino, un charmant village connu pour ses fleurs et son atmosph\u00e8re d\u00e9tendue.<br \/>\nPromenez-vous dans les rues pav\u00e9es, admirez l&rsquo;\u00e9glise m\u00e8re de San Nicola, la tour de l&rsquo;horloge et le palais Amati.<br \/>\nLa visite guid\u00e9e vous fera d\u00e9couvrir les traditions culinaires locales, comme la fameuse \u00ab\u00a0bombette\u00a0\u00bb, et vous emm\u00e8nera \u00e0 la d\u00e9couverte des beaut\u00e9s cach\u00e9es de ce charmant village.  <\/p>\n","protected":false},"featured_media":2722,"comment_status":"open","ping_status":"closed","template":"","meta":{"_acf_changed":false},"product_brand":[],"product_cat":[68],"product_tag":[],"class_list":{"0":"post-3341","1":"product","2":"type-product","3":"status-publish","4":"has-post-thumbnail","6":"product_cat-la-vallee-ditria-et-ses-villages-blancs","8":"first","9":"instock","10":"shipping-taxable","11":"product-type-simple"},"acf":[],"yoast_head":"<!-- This site is optimized with the Yoast SEO plugin v27.3 - https:\/\/yoast.com\/product\/yoast-seo-wordpress\/ -->\n<title>Visite guid\u00e9e de Cisternino avec un guide professionnel agr\u00e9\u00e9<\/title>\n<meta name=\"description\" content=\"Explorez Cisternino, le Borgo Fiorito, avec Alessandra Di Mauro, arch\u00e9ologue et guide touristique agr\u00e9\u00e9e. D\u00e9couvrez les ruelles cach\u00e9es et savourez les sp\u00e9cialit\u00e9s gastronomiques locales. Visites personnalis\u00e9es avec un guide exp\u00e9riment\u00e9 et passionn\u00e9.\" \/>\n<meta name=\"robots\" content=\"index, follow, max-snippet:-1, max-image-preview:large, max-video-preview:-1\" \/>\n<link rel=\"canonical\" href=\"https:\/\/puglialovesmatera.com\/fr\/visita-guidata\/visite-guidee-de-cisternino-le-borgo-fiorito\/\" \/>\n<meta property=\"og:locale\" content=\"fr_FR\" \/>\n<meta property=\"og:type\" content=\"article\" \/>\n<meta property=\"og:title\" content=\"Visite guid\u00e9e de Cisternino avec un guide professionnel agr\u00e9\u00e9\" \/>\n<meta property=\"og:description\" content=\"Explorez Cisternino, le Borgo Fiorito, avec Alessandra Di Mauro, arch\u00e9ologue et guide touristique agr\u00e9\u00e9e. D\u00e9couvrez les ruelles cach\u00e9es et savourez les sp\u00e9cialit\u00e9s gastronomiques locales. Visites personnalis\u00e9es avec un guide exp\u00e9riment\u00e9 et passionn\u00e9.\" \/>\n<meta property=\"og:url\" content=\"https:\/\/puglialovesmatera.com\/fr\/visita-guidata\/visite-guidee-de-cisternino-le-borgo-fiorito\/\" \/>\n<meta property=\"og:site_name\" content=\"Puglia Loves Matera\" \/>\n<meta property=\"og:image\" content=\"https:\/\/puglialovesmatera.com\/wp-content\/uploads\/2024\/07\/Visita-guidata-Cisternino.jpg\" \/>\n\t<meta property=\"og:image:width\" content=\"500\" \/>\n\t<meta property=\"og:image:height\" content=\"500\" \/>\n\t<meta property=\"og:image:type\" content=\"image\/jpeg\" \/>\n<meta name=\"twitter:card\" content=\"summary_large_image\" \/>\n<meta name=\"twitter:label1\" content=\"Dur\u00e9e de lecture estim\u00e9e\" \/>\n\t<meta name=\"twitter:data1\" content=\"3 minutes\" \/>\n<script type=\"application\/ld+json\" class=\"yoast-schema-graph\">{\"@context\":\"https:\\\/\\\/schema.org\",\"@graph\":[{\"@type\":\"WebPage\",\"@id\":\"https:\\\/\\\/puglialovesmatera.com\\\/fr\\\/visita-guidata\\\/visite-guidee-de-cisternino-le-borgo-fiorito\\\/\",\"url\":\"https:\\\/\\\/puglialovesmatera.com\\\/fr\\\/visita-guidata\\\/visite-guidee-de-cisternino-le-borgo-fiorito\\\/\",\"name\":\"Visite guid\u00e9e de Cisternino avec un guide professionnel agr\u00e9\u00e9\",\"isPartOf\":{\"@id\":\"https:\\\/\\\/puglialovesmatera.com\\\/fr\\\/#website\"},\"primaryImageOfPage\":{\"@id\":\"https:\\\/\\\/puglialovesmatera.com\\\/fr\\\/visita-guidata\\\/visite-guidee-de-cisternino-le-borgo-fiorito\\\/#primaryimage\"},\"image\":{\"@id\":\"https:\\\/\\\/puglialovesmatera.com\\\/fr\\\/visita-guidata\\\/visite-guidee-de-cisternino-le-borgo-fiorito\\\/#primaryimage\"},\"thumbnailUrl\":\"https:\\\/\\\/puglialovesmatera.com\\\/wp-content\\\/uploads\\\/2024\\\/07\\\/Visita-guidata-Cisternino.jpg\",\"datePublished\":\"2024-07-24T15:33:37+00:00\",\"description\":\"Explorez Cisternino, le Borgo Fiorito, avec Alessandra Di Mauro, arch\u00e9ologue et guide touristique agr\u00e9\u00e9e. D\u00e9couvrez les ruelles cach\u00e9es et savourez les sp\u00e9cialit\u00e9s gastronomiques locales. Visites personnalis\u00e9es avec un guide exp\u00e9riment\u00e9 et passionn\u00e9.\",\"breadcrumb\":{\"@id\":\"https:\\\/\\\/puglialovesmatera.com\\\/fr\\\/visita-guidata\\\/visite-guidee-de-cisternino-le-borgo-fiorito\\\/#breadcrumb\"},\"inLanguage\":\"fr-FR\",\"potentialAction\":[{\"@type\":\"ReadAction\",\"target\":[\"https:\\\/\\\/puglialovesmatera.com\\\/fr\\\/visita-guidata\\\/visite-guidee-de-cisternino-le-borgo-fiorito\\\/\"]}]},{\"@type\":\"ImageObject\",\"inLanguage\":\"fr-FR\",\"@id\":\"https:\\\/\\\/puglialovesmatera.com\\\/fr\\\/visita-guidata\\\/visite-guidee-de-cisternino-le-borgo-fiorito\\\/#primaryimage\",\"url\":\"https:\\\/\\\/puglialovesmatera.com\\\/wp-content\\\/uploads\\\/2024\\\/07\\\/Visita-guidata-Cisternino.jpg\",\"contentUrl\":\"https:\\\/\\\/puglialovesmatera.com\\\/wp-content\\\/uploads\\\/2024\\\/07\\\/Visita-guidata-Cisternino.jpg\",\"width\":500,\"height\":500},{\"@type\":\"BreadcrumbList\",\"@id\":\"https:\\\/\\\/puglialovesmatera.com\\\/fr\\\/visita-guidata\\\/visite-guidee-de-cisternino-le-borgo-fiorito\\\/#breadcrumb\",\"itemListElement\":[{\"@type\":\"ListItem\",\"position\":1,\"name\":\"Home\",\"item\":\"https:\\\/\\\/puglialovesmatera.com\\\/fr\\\/accueil-puglia-aime-matera-visites-guidees\\\/\"},{\"@type\":\"ListItem\",\"position\":2,\"name\":\"Toutes les visites guid\u00e9es\",\"item\":\"https:\\\/\\\/puglialovesmatera.com\\\/fr\\\/visites-tout-guidees\\\/\"},{\"@type\":\"ListItem\",\"position\":3,\"name\":\"Visite guid\u00e9e de Cisternino, le Borgo Fiorito\"}]},{\"@type\":\"WebSite\",\"@id\":\"https:\\\/\\\/puglialovesmatera.com\\\/fr\\\/#website\",\"url\":\"https:\\\/\\\/puglialovesmatera.com\\\/fr\\\/\",\"name\":\"Puglia Loves Matera\",\"description\":\"Ars Mediterranea Scario\",\"publisher\":{\"@id\":\"https:\\\/\\\/puglialovesmatera.com\\\/fr\\\/#organization\"},\"potentialAction\":[{\"@type\":\"SearchAction\",\"target\":{\"@type\":\"EntryPoint\",\"urlTemplate\":\"https:\\\/\\\/puglialovesmatera.com\\\/fr\\\/?s={search_term_string}\"},\"query-input\":{\"@type\":\"PropertyValueSpecification\",\"valueRequired\":true,\"valueName\":\"search_term_string\"}}],\"inLanguage\":\"fr-FR\"},{\"@type\":\"Organization\",\"@id\":\"https:\\\/\\\/puglialovesmatera.com\\\/fr\\\/#organization\",\"name\":\"Puglia Loves Matera\",\"url\":\"https:\\\/\\\/puglialovesmatera.com\\\/fr\\\/\",\"logo\":{\"@type\":\"ImageObject\",\"inLanguage\":\"fr-FR\",\"@id\":\"https:\\\/\\\/puglialovesmatera.com\\\/fr\\\/#\\\/schema\\\/logo\\\/image\\\/\",\"url\":\"https:\\\/\\\/puglialovesmatera.com\\\/wp-content\\\/uploads\\\/2024\\\/07\\\/Group-14.svg\",\"contentUrl\":\"https:\\\/\\\/puglialovesmatera.com\\\/wp-content\\\/uploads\\\/2024\\\/07\\\/Group-14.svg\",\"width\":371,\"height\":381,\"caption\":\"Puglia Loves Matera\"},\"image\":{\"@id\":\"https:\\\/\\\/puglialovesmatera.com\\\/fr\\\/#\\\/schema\\\/logo\\\/image\\\/\"}}]}<\/script>\n<!-- \/ Yoast SEO plugin. -->","yoast_head_json":{"title":"Visite guid\u00e9e de Cisternino avec un guide professionnel agr\u00e9\u00e9","description":"Explorez Cisternino, le Borgo Fiorito, avec Alessandra Di Mauro, arch\u00e9ologue et guide touristique agr\u00e9\u00e9e. D\u00e9couvrez les ruelles cach\u00e9es et savourez les sp\u00e9cialit\u00e9s gastronomiques locales. Visites personnalis\u00e9es avec un guide exp\u00e9riment\u00e9 et passionn\u00e9.","robots":{"index":"index","follow":"follow","max-snippet":"max-snippet:-1","max-image-preview":"max-image-preview:large","max-video-preview":"max-video-preview:-1"},"canonical":"https:\/\/puglialovesmatera.com\/fr\/visita-guidata\/visite-guidee-de-cisternino-le-borgo-fiorito\/","og_locale":"fr_FR","og_type":"article","og_title":"Visite guid\u00e9e de Cisternino avec un guide professionnel agr\u00e9\u00e9","og_description":"Explorez Cisternino, le Borgo Fiorito, avec Alessandra Di Mauro, arch\u00e9ologue et guide touristique agr\u00e9\u00e9e. D\u00e9couvrez les ruelles cach\u00e9es et savourez les sp\u00e9cialit\u00e9s gastronomiques locales. Visites personnalis\u00e9es avec un guide exp\u00e9riment\u00e9 et passionn\u00e9.","og_url":"https:\/\/puglialovesmatera.com\/fr\/visita-guidata\/visite-guidee-de-cisternino-le-borgo-fiorito\/","og_site_name":"Puglia Loves Matera","og_image":[{"width":500,"height":500,"url":"https:\/\/puglialovesmatera.com\/wp-content\/uploads\/2024\/07\/Visita-guidata-Cisternino.jpg","type":"image\/jpeg"}],"twitter_card":"summary_large_image","twitter_misc":{"Dur\u00e9e de lecture estim\u00e9e":"3 minutes"},"schema":{"@context":"https:\/\/schema.org","@graph":[{"@type":"WebPage","@id":"https:\/\/puglialovesmatera.com\/fr\/visita-guidata\/visite-guidee-de-cisternino-le-borgo-fiorito\/","url":"https:\/\/puglialovesmatera.com\/fr\/visita-guidata\/visite-guidee-de-cisternino-le-borgo-fiorito\/","name":"Visite guid\u00e9e de Cisternino avec un guide professionnel agr\u00e9\u00e9","isPartOf":{"@id":"https:\/\/puglialovesmatera.com\/fr\/#website"},"primaryImageOfPage":{"@id":"https:\/\/puglialovesmatera.com\/fr\/visita-guidata\/visite-guidee-de-cisternino-le-borgo-fiorito\/#primaryimage"},"image":{"@id":"https:\/\/puglialovesmatera.com\/fr\/visita-guidata\/visite-guidee-de-cisternino-le-borgo-fiorito\/#primaryimage"},"thumbnailUrl":"https:\/\/puglialovesmatera.com\/wp-content\/uploads\/2024\/07\/Visita-guidata-Cisternino.jpg","datePublished":"2024-07-24T15:33:37+00:00","description":"Explorez Cisternino, le Borgo Fiorito, avec Alessandra Di Mauro, arch\u00e9ologue et guide touristique agr\u00e9\u00e9e. D\u00e9couvrez les ruelles cach\u00e9es et savourez les sp\u00e9cialit\u00e9s gastronomiques locales. Visites personnalis\u00e9es avec un guide exp\u00e9riment\u00e9 et passionn\u00e9.","breadcrumb":{"@id":"https:\/\/puglialovesmatera.com\/fr\/visita-guidata\/visite-guidee-de-cisternino-le-borgo-fiorito\/#breadcrumb"},"inLanguage":"fr-FR","potentialAction":[{"@type":"ReadAction","target":["https:\/\/puglialovesmatera.com\/fr\/visita-guidata\/visite-guidee-de-cisternino-le-borgo-fiorito\/"]}]},{"@type":"ImageObject","inLanguage":"fr-FR","@id":"https:\/\/puglialovesmatera.com\/fr\/visita-guidata\/visite-guidee-de-cisternino-le-borgo-fiorito\/#primaryimage","url":"https:\/\/puglialovesmatera.com\/wp-content\/uploads\/2024\/07\/Visita-guidata-Cisternino.jpg","contentUrl":"https:\/\/puglialovesmatera.com\/wp-content\/uploads\/2024\/07\/Visita-guidata-Cisternino.jpg","width":500,"height":500},{"@type":"BreadcrumbList","@id":"https:\/\/puglialovesmatera.com\/fr\/visita-guidata\/visite-guidee-de-cisternino-le-borgo-fiorito\/#breadcrumb","itemListElement":[{"@type":"ListItem","position":1,"name":"Home","item":"https:\/\/puglialovesmatera.com\/fr\/accueil-puglia-aime-matera-visites-guidees\/"},{"@type":"ListItem","position":2,"name":"Toutes les visites guid\u00e9es","item":"https:\/\/puglialovesmatera.com\/fr\/visites-tout-guidees\/"},{"@type":"ListItem","position":3,"name":"Visite guid\u00e9e de Cisternino, le Borgo Fiorito"}]},{"@type":"WebSite","@id":"https:\/\/puglialovesmatera.com\/fr\/#website","url":"https:\/\/puglialovesmatera.com\/fr\/","name":"Puglia Loves Matera","description":"Ars Mediterranea Scario","publisher":{"@id":"https:\/\/puglialovesmatera.com\/fr\/#organization"},"potentialAction":[{"@type":"SearchAction","target":{"@type":"EntryPoint","urlTemplate":"https:\/\/puglialovesmatera.com\/fr\/?s={search_term_string}"},"query-input":{"@type":"PropertyValueSpecification","valueRequired":true,"valueName":"search_term_string"}}],"inLanguage":"fr-FR"},{"@type":"Organization","@id":"https:\/\/puglialovesmatera.com\/fr\/#organization","name":"Puglia Loves Matera","url":"https:\/\/puglialovesmatera.com\/fr\/","logo":{"@type":"ImageObject","inLanguage":"fr-FR","@id":"https:\/\/puglialovesmatera.com\/fr\/#\/schema\/logo\/image\/","url":"https:\/\/puglialovesmatera.com\/wp-content\/uploads\/2024\/07\/Group-14.svg","contentUrl":"https:\/\/puglialovesmatera.com\/wp-content\/uploads\/2024\/07\/Group-14.svg","width":371,"height":381,"caption":"Puglia Loves Matera"},"image":{"@id":"https:\/\/puglialovesmatera.com\/fr\/#\/schema\/logo\/image\/"}}]}},"_links":{"self":[{"href":"https:\/\/puglialovesmatera.com\/fr\/wp-json\/wp\/v2\/product\/3341","targetHints":{"allow":["GET"]}}],"collection":[{"href":"https:\/\/puglialovesmatera.com\/fr\/wp-json\/wp\/v2\/product"}],"about":[{"href":"https:\/\/puglialovesmatera.com\/fr\/wp-json\/wp\/v2\/types\/product"}],"replies":[{"embeddable":true,"href":"https:\/\/puglialovesmatera.com\/fr\/wp-json\/wp\/v2\/comments?post=3341"}],"wp:featuredmedia":[{"embeddable":true,"href":"https:\/\/puglialovesmatera.com\/fr\/wp-json\/wp\/v2\/media\/2722"}],"wp:attachment":[{"href":"https:\/\/puglialovesmatera.com\/fr\/wp-json\/wp\/v2\/media?parent=3341"}],"wp:term":[{"taxonomy":"product_brand","embeddable":true,"href":"https:\/\/puglialovesmatera.com\/fr\/wp-json\/wp\/v2\/product_brand?post=3341"},{"taxonomy":"product_cat","embeddable":true,"href":"https:\/\/puglialovesmatera.com\/fr\/wp-json\/wp\/v2\/product_cat?post=3341"},{"taxonomy":"product_tag","embeddable":true,"href":"https:\/\/puglialovesmatera.com\/fr\/wp-json\/wp\/v2\/product_tag?post=3341"}],"curies":[{"name":"wp","href":"https:\/\/api.w.org\/{rel}","templated":true}]}}