{"id":3344,"date":"2024-07-27T08:01:05","date_gmt":"2024-07-27T08:01:05","guid":{"rendered":"https:\/\/puglialovesmatera.com\/visita-guidata\/visite-guidee-du-castel-del-monte-et-de-frederic-ii-de-souabe\/"},"modified":"2024-07-27T08:01:05","modified_gmt":"2024-07-27T08:01:05","slug":"visite-guidee-du-castel-del-monte-et-de-frederic-ii-de-souabe","status":"publish","type":"product","link":"https:\/\/puglialovesmatera.com\/fr\/visita-guidata\/visite-guidee-du-castel-del-monte-et-de-frederic-ii-de-souabe\/","title":{"rendered":"Visite guid\u00e9e du Castel del Monte et de Fr\u00e9d\u00e9ric II de Souabe"},"content":{"rendered":"<h3>D\u00e9but de la visite<\/h3>\n<p>  Mes visites guid\u00e9es du Castel del Monte vous emm\u00e8neront \u00e0 la d\u00e9couverte d&rsquo;un chef-d&rsquo;\u0153uvre unique de l&rsquo;architecture m\u00e9di\u00e9vale, situ\u00e9 \u00e0 18 km de la ville d&rsquo;Andria, au c\u0153ur de la Murgia.<br \/>\nLe Castel del Monte, connu pour sa forme octogonale caract\u00e9ristique, a \u00e9t\u00e9 inscrit sur la liste du patrimoine mondial de l&rsquo;UNESCO en 1996.   <\/p>\n<h3>Histoire et architecture de Castel del Monte<\/h3>\n<p>  Au cours de la visite, vous d\u00e9couvrirez l&rsquo;histoire du ch\u00e2teau et sa fondation au XIIIe si\u00e8cle par l&#8217;empereur Fr\u00e9d\u00e9ric II de Souabe.<br \/>\nTous les \u00e9l\u00e9ments int\u00e9rieurs et ext\u00e9rieurs rappellent la forme octogonale : la cour, les salles, les tours et le p\u00e9rim\u00e8tre ext\u00e9rieur.<br \/>\nCette conception distinctive et symbolique fait du Castel del Monte une ic\u00f4ne de l&rsquo;architecture m\u00e9di\u00e9vale.    <\/p>\n<h3>Mat\u00e9riaux et contrastes de couleurs<\/h3>\n<p>  Le Castel del Monte se caract\u00e9rise par le contraste des couleurs obtenu gr\u00e2ce \u00e0 l&rsquo;utilisation de br\u00e8che corallienne, de calcaire et de marbre.<br \/>\nNous \u00e9tudierons comment ces combinaisons de mat\u00e9riaux cr\u00e9ent un effet visuel unique et envo\u00fbtant.   <\/p>\n<h3>Structures et fonctionnalit\u00e9s<\/h3>\n<p>  Certaines tours abritent des citernes destin\u00e9es \u00e0 recueillir l&rsquo;eau de pluie, dont une partie est achemin\u00e9e vers la citerne situ\u00e9e sous la cour centrale.<br \/>\nD&rsquo;autres tours abritent des bains, \u00e9quip\u00e9s de latrines et d&rsquo;un lavabo.<br \/>\nNous d\u00e9couvrirons \u00e9galement la salle du tr\u00f4ne, la tour du fauconnier et la cour centrale, en analysant les fonctions et les caract\u00e9ristiques de chaque \u00e9l\u00e9ment.    <\/p>\n<h3>Appareil d\u00e9coratif historique<\/h3>\n<p>  Les \u00e9crivains et historiens locaux de la fin du XVIIIe si\u00e8cle et du d\u00e9but du XIXe si\u00e8cle d\u00e9crivent un riche appareil d\u00e9coratif caract\u00e9ris\u00e9 par des carreaux de mosa\u00efque, des carreaux de fa\u00efence, de la p\u00e2te de verre et des peintures murales.<br \/>\nJe vous parlerai des beaut\u00e9s artistiques qui ornaient autrefois le ch\u00e2teau et de leur importance historique.   <\/p>\n<h3>Hypoth\u00e8se sur l&rsquo;utilisation pr\u00e9vue<\/h3>\n<p>  Au cours de la visite, nous \u00e9voquerons les nombreuses hypoth\u00e8ses d&rsquo;utilisation de l&rsquo;\u00e9difice.<br \/>\nLe Castel del Monte, gr\u00e2ce \u00e0 sa position strat\u00e9gique, a jou\u00e9 un r\u00f4le essentiel dans le syst\u00e8me de communication du r\u00e9seau voulu par Fr\u00e9d\u00e9ric II.<br \/>\nNous explorerons les diff\u00e9rentes th\u00e9ories et les myst\u00e8res qui entourent ce monument extraordinaire.    <\/p>\n<h3>Informations compl\u00e9mentaires<\/h3>\n<p><strong>Les visites guid\u00e9es de Castel del Monte constituent une occasion unique pour tous ceux qui souhaitent en savoir plus sur l&rsquo;histoire, l&rsquo;architecture et les myst\u00e8res de ce ch\u00e2teau fascinant.<br \/>\nGr\u00e2ce \u00e0 ma formation continue et \u00e0 ma passion pour l&rsquo;histoire, je serai en mesure de vous faire participer \u00e0 un r\u00e9cit captivant et plein de d\u00e9tails, faisant de chaque visite une exp\u00e9rience unique. <\/strong>  L&rsquo;accent mis sur la personnalisation des visites permet d&rsquo;adapter l&rsquo;itin\u00e9raire et les explications aux int\u00e9r\u00eats sp\u00e9cifiques des visiteurs, garantissant ainsi une exp\u00e9rience sur mesure et de grande qualit\u00e9.<br \/>\nMa ponctualit\u00e9 et ma fiabilit\u00e9 garantissent un service professionnel et impeccable.<br \/>\nNe manquez pas l&rsquo;occasion de faire un voyage dans le temps parmi les tr\u00e9sors de Castel del Monte, o\u00f9 chaque recoin raconte une histoire et o\u00f9 chaque \u00e9l\u00e9ment architectural est un exemple de l&rsquo;artisanat m\u00e9di\u00e9val.<br \/>\nPour plus d&rsquo;informations et de r\u00e9servations, contactez-moi pour convenir du prix de la visite guid\u00e9e.<br \/>\nJe serai heureuse de vous accompagner dans cette extraordinaire aventure culturelle et historique.    <\/p>\n","protected":false},"excerpt":{"rendered":"<p>D\u00e9but de la visite Mes visites guid\u00e9es du Castel del Monte vous emm\u00e8neront \u00e0 la d\u00e9couverte d&rsquo;un chef-d&rsquo;\u0153uvre unique de l&rsquo;architecture m\u00e9di\u00e9vale, situ\u00e9 \u00e0 18 km de la ville d&rsquo;Andria, au c\u0153ur de la Murgia. Le Castel del Monte, connu pour sa forme octogonale caract\u00e9ristique, a \u00e9t\u00e9 inscrit sur la liste du patrimoine mondial de [&hellip;]<\/p>\n","protected":false},"featured_media":2695,"comment_status":"open","ping_status":"closed","template":"","meta":{"_acf_changed":false},"product_brand":[],"product_cat":[73],"product_tag":[],"class_list":{"0":"post-3344","1":"product","2":"type-product","3":"status-publish","4":"has-post-thumbnail","6":"product_cat-musees-et-monuments-nationaux-des-pouilles","8":"first","9":"instock","10":"shipping-taxable","11":"product-type-simple"},"acf":[],"yoast_head":"<!-- This site is optimized with the Yoast SEO plugin v27.3 - https:\/\/yoast.com\/product\/yoast-seo-wordpress\/ -->\n<title>Visite guid\u00e9e du Castel del Monte - D\u00e9couvrez le chef-d&#039;\u0153uvre de Fr\u00e9d\u00e9ric II<\/title>\n<meta name=\"description\" content=\"Explorez le Castel del Monte avec Alessandra Di Mauro, arch\u00e9ologue et guide touristique agr\u00e9\u00e9e. Visites personnalis\u00e9es avec un guide expert et passionn\u00e9.\" \/>\n<meta name=\"robots\" content=\"index, follow, max-snippet:-1, max-image-preview:large, max-video-preview:-1\" \/>\n<link rel=\"canonical\" href=\"https:\/\/puglialovesmatera.com\/fr\/visita-guidata\/visite-guidee-du-castel-del-monte-et-de-frederic-ii-de-souabe\/\" \/>\n<meta property=\"og:locale\" content=\"fr_FR\" \/>\n<meta property=\"og:type\" content=\"article\" \/>\n<meta property=\"og:title\" content=\"Visite guid\u00e9e du Castel del Monte - D\u00e9couvrez le chef-d&#039;\u0153uvre de Fr\u00e9d\u00e9ric II\" \/>\n<meta property=\"og:description\" content=\"Explorez le Castel del Monte avec Alessandra Di Mauro, arch\u00e9ologue et guide touristique agr\u00e9\u00e9e. Visites personnalis\u00e9es avec un guide expert et passionn\u00e9.\" \/>\n<meta property=\"og:url\" content=\"https:\/\/puglialovesmatera.com\/fr\/visita-guidata\/visite-guidee-du-castel-del-monte-et-de-frederic-ii-de-souabe\/\" \/>\n<meta property=\"og:site_name\" content=\"Puglia Loves Matera\" \/>\n<meta property=\"og:image\" content=\"https:\/\/puglialovesmatera.com\/wp-content\/uploads\/2024\/07\/Visita-guidata-Castel-del-Monte-Puglia.jpg\" \/>\n\t<meta property=\"og:image:width\" content=\"500\" \/>\n\t<meta property=\"og:image:height\" content=\"500\" \/>\n\t<meta property=\"og:image:type\" content=\"image\/jpeg\" \/>\n<meta name=\"twitter:card\" content=\"summary_large_image\" \/>\n<meta name=\"twitter:label1\" content=\"Dur\u00e9e de lecture estim\u00e9e\" \/>\n\t<meta name=\"twitter:data1\" content=\"3 minutes\" \/>\n<script type=\"application\/ld+json\" class=\"yoast-schema-graph\">{\"@context\":\"https:\\\/\\\/schema.org\",\"@graph\":[{\"@type\":\"WebPage\",\"@id\":\"https:\\\/\\\/puglialovesmatera.com\\\/fr\\\/visita-guidata\\\/visite-guidee-du-castel-del-monte-et-de-frederic-ii-de-souabe\\\/\",\"url\":\"https:\\\/\\\/puglialovesmatera.com\\\/fr\\\/visita-guidata\\\/visite-guidee-du-castel-del-monte-et-de-frederic-ii-de-souabe\\\/\",\"name\":\"Visite guid\u00e9e du Castel del Monte - D\u00e9couvrez le chef-d'\u0153uvre de Fr\u00e9d\u00e9ric II\",\"isPartOf\":{\"@id\":\"https:\\\/\\\/puglialovesmatera.com\\\/fr\\\/#website\"},\"primaryImageOfPage\":{\"@id\":\"https:\\\/\\\/puglialovesmatera.com\\\/fr\\\/visita-guidata\\\/visite-guidee-du-castel-del-monte-et-de-frederic-ii-de-souabe\\\/#primaryimage\"},\"image\":{\"@id\":\"https:\\\/\\\/puglialovesmatera.com\\\/fr\\\/visita-guidata\\\/visite-guidee-du-castel-del-monte-et-de-frederic-ii-de-souabe\\\/#primaryimage\"},\"thumbnailUrl\":\"https:\\\/\\\/puglialovesmatera.com\\\/wp-content\\\/uploads\\\/2024\\\/07\\\/Visita-guidata-Castel-del-Monte-Puglia.jpg\",\"datePublished\":\"2024-07-27T08:01:05+00:00\",\"description\":\"Explorez le Castel del Monte avec Alessandra Di Mauro, arch\u00e9ologue et guide touristique agr\u00e9\u00e9e. Visites personnalis\u00e9es avec un guide expert et passionn\u00e9.\",\"breadcrumb\":{\"@id\":\"https:\\\/\\\/puglialovesmatera.com\\\/fr\\\/visita-guidata\\\/visite-guidee-du-castel-del-monte-et-de-frederic-ii-de-souabe\\\/#breadcrumb\"},\"inLanguage\":\"fr-FR\",\"potentialAction\":[{\"@type\":\"ReadAction\",\"target\":[\"https:\\\/\\\/puglialovesmatera.com\\\/fr\\\/visita-guidata\\\/visite-guidee-du-castel-del-monte-et-de-frederic-ii-de-souabe\\\/\"]}]},{\"@type\":\"ImageObject\",\"inLanguage\":\"fr-FR\",\"@id\":\"https:\\\/\\\/puglialovesmatera.com\\\/fr\\\/visita-guidata\\\/visite-guidee-du-castel-del-monte-et-de-frederic-ii-de-souabe\\\/#primaryimage\",\"url\":\"https:\\\/\\\/puglialovesmatera.com\\\/wp-content\\\/uploads\\\/2024\\\/07\\\/Visita-guidata-Castel-del-Monte-Puglia.jpg\",\"contentUrl\":\"https:\\\/\\\/puglialovesmatera.com\\\/wp-content\\\/uploads\\\/2024\\\/07\\\/Visita-guidata-Castel-del-Monte-Puglia.jpg\",\"width\":500,\"height\":500},{\"@type\":\"BreadcrumbList\",\"@id\":\"https:\\\/\\\/puglialovesmatera.com\\\/fr\\\/visita-guidata\\\/visite-guidee-du-castel-del-monte-et-de-frederic-ii-de-souabe\\\/#breadcrumb\",\"itemListElement\":[{\"@type\":\"ListItem\",\"position\":1,\"name\":\"Home\",\"item\":\"https:\\\/\\\/puglialovesmatera.com\\\/fr\\\/accueil-puglia-aime-matera-visites-guidees\\\/\"},{\"@type\":\"ListItem\",\"position\":2,\"name\":\"Toutes les visites guid\u00e9es\",\"item\":\"https:\\\/\\\/puglialovesmatera.com\\\/fr\\\/visites-tout-guidees\\\/\"},{\"@type\":\"ListItem\",\"position\":3,\"name\":\"Visite guid\u00e9e du Castel del Monte et de Fr\u00e9d\u00e9ric II de Souabe\"}]},{\"@type\":\"WebSite\",\"@id\":\"https:\\\/\\\/puglialovesmatera.com\\\/fr\\\/#website\",\"url\":\"https:\\\/\\\/puglialovesmatera.com\\\/fr\\\/\",\"name\":\"Puglia Loves Matera\",\"description\":\"Ars Mediterranea Scario\",\"publisher\":{\"@id\":\"https:\\\/\\\/puglialovesmatera.com\\\/fr\\\/#organization\"},\"potentialAction\":[{\"@type\":\"SearchAction\",\"target\":{\"@type\":\"EntryPoint\",\"urlTemplate\":\"https:\\\/\\\/puglialovesmatera.com\\\/fr\\\/?s={search_term_string}\"},\"query-input\":{\"@type\":\"PropertyValueSpecification\",\"valueRequired\":true,\"valueName\":\"search_term_string\"}}],\"inLanguage\":\"fr-FR\"},{\"@type\":\"Organization\",\"@id\":\"https:\\\/\\\/puglialovesmatera.com\\\/fr\\\/#organization\",\"name\":\"Puglia Loves Matera\",\"url\":\"https:\\\/\\\/puglialovesmatera.com\\\/fr\\\/\",\"logo\":{\"@type\":\"ImageObject\",\"inLanguage\":\"fr-FR\",\"@id\":\"https:\\\/\\\/puglialovesmatera.com\\\/fr\\\/#\\\/schema\\\/logo\\\/image\\\/\",\"url\":\"https:\\\/\\\/puglialovesmatera.com\\\/wp-content\\\/uploads\\\/2024\\\/07\\\/Group-14.svg\",\"contentUrl\":\"https:\\\/\\\/puglialovesmatera.com\\\/wp-content\\\/uploads\\\/2024\\\/07\\\/Group-14.svg\",\"width\":371,\"height\":381,\"caption\":\"Puglia Loves Matera\"},\"image\":{\"@id\":\"https:\\\/\\\/puglialovesmatera.com\\\/fr\\\/#\\\/schema\\\/logo\\\/image\\\/\"}}]}<\/script>\n<!-- \/ Yoast SEO plugin. -->","yoast_head_json":{"title":"Visite guid\u00e9e du Castel del Monte - D\u00e9couvrez le chef-d'\u0153uvre de Fr\u00e9d\u00e9ric II","description":"Explorez le Castel del Monte avec Alessandra Di Mauro, arch\u00e9ologue et guide touristique agr\u00e9\u00e9e. Visites personnalis\u00e9es avec un guide expert et passionn\u00e9.","robots":{"index":"index","follow":"follow","max-snippet":"max-snippet:-1","max-image-preview":"max-image-preview:large","max-video-preview":"max-video-preview:-1"},"canonical":"https:\/\/puglialovesmatera.com\/fr\/visita-guidata\/visite-guidee-du-castel-del-monte-et-de-frederic-ii-de-souabe\/","og_locale":"fr_FR","og_type":"article","og_title":"Visite guid\u00e9e du Castel del Monte - D\u00e9couvrez le chef-d'\u0153uvre de Fr\u00e9d\u00e9ric II","og_description":"Explorez le Castel del Monte avec Alessandra Di Mauro, arch\u00e9ologue et guide touristique agr\u00e9\u00e9e. Visites personnalis\u00e9es avec un guide expert et passionn\u00e9.","og_url":"https:\/\/puglialovesmatera.com\/fr\/visita-guidata\/visite-guidee-du-castel-del-monte-et-de-frederic-ii-de-souabe\/","og_site_name":"Puglia Loves Matera","og_image":[{"width":500,"height":500,"url":"https:\/\/puglialovesmatera.com\/wp-content\/uploads\/2024\/07\/Visita-guidata-Castel-del-Monte-Puglia.jpg","type":"image\/jpeg"}],"twitter_card":"summary_large_image","twitter_misc":{"Dur\u00e9e de lecture estim\u00e9e":"3 minutes"},"schema":{"@context":"https:\/\/schema.org","@graph":[{"@type":"WebPage","@id":"https:\/\/puglialovesmatera.com\/fr\/visita-guidata\/visite-guidee-du-castel-del-monte-et-de-frederic-ii-de-souabe\/","url":"https:\/\/puglialovesmatera.com\/fr\/visita-guidata\/visite-guidee-du-castel-del-monte-et-de-frederic-ii-de-souabe\/","name":"Visite guid\u00e9e du Castel del Monte - D\u00e9couvrez le chef-d'\u0153uvre de Fr\u00e9d\u00e9ric II","isPartOf":{"@id":"https:\/\/puglialovesmatera.com\/fr\/#website"},"primaryImageOfPage":{"@id":"https:\/\/puglialovesmatera.com\/fr\/visita-guidata\/visite-guidee-du-castel-del-monte-et-de-frederic-ii-de-souabe\/#primaryimage"},"image":{"@id":"https:\/\/puglialovesmatera.com\/fr\/visita-guidata\/visite-guidee-du-castel-del-monte-et-de-frederic-ii-de-souabe\/#primaryimage"},"thumbnailUrl":"https:\/\/puglialovesmatera.com\/wp-content\/uploads\/2024\/07\/Visita-guidata-Castel-del-Monte-Puglia.jpg","datePublished":"2024-07-27T08:01:05+00:00","description":"Explorez le Castel del Monte avec Alessandra Di Mauro, arch\u00e9ologue et guide touristique agr\u00e9\u00e9e. Visites personnalis\u00e9es avec un guide expert et passionn\u00e9.","breadcrumb":{"@id":"https:\/\/puglialovesmatera.com\/fr\/visita-guidata\/visite-guidee-du-castel-del-monte-et-de-frederic-ii-de-souabe\/#breadcrumb"},"inLanguage":"fr-FR","potentialAction":[{"@type":"ReadAction","target":["https:\/\/puglialovesmatera.com\/fr\/visita-guidata\/visite-guidee-du-castel-del-monte-et-de-frederic-ii-de-souabe\/"]}]},{"@type":"ImageObject","inLanguage":"fr-FR","@id":"https:\/\/puglialovesmatera.com\/fr\/visita-guidata\/visite-guidee-du-castel-del-monte-et-de-frederic-ii-de-souabe\/#primaryimage","url":"https:\/\/puglialovesmatera.com\/wp-content\/uploads\/2024\/07\/Visita-guidata-Castel-del-Monte-Puglia.jpg","contentUrl":"https:\/\/puglialovesmatera.com\/wp-content\/uploads\/2024\/07\/Visita-guidata-Castel-del-Monte-Puglia.jpg","width":500,"height":500},{"@type":"BreadcrumbList","@id":"https:\/\/puglialovesmatera.com\/fr\/visita-guidata\/visite-guidee-du-castel-del-monte-et-de-frederic-ii-de-souabe\/#breadcrumb","itemListElement":[{"@type":"ListItem","position":1,"name":"Home","item":"https:\/\/puglialovesmatera.com\/fr\/accueil-puglia-aime-matera-visites-guidees\/"},{"@type":"ListItem","position":2,"name":"Toutes les visites guid\u00e9es","item":"https:\/\/puglialovesmatera.com\/fr\/visites-tout-guidees\/"},{"@type":"ListItem","position":3,"name":"Visite guid\u00e9e du Castel del Monte et de Fr\u00e9d\u00e9ric II de Souabe"}]},{"@type":"WebSite","@id":"https:\/\/puglialovesmatera.com\/fr\/#website","url":"https:\/\/puglialovesmatera.com\/fr\/","name":"Puglia Loves Matera","description":"Ars Mediterranea Scario","publisher":{"@id":"https:\/\/puglialovesmatera.com\/fr\/#organization"},"potentialAction":[{"@type":"SearchAction","target":{"@type":"EntryPoint","urlTemplate":"https:\/\/puglialovesmatera.com\/fr\/?s={search_term_string}"},"query-input":{"@type":"PropertyValueSpecification","valueRequired":true,"valueName":"search_term_string"}}],"inLanguage":"fr-FR"},{"@type":"Organization","@id":"https:\/\/puglialovesmatera.com\/fr\/#organization","name":"Puglia Loves Matera","url":"https:\/\/puglialovesmatera.com\/fr\/","logo":{"@type":"ImageObject","inLanguage":"fr-FR","@id":"https:\/\/puglialovesmatera.com\/fr\/#\/schema\/logo\/image\/","url":"https:\/\/puglialovesmatera.com\/wp-content\/uploads\/2024\/07\/Group-14.svg","contentUrl":"https:\/\/puglialovesmatera.com\/wp-content\/uploads\/2024\/07\/Group-14.svg","width":371,"height":381,"caption":"Puglia Loves Matera"},"image":{"@id":"https:\/\/puglialovesmatera.com\/fr\/#\/schema\/logo\/image\/"}}]}},"_links":{"self":[{"href":"https:\/\/puglialovesmatera.com\/fr\/wp-json\/wp\/v2\/product\/3344","targetHints":{"allow":["GET"]}}],"collection":[{"href":"https:\/\/puglialovesmatera.com\/fr\/wp-json\/wp\/v2\/product"}],"about":[{"href":"https:\/\/puglialovesmatera.com\/fr\/wp-json\/wp\/v2\/types\/product"}],"replies":[{"embeddable":true,"href":"https:\/\/puglialovesmatera.com\/fr\/wp-json\/wp\/v2\/comments?post=3344"}],"wp:featuredmedia":[{"embeddable":true,"href":"https:\/\/puglialovesmatera.com\/fr\/wp-json\/wp\/v2\/media\/2695"}],"wp:attachment":[{"href":"https:\/\/puglialovesmatera.com\/fr\/wp-json\/wp\/v2\/media?parent=3344"}],"wp:term":[{"taxonomy":"product_brand","embeddable":true,"href":"https:\/\/puglialovesmatera.com\/fr\/wp-json\/wp\/v2\/product_brand?post=3344"},{"taxonomy":"product_cat","embeddable":true,"href":"https:\/\/puglialovesmatera.com\/fr\/wp-json\/wp\/v2\/product_cat?post=3344"},{"taxonomy":"product_tag","embeddable":true,"href":"https:\/\/puglialovesmatera.com\/fr\/wp-json\/wp\/v2\/product_tag?post=3344"}],"curies":[{"name":"wp","href":"https:\/\/api.w.org\/{rel}","templated":true}]}}