{"id":3345,"date":"2024-07-27T08:00:21","date_gmt":"2024-07-27T08:00:21","guid":{"rendered":"https:\/\/puglialovesmatera.com\/visita-guidata\/visite-guidee-du-musee-et-du-parc-archeologique-de-metapontum\/"},"modified":"2024-07-27T08:00:21","modified_gmt":"2024-07-27T08:00:21","slug":"visite-guidee-du-musee-et-du-parc-archeologique-de-metapontum","status":"publish","type":"product","link":"https:\/\/puglialovesmatera.com\/fr\/visita-guidata\/visite-guidee-du-musee-et-du-parc-archeologique-de-metapontum\/","title":{"rendered":"Visite guid\u00e9e du mus\u00e9e et du parc arch\u00e9ologique de Metapontum"},"content":{"rendered":"<h3>D\u00e9but de la visite<\/h3>\n<p>  Mes visites guid\u00e9es du mus\u00e9e arch\u00e9ologique et du parc du Metapontum vous emm\u00e8neront \u00e0 la d\u00e9couverte de l&rsquo;une des zones arch\u00e9ologiques les plus importantes de la Basilicate, situ\u00e9e pr\u00e8s de la c\u00f4te ionienne.<br \/>\nLe mus\u00e9e arch\u00e9ologique national du Metapontum expose les principaux objets trouv\u00e9s sur le territoire de l&rsquo;ancien Metapontum, ainsi que ceux provenant des zones voisines de Pisticci et du site arch\u00e9ologique d&rsquo;Incoronata.   <\/p>\n<h3>Mus\u00e9e arch\u00e9ologique national de Metapontum<\/h3>\n<p>  Nous commencerons notre visite par le mus\u00e9e, o\u00f9 nous explorerons les quatre sections principales :  <\/p>\n<ol>\n<li>D\u00e9couvertes <strong>pr\u00e9historiques<\/strong>: Nous admirerons les d\u00e9couvertes qui t\u00e9moignent de la pr\u00e9sence humaine dans la r\u00e9gion depuis la pr\u00e9histoire.<\/li>\n<li><strong>Colonisation grecque<\/strong>: nous d\u00e9couvrons des objets et des vases myc\u00e9niens, dont beaucoup repr\u00e9sentent des sc\u00e8nes de l&rsquo;Iliade et de l&rsquo;Odyss\u00e9e, ainsi que des pi\u00e8ces de monnaie et des vases repr\u00e9sentant des dieux grecs.<\/li>\n<li><strong>Int\u00e9gration entre les Grecs et les peuples indig\u00e8nes<\/strong>: nous analyserons des objets illustrant la rencontre et l&rsquo;int\u00e9gration entre les cultures grecques et locales.<\/li>\n<li><strong>L<\/strong>&lsquo;<strong>\u00e9poque rom<\/strong>aine : Nous terminons avec les d\u00e9couvertes de l&rsquo;\u00e9poque romaine, qui marquent la derni\u00e8re phase du d\u00e9veloppement de la colonie.<\/li>\n<\/ol>\n<h3>Parc arch\u00e9ologique de Metapontum<\/h3>\n<p>  Apr\u00e8s avoir explor\u00e9 le mus\u00e9e, nous nous rendons au parc arch\u00e9ologique Metapontum, qui comprend les \u00e9l\u00e9ments suivants  <\/p>\n<ol>\n<li><strong>Sanctuaire urbain<\/strong>: nous visitons les vestiges du sanctuaire, lieu de culte central pour les habitants de l&rsquo;ancien Metapontum.<\/li>\n<li><strong>Agora<\/strong>: Nous nous promenons dans l&rsquo;agora, le c\u0153ur de la vie publique et politique de la colonie.<\/li>\n<li>Quartier de l&rsquo;<strong>artisanat<\/strong>: nous admirons les traces du quartier de l&rsquo;artisanat, o\u00f9 de nombreux objets que nous avons vus dans le mus\u00e9e ont \u00e9t\u00e9 produits.<\/li>\n<li><strong>Monuments et traces historiques<\/strong>: nous d\u00e9couvrirons divers monuments et structures qui ont marqu\u00e9 la vie civile et religieuse de la colonie, depuis sa fondation jusqu&rsquo;\u00e0 la conqu\u00eate romaine.<\/li>\n<\/ol>\n<h3>Informations compl\u00e9mentaires<\/h3>\n<p>  Mes visites guid\u00e9es du mus\u00e9e et du parc arch\u00e9ologique du Metapontum constituent une occasion unique pour tous ceux qui souhaitent en savoir plus sur l&rsquo;histoire et l&rsquo;arch\u00e9ologie de cette r\u00e9gion fascinante.<br \/>\nGr\u00e2ce \u00e0 ma formation continue et \u00e0 ma passion pour l&rsquo;histoire, je serai en mesure de vous faire participer \u00e0 un r\u00e9cit passionnant et riche en d\u00e9tails, faisant de chaque visite une exp\u00e9rience unique.   <strong>L&rsquo;accent mis sur la personnalisation des visites permet d&rsquo;adapter l&rsquo;itin\u00e9raire et les explications aux int\u00e9r\u00eats sp\u00e9cifiques des visiteurs, garantissant ainsi une exp\u00e9rience sur mesure et de grande qualit\u00e9.<br \/>\nMa ponctualit\u00e9 et ma fiabilit\u00e9 vous garantissent un service professionnel et impeccable. <\/strong>  Ne manquez pas l&rsquo;occasion de faire un voyage dans le temps parmi les tr\u00e9sors du Metapontum, o\u00f9 chaque recoin raconte une histoire et o\u00f9 chaque objet t\u00e9moigne d&rsquo;une civilisation mill\u00e9naire.<br \/>\nPour plus d&rsquo;informations et de r\u00e9servations, veuillez me contacter pour convenir du prix de la visite guid\u00e9e.<br \/>\nJe serai heureuse de vous accompagner dans cette extraordinaire aventure culturelle et historique.  <\/p>\n","protected":false},"excerpt":{"rendered":"<p>Visite guid\u00e9e de Metapontum, l&rsquo;une des villes les plus importantes de la Grande Gr\u00e8ce.<br \/>\nLe mus\u00e9e arch\u00e9ologique de Metapontum expose des objets couvrant une p\u00e9riode allant de la pr\u00e9histoire \u00e0 l&rsquo;\u00e9poque romaine.<br \/>\nLe parc arch\u00e9ologique comprend le sanctuaire urbain, l&rsquo;agora, le quartier artisanal et la n\u00e9cropole messapienne.<br \/>\nLa visite guid\u00e9e vous permettra de d\u00e9couvrir l&rsquo;histoire de cette ville antique, en admirant des objets pr\u00e9cieux et des ruines \u00e9vocatrices.   <\/p>\n","protected":false},"featured_media":2707,"comment_status":"open","ping_status":"closed","template":"","meta":{"_acf_changed":false},"product_brand":[],"product_cat":[73],"product_tag":[],"class_list":{"0":"post-3345","1":"product","2":"type-product","3":"status-publish","4":"has-post-thumbnail","6":"product_cat-musees-et-monuments-nationaux-des-pouilles","8":"first","9":"instock","10":"shipping-taxable","11":"product-type-simple"},"acf":[],"yoast_head":"<!-- This site is optimized with the Yoast SEO plugin v27.3 - https:\/\/yoast.com\/product\/yoast-seo-wordpress\/ -->\n<title>Visite guid\u00e9e du mus\u00e9e arch\u00e9ologique et du parc de Metaponto<\/title>\n<meta name=\"description\" content=\"Explorez le mus\u00e9e arch\u00e9ologique et le parc de Metaponto avec Alessandra Di Mauro, arch\u00e9ologue et guide touristique agr\u00e9\u00e9e. Visites avec un guide expert.\" \/>\n<meta name=\"robots\" content=\"index, follow, max-snippet:-1, max-image-preview:large, max-video-preview:-1\" \/>\n<link rel=\"canonical\" href=\"https:\/\/puglialovesmatera.com\/fr\/visita-guidata\/visite-guidee-du-musee-et-du-parc-archeologique-de-metapontum\/\" \/>\n<meta property=\"og:locale\" content=\"fr_FR\" \/>\n<meta property=\"og:type\" content=\"article\" \/>\n<meta property=\"og:title\" content=\"Visite guid\u00e9e du mus\u00e9e arch\u00e9ologique et du parc de Metaponto\" \/>\n<meta property=\"og:description\" content=\"Explorez le mus\u00e9e arch\u00e9ologique et le parc de Metaponto avec Alessandra Di Mauro, arch\u00e9ologue et guide touristique agr\u00e9\u00e9e. Visites avec un guide expert.\" \/>\n<meta property=\"og:url\" content=\"https:\/\/puglialovesmatera.com\/fr\/visita-guidata\/visite-guidee-du-musee-et-du-parc-archeologique-de-metapontum\/\" \/>\n<meta property=\"og:site_name\" content=\"Puglia Loves Matera\" \/>\n<meta property=\"og:image\" content=\"https:\/\/puglialovesmatera.com\/wp-content\/uploads\/2024\/07\/Visita-guidata-parco-archeologico-di-Metaponto.jpg\" \/>\n\t<meta property=\"og:image:width\" content=\"500\" \/>\n\t<meta property=\"og:image:height\" content=\"500\" \/>\n\t<meta property=\"og:image:type\" content=\"image\/jpeg\" \/>\n<meta name=\"twitter:card\" content=\"summary_large_image\" \/>\n<meta name=\"twitter:label1\" content=\"Dur\u00e9e de lecture estim\u00e9e\" \/>\n\t<meta name=\"twitter:data1\" content=\"3 minutes\" \/>\n<script type=\"application\/ld+json\" class=\"yoast-schema-graph\">{\"@context\":\"https:\\\/\\\/schema.org\",\"@graph\":[{\"@type\":\"WebPage\",\"@id\":\"https:\\\/\\\/puglialovesmatera.com\\\/fr\\\/visita-guidata\\\/visite-guidee-du-musee-et-du-parc-archeologique-de-metapontum\\\/\",\"url\":\"https:\\\/\\\/puglialovesmatera.com\\\/fr\\\/visita-guidata\\\/visite-guidee-du-musee-et-du-parc-archeologique-de-metapontum\\\/\",\"name\":\"Visite guid\u00e9e du mus\u00e9e arch\u00e9ologique et du parc de Metaponto\",\"isPartOf\":{\"@id\":\"https:\\\/\\\/puglialovesmatera.com\\\/fr\\\/#website\"},\"primaryImageOfPage\":{\"@id\":\"https:\\\/\\\/puglialovesmatera.com\\\/fr\\\/visita-guidata\\\/visite-guidee-du-musee-et-du-parc-archeologique-de-metapontum\\\/#primaryimage\"},\"image\":{\"@id\":\"https:\\\/\\\/puglialovesmatera.com\\\/fr\\\/visita-guidata\\\/visite-guidee-du-musee-et-du-parc-archeologique-de-metapontum\\\/#primaryimage\"},\"thumbnailUrl\":\"https:\\\/\\\/puglialovesmatera.com\\\/wp-content\\\/uploads\\\/2024\\\/07\\\/Visita-guidata-parco-archeologico-di-Metaponto.jpg\",\"datePublished\":\"2024-07-27T08:00:21+00:00\",\"description\":\"Explorez le mus\u00e9e arch\u00e9ologique et le parc de Metaponto avec Alessandra Di Mauro, arch\u00e9ologue et guide touristique agr\u00e9\u00e9e. Visites avec un guide expert.\",\"breadcrumb\":{\"@id\":\"https:\\\/\\\/puglialovesmatera.com\\\/fr\\\/visita-guidata\\\/visite-guidee-du-musee-et-du-parc-archeologique-de-metapontum\\\/#breadcrumb\"},\"inLanguage\":\"fr-FR\",\"potentialAction\":[{\"@type\":\"ReadAction\",\"target\":[\"https:\\\/\\\/puglialovesmatera.com\\\/fr\\\/visita-guidata\\\/visite-guidee-du-musee-et-du-parc-archeologique-de-metapontum\\\/\"]}]},{\"@type\":\"ImageObject\",\"inLanguage\":\"fr-FR\",\"@id\":\"https:\\\/\\\/puglialovesmatera.com\\\/fr\\\/visita-guidata\\\/visite-guidee-du-musee-et-du-parc-archeologique-de-metapontum\\\/#primaryimage\",\"url\":\"https:\\\/\\\/puglialovesmatera.com\\\/wp-content\\\/uploads\\\/2024\\\/07\\\/Visita-guidata-parco-archeologico-di-Metaponto.jpg\",\"contentUrl\":\"https:\\\/\\\/puglialovesmatera.com\\\/wp-content\\\/uploads\\\/2024\\\/07\\\/Visita-guidata-parco-archeologico-di-Metaponto.jpg\",\"width\":500,\"height\":500},{\"@type\":\"BreadcrumbList\",\"@id\":\"https:\\\/\\\/puglialovesmatera.com\\\/fr\\\/visita-guidata\\\/visite-guidee-du-musee-et-du-parc-archeologique-de-metapontum\\\/#breadcrumb\",\"itemListElement\":[{\"@type\":\"ListItem\",\"position\":1,\"name\":\"Home\",\"item\":\"https:\\\/\\\/puglialovesmatera.com\\\/fr\\\/accueil-puglia-aime-matera-visites-guidees\\\/\"},{\"@type\":\"ListItem\",\"position\":2,\"name\":\"Toutes les visites guid\u00e9es\",\"item\":\"https:\\\/\\\/puglialovesmatera.com\\\/fr\\\/visites-tout-guidees\\\/\"},{\"@type\":\"ListItem\",\"position\":3,\"name\":\"Visite guid\u00e9e du mus\u00e9e et du parc arch\u00e9ologique de Metapontum\"}]},{\"@type\":\"WebSite\",\"@id\":\"https:\\\/\\\/puglialovesmatera.com\\\/fr\\\/#website\",\"url\":\"https:\\\/\\\/puglialovesmatera.com\\\/fr\\\/\",\"name\":\"Puglia Loves Matera\",\"description\":\"Ars Mediterranea Scario\",\"publisher\":{\"@id\":\"https:\\\/\\\/puglialovesmatera.com\\\/fr\\\/#organization\"},\"potentialAction\":[{\"@type\":\"SearchAction\",\"target\":{\"@type\":\"EntryPoint\",\"urlTemplate\":\"https:\\\/\\\/puglialovesmatera.com\\\/fr\\\/?s={search_term_string}\"},\"query-input\":{\"@type\":\"PropertyValueSpecification\",\"valueRequired\":true,\"valueName\":\"search_term_string\"}}],\"inLanguage\":\"fr-FR\"},{\"@type\":\"Organization\",\"@id\":\"https:\\\/\\\/puglialovesmatera.com\\\/fr\\\/#organization\",\"name\":\"Puglia Loves Matera\",\"url\":\"https:\\\/\\\/puglialovesmatera.com\\\/fr\\\/\",\"logo\":{\"@type\":\"ImageObject\",\"inLanguage\":\"fr-FR\",\"@id\":\"https:\\\/\\\/puglialovesmatera.com\\\/fr\\\/#\\\/schema\\\/logo\\\/image\\\/\",\"url\":\"https:\\\/\\\/puglialovesmatera.com\\\/wp-content\\\/uploads\\\/2024\\\/07\\\/Group-14.svg\",\"contentUrl\":\"https:\\\/\\\/puglialovesmatera.com\\\/wp-content\\\/uploads\\\/2024\\\/07\\\/Group-14.svg\",\"width\":371,\"height\":381,\"caption\":\"Puglia Loves Matera\"},\"image\":{\"@id\":\"https:\\\/\\\/puglialovesmatera.com\\\/fr\\\/#\\\/schema\\\/logo\\\/image\\\/\"}}]}<\/script>\n<!-- \/ Yoast SEO plugin. -->","yoast_head_json":{"title":"Visite guid\u00e9e du mus\u00e9e arch\u00e9ologique et du parc de Metaponto","description":"Explorez le mus\u00e9e arch\u00e9ologique et le parc de Metaponto avec Alessandra Di Mauro, arch\u00e9ologue et guide touristique agr\u00e9\u00e9e. Visites avec un guide expert.","robots":{"index":"index","follow":"follow","max-snippet":"max-snippet:-1","max-image-preview":"max-image-preview:large","max-video-preview":"max-video-preview:-1"},"canonical":"https:\/\/puglialovesmatera.com\/fr\/visita-guidata\/visite-guidee-du-musee-et-du-parc-archeologique-de-metapontum\/","og_locale":"fr_FR","og_type":"article","og_title":"Visite guid\u00e9e du mus\u00e9e arch\u00e9ologique et du parc de Metaponto","og_description":"Explorez le mus\u00e9e arch\u00e9ologique et le parc de Metaponto avec Alessandra Di Mauro, arch\u00e9ologue et guide touristique agr\u00e9\u00e9e. Visites avec un guide expert.","og_url":"https:\/\/puglialovesmatera.com\/fr\/visita-guidata\/visite-guidee-du-musee-et-du-parc-archeologique-de-metapontum\/","og_site_name":"Puglia Loves Matera","og_image":[{"width":500,"height":500,"url":"https:\/\/puglialovesmatera.com\/wp-content\/uploads\/2024\/07\/Visita-guidata-parco-archeologico-di-Metaponto.jpg","type":"image\/jpeg"}],"twitter_card":"summary_large_image","twitter_misc":{"Dur\u00e9e de lecture estim\u00e9e":"3 minutes"},"schema":{"@context":"https:\/\/schema.org","@graph":[{"@type":"WebPage","@id":"https:\/\/puglialovesmatera.com\/fr\/visita-guidata\/visite-guidee-du-musee-et-du-parc-archeologique-de-metapontum\/","url":"https:\/\/puglialovesmatera.com\/fr\/visita-guidata\/visite-guidee-du-musee-et-du-parc-archeologique-de-metapontum\/","name":"Visite guid\u00e9e du mus\u00e9e arch\u00e9ologique et du parc de Metaponto","isPartOf":{"@id":"https:\/\/puglialovesmatera.com\/fr\/#website"},"primaryImageOfPage":{"@id":"https:\/\/puglialovesmatera.com\/fr\/visita-guidata\/visite-guidee-du-musee-et-du-parc-archeologique-de-metapontum\/#primaryimage"},"image":{"@id":"https:\/\/puglialovesmatera.com\/fr\/visita-guidata\/visite-guidee-du-musee-et-du-parc-archeologique-de-metapontum\/#primaryimage"},"thumbnailUrl":"https:\/\/puglialovesmatera.com\/wp-content\/uploads\/2024\/07\/Visita-guidata-parco-archeologico-di-Metaponto.jpg","datePublished":"2024-07-27T08:00:21+00:00","description":"Explorez le mus\u00e9e arch\u00e9ologique et le parc de Metaponto avec Alessandra Di Mauro, arch\u00e9ologue et guide touristique agr\u00e9\u00e9e. Visites avec un guide expert.","breadcrumb":{"@id":"https:\/\/puglialovesmatera.com\/fr\/visita-guidata\/visite-guidee-du-musee-et-du-parc-archeologique-de-metapontum\/#breadcrumb"},"inLanguage":"fr-FR","potentialAction":[{"@type":"ReadAction","target":["https:\/\/puglialovesmatera.com\/fr\/visita-guidata\/visite-guidee-du-musee-et-du-parc-archeologique-de-metapontum\/"]}]},{"@type":"ImageObject","inLanguage":"fr-FR","@id":"https:\/\/puglialovesmatera.com\/fr\/visita-guidata\/visite-guidee-du-musee-et-du-parc-archeologique-de-metapontum\/#primaryimage","url":"https:\/\/puglialovesmatera.com\/wp-content\/uploads\/2024\/07\/Visita-guidata-parco-archeologico-di-Metaponto.jpg","contentUrl":"https:\/\/puglialovesmatera.com\/wp-content\/uploads\/2024\/07\/Visita-guidata-parco-archeologico-di-Metaponto.jpg","width":500,"height":500},{"@type":"BreadcrumbList","@id":"https:\/\/puglialovesmatera.com\/fr\/visita-guidata\/visite-guidee-du-musee-et-du-parc-archeologique-de-metapontum\/#breadcrumb","itemListElement":[{"@type":"ListItem","position":1,"name":"Home","item":"https:\/\/puglialovesmatera.com\/fr\/accueil-puglia-aime-matera-visites-guidees\/"},{"@type":"ListItem","position":2,"name":"Toutes les visites guid\u00e9es","item":"https:\/\/puglialovesmatera.com\/fr\/visites-tout-guidees\/"},{"@type":"ListItem","position":3,"name":"Visite guid\u00e9e du mus\u00e9e et du parc arch\u00e9ologique de Metapontum"}]},{"@type":"WebSite","@id":"https:\/\/puglialovesmatera.com\/fr\/#website","url":"https:\/\/puglialovesmatera.com\/fr\/","name":"Puglia Loves Matera","description":"Ars Mediterranea Scario","publisher":{"@id":"https:\/\/puglialovesmatera.com\/fr\/#organization"},"potentialAction":[{"@type":"SearchAction","target":{"@type":"EntryPoint","urlTemplate":"https:\/\/puglialovesmatera.com\/fr\/?s={search_term_string}"},"query-input":{"@type":"PropertyValueSpecification","valueRequired":true,"valueName":"search_term_string"}}],"inLanguage":"fr-FR"},{"@type":"Organization","@id":"https:\/\/puglialovesmatera.com\/fr\/#organization","name":"Puglia Loves Matera","url":"https:\/\/puglialovesmatera.com\/fr\/","logo":{"@type":"ImageObject","inLanguage":"fr-FR","@id":"https:\/\/puglialovesmatera.com\/fr\/#\/schema\/logo\/image\/","url":"https:\/\/puglialovesmatera.com\/wp-content\/uploads\/2024\/07\/Group-14.svg","contentUrl":"https:\/\/puglialovesmatera.com\/wp-content\/uploads\/2024\/07\/Group-14.svg","width":371,"height":381,"caption":"Puglia Loves Matera"},"image":{"@id":"https:\/\/puglialovesmatera.com\/fr\/#\/schema\/logo\/image\/"}}]}},"_links":{"self":[{"href":"https:\/\/puglialovesmatera.com\/fr\/wp-json\/wp\/v2\/product\/3345","targetHints":{"allow":["GET"]}}],"collection":[{"href":"https:\/\/puglialovesmatera.com\/fr\/wp-json\/wp\/v2\/product"}],"about":[{"href":"https:\/\/puglialovesmatera.com\/fr\/wp-json\/wp\/v2\/types\/product"}],"replies":[{"embeddable":true,"href":"https:\/\/puglialovesmatera.com\/fr\/wp-json\/wp\/v2\/comments?post=3345"}],"wp:featuredmedia":[{"embeddable":true,"href":"https:\/\/puglialovesmatera.com\/fr\/wp-json\/wp\/v2\/media\/2707"}],"wp:attachment":[{"href":"https:\/\/puglialovesmatera.com\/fr\/wp-json\/wp\/v2\/media?parent=3345"}],"wp:term":[{"taxonomy":"product_brand","embeddable":true,"href":"https:\/\/puglialovesmatera.com\/fr\/wp-json\/wp\/v2\/product_brand?post=3345"},{"taxonomy":"product_cat","embeddable":true,"href":"https:\/\/puglialovesmatera.com\/fr\/wp-json\/wp\/v2\/product_cat?post=3345"},{"taxonomy":"product_tag","embeddable":true,"href":"https:\/\/puglialovesmatera.com\/fr\/wp-json\/wp\/v2\/product_tag?post=3345"}],"curies":[{"name":"wp","href":"https:\/\/api.w.org\/{rel}","templated":true}]}}