{"id":3353,"date":"2024-07-27T07:59:11","date_gmt":"2024-07-27T07:59:11","guid":{"rendered":"https:\/\/puglialovesmatera.com\/visita-guidata\/visite-guidee-de-trani-la-perle-de-ladriatique-cathedrale-et-quartier-juif\/"},"modified":"2024-07-27T07:59:11","modified_gmt":"2024-07-27T07:59:11","slug":"visite-guidee-de-trani-la-perle-de-ladriatique-cathedrale-et-quartier-juif","status":"publish","type":"product","link":"https:\/\/puglialovesmatera.com\/fr\/visita-guidata\/visite-guidee-de-trani-la-perle-de-ladriatique-cathedrale-et-quartier-juif\/","title":{"rendered":"Visite guid\u00e9e de Trani : la perle de l&rsquo;Adriatique Cath\u00e9drale et quartier juif"},"content":{"rendered":"<h3>D\u00e9but de la visite<\/h3>\n<p>  Mes visites guid\u00e9es de Trani vous emm\u00e8neront \u00e0 la d\u00e9couverte d&rsquo;une ville fascinante, souvent surnomm\u00e9e la Perle de l&rsquo;Adriatique en raison de sa beaut\u00e9 et de sa situation.<br \/>\nLe pittoresque port de p\u00eache s&rsquo;organise autour de la majestueuse cath\u00e9drale et du d\u00e9dale de rues m\u00e9di\u00e9vales qui caract\u00e9risent le centre historique.   <\/p>\n<h3>Port de Trani et ch\u00e2teau souabe<\/h3>\n<p>  Nous commencerons notre visite par la Piazza Re Manfredi, en explorant le port de Trani, c\u00e9l\u00e8bre pour ses vues pittoresques et ses bateaux traditionnels.<br \/>\nNous continuerons vers le ch\u00e2teau souabe, o\u00f9 je vous raconterai les nombreuses histoires et l\u00e9gendes li\u00e9es \u00e0 cet imposant \u00e9difice, construit sur ordre de Fr\u00e9d\u00e9ric II de Souabe.   <\/p>\n<h3>Cath\u00e9drale Saint-Nicolas Pellegrino<\/h3>\n<p>  La visite se poursuivra avec la cath\u00e9drale de San Nicola Pellegrino, situ\u00e9e au bord de la mer.<br \/>\nLa cath\u00e9drale est consid\u00e9r\u00e9e comme \u00ab\u00a0la reine des cath\u00e9drales\u00a0\u00bb par l&rsquo;arch\u00e9ologue fran\u00e7ais Fran\u00e7ois Lenormant pour sa splendide architecture romane des Pouilles.<br \/>\n\u00c0 l&rsquo;int\u00e9rieur, nous visitons la crypte qui renferme les reliques du saint patron de Trani.<br \/>\nL&#8217;emplacement unique de la cath\u00e9drale, qui donne directement sur la mer, offre une exp\u00e9rience visuelle et spirituelle sans pareille.     <\/p>\n<h3>Quartier juif et synagogues<\/h3>\n<p>  Trani s&rsquo;enorgueillit \u00e9galement d&rsquo;une riche histoire juive, ayant accueilli la plus grande communaut\u00e9 juive du sud de l&rsquo;Italie au Moyen-\u00c2ge.<br \/>\nNous nous prom\u00e8nerons dans le quartier juif, \u00e0 la d\u00e9couverte des synagogues et des signes de cet important patrimoine culturel.<br \/>\nJe vous parlerai du premier code de navigation de l&rsquo;histoire, l&rsquo;Ordinamenta Maris, qui a vu le jour \u00e0 Trani.    <\/p>\n<h3>Conclusion et d\u00e9gustation du Moscato di Trani<\/h3>\n<p>  Nous conclurons la visite en vous recommandant une d\u00e9gustation de Moscato di Trani, un vin fortifi\u00e9 r\u00e9put\u00e9, inextricablement li\u00e9 \u00e0 la ville.<br \/>\nCette douce finale vous permettra de savourer un morceau de la tradition vinicole locale.   <\/p>\n<h3>Informations compl\u00e9mentaires<\/h3>\n<p>  Mes visites guid\u00e9es de Trani constituent une occasion unique pour tous ceux qui souhaitent en savoir plus sur l&rsquo;histoire, la culture et l&rsquo;architecture de cette ville fascinante.<br \/>\nGr\u00e2ce \u00e0 ma formation continue et \u00e0 ma passion pour l&rsquo;histoire, je serai en mesure de vous faire participer \u00e0 un r\u00e9cit captivant et plein de d\u00e9tails, faisant de chaque visite une exp\u00e9rience unique.<br \/>\nL&rsquo;accent mis sur la personnalisation des visites me permet d&rsquo;adapter l&rsquo;itin\u00e9raire et les explications aux int\u00e9r\u00eats sp\u00e9cifiques des visiteurs, garantissant ainsi une exp\u00e9rience sur mesure et de grande qualit\u00e9.<br \/>\nMa ponctualit\u00e9 et ma fiabilit\u00e9 garantissent un service professionnel et impeccable.<br \/>\nNe manquez pas l&rsquo;occasion de faire un voyage dans le temps parmi les tr\u00e9sors de Trani, o\u00f9 chaque coin de rue raconte une histoire et o\u00f9 chaque monument est un exemple de ma\u00eetrise architecturale.<br \/>\nPour plus d&rsquo;informations et de r\u00e9servations, contactez-moi pour convenir du prix de la visite guid\u00e9e.<br \/>\nJe serai heureuse de vous accompagner dans cette extraordinaire aventure culturelle et historique.      <\/p>\n","protected":false},"excerpt":{"rendered":"<p>Trani, surnomm\u00e9e la Perle de l&rsquo;Adriatique, est c\u00e9l\u00e8bre pour sa magnifique cath\u00e9drale San Nicola Pellegrino, qui surplombe la mer.<br \/>\nLa visite guid\u00e9e comprendra le ch\u00e2teau souabe et le pittoresque quartier juif, avec la synagogue Scolanova.<br \/>\nNous nous prom\u00e8nerons dans le port et admirerons les anciennes colonnes romaines.<br \/>\nVotre guide vous d\u00e9voilera l&rsquo;histoire et les curiosit\u00e9s de cette ville fascinante.   <\/p>\n","protected":false},"featured_media":2758,"comment_status":"open","ping_status":"closed","template":"","meta":{"_acf_changed":false},"product_brand":[],"product_cat":[75],"product_tag":[],"class_list":{"0":"post-3353","1":"product","2":"type-product","3":"status-publish","4":"has-post-thumbnail","6":"product_cat-bari-entre-les-murge-du-nord-et-la-cote-adriatique","8":"first","9":"instock","10":"shipping-taxable","11":"product-type-simple"},"acf":[],"yoast_head":"<!-- This site is optimized with the Yoast SEO plugin v27.3 - https:\/\/yoast.com\/product\/yoast-seo-wordpress\/ -->\n<title>Visite guid\u00e9e de Trani avec Alessandra Di Mauro<\/title>\n<meta name=\"description\" content=\"Explorez Trani avec Alessandra Di Mauro, arch\u00e9ologue et guide touristique agr\u00e9\u00e9e. Visites personnalis\u00e9es avec une guide exp\u00e9riment\u00e9e et passionn\u00e9e.\" \/>\n<meta name=\"robots\" content=\"index, follow, max-snippet:-1, max-image-preview:large, max-video-preview:-1\" \/>\n<link rel=\"canonical\" href=\"https:\/\/puglialovesmatera.com\/fr\/visita-guidata\/visite-guidee-de-trani-la-perle-de-ladriatique-cathedrale-et-quartier-juif\/\" \/>\n<meta property=\"og:locale\" content=\"fr_FR\" \/>\n<meta property=\"og:type\" content=\"article\" \/>\n<meta property=\"og:title\" content=\"Visite guid\u00e9e de Trani avec Alessandra Di Mauro\" \/>\n<meta property=\"og:description\" content=\"Explorez Trani avec Alessandra Di Mauro, arch\u00e9ologue et guide touristique agr\u00e9\u00e9e. Visites personnalis\u00e9es avec une guide exp\u00e9riment\u00e9e et passionn\u00e9e.\" \/>\n<meta property=\"og:url\" content=\"https:\/\/puglialovesmatera.com\/fr\/visita-guidata\/visite-guidee-de-trani-la-perle-de-ladriatique-cathedrale-et-quartier-juif\/\" \/>\n<meta property=\"og:site_name\" content=\"Puglia Loves Matera\" \/>\n<meta property=\"og:image\" content=\"https:\/\/puglialovesmatera.com\/wp-content\/uploads\/2024\/07\/Visita-guidata-Trani.jpg\" \/>\n\t<meta property=\"og:image:width\" content=\"500\" \/>\n\t<meta property=\"og:image:height\" content=\"500\" \/>\n\t<meta property=\"og:image:type\" content=\"image\/jpeg\" \/>\n<meta name=\"twitter:card\" content=\"summary_large_image\" \/>\n<meta name=\"twitter:label1\" content=\"Dur\u00e9e de lecture estim\u00e9e\" \/>\n\t<meta name=\"twitter:data1\" content=\"3 minutes\" \/>\n<script type=\"application\/ld+json\" class=\"yoast-schema-graph\">{\"@context\":\"https:\\\/\\\/schema.org\",\"@graph\":[{\"@type\":\"WebPage\",\"@id\":\"https:\\\/\\\/puglialovesmatera.com\\\/fr\\\/visita-guidata\\\/visite-guidee-de-trani-la-perle-de-ladriatique-cathedrale-et-quartier-juif\\\/\",\"url\":\"https:\\\/\\\/puglialovesmatera.com\\\/fr\\\/visita-guidata\\\/visite-guidee-de-trani-la-perle-de-ladriatique-cathedrale-et-quartier-juif\\\/\",\"name\":\"Visite guid\u00e9e de Trani avec Alessandra Di Mauro\",\"isPartOf\":{\"@id\":\"https:\\\/\\\/puglialovesmatera.com\\\/fr\\\/#website\"},\"primaryImageOfPage\":{\"@id\":\"https:\\\/\\\/puglialovesmatera.com\\\/fr\\\/visita-guidata\\\/visite-guidee-de-trani-la-perle-de-ladriatique-cathedrale-et-quartier-juif\\\/#primaryimage\"},\"image\":{\"@id\":\"https:\\\/\\\/puglialovesmatera.com\\\/fr\\\/visita-guidata\\\/visite-guidee-de-trani-la-perle-de-ladriatique-cathedrale-et-quartier-juif\\\/#primaryimage\"},\"thumbnailUrl\":\"https:\\\/\\\/puglialovesmatera.com\\\/wp-content\\\/uploads\\\/2024\\\/07\\\/Visita-guidata-Trani.jpg\",\"datePublished\":\"2024-07-27T07:59:11+00:00\",\"description\":\"Explorez Trani avec Alessandra Di Mauro, arch\u00e9ologue et guide touristique agr\u00e9\u00e9e. Visites personnalis\u00e9es avec une guide exp\u00e9riment\u00e9e et passionn\u00e9e.\",\"breadcrumb\":{\"@id\":\"https:\\\/\\\/puglialovesmatera.com\\\/fr\\\/visita-guidata\\\/visite-guidee-de-trani-la-perle-de-ladriatique-cathedrale-et-quartier-juif\\\/#breadcrumb\"},\"inLanguage\":\"fr-FR\",\"potentialAction\":[{\"@type\":\"ReadAction\",\"target\":[\"https:\\\/\\\/puglialovesmatera.com\\\/fr\\\/visita-guidata\\\/visite-guidee-de-trani-la-perle-de-ladriatique-cathedrale-et-quartier-juif\\\/\"]}]},{\"@type\":\"ImageObject\",\"inLanguage\":\"fr-FR\",\"@id\":\"https:\\\/\\\/puglialovesmatera.com\\\/fr\\\/visita-guidata\\\/visite-guidee-de-trani-la-perle-de-ladriatique-cathedrale-et-quartier-juif\\\/#primaryimage\",\"url\":\"https:\\\/\\\/puglialovesmatera.com\\\/wp-content\\\/uploads\\\/2024\\\/07\\\/Visita-guidata-Trani.jpg\",\"contentUrl\":\"https:\\\/\\\/puglialovesmatera.com\\\/wp-content\\\/uploads\\\/2024\\\/07\\\/Visita-guidata-Trani.jpg\",\"width\":500,\"height\":500},{\"@type\":\"BreadcrumbList\",\"@id\":\"https:\\\/\\\/puglialovesmatera.com\\\/fr\\\/visita-guidata\\\/visite-guidee-de-trani-la-perle-de-ladriatique-cathedrale-et-quartier-juif\\\/#breadcrumb\",\"itemListElement\":[{\"@type\":\"ListItem\",\"position\":1,\"name\":\"Home\",\"item\":\"https:\\\/\\\/puglialovesmatera.com\\\/fr\\\/accueil-puglia-aime-matera-visites-guidees\\\/\"},{\"@type\":\"ListItem\",\"position\":2,\"name\":\"Toutes les visites guid\u00e9es\",\"item\":\"https:\\\/\\\/puglialovesmatera.com\\\/fr\\\/visites-tout-guidees\\\/\"},{\"@type\":\"ListItem\",\"position\":3,\"name\":\"Visite guid\u00e9e de Trani : la perle de l&#8217;Adriatique Cath\u00e9drale et quartier juif\"}]},{\"@type\":\"WebSite\",\"@id\":\"https:\\\/\\\/puglialovesmatera.com\\\/fr\\\/#website\",\"url\":\"https:\\\/\\\/puglialovesmatera.com\\\/fr\\\/\",\"name\":\"Puglia Loves Matera\",\"description\":\"Ars Mediterranea Scario\",\"publisher\":{\"@id\":\"https:\\\/\\\/puglialovesmatera.com\\\/fr\\\/#organization\"},\"potentialAction\":[{\"@type\":\"SearchAction\",\"target\":{\"@type\":\"EntryPoint\",\"urlTemplate\":\"https:\\\/\\\/puglialovesmatera.com\\\/fr\\\/?s={search_term_string}\"},\"query-input\":{\"@type\":\"PropertyValueSpecification\",\"valueRequired\":true,\"valueName\":\"search_term_string\"}}],\"inLanguage\":\"fr-FR\"},{\"@type\":\"Organization\",\"@id\":\"https:\\\/\\\/puglialovesmatera.com\\\/fr\\\/#organization\",\"name\":\"Puglia Loves Matera\",\"url\":\"https:\\\/\\\/puglialovesmatera.com\\\/fr\\\/\",\"logo\":{\"@type\":\"ImageObject\",\"inLanguage\":\"fr-FR\",\"@id\":\"https:\\\/\\\/puglialovesmatera.com\\\/fr\\\/#\\\/schema\\\/logo\\\/image\\\/\",\"url\":\"https:\\\/\\\/puglialovesmatera.com\\\/wp-content\\\/uploads\\\/2024\\\/07\\\/Group-14.svg\",\"contentUrl\":\"https:\\\/\\\/puglialovesmatera.com\\\/wp-content\\\/uploads\\\/2024\\\/07\\\/Group-14.svg\",\"width\":371,\"height\":381,\"caption\":\"Puglia Loves Matera\"},\"image\":{\"@id\":\"https:\\\/\\\/puglialovesmatera.com\\\/fr\\\/#\\\/schema\\\/logo\\\/image\\\/\"}}]}<\/script>\n<!-- \/ Yoast SEO plugin. -->","yoast_head_json":{"title":"Visite guid\u00e9e de Trani avec Alessandra Di Mauro","description":"Explorez Trani avec Alessandra Di Mauro, arch\u00e9ologue et guide touristique agr\u00e9\u00e9e. Visites personnalis\u00e9es avec une guide exp\u00e9riment\u00e9e et passionn\u00e9e.","robots":{"index":"index","follow":"follow","max-snippet":"max-snippet:-1","max-image-preview":"max-image-preview:large","max-video-preview":"max-video-preview:-1"},"canonical":"https:\/\/puglialovesmatera.com\/fr\/visita-guidata\/visite-guidee-de-trani-la-perle-de-ladriatique-cathedrale-et-quartier-juif\/","og_locale":"fr_FR","og_type":"article","og_title":"Visite guid\u00e9e de Trani avec Alessandra Di Mauro","og_description":"Explorez Trani avec Alessandra Di Mauro, arch\u00e9ologue et guide touristique agr\u00e9\u00e9e. Visites personnalis\u00e9es avec une guide exp\u00e9riment\u00e9e et passionn\u00e9e.","og_url":"https:\/\/puglialovesmatera.com\/fr\/visita-guidata\/visite-guidee-de-trani-la-perle-de-ladriatique-cathedrale-et-quartier-juif\/","og_site_name":"Puglia Loves Matera","og_image":[{"width":500,"height":500,"url":"https:\/\/puglialovesmatera.com\/wp-content\/uploads\/2024\/07\/Visita-guidata-Trani.jpg","type":"image\/jpeg"}],"twitter_card":"summary_large_image","twitter_misc":{"Dur\u00e9e de lecture estim\u00e9e":"3 minutes"},"schema":{"@context":"https:\/\/schema.org","@graph":[{"@type":"WebPage","@id":"https:\/\/puglialovesmatera.com\/fr\/visita-guidata\/visite-guidee-de-trani-la-perle-de-ladriatique-cathedrale-et-quartier-juif\/","url":"https:\/\/puglialovesmatera.com\/fr\/visita-guidata\/visite-guidee-de-trani-la-perle-de-ladriatique-cathedrale-et-quartier-juif\/","name":"Visite guid\u00e9e de Trani avec Alessandra Di Mauro","isPartOf":{"@id":"https:\/\/puglialovesmatera.com\/fr\/#website"},"primaryImageOfPage":{"@id":"https:\/\/puglialovesmatera.com\/fr\/visita-guidata\/visite-guidee-de-trani-la-perle-de-ladriatique-cathedrale-et-quartier-juif\/#primaryimage"},"image":{"@id":"https:\/\/puglialovesmatera.com\/fr\/visita-guidata\/visite-guidee-de-trani-la-perle-de-ladriatique-cathedrale-et-quartier-juif\/#primaryimage"},"thumbnailUrl":"https:\/\/puglialovesmatera.com\/wp-content\/uploads\/2024\/07\/Visita-guidata-Trani.jpg","datePublished":"2024-07-27T07:59:11+00:00","description":"Explorez Trani avec Alessandra Di Mauro, arch\u00e9ologue et guide touristique agr\u00e9\u00e9e. Visites personnalis\u00e9es avec une guide exp\u00e9riment\u00e9e et passionn\u00e9e.","breadcrumb":{"@id":"https:\/\/puglialovesmatera.com\/fr\/visita-guidata\/visite-guidee-de-trani-la-perle-de-ladriatique-cathedrale-et-quartier-juif\/#breadcrumb"},"inLanguage":"fr-FR","potentialAction":[{"@type":"ReadAction","target":["https:\/\/puglialovesmatera.com\/fr\/visita-guidata\/visite-guidee-de-trani-la-perle-de-ladriatique-cathedrale-et-quartier-juif\/"]}]},{"@type":"ImageObject","inLanguage":"fr-FR","@id":"https:\/\/puglialovesmatera.com\/fr\/visita-guidata\/visite-guidee-de-trani-la-perle-de-ladriatique-cathedrale-et-quartier-juif\/#primaryimage","url":"https:\/\/puglialovesmatera.com\/wp-content\/uploads\/2024\/07\/Visita-guidata-Trani.jpg","contentUrl":"https:\/\/puglialovesmatera.com\/wp-content\/uploads\/2024\/07\/Visita-guidata-Trani.jpg","width":500,"height":500},{"@type":"BreadcrumbList","@id":"https:\/\/puglialovesmatera.com\/fr\/visita-guidata\/visite-guidee-de-trani-la-perle-de-ladriatique-cathedrale-et-quartier-juif\/#breadcrumb","itemListElement":[{"@type":"ListItem","position":1,"name":"Home","item":"https:\/\/puglialovesmatera.com\/fr\/accueil-puglia-aime-matera-visites-guidees\/"},{"@type":"ListItem","position":2,"name":"Toutes les visites guid\u00e9es","item":"https:\/\/puglialovesmatera.com\/fr\/visites-tout-guidees\/"},{"@type":"ListItem","position":3,"name":"Visite guid\u00e9e de Trani : la perle de l&#8217;Adriatique Cath\u00e9drale et quartier juif"}]},{"@type":"WebSite","@id":"https:\/\/puglialovesmatera.com\/fr\/#website","url":"https:\/\/puglialovesmatera.com\/fr\/","name":"Puglia Loves Matera","description":"Ars Mediterranea Scario","publisher":{"@id":"https:\/\/puglialovesmatera.com\/fr\/#organization"},"potentialAction":[{"@type":"SearchAction","target":{"@type":"EntryPoint","urlTemplate":"https:\/\/puglialovesmatera.com\/fr\/?s={search_term_string}"},"query-input":{"@type":"PropertyValueSpecification","valueRequired":true,"valueName":"search_term_string"}}],"inLanguage":"fr-FR"},{"@type":"Organization","@id":"https:\/\/puglialovesmatera.com\/fr\/#organization","name":"Puglia Loves Matera","url":"https:\/\/puglialovesmatera.com\/fr\/","logo":{"@type":"ImageObject","inLanguage":"fr-FR","@id":"https:\/\/puglialovesmatera.com\/fr\/#\/schema\/logo\/image\/","url":"https:\/\/puglialovesmatera.com\/wp-content\/uploads\/2024\/07\/Group-14.svg","contentUrl":"https:\/\/puglialovesmatera.com\/wp-content\/uploads\/2024\/07\/Group-14.svg","width":371,"height":381,"caption":"Puglia Loves Matera"},"image":{"@id":"https:\/\/puglialovesmatera.com\/fr\/#\/schema\/logo\/image\/"}}]}},"_links":{"self":[{"href":"https:\/\/puglialovesmatera.com\/fr\/wp-json\/wp\/v2\/product\/3353","targetHints":{"allow":["GET"]}}],"collection":[{"href":"https:\/\/puglialovesmatera.com\/fr\/wp-json\/wp\/v2\/product"}],"about":[{"href":"https:\/\/puglialovesmatera.com\/fr\/wp-json\/wp\/v2\/types\/product"}],"replies":[{"embeddable":true,"href":"https:\/\/puglialovesmatera.com\/fr\/wp-json\/wp\/v2\/comments?post=3353"}],"wp:featuredmedia":[{"embeddable":true,"href":"https:\/\/puglialovesmatera.com\/fr\/wp-json\/wp\/v2\/media\/2758"}],"wp:attachment":[{"href":"https:\/\/puglialovesmatera.com\/fr\/wp-json\/wp\/v2\/media?parent=3353"}],"wp:term":[{"taxonomy":"product_brand","embeddable":true,"href":"https:\/\/puglialovesmatera.com\/fr\/wp-json\/wp\/v2\/product_brand?post=3353"},{"taxonomy":"product_cat","embeddable":true,"href":"https:\/\/puglialovesmatera.com\/fr\/wp-json\/wp\/v2\/product_cat?post=3353"},{"taxonomy":"product_tag","embeddable":true,"href":"https:\/\/puglialovesmatera.com\/fr\/wp-json\/wp\/v2\/product_tag?post=3353"}],"curies":[{"name":"wp","href":"https:\/\/api.w.org\/{rel}","templated":true}]}}