{"id":3358,"date":"2024-07-27T07:59:31","date_gmt":"2024-07-27T07:59:31","guid":{"rendered":"https:\/\/puglialovesmatera.com\/visita-guidata\/visite-guidee-de-giovinazzo-de-la-cathedrale-et-du-port\/"},"modified":"2024-07-27T07:59:31","modified_gmt":"2024-07-27T07:59:31","slug":"visite-guidee-de-giovinazzo-de-la-cathedrale-et-du-port","status":"publish","type":"product","link":"https:\/\/puglialovesmatera.com\/fr\/visita-guidata\/visite-guidee-de-giovinazzo-de-la-cathedrale-et-du-port\/","title":{"rendered":"Visite guid\u00e9e de Giovinazzo, de la cath\u00e9drale et du port"},"content":{"rendered":"<h3>D\u00e9but de la visite<\/h3>\n<p>  Mes visites guid\u00e9es de Giovinazzo vous emm\u00e8neront \u00e0 la d\u00e9couverte d&rsquo;une ville maritime situ\u00e9e pr\u00e8s de la c\u00f4te adriatique, au nord de Bari.<br \/>\nGiovinazzo, entour\u00e9e de murs au XVe si\u00e8cle, contient des preuves architecturales documentant l&rsquo;histoire de la colonie de l&rsquo;\u00e9poque romaine au Moyen \u00c2ge et au Baroque.   <\/p>\n<h3>Place Vittorio Emanuele et fontaine Tritoni<\/h3>\n<p>  Nous commencerons notre visite par la Piazza Vittorio Emanuele, la place principale de la ville.<br \/>\nDe l\u00e0, vous pourrez admirer les palais du XIXe si\u00e8cle et l&rsquo;impressionnante fontaine du Triton, symbole de la ville et de son histoire maritime.   <\/p>\n<h3>Vieille ville et cath\u00e9drale Santa Maria Assunta<\/h3>\n<p>  Nous continuons dans le centre historique et marchons le long des remparts de la Via Cattedrale, jusqu&rsquo;\u00e0 la cath\u00e9drale Santa Maria Assunta, construite au XIIe si\u00e8cle.<br \/>\nSitu\u00e9e sur la Piazza Duomo, cette cath\u00e9drale est un magnifique exemple de l&rsquo;architecture romane des Pouilles.   <\/p>\n<h3>Palais ducal et murailles romaines<\/h3>\n<p>  Depuis la Piazza Duomo, nous admirerons l&rsquo;imposant palais des Doges, un b\u00e2timent \u00e0 cour du XVIIe si\u00e8cle qui montre sa richesse architecturale surtout sur la fa\u00e7ade donnant sur la mer, pr\u00e8s des vestiges des murailles romaines.<br \/>\nJe vous raconterai l&rsquo;histoire du palais et ses transformations au cours des si\u00e8cles.   <\/p>\n<h3>Rues et \u00e9glises de la vieille ville<\/h3>\n<p>  En parcourant les rues du centre, nous d\u00e9couvrirons les cours, les ruelles et les d\u00e9tails architecturaux qui font de Giovinazzo un lieu unique.<br \/>\nNous visiterons l&rsquo;\u00e9glise du Saint-Esprit et l&rsquo;\u00e9glise Notre-Dame de Constantinople, datant du XVIe si\u00e8cle, en d\u00e9couvrant les histoires et les traditions li\u00e9es \u00e0 ces lieux sacr\u00e9s.   <\/p>\n<h3>Port de Giovinazzo et traditions maritimes<\/h3>\n<p>  La visite se poursuivra dans le port pittoresque de Giovinazzo, o\u00f9 je vous parlerai des traditions maritimes qui ont marqu\u00e9 l&rsquo;histoire de la ville et de la r\u00e9cente revalorisation du centre historique, qui a permis de red\u00e9couvrir et de mettre en valeur sa beaut\u00e9.  <\/p>\n<h3>Informations compl\u00e9mentaires<\/h3>\n<p>  Mes visites guid\u00e9es de Giovinazzo constituent une occasion unique pour tous ceux qui souhaitent en savoir plus sur l&rsquo;histoire, la culture et l&rsquo;architecture de cette fascinante ville maritime.<br \/>\nGr\u00e2ce \u00e0 ma formation continue et \u00e0 ma passion pour l&rsquo;histoire, je serai en mesure de vous faire participer \u00e0 un r\u00e9cit passionnant et plein de d\u00e9tails, faisant de chaque visite une exp\u00e9rience unique.<br \/>\nL&rsquo;accent mis sur la personnalisation des visites me permet d&rsquo;adapter l&rsquo;itin\u00e9raire et les explications aux int\u00e9r\u00eats sp\u00e9cifiques des visiteurs, garantissant ainsi une exp\u00e9rience sur mesure et de grande qualit\u00e9.<br \/>\nMa ponctualit\u00e9 et ma fiabilit\u00e9 garantissent un service professionnel et impeccable.<br \/>\nNe manquez pas l&rsquo;occasion de faire un voyage dans le temps parmi les tr\u00e9sors du Giovinazzo, o\u00f9 chaque coin raconte une histoire et o\u00f9 chaque monument est un exemple de ma\u00eetrise architecturale.<br \/>\nPour plus d&rsquo;informations et de r\u00e9servations, veuillez me contacter pour convenir d&rsquo;un tarif de visite guid\u00e9e.<br \/>\nJe serai heureuse de vous accompagner dans cette extraordinaire aventure culturelle et historique.      <\/p>\n","protected":false},"excerpt":{"rendered":"<p>Giovinazzo, avec son charmant port et la cath\u00e9drale Santa Maria Assunta, est un joyau cach\u00e9.<br \/>\nLa visite guid\u00e9e commencera sur la Piazza Vittorio Emanuele et explorera le centre historique avec ses palais nobles et ses \u00e9glises m\u00e9di\u00e9vales.<br \/>\nNous d\u00e9couvrirons les anciennes murailles et la tour normande, en nous plongeant dans l&rsquo;histoire et les traditions de ce charmant village maritime.  <\/p>\n","protected":false},"featured_media":2698,"comment_status":"open","ping_status":"closed","template":"","meta":{"_acf_changed":false},"product_brand":[],"product_cat":[75],"product_tag":[],"class_list":{"0":"post-3358","1":"product","2":"type-product","3":"status-publish","4":"has-post-thumbnail","6":"product_cat-bari-entre-les-murge-du-nord-et-la-cote-adriatique","8":"first","9":"instock","10":"shipping-taxable","11":"product-type-simple"},"acf":[],"yoast_head":"<!-- This site is optimized with the Yoast SEO plugin v27.3 - https:\/\/yoast.com\/product\/yoast-seo-wordpress\/ -->\n<title>Visite guid\u00e9e du Giovinazzo avec Alessandra Di Mauro<\/title>\n<meta name=\"description\" content=\"D\u00e9couvrez Giovinazzo avec Alessandra Di Mauro, arch\u00e9ologue et guide touristique agr\u00e9\u00e9e. Visites personnalis\u00e9es avec un guide expert et passionn\u00e9.\" \/>\n<meta name=\"robots\" content=\"index, follow, max-snippet:-1, max-image-preview:large, max-video-preview:-1\" \/>\n<link rel=\"canonical\" href=\"https:\/\/puglialovesmatera.com\/fr\/visita-guidata\/visite-guidee-de-giovinazzo-de-la-cathedrale-et-du-port\/\" \/>\n<meta property=\"og:locale\" content=\"fr_FR\" \/>\n<meta property=\"og:type\" content=\"article\" \/>\n<meta property=\"og:title\" content=\"Visite guid\u00e9e du Giovinazzo avec Alessandra Di Mauro\" \/>\n<meta property=\"og:description\" content=\"D\u00e9couvrez Giovinazzo avec Alessandra Di Mauro, arch\u00e9ologue et guide touristique agr\u00e9\u00e9e. Visites personnalis\u00e9es avec un guide expert et passionn\u00e9.\" \/>\n<meta property=\"og:url\" content=\"https:\/\/puglialovesmatera.com\/fr\/visita-guidata\/visite-guidee-de-giovinazzo-de-la-cathedrale-et-du-port\/\" \/>\n<meta property=\"og:site_name\" content=\"Puglia Loves Matera\" \/>\n<meta property=\"og:image\" content=\"https:\/\/puglialovesmatera.com\/wp-content\/uploads\/2024\/07\/Visita-guidata-Giovinazzo.jpg\" \/>\n\t<meta property=\"og:image:width\" content=\"500\" \/>\n\t<meta property=\"og:image:height\" content=\"500\" \/>\n\t<meta property=\"og:image:type\" content=\"image\/jpeg\" \/>\n<meta name=\"twitter:card\" content=\"summary_large_image\" \/>\n<meta name=\"twitter:label1\" content=\"Dur\u00e9e de lecture estim\u00e9e\" \/>\n\t<meta name=\"twitter:data1\" content=\"3 minutes\" \/>\n<script type=\"application\/ld+json\" class=\"yoast-schema-graph\">{\"@context\":\"https:\\\/\\\/schema.org\",\"@graph\":[{\"@type\":\"WebPage\",\"@id\":\"https:\\\/\\\/puglialovesmatera.com\\\/fr\\\/visita-guidata\\\/visite-guidee-de-giovinazzo-de-la-cathedrale-et-du-port\\\/\",\"url\":\"https:\\\/\\\/puglialovesmatera.com\\\/fr\\\/visita-guidata\\\/visite-guidee-de-giovinazzo-de-la-cathedrale-et-du-port\\\/\",\"name\":\"Visite guid\u00e9e du Giovinazzo avec Alessandra Di Mauro\",\"isPartOf\":{\"@id\":\"https:\\\/\\\/puglialovesmatera.com\\\/fr\\\/#website\"},\"primaryImageOfPage\":{\"@id\":\"https:\\\/\\\/puglialovesmatera.com\\\/fr\\\/visita-guidata\\\/visite-guidee-de-giovinazzo-de-la-cathedrale-et-du-port\\\/#primaryimage\"},\"image\":{\"@id\":\"https:\\\/\\\/puglialovesmatera.com\\\/fr\\\/visita-guidata\\\/visite-guidee-de-giovinazzo-de-la-cathedrale-et-du-port\\\/#primaryimage\"},\"thumbnailUrl\":\"https:\\\/\\\/puglialovesmatera.com\\\/wp-content\\\/uploads\\\/2024\\\/07\\\/Visita-guidata-Giovinazzo.jpg\",\"datePublished\":\"2024-07-27T07:59:31+00:00\",\"description\":\"D\u00e9couvrez Giovinazzo avec Alessandra Di Mauro, arch\u00e9ologue et guide touristique agr\u00e9\u00e9e. Visites personnalis\u00e9es avec un guide expert et passionn\u00e9.\",\"breadcrumb\":{\"@id\":\"https:\\\/\\\/puglialovesmatera.com\\\/fr\\\/visita-guidata\\\/visite-guidee-de-giovinazzo-de-la-cathedrale-et-du-port\\\/#breadcrumb\"},\"inLanguage\":\"fr-FR\",\"potentialAction\":[{\"@type\":\"ReadAction\",\"target\":[\"https:\\\/\\\/puglialovesmatera.com\\\/fr\\\/visita-guidata\\\/visite-guidee-de-giovinazzo-de-la-cathedrale-et-du-port\\\/\"]}]},{\"@type\":\"ImageObject\",\"inLanguage\":\"fr-FR\",\"@id\":\"https:\\\/\\\/puglialovesmatera.com\\\/fr\\\/visita-guidata\\\/visite-guidee-de-giovinazzo-de-la-cathedrale-et-du-port\\\/#primaryimage\",\"url\":\"https:\\\/\\\/puglialovesmatera.com\\\/wp-content\\\/uploads\\\/2024\\\/07\\\/Visita-guidata-Giovinazzo.jpg\",\"contentUrl\":\"https:\\\/\\\/puglialovesmatera.com\\\/wp-content\\\/uploads\\\/2024\\\/07\\\/Visita-guidata-Giovinazzo.jpg\",\"width\":500,\"height\":500},{\"@type\":\"BreadcrumbList\",\"@id\":\"https:\\\/\\\/puglialovesmatera.com\\\/fr\\\/visita-guidata\\\/visite-guidee-de-giovinazzo-de-la-cathedrale-et-du-port\\\/#breadcrumb\",\"itemListElement\":[{\"@type\":\"ListItem\",\"position\":1,\"name\":\"Home\",\"item\":\"https:\\\/\\\/puglialovesmatera.com\\\/fr\\\/accueil-puglia-aime-matera-visites-guidees\\\/\"},{\"@type\":\"ListItem\",\"position\":2,\"name\":\"Toutes les visites guid\u00e9es\",\"item\":\"https:\\\/\\\/puglialovesmatera.com\\\/fr\\\/visites-tout-guidees\\\/\"},{\"@type\":\"ListItem\",\"position\":3,\"name\":\"Visite guid\u00e9e de Giovinazzo, de la cath\u00e9drale et du port\"}]},{\"@type\":\"WebSite\",\"@id\":\"https:\\\/\\\/puglialovesmatera.com\\\/fr\\\/#website\",\"url\":\"https:\\\/\\\/puglialovesmatera.com\\\/fr\\\/\",\"name\":\"Puglia Loves Matera\",\"description\":\"Ars Mediterranea Scario\",\"publisher\":{\"@id\":\"https:\\\/\\\/puglialovesmatera.com\\\/fr\\\/#organization\"},\"potentialAction\":[{\"@type\":\"SearchAction\",\"target\":{\"@type\":\"EntryPoint\",\"urlTemplate\":\"https:\\\/\\\/puglialovesmatera.com\\\/fr\\\/?s={search_term_string}\"},\"query-input\":{\"@type\":\"PropertyValueSpecification\",\"valueRequired\":true,\"valueName\":\"search_term_string\"}}],\"inLanguage\":\"fr-FR\"},{\"@type\":\"Organization\",\"@id\":\"https:\\\/\\\/puglialovesmatera.com\\\/fr\\\/#organization\",\"name\":\"Puglia Loves Matera\",\"url\":\"https:\\\/\\\/puglialovesmatera.com\\\/fr\\\/\",\"logo\":{\"@type\":\"ImageObject\",\"inLanguage\":\"fr-FR\",\"@id\":\"https:\\\/\\\/puglialovesmatera.com\\\/fr\\\/#\\\/schema\\\/logo\\\/image\\\/\",\"url\":\"https:\\\/\\\/puglialovesmatera.com\\\/wp-content\\\/uploads\\\/2024\\\/07\\\/Group-14.svg\",\"contentUrl\":\"https:\\\/\\\/puglialovesmatera.com\\\/wp-content\\\/uploads\\\/2024\\\/07\\\/Group-14.svg\",\"width\":371,\"height\":381,\"caption\":\"Puglia Loves Matera\"},\"image\":{\"@id\":\"https:\\\/\\\/puglialovesmatera.com\\\/fr\\\/#\\\/schema\\\/logo\\\/image\\\/\"}}]}<\/script>\n<!-- \/ Yoast SEO plugin. -->","yoast_head_json":{"title":"Visite guid\u00e9e du Giovinazzo avec Alessandra Di Mauro","description":"D\u00e9couvrez Giovinazzo avec Alessandra Di Mauro, arch\u00e9ologue et guide touristique agr\u00e9\u00e9e. Visites personnalis\u00e9es avec un guide expert et passionn\u00e9.","robots":{"index":"index","follow":"follow","max-snippet":"max-snippet:-1","max-image-preview":"max-image-preview:large","max-video-preview":"max-video-preview:-1"},"canonical":"https:\/\/puglialovesmatera.com\/fr\/visita-guidata\/visite-guidee-de-giovinazzo-de-la-cathedrale-et-du-port\/","og_locale":"fr_FR","og_type":"article","og_title":"Visite guid\u00e9e du Giovinazzo avec Alessandra Di Mauro","og_description":"D\u00e9couvrez Giovinazzo avec Alessandra Di Mauro, arch\u00e9ologue et guide touristique agr\u00e9\u00e9e. Visites personnalis\u00e9es avec un guide expert et passionn\u00e9.","og_url":"https:\/\/puglialovesmatera.com\/fr\/visita-guidata\/visite-guidee-de-giovinazzo-de-la-cathedrale-et-du-port\/","og_site_name":"Puglia Loves Matera","og_image":[{"width":500,"height":500,"url":"https:\/\/puglialovesmatera.com\/wp-content\/uploads\/2024\/07\/Visita-guidata-Giovinazzo.jpg","type":"image\/jpeg"}],"twitter_card":"summary_large_image","twitter_misc":{"Dur\u00e9e de lecture estim\u00e9e":"3 minutes"},"schema":{"@context":"https:\/\/schema.org","@graph":[{"@type":"WebPage","@id":"https:\/\/puglialovesmatera.com\/fr\/visita-guidata\/visite-guidee-de-giovinazzo-de-la-cathedrale-et-du-port\/","url":"https:\/\/puglialovesmatera.com\/fr\/visita-guidata\/visite-guidee-de-giovinazzo-de-la-cathedrale-et-du-port\/","name":"Visite guid\u00e9e du Giovinazzo avec Alessandra Di Mauro","isPartOf":{"@id":"https:\/\/puglialovesmatera.com\/fr\/#website"},"primaryImageOfPage":{"@id":"https:\/\/puglialovesmatera.com\/fr\/visita-guidata\/visite-guidee-de-giovinazzo-de-la-cathedrale-et-du-port\/#primaryimage"},"image":{"@id":"https:\/\/puglialovesmatera.com\/fr\/visita-guidata\/visite-guidee-de-giovinazzo-de-la-cathedrale-et-du-port\/#primaryimage"},"thumbnailUrl":"https:\/\/puglialovesmatera.com\/wp-content\/uploads\/2024\/07\/Visita-guidata-Giovinazzo.jpg","datePublished":"2024-07-27T07:59:31+00:00","description":"D\u00e9couvrez Giovinazzo avec Alessandra Di Mauro, arch\u00e9ologue et guide touristique agr\u00e9\u00e9e. Visites personnalis\u00e9es avec un guide expert et passionn\u00e9.","breadcrumb":{"@id":"https:\/\/puglialovesmatera.com\/fr\/visita-guidata\/visite-guidee-de-giovinazzo-de-la-cathedrale-et-du-port\/#breadcrumb"},"inLanguage":"fr-FR","potentialAction":[{"@type":"ReadAction","target":["https:\/\/puglialovesmatera.com\/fr\/visita-guidata\/visite-guidee-de-giovinazzo-de-la-cathedrale-et-du-port\/"]}]},{"@type":"ImageObject","inLanguage":"fr-FR","@id":"https:\/\/puglialovesmatera.com\/fr\/visita-guidata\/visite-guidee-de-giovinazzo-de-la-cathedrale-et-du-port\/#primaryimage","url":"https:\/\/puglialovesmatera.com\/wp-content\/uploads\/2024\/07\/Visita-guidata-Giovinazzo.jpg","contentUrl":"https:\/\/puglialovesmatera.com\/wp-content\/uploads\/2024\/07\/Visita-guidata-Giovinazzo.jpg","width":500,"height":500},{"@type":"BreadcrumbList","@id":"https:\/\/puglialovesmatera.com\/fr\/visita-guidata\/visite-guidee-de-giovinazzo-de-la-cathedrale-et-du-port\/#breadcrumb","itemListElement":[{"@type":"ListItem","position":1,"name":"Home","item":"https:\/\/puglialovesmatera.com\/fr\/accueil-puglia-aime-matera-visites-guidees\/"},{"@type":"ListItem","position":2,"name":"Toutes les visites guid\u00e9es","item":"https:\/\/puglialovesmatera.com\/fr\/visites-tout-guidees\/"},{"@type":"ListItem","position":3,"name":"Visite guid\u00e9e de Giovinazzo, de la cath\u00e9drale et du port"}]},{"@type":"WebSite","@id":"https:\/\/puglialovesmatera.com\/fr\/#website","url":"https:\/\/puglialovesmatera.com\/fr\/","name":"Puglia Loves Matera","description":"Ars Mediterranea Scario","publisher":{"@id":"https:\/\/puglialovesmatera.com\/fr\/#organization"},"potentialAction":[{"@type":"SearchAction","target":{"@type":"EntryPoint","urlTemplate":"https:\/\/puglialovesmatera.com\/fr\/?s={search_term_string}"},"query-input":{"@type":"PropertyValueSpecification","valueRequired":true,"valueName":"search_term_string"}}],"inLanguage":"fr-FR"},{"@type":"Organization","@id":"https:\/\/puglialovesmatera.com\/fr\/#organization","name":"Puglia Loves Matera","url":"https:\/\/puglialovesmatera.com\/fr\/","logo":{"@type":"ImageObject","inLanguage":"fr-FR","@id":"https:\/\/puglialovesmatera.com\/fr\/#\/schema\/logo\/image\/","url":"https:\/\/puglialovesmatera.com\/wp-content\/uploads\/2024\/07\/Group-14.svg","contentUrl":"https:\/\/puglialovesmatera.com\/wp-content\/uploads\/2024\/07\/Group-14.svg","width":371,"height":381,"caption":"Puglia Loves Matera"},"image":{"@id":"https:\/\/puglialovesmatera.com\/fr\/#\/schema\/logo\/image\/"}}]}},"_links":{"self":[{"href":"https:\/\/puglialovesmatera.com\/fr\/wp-json\/wp\/v2\/product\/3358","targetHints":{"allow":["GET"]}}],"collection":[{"href":"https:\/\/puglialovesmatera.com\/fr\/wp-json\/wp\/v2\/product"}],"about":[{"href":"https:\/\/puglialovesmatera.com\/fr\/wp-json\/wp\/v2\/types\/product"}],"replies":[{"embeddable":true,"href":"https:\/\/puglialovesmatera.com\/fr\/wp-json\/wp\/v2\/comments?post=3358"}],"wp:featuredmedia":[{"embeddable":true,"href":"https:\/\/puglialovesmatera.com\/fr\/wp-json\/wp\/v2\/media\/2698"}],"wp:attachment":[{"href":"https:\/\/puglialovesmatera.com\/fr\/wp-json\/wp\/v2\/media?parent=3358"}],"wp:term":[{"taxonomy":"product_brand","embeddable":true,"href":"https:\/\/puglialovesmatera.com\/fr\/wp-json\/wp\/v2\/product_brand?post=3358"},{"taxonomy":"product_cat","embeddable":true,"href":"https:\/\/puglialovesmatera.com\/fr\/wp-json\/wp\/v2\/product_cat?post=3358"},{"taxonomy":"product_tag","embeddable":true,"href":"https:\/\/puglialovesmatera.com\/fr\/wp-json\/wp\/v2\/product_tag?post=3358"}],"curies":[{"name":"wp","href":"https:\/\/api.w.org\/{rel}","templated":true}]}}