{"id":3373,"date":"2024-07-24T15:37:33","date_gmt":"2024-07-24T15:37:33","guid":{"rendered":"https:\/\/puglialovesmatera.com\/visita-guidata\/visite-guidee-de-matera-en-immersion-totale\/"},"modified":"2024-07-24T15:37:33","modified_gmt":"2024-07-24T15:37:33","slug":"visite-guidee-de-matera-en-immersion-totale","status":"publish","type":"product","link":"https:\/\/puglialovesmatera.com\/fr\/visita-guidata\/visite-guidee-de-matera-en-immersion-totale\/","title":{"rendered":"Visite guid\u00e9e de Matera en immersion totale"},"content":{"rendered":"<h3>D\u00e9but de la visite<\/h3>\n<p>  Mes visites guid\u00e9es \u00e0 Matera offrent une exp\u00e9rience compl\u00e8te pour d\u00e9couvrir une ville mill\u00e9naire, d\u00e9clar\u00e9e patrimoine mondial de l&rsquo;UNESCO en 1993 et capitale europ\u00e9enne de la culture en 2019.  <\/p>\n<h3>Place Vittorio Veneto et Sasso Barisano<\/h3>\n<p>  Nous commencerons notre parcours depuis la place Vittorio Veneto, plus pr\u00e9cis\u00e9ment depuis le balcon Luigi Guerricchio, pour admirer le Sasso Barisano, l&rsquo;ancien quartier de Matera.<br \/>\nCette premi\u00e8re \u00e9tape nous offrira une vue panoramique \u00e0 couper le souffle et une premi\u00e8re introduction \u00e0 l&rsquo;histoire de la ville.   <\/p>\n<h3>\u00c9glise Saint-Jean-Baptiste et Piazza del Sedile<\/h3>\n<p>  Nous poursuivrons notre visite \u00e0 l&rsquo;\u00e9glise de San Giovanni Battista, un exemple extraordinaire d&rsquo;architecture m\u00e9di\u00e9vale.<br \/>\nNous nous rendrons ensuite \u00e0 la Piazza del Sedile, l&rsquo;une des plus belles places de Matera, o\u00f9 nous pourrons appr\u00e9cier l&rsquo;atmosph\u00e8re unique de ce lieu historique.   <\/p>\n<h3>Cath\u00e9drale Notre-Dame de Bruna<\/h3>\n<p>  Nous visiterons l&rsquo;int\u00e9rieur de la cath\u00e9drale de la Madonna della Bruna, situ\u00e9e en position dominante sur la ville.<br \/>\nNous \u00e9voquerons la naissance des armoiries de la ville et l&rsquo;histoire li\u00e9e au ch\u00e2teau de Matera, offrant ainsi un aper\u00e7u du patrimoine culturel et religieux de la ville.   <\/p>\n<h3>Sasso Caveoso et Casa Grotta<\/h3>\n<p>  La visite se poursuivra par une descente au Sasso Caveoso, c\u00e9l\u00e8bre d\u00e9cor de cin\u00e9ma utilis\u00e9 par l&rsquo;acteur et r\u00e9alisateur Mel Gibson pour le film \u00ab\u00a0La Passion du Christ\u00a0\u00bb.<br \/>\nNous ferons ensuite un arr\u00eat obligatoire \u00e0 la Casa Grotta, o\u00f9 les familles de Matera ont v\u00e9cu jusque dans les ann\u00e9es 1960.<br \/>\nCe lieu offre une exp\u00e9rience authentique de la vie quotidienne dans les Sassi.    <\/p>\n<h3>\u00c9glise rupestre et Gravina<\/h3>\n<p>  Nous poursuivrons par la visite d&rsquo;une \u00e9glise rupestre, o\u00f9 nous admirerons l&rsquo;architecture et les d\u00e9corations int\u00e9rieures, t\u00e9moignages de la d\u00e9votion religieuse et de l&rsquo;art rupestre.<br \/>\nNous terminerons la visite par une autre vue panoramique de la Gravina et du parc arch\u00e9ologique de la Murgia Materana, c\u00e9l\u00e8bre pour ses \u00e9glises rupestres et ses paysages uniques.   <\/p>\n<h3><strong>Informations compl\u00e9mentaires<\/strong><\/h3>\n<p>  Mes visites guid\u00e9es de Matera constituent une occasion unique pour tous ceux qui souhaitent en savoir plus sur l&rsquo;histoire, la culture et l&rsquo;architecture de cette ville fascinante.<br \/>\nGr\u00e2ce \u00e0 ma formation continue et \u00e0 ma passion pour l&rsquo;histoire, je serai en mesure de vous faire participer \u00e0 un r\u00e9cit captivant et plein de d\u00e9tails, faisant de chaque visite une exp\u00e9rience unique.<br \/>\nL&rsquo;accent mis sur la personnalisation des visites me permet d&rsquo;adapter l&rsquo;itin\u00e9raire et les explications aux int\u00e9r\u00eats sp\u00e9cifiques des visiteurs, garantissant ainsi une exp\u00e9rience sur mesure et de grande qualit\u00e9.<br \/>\nMa ponctualit\u00e9 et ma fiabilit\u00e9 garantissent un service professionnel et impeccable.<br \/>\nNe manquez pas l&rsquo;occasion de faire un voyage dans le temps parmi les tr\u00e9sors de Matera, o\u00f9 chaque recoin raconte une histoire et o\u00f9 chaque pierre est le t\u00e9moignage d&rsquo;une civilisation mill\u00e9naire.<br \/>\nPour plus d&rsquo;informations et de r\u00e9servations, contactez-moi pour convenir du prix de la visite guid\u00e9e.<br \/>\nJe serai heureuse de vous accompagner dans cette extraordinaire aventure culturelle et historique.      <\/p>\n","protected":false},"excerpt":{"rendered":"<p>D\u00e9but de la visite Mes visites guid\u00e9es \u00e0 Matera offrent une exp\u00e9rience compl\u00e8te pour d\u00e9couvrir une ville mill\u00e9naire, d\u00e9clar\u00e9e patrimoine mondial de l&rsquo;UNESCO en 1993 et capitale europ\u00e9enne de la culture en 2019. Place Vittorio Veneto et Sasso Barisano Nous commencerons notre parcours depuis la place Vittorio Veneto, plus pr\u00e9cis\u00e9ment depuis le balcon Luigi Guerricchio, [&hellip;]<\/p>\n","protected":false},"featured_media":2761,"comment_status":"open","ping_status":"closed","template":"","meta":{"_acf_changed":false},"product_brand":[],"product_cat":[78],"product_tag":[],"class_list":{"0":"post-3373","1":"product","2":"type-product","3":"status-publish","4":"has-post-thumbnail","6":"product_cat-matera-et-la-lionne-des-pouilles","8":"first","9":"instock","10":"shipping-taxable","11":"product-type-simple"},"acf":[],"yoast_head":"<!-- This site is optimized with the Yoast SEO plugin v27.3 - https:\/\/yoast.com\/product\/yoast-seo-wordpress\/ -->\n<title>Immersion totale \u00e0 Matera avec Alessandra Di Mauro<\/title>\n<meta name=\"description\" content=\"D\u00e9couvrez Matera gr\u00e2ce \u00e0 une visite guid\u00e9e compl\u00e8te de 3 heures et 30 minutes avec Alessandra Di Mauro, arch\u00e9ologue et guide touristique agr\u00e9\u00e9e.\" \/>\n<meta name=\"robots\" content=\"index, follow, max-snippet:-1, max-image-preview:large, max-video-preview:-1\" \/>\n<link rel=\"canonical\" href=\"https:\/\/puglialovesmatera.com\/fr\/visita-guidata\/visite-guidee-de-matera-en-immersion-totale\/\" \/>\n<meta property=\"og:locale\" content=\"fr_FR\" \/>\n<meta property=\"og:type\" content=\"article\" \/>\n<meta property=\"og:title\" content=\"Immersion totale \u00e0 Matera avec Alessandra Di Mauro\" \/>\n<meta property=\"og:description\" content=\"D\u00e9couvrez Matera gr\u00e2ce \u00e0 une visite guid\u00e9e compl\u00e8te de 3 heures et 30 minutes avec Alessandra Di Mauro, arch\u00e9ologue et guide touristique agr\u00e9\u00e9e.\" \/>\n<meta property=\"og:url\" content=\"https:\/\/puglialovesmatera.com\/fr\/visita-guidata\/visite-guidee-de-matera-en-immersion-totale\/\" \/>\n<meta property=\"og:site_name\" content=\"Puglia Loves Matera\" \/>\n<meta property=\"og:image\" content=\"https:\/\/puglialovesmatera.com\/wp-content\/uploads\/2024\/07\/Visita-guidata-Visita-guidata-Matera-full-immersion.jpg\" \/>\n\t<meta property=\"og:image:width\" content=\"500\" \/>\n\t<meta property=\"og:image:height\" content=\"500\" \/>\n\t<meta property=\"og:image:type\" content=\"image\/jpeg\" \/>\n<meta name=\"twitter:card\" content=\"summary_large_image\" \/>\n<meta name=\"twitter:label1\" content=\"Dur\u00e9e de lecture estim\u00e9e\" \/>\n\t<meta name=\"twitter:data1\" content=\"3 minutes\" \/>\n<script type=\"application\/ld+json\" class=\"yoast-schema-graph\">{\"@context\":\"https:\\\/\\\/schema.org\",\"@graph\":[{\"@type\":\"WebPage\",\"@id\":\"https:\\\/\\\/puglialovesmatera.com\\\/fr\\\/visita-guidata\\\/visite-guidee-de-matera-en-immersion-totale\\\/\",\"url\":\"https:\\\/\\\/puglialovesmatera.com\\\/fr\\\/visita-guidata\\\/visite-guidee-de-matera-en-immersion-totale\\\/\",\"name\":\"Immersion totale \u00e0 Matera avec Alessandra Di Mauro\",\"isPartOf\":{\"@id\":\"https:\\\/\\\/puglialovesmatera.com\\\/fr\\\/#website\"},\"primaryImageOfPage\":{\"@id\":\"https:\\\/\\\/puglialovesmatera.com\\\/fr\\\/visita-guidata\\\/visite-guidee-de-matera-en-immersion-totale\\\/#primaryimage\"},\"image\":{\"@id\":\"https:\\\/\\\/puglialovesmatera.com\\\/fr\\\/visita-guidata\\\/visite-guidee-de-matera-en-immersion-totale\\\/#primaryimage\"},\"thumbnailUrl\":\"https:\\\/\\\/puglialovesmatera.com\\\/wp-content\\\/uploads\\\/2024\\\/07\\\/Visita-guidata-Visita-guidata-Matera-full-immersion.jpg\",\"datePublished\":\"2024-07-24T15:37:33+00:00\",\"description\":\"D\u00e9couvrez Matera gr\u00e2ce \u00e0 une visite guid\u00e9e compl\u00e8te de 3 heures et 30 minutes avec Alessandra Di Mauro, arch\u00e9ologue et guide touristique agr\u00e9\u00e9e.\",\"breadcrumb\":{\"@id\":\"https:\\\/\\\/puglialovesmatera.com\\\/fr\\\/visita-guidata\\\/visite-guidee-de-matera-en-immersion-totale\\\/#breadcrumb\"},\"inLanguage\":\"fr-FR\",\"potentialAction\":[{\"@type\":\"ReadAction\",\"target\":[\"https:\\\/\\\/puglialovesmatera.com\\\/fr\\\/visita-guidata\\\/visite-guidee-de-matera-en-immersion-totale\\\/\"]}]},{\"@type\":\"ImageObject\",\"inLanguage\":\"fr-FR\",\"@id\":\"https:\\\/\\\/puglialovesmatera.com\\\/fr\\\/visita-guidata\\\/visite-guidee-de-matera-en-immersion-totale\\\/#primaryimage\",\"url\":\"https:\\\/\\\/puglialovesmatera.com\\\/wp-content\\\/uploads\\\/2024\\\/07\\\/Visita-guidata-Visita-guidata-Matera-full-immersion.jpg\",\"contentUrl\":\"https:\\\/\\\/puglialovesmatera.com\\\/wp-content\\\/uploads\\\/2024\\\/07\\\/Visita-guidata-Visita-guidata-Matera-full-immersion.jpg\",\"width\":500,\"height\":500},{\"@type\":\"BreadcrumbList\",\"@id\":\"https:\\\/\\\/puglialovesmatera.com\\\/fr\\\/visita-guidata\\\/visite-guidee-de-matera-en-immersion-totale\\\/#breadcrumb\",\"itemListElement\":[{\"@type\":\"ListItem\",\"position\":1,\"name\":\"Home\",\"item\":\"https:\\\/\\\/puglialovesmatera.com\\\/fr\\\/accueil-puglia-aime-matera-visites-guidees\\\/\"},{\"@type\":\"ListItem\",\"position\":2,\"name\":\"Toutes les visites guid\u00e9es\",\"item\":\"https:\\\/\\\/puglialovesmatera.com\\\/fr\\\/visites-tout-guidees\\\/\"},{\"@type\":\"ListItem\",\"position\":3,\"name\":\"Visite guid\u00e9e de Matera en immersion totale\"}]},{\"@type\":\"WebSite\",\"@id\":\"https:\\\/\\\/puglialovesmatera.com\\\/fr\\\/#website\",\"url\":\"https:\\\/\\\/puglialovesmatera.com\\\/fr\\\/\",\"name\":\"Puglia Loves Matera\",\"description\":\"Ars Mediterranea Scario\",\"publisher\":{\"@id\":\"https:\\\/\\\/puglialovesmatera.com\\\/fr\\\/#organization\"},\"potentialAction\":[{\"@type\":\"SearchAction\",\"target\":{\"@type\":\"EntryPoint\",\"urlTemplate\":\"https:\\\/\\\/puglialovesmatera.com\\\/fr\\\/?s={search_term_string}\"},\"query-input\":{\"@type\":\"PropertyValueSpecification\",\"valueRequired\":true,\"valueName\":\"search_term_string\"}}],\"inLanguage\":\"fr-FR\"},{\"@type\":\"Organization\",\"@id\":\"https:\\\/\\\/puglialovesmatera.com\\\/fr\\\/#organization\",\"name\":\"Puglia Loves Matera\",\"url\":\"https:\\\/\\\/puglialovesmatera.com\\\/fr\\\/\",\"logo\":{\"@type\":\"ImageObject\",\"inLanguage\":\"fr-FR\",\"@id\":\"https:\\\/\\\/puglialovesmatera.com\\\/fr\\\/#\\\/schema\\\/logo\\\/image\\\/\",\"url\":\"https:\\\/\\\/puglialovesmatera.com\\\/wp-content\\\/uploads\\\/2024\\\/07\\\/Group-14.svg\",\"contentUrl\":\"https:\\\/\\\/puglialovesmatera.com\\\/wp-content\\\/uploads\\\/2024\\\/07\\\/Group-14.svg\",\"width\":371,\"height\":381,\"caption\":\"Puglia Loves Matera\"},\"image\":{\"@id\":\"https:\\\/\\\/puglialovesmatera.com\\\/fr\\\/#\\\/schema\\\/logo\\\/image\\\/\"}}]}<\/script>\n<!-- \/ Yoast SEO plugin. -->","yoast_head_json":{"title":"Immersion totale \u00e0 Matera avec Alessandra Di Mauro","description":"D\u00e9couvrez Matera gr\u00e2ce \u00e0 une visite guid\u00e9e compl\u00e8te de 3 heures et 30 minutes avec Alessandra Di Mauro, arch\u00e9ologue et guide touristique agr\u00e9\u00e9e.","robots":{"index":"index","follow":"follow","max-snippet":"max-snippet:-1","max-image-preview":"max-image-preview:large","max-video-preview":"max-video-preview:-1"},"canonical":"https:\/\/puglialovesmatera.com\/fr\/visita-guidata\/visite-guidee-de-matera-en-immersion-totale\/","og_locale":"fr_FR","og_type":"article","og_title":"Immersion totale \u00e0 Matera avec Alessandra Di Mauro","og_description":"D\u00e9couvrez Matera gr\u00e2ce \u00e0 une visite guid\u00e9e compl\u00e8te de 3 heures et 30 minutes avec Alessandra Di Mauro, arch\u00e9ologue et guide touristique agr\u00e9\u00e9e.","og_url":"https:\/\/puglialovesmatera.com\/fr\/visita-guidata\/visite-guidee-de-matera-en-immersion-totale\/","og_site_name":"Puglia Loves Matera","og_image":[{"width":500,"height":500,"url":"https:\/\/puglialovesmatera.com\/wp-content\/uploads\/2024\/07\/Visita-guidata-Visita-guidata-Matera-full-immersion.jpg","type":"image\/jpeg"}],"twitter_card":"summary_large_image","twitter_misc":{"Dur\u00e9e de lecture estim\u00e9e":"3 minutes"},"schema":{"@context":"https:\/\/schema.org","@graph":[{"@type":"WebPage","@id":"https:\/\/puglialovesmatera.com\/fr\/visita-guidata\/visite-guidee-de-matera-en-immersion-totale\/","url":"https:\/\/puglialovesmatera.com\/fr\/visita-guidata\/visite-guidee-de-matera-en-immersion-totale\/","name":"Immersion totale \u00e0 Matera avec Alessandra Di Mauro","isPartOf":{"@id":"https:\/\/puglialovesmatera.com\/fr\/#website"},"primaryImageOfPage":{"@id":"https:\/\/puglialovesmatera.com\/fr\/visita-guidata\/visite-guidee-de-matera-en-immersion-totale\/#primaryimage"},"image":{"@id":"https:\/\/puglialovesmatera.com\/fr\/visita-guidata\/visite-guidee-de-matera-en-immersion-totale\/#primaryimage"},"thumbnailUrl":"https:\/\/puglialovesmatera.com\/wp-content\/uploads\/2024\/07\/Visita-guidata-Visita-guidata-Matera-full-immersion.jpg","datePublished":"2024-07-24T15:37:33+00:00","description":"D\u00e9couvrez Matera gr\u00e2ce \u00e0 une visite guid\u00e9e compl\u00e8te de 3 heures et 30 minutes avec Alessandra Di Mauro, arch\u00e9ologue et guide touristique agr\u00e9\u00e9e.","breadcrumb":{"@id":"https:\/\/puglialovesmatera.com\/fr\/visita-guidata\/visite-guidee-de-matera-en-immersion-totale\/#breadcrumb"},"inLanguage":"fr-FR","potentialAction":[{"@type":"ReadAction","target":["https:\/\/puglialovesmatera.com\/fr\/visita-guidata\/visite-guidee-de-matera-en-immersion-totale\/"]}]},{"@type":"ImageObject","inLanguage":"fr-FR","@id":"https:\/\/puglialovesmatera.com\/fr\/visita-guidata\/visite-guidee-de-matera-en-immersion-totale\/#primaryimage","url":"https:\/\/puglialovesmatera.com\/wp-content\/uploads\/2024\/07\/Visita-guidata-Visita-guidata-Matera-full-immersion.jpg","contentUrl":"https:\/\/puglialovesmatera.com\/wp-content\/uploads\/2024\/07\/Visita-guidata-Visita-guidata-Matera-full-immersion.jpg","width":500,"height":500},{"@type":"BreadcrumbList","@id":"https:\/\/puglialovesmatera.com\/fr\/visita-guidata\/visite-guidee-de-matera-en-immersion-totale\/#breadcrumb","itemListElement":[{"@type":"ListItem","position":1,"name":"Home","item":"https:\/\/puglialovesmatera.com\/fr\/accueil-puglia-aime-matera-visites-guidees\/"},{"@type":"ListItem","position":2,"name":"Toutes les visites guid\u00e9es","item":"https:\/\/puglialovesmatera.com\/fr\/visites-tout-guidees\/"},{"@type":"ListItem","position":3,"name":"Visite guid\u00e9e de Matera en immersion totale"}]},{"@type":"WebSite","@id":"https:\/\/puglialovesmatera.com\/fr\/#website","url":"https:\/\/puglialovesmatera.com\/fr\/","name":"Puglia Loves Matera","description":"Ars Mediterranea Scario","publisher":{"@id":"https:\/\/puglialovesmatera.com\/fr\/#organization"},"potentialAction":[{"@type":"SearchAction","target":{"@type":"EntryPoint","urlTemplate":"https:\/\/puglialovesmatera.com\/fr\/?s={search_term_string}"},"query-input":{"@type":"PropertyValueSpecification","valueRequired":true,"valueName":"search_term_string"}}],"inLanguage":"fr-FR"},{"@type":"Organization","@id":"https:\/\/puglialovesmatera.com\/fr\/#organization","name":"Puglia Loves Matera","url":"https:\/\/puglialovesmatera.com\/fr\/","logo":{"@type":"ImageObject","inLanguage":"fr-FR","@id":"https:\/\/puglialovesmatera.com\/fr\/#\/schema\/logo\/image\/","url":"https:\/\/puglialovesmatera.com\/wp-content\/uploads\/2024\/07\/Group-14.svg","contentUrl":"https:\/\/puglialovesmatera.com\/wp-content\/uploads\/2024\/07\/Group-14.svg","width":371,"height":381,"caption":"Puglia Loves Matera"},"image":{"@id":"https:\/\/puglialovesmatera.com\/fr\/#\/schema\/logo\/image\/"}}]}},"_links":{"self":[{"href":"https:\/\/puglialovesmatera.com\/fr\/wp-json\/wp\/v2\/product\/3373","targetHints":{"allow":["GET"]}}],"collection":[{"href":"https:\/\/puglialovesmatera.com\/fr\/wp-json\/wp\/v2\/product"}],"about":[{"href":"https:\/\/puglialovesmatera.com\/fr\/wp-json\/wp\/v2\/types\/product"}],"replies":[{"embeddable":true,"href":"https:\/\/puglialovesmatera.com\/fr\/wp-json\/wp\/v2\/comments?post=3373"}],"wp:featuredmedia":[{"embeddable":true,"href":"https:\/\/puglialovesmatera.com\/fr\/wp-json\/wp\/v2\/media\/2761"}],"wp:attachment":[{"href":"https:\/\/puglialovesmatera.com\/fr\/wp-json\/wp\/v2\/media?parent=3373"}],"wp:term":[{"taxonomy":"product_brand","embeddable":true,"href":"https:\/\/puglialovesmatera.com\/fr\/wp-json\/wp\/v2\/product_brand?post=3373"},{"taxonomy":"product_cat","embeddable":true,"href":"https:\/\/puglialovesmatera.com\/fr\/wp-json\/wp\/v2\/product_cat?post=3373"},{"taxonomy":"product_tag","embeddable":true,"href":"https:\/\/puglialovesmatera.com\/fr\/wp-json\/wp\/v2\/product_tag?post=3373"}],"curies":[{"name":"wp","href":"https:\/\/api.w.org\/{rel}","templated":true}]}}