{"id":3376,"date":"2024-07-24T15:35:17","date_gmt":"2024-07-24T15:35:17","guid":{"rendered":"https:\/\/puglialovesmatera.com\/visita-guidata\/visite-guidee-de-otrante\/"},"modified":"2024-07-24T15:35:17","modified_gmt":"2024-07-24T15:35:17","slug":"visite-guidee-de-otrante","status":"publish","type":"product","link":"https:\/\/puglialovesmatera.com\/fr\/visita-guidata\/visite-guidee-de-otrante\/","title":{"rendered":"Visite guid\u00e9e de Otrante"},"content":{"rendered":"<h3>D\u00e9but de la visite<\/h3>\n<p>  Mes visites guid\u00e9es d&rsquo;Otrante vous emm\u00e8neront \u00e0 la d\u00e9couverte de son centre historique fortifi\u00e9, o\u00f9 vous d\u00e9couvrirez un triste chapitre de son histoire : la conqu\u00eate par les Turcs en 1480 et le culte des 814 martyrs qui s&rsquo;ensuivit.  <\/p>\n<h3>Vieille ville et cath\u00e9drale de Santa Maria Annunziata<\/h3>\n<p>  Nous commencerons notre parcours par la Via del Porto, d&rsquo;o\u00f9 nous entrerons dans le c\u0153ur d&rsquo;Otrante.<br \/>\nEn arrivant sur la Piazza Basilica, nous nous trouverons devant la cath\u00e9drale de Santa Maria Annunziata, une structure nette et lin\u00e9aire, loin des ornements du baroque salentin.<br \/>\nLa cath\u00e9drale date de la seconde moiti\u00e9 de l&rsquo;an 1000 et a \u00e9t\u00e9 construite sur les vestiges d&rsquo;anciens villages messapiens, romains et pal\u00e9ochr\u00e9tiens.<br \/>\nElle a subi de nombreux assauts et a \u00e9t\u00e9 d\u00e9truite et reconstruite \u00e0 plusieurs reprises.<br \/>\n\u00c0 l&rsquo;int\u00e9rieur de la cath\u00e9drale, nous admirons la plus grande et la plus spectaculaire mosa\u00efque d&rsquo;Europe, datant du XIIe si\u00e8cle.<br \/>\nCe chef-d&rsquo;\u0153uvre, cr\u00e9\u00e9 par le moine Pantaleon et achev\u00e9 en 1164, repr\u00e9sente l&rsquo;arbre de vie et des sc\u00e8nes de l&rsquo;Ancien Testament, racontant le voyage de l&rsquo;homme pour se lib\u00e9rer du p\u00e9ch\u00e9 et rechercher le salut \u00e9ternel.       <\/p>\n<h3>Ch\u00e2teau d&rsquo;Otrante et \u00e9glise de San Pietro<\/h3>\n<p>  La visite guid\u00e9e se poursuivra jusqu&rsquo;au ch\u00e2teau d&rsquo;Otrante, o\u00f9 vous pourrez admirer l&rsquo;architecture ext\u00e9rieure de cette impressionnante structure.<br \/>\nLe ch\u00e2teau a jou\u00e9 un r\u00f4le crucial dans la d\u00e9fense de la ville et constitue un exemple remarquable d&rsquo;architecture militaire.<br \/>\nNous terminerons notre visite par l&rsquo;\u00e9glise de San Pietro, un petit tr\u00e9sor d&rsquo;art byzantin situ\u00e9 au c\u0153ur du centre historique.<br \/>\nCette \u00e9glise, avec ses fresques et son architecture, offre une exp\u00e9rience intime de la spiritualit\u00e9 et de l&rsquo;art d&rsquo;Otrante.     <\/p>\n<h3><strong>Informations compl\u00e9mentaires<\/strong><\/h3>\n<p>  Mes visites guid\u00e9es d&rsquo;Otrante sont une occasion unique pour tous ceux qui veulent en savoir plus sur l&rsquo;histoire, la culture et l&rsquo;art de cette ville fascinante.<br \/>\nGr\u00e2ce \u00e0 ma formation continue et \u00e0 ma passion pour l&rsquo;histoire, je serai en mesure de vous faire participer \u00e0 un r\u00e9cit captivant et plein de d\u00e9tails, faisant de chaque visite une exp\u00e9rience unique.<br \/>\nL&rsquo;accent mis sur la personnalisation des visites me permet d&rsquo;adapter l&rsquo;itin\u00e9raire et les explications aux int\u00e9r\u00eats sp\u00e9cifiques des visiteurs, garantissant ainsi une exp\u00e9rience sur mesure et de grande qualit\u00e9.<br \/>\nMa ponctualit\u00e9 et ma fiabilit\u00e9 garantissent un service professionnel et impeccable.<br \/>\nNe manquez pas l&rsquo;occasion de faire un voyage dans le temps parmi les tr\u00e9sors d&rsquo;Otrante, o\u00f9 chaque recoin raconte une histoire et o\u00f9 chaque mosa\u00efque est une \u0153uvre d&rsquo;art.<br \/>\nPour plus d&rsquo;informations et de r\u00e9servations, contactez-moi pour convenir du prix de la visite guid\u00e9e.<br \/>\nJe serai heureuse de vous accompagner dans cette extraordinaire aventure culturelle et historique.      <\/p>\n","protected":false},"excerpt":{"rendered":"<p>Visites guid\u00e9es Otrante, la ville la plus orientale d&rsquo;Italie, est c\u00e9l\u00e8bre pour sa mosa\u00efque au sol dans la cath\u00e9drale de Santa Maria Annunziata, consid\u00e9r\u00e9e comme la plus grande d&rsquo;Europe.<br \/>\nLa visite guid\u00e9e vous conduira \u00e0 travers les rues \u00e9troites du centre historique, le ch\u00e2teau aragonais et la cath\u00e9drale.<br \/>\nVous d\u00e9couvrirez l&rsquo;histoire des martyrs d&rsquo;Otrante et admirerez la magnifique mosa\u00efque du XIIe si\u00e8cle qui raconte des histoires et des l\u00e9gendes bibliques.  <\/p>\n","protected":false},"featured_media":2716,"comment_status":"open","ping_status":"closed","template":"","meta":{"_acf_changed":false},"product_brand":[],"product_cat":[81],"product_tag":[],"class_list":{"0":"post-3376","1":"product","2":"type-product","3":"status-publish","4":"has-post-thumbnail","6":"product_cat-lecce-et-le-salento","8":"first","9":"instock","10":"shipping-taxable","11":"product-type-simple"},"acf":[],"yoast_head":"<!-- This site is optimized with the Yoast SEO plugin v27.3 - https:\/\/yoast.com\/product\/yoast-seo-wordpress\/ -->\n<title>Visite guid\u00e9e d&#039;Otrante avec Alessandra Di Mauro<\/title>\n<meta name=\"description\" content=\"Explorez Otranto et son centre historique avec Alessandra Di Mauro, arch\u00e9ologue et guide touristique agr\u00e9\u00e9e. D\u00e9couvrez l&#039;histoire des martyrs d&#039;Otrante et l&#039;art byzantin. Visites personnalis\u00e9es avec une guide exp\u00e9riment\u00e9e et passionn\u00e9e.\" \/>\n<meta name=\"robots\" content=\"index, follow, max-snippet:-1, max-image-preview:large, max-video-preview:-1\" \/>\n<link rel=\"canonical\" href=\"https:\/\/puglialovesmatera.com\/fr\/visita-guidata\/visite-guidee-de-otrante\/\" \/>\n<meta property=\"og:locale\" content=\"fr_FR\" \/>\n<meta property=\"og:type\" content=\"article\" \/>\n<meta property=\"og:title\" content=\"Visite guid\u00e9e d&#039;Otrante avec Alessandra Di Mauro\" \/>\n<meta property=\"og:description\" content=\"Explorez Otranto et son centre historique avec Alessandra Di Mauro, arch\u00e9ologue et guide touristique agr\u00e9\u00e9e. D\u00e9couvrez l&#039;histoire des martyrs d&#039;Otrante et l&#039;art byzantin. Visites personnalis\u00e9es avec une guide exp\u00e9riment\u00e9e et passionn\u00e9e.\" \/>\n<meta property=\"og:url\" content=\"https:\/\/puglialovesmatera.com\/fr\/visita-guidata\/visite-guidee-de-otrante\/\" \/>\n<meta property=\"og:site_name\" content=\"Puglia Loves Matera\" \/>\n<meta property=\"og:image\" content=\"https:\/\/puglialovesmatera.com\/wp-content\/uploads\/2024\/07\/Visite-Guidate-Otranto.jpg\" \/>\n\t<meta property=\"og:image:width\" content=\"500\" \/>\n\t<meta property=\"og:image:height\" content=\"500\" \/>\n\t<meta property=\"og:image:type\" content=\"image\/jpeg\" \/>\n<meta name=\"twitter:card\" content=\"summary_large_image\" \/>\n<meta name=\"twitter:label1\" content=\"Dur\u00e9e de lecture estim\u00e9e\" \/>\n\t<meta name=\"twitter:data1\" content=\"2 minutes\" \/>\n<script type=\"application\/ld+json\" class=\"yoast-schema-graph\">{\"@context\":\"https:\\\/\\\/schema.org\",\"@graph\":[{\"@type\":\"WebPage\",\"@id\":\"https:\\\/\\\/puglialovesmatera.com\\\/fr\\\/visita-guidata\\\/visite-guidee-de-otrante\\\/\",\"url\":\"https:\\\/\\\/puglialovesmatera.com\\\/fr\\\/visita-guidata\\\/visite-guidee-de-otrante\\\/\",\"name\":\"Visite guid\u00e9e d'Otrante avec Alessandra Di Mauro\",\"isPartOf\":{\"@id\":\"https:\\\/\\\/puglialovesmatera.com\\\/fr\\\/#website\"},\"primaryImageOfPage\":{\"@id\":\"https:\\\/\\\/puglialovesmatera.com\\\/fr\\\/visita-guidata\\\/visite-guidee-de-otrante\\\/#primaryimage\"},\"image\":{\"@id\":\"https:\\\/\\\/puglialovesmatera.com\\\/fr\\\/visita-guidata\\\/visite-guidee-de-otrante\\\/#primaryimage\"},\"thumbnailUrl\":\"https:\\\/\\\/puglialovesmatera.com\\\/wp-content\\\/uploads\\\/2024\\\/07\\\/Visite-Guidate-Otranto.jpg\",\"datePublished\":\"2024-07-24T15:35:17+00:00\",\"description\":\"Explorez Otranto et son centre historique avec Alessandra Di Mauro, arch\u00e9ologue et guide touristique agr\u00e9\u00e9e. D\u00e9couvrez l'histoire des martyrs d'Otrante et l'art byzantin. Visites personnalis\u00e9es avec une guide exp\u00e9riment\u00e9e et passionn\u00e9e.\",\"breadcrumb\":{\"@id\":\"https:\\\/\\\/puglialovesmatera.com\\\/fr\\\/visita-guidata\\\/visite-guidee-de-otrante\\\/#breadcrumb\"},\"inLanguage\":\"fr-FR\",\"potentialAction\":[{\"@type\":\"ReadAction\",\"target\":[\"https:\\\/\\\/puglialovesmatera.com\\\/fr\\\/visita-guidata\\\/visite-guidee-de-otrante\\\/\"]}]},{\"@type\":\"ImageObject\",\"inLanguage\":\"fr-FR\",\"@id\":\"https:\\\/\\\/puglialovesmatera.com\\\/fr\\\/visita-guidata\\\/visite-guidee-de-otrante\\\/#primaryimage\",\"url\":\"https:\\\/\\\/puglialovesmatera.com\\\/wp-content\\\/uploads\\\/2024\\\/07\\\/Visite-Guidate-Otranto.jpg\",\"contentUrl\":\"https:\\\/\\\/puglialovesmatera.com\\\/wp-content\\\/uploads\\\/2024\\\/07\\\/Visite-Guidate-Otranto.jpg\",\"width\":500,\"height\":500},{\"@type\":\"BreadcrumbList\",\"@id\":\"https:\\\/\\\/puglialovesmatera.com\\\/fr\\\/visita-guidata\\\/visite-guidee-de-otrante\\\/#breadcrumb\",\"itemListElement\":[{\"@type\":\"ListItem\",\"position\":1,\"name\":\"Home\",\"item\":\"https:\\\/\\\/puglialovesmatera.com\\\/fr\\\/accueil-puglia-aime-matera-visites-guidees\\\/\"},{\"@type\":\"ListItem\",\"position\":2,\"name\":\"Toutes les visites guid\u00e9es\",\"item\":\"https:\\\/\\\/puglialovesmatera.com\\\/fr\\\/visites-tout-guidees\\\/\"},{\"@type\":\"ListItem\",\"position\":3,\"name\":\"Visite guid\u00e9e de Otrante\"}]},{\"@type\":\"WebSite\",\"@id\":\"https:\\\/\\\/puglialovesmatera.com\\\/fr\\\/#website\",\"url\":\"https:\\\/\\\/puglialovesmatera.com\\\/fr\\\/\",\"name\":\"Puglia Loves Matera\",\"description\":\"Ars Mediterranea Scario\",\"publisher\":{\"@id\":\"https:\\\/\\\/puglialovesmatera.com\\\/fr\\\/#organization\"},\"potentialAction\":[{\"@type\":\"SearchAction\",\"target\":{\"@type\":\"EntryPoint\",\"urlTemplate\":\"https:\\\/\\\/puglialovesmatera.com\\\/fr\\\/?s={search_term_string}\"},\"query-input\":{\"@type\":\"PropertyValueSpecification\",\"valueRequired\":true,\"valueName\":\"search_term_string\"}}],\"inLanguage\":\"fr-FR\"},{\"@type\":\"Organization\",\"@id\":\"https:\\\/\\\/puglialovesmatera.com\\\/fr\\\/#organization\",\"name\":\"Puglia Loves Matera\",\"url\":\"https:\\\/\\\/puglialovesmatera.com\\\/fr\\\/\",\"logo\":{\"@type\":\"ImageObject\",\"inLanguage\":\"fr-FR\",\"@id\":\"https:\\\/\\\/puglialovesmatera.com\\\/fr\\\/#\\\/schema\\\/logo\\\/image\\\/\",\"url\":\"https:\\\/\\\/puglialovesmatera.com\\\/wp-content\\\/uploads\\\/2024\\\/07\\\/Group-14.svg\",\"contentUrl\":\"https:\\\/\\\/puglialovesmatera.com\\\/wp-content\\\/uploads\\\/2024\\\/07\\\/Group-14.svg\",\"width\":371,\"height\":381,\"caption\":\"Puglia Loves Matera\"},\"image\":{\"@id\":\"https:\\\/\\\/puglialovesmatera.com\\\/fr\\\/#\\\/schema\\\/logo\\\/image\\\/\"}}]}<\/script>\n<!-- \/ Yoast SEO plugin. -->","yoast_head_json":{"title":"Visite guid\u00e9e d'Otrante avec Alessandra Di Mauro","description":"Explorez Otranto et son centre historique avec Alessandra Di Mauro, arch\u00e9ologue et guide touristique agr\u00e9\u00e9e. D\u00e9couvrez l'histoire des martyrs d'Otrante et l'art byzantin. Visites personnalis\u00e9es avec une guide exp\u00e9riment\u00e9e et passionn\u00e9e.","robots":{"index":"index","follow":"follow","max-snippet":"max-snippet:-1","max-image-preview":"max-image-preview:large","max-video-preview":"max-video-preview:-1"},"canonical":"https:\/\/puglialovesmatera.com\/fr\/visita-guidata\/visite-guidee-de-otrante\/","og_locale":"fr_FR","og_type":"article","og_title":"Visite guid\u00e9e d'Otrante avec Alessandra Di Mauro","og_description":"Explorez Otranto et son centre historique avec Alessandra Di Mauro, arch\u00e9ologue et guide touristique agr\u00e9\u00e9e. D\u00e9couvrez l'histoire des martyrs d'Otrante et l'art byzantin. Visites personnalis\u00e9es avec une guide exp\u00e9riment\u00e9e et passionn\u00e9e.","og_url":"https:\/\/puglialovesmatera.com\/fr\/visita-guidata\/visite-guidee-de-otrante\/","og_site_name":"Puglia Loves Matera","og_image":[{"width":500,"height":500,"url":"https:\/\/puglialovesmatera.com\/wp-content\/uploads\/2024\/07\/Visite-Guidate-Otranto.jpg","type":"image\/jpeg"}],"twitter_card":"summary_large_image","twitter_misc":{"Dur\u00e9e de lecture estim\u00e9e":"2 minutes"},"schema":{"@context":"https:\/\/schema.org","@graph":[{"@type":"WebPage","@id":"https:\/\/puglialovesmatera.com\/fr\/visita-guidata\/visite-guidee-de-otrante\/","url":"https:\/\/puglialovesmatera.com\/fr\/visita-guidata\/visite-guidee-de-otrante\/","name":"Visite guid\u00e9e d'Otrante avec Alessandra Di Mauro","isPartOf":{"@id":"https:\/\/puglialovesmatera.com\/fr\/#website"},"primaryImageOfPage":{"@id":"https:\/\/puglialovesmatera.com\/fr\/visita-guidata\/visite-guidee-de-otrante\/#primaryimage"},"image":{"@id":"https:\/\/puglialovesmatera.com\/fr\/visita-guidata\/visite-guidee-de-otrante\/#primaryimage"},"thumbnailUrl":"https:\/\/puglialovesmatera.com\/wp-content\/uploads\/2024\/07\/Visite-Guidate-Otranto.jpg","datePublished":"2024-07-24T15:35:17+00:00","description":"Explorez Otranto et son centre historique avec Alessandra Di Mauro, arch\u00e9ologue et guide touristique agr\u00e9\u00e9e. D\u00e9couvrez l'histoire des martyrs d'Otrante et l'art byzantin. Visites personnalis\u00e9es avec une guide exp\u00e9riment\u00e9e et passionn\u00e9e.","breadcrumb":{"@id":"https:\/\/puglialovesmatera.com\/fr\/visita-guidata\/visite-guidee-de-otrante\/#breadcrumb"},"inLanguage":"fr-FR","potentialAction":[{"@type":"ReadAction","target":["https:\/\/puglialovesmatera.com\/fr\/visita-guidata\/visite-guidee-de-otrante\/"]}]},{"@type":"ImageObject","inLanguage":"fr-FR","@id":"https:\/\/puglialovesmatera.com\/fr\/visita-guidata\/visite-guidee-de-otrante\/#primaryimage","url":"https:\/\/puglialovesmatera.com\/wp-content\/uploads\/2024\/07\/Visite-Guidate-Otranto.jpg","contentUrl":"https:\/\/puglialovesmatera.com\/wp-content\/uploads\/2024\/07\/Visite-Guidate-Otranto.jpg","width":500,"height":500},{"@type":"BreadcrumbList","@id":"https:\/\/puglialovesmatera.com\/fr\/visita-guidata\/visite-guidee-de-otrante\/#breadcrumb","itemListElement":[{"@type":"ListItem","position":1,"name":"Home","item":"https:\/\/puglialovesmatera.com\/fr\/accueil-puglia-aime-matera-visites-guidees\/"},{"@type":"ListItem","position":2,"name":"Toutes les visites guid\u00e9es","item":"https:\/\/puglialovesmatera.com\/fr\/visites-tout-guidees\/"},{"@type":"ListItem","position":3,"name":"Visite guid\u00e9e de Otrante"}]},{"@type":"WebSite","@id":"https:\/\/puglialovesmatera.com\/fr\/#website","url":"https:\/\/puglialovesmatera.com\/fr\/","name":"Puglia Loves Matera","description":"Ars Mediterranea Scario","publisher":{"@id":"https:\/\/puglialovesmatera.com\/fr\/#organization"},"potentialAction":[{"@type":"SearchAction","target":{"@type":"EntryPoint","urlTemplate":"https:\/\/puglialovesmatera.com\/fr\/?s={search_term_string}"},"query-input":{"@type":"PropertyValueSpecification","valueRequired":true,"valueName":"search_term_string"}}],"inLanguage":"fr-FR"},{"@type":"Organization","@id":"https:\/\/puglialovesmatera.com\/fr\/#organization","name":"Puglia Loves Matera","url":"https:\/\/puglialovesmatera.com\/fr\/","logo":{"@type":"ImageObject","inLanguage":"fr-FR","@id":"https:\/\/puglialovesmatera.com\/fr\/#\/schema\/logo\/image\/","url":"https:\/\/puglialovesmatera.com\/wp-content\/uploads\/2024\/07\/Group-14.svg","contentUrl":"https:\/\/puglialovesmatera.com\/wp-content\/uploads\/2024\/07\/Group-14.svg","width":371,"height":381,"caption":"Puglia Loves Matera"},"image":{"@id":"https:\/\/puglialovesmatera.com\/fr\/#\/schema\/logo\/image\/"}}]}},"_links":{"self":[{"href":"https:\/\/puglialovesmatera.com\/fr\/wp-json\/wp\/v2\/product\/3376","targetHints":{"allow":["GET"]}}],"collection":[{"href":"https:\/\/puglialovesmatera.com\/fr\/wp-json\/wp\/v2\/product"}],"about":[{"href":"https:\/\/puglialovesmatera.com\/fr\/wp-json\/wp\/v2\/types\/product"}],"replies":[{"embeddable":true,"href":"https:\/\/puglialovesmatera.com\/fr\/wp-json\/wp\/v2\/comments?post=3376"}],"wp:featuredmedia":[{"embeddable":true,"href":"https:\/\/puglialovesmatera.com\/fr\/wp-json\/wp\/v2\/media\/2716"}],"wp:attachment":[{"href":"https:\/\/puglialovesmatera.com\/fr\/wp-json\/wp\/v2\/media?parent=3376"}],"wp:term":[{"taxonomy":"product_brand","embeddable":true,"href":"https:\/\/puglialovesmatera.com\/fr\/wp-json\/wp\/v2\/product_brand?post=3376"},{"taxonomy":"product_cat","embeddable":true,"href":"https:\/\/puglialovesmatera.com\/fr\/wp-json\/wp\/v2\/product_cat?post=3376"},{"taxonomy":"product_tag","embeddable":true,"href":"https:\/\/puglialovesmatera.com\/fr\/wp-json\/wp\/v2\/product_tag?post=3376"}],"curies":[{"name":"wp","href":"https:\/\/api.w.org\/{rel}","templated":true}]}}