{"id":3382,"date":"2024-07-24T15:34:58","date_gmt":"2024-07-24T15:34:58","guid":{"rendered":"https:\/\/puglialovesmatera.com\/visita-guidata\/visite-guidee-galatina\/"},"modified":"2024-07-24T15:34:58","modified_gmt":"2024-07-24T15:34:58","slug":"visite-guidee-galatina","status":"publish","type":"product","link":"https:\/\/puglialovesmatera.com\/fr\/visita-guidata\/visite-guidee-galatina\/","title":{"rendered":"Visite guid\u00e9e Galatina"},"content":{"rendered":"<h3>D\u00e9but de la visite<\/h3>\n<p>  Mes visites guid\u00e9es de Galatina vous emm\u00e8neront \u00e0 la d\u00e9couverte d&rsquo;une ville byzantine influenc\u00e9e par la pr\u00e9sence grecque, c\u00e9l\u00e8bre pour l&rsquo;architecture de ses palais aristocratiques et l&rsquo;atmosph\u00e8re calme et sereine typique des petites villes du Salento.  <\/p>\n<h3>La place Saint-Pierre et l&rsquo;\u00e9glise des Saints Pierre et Paul<\/h3>\n<p>  Nous commencerons notre itin\u00e9raire par la Piazza San Pietro, devant l&rsquo;\u00e9glise des Saints Pierre et Paul.<br \/>\nCette place repr\u00e9sente le c\u0153ur de la ville et sera notre point de d\u00e9part pour d\u00e9couvrir la beaut\u00e9 de Galatina.   <\/p>\n<h3>Basilique Sainte-Catherine d&rsquo;Alexandrie<\/h3>\n<p>  Nous continuons vers la basilique Sainte-Catherine d&rsquo;Alexandrie, construite au XIVe si\u00e8cle par la famille Orsini.<br \/>\nCe splendide exemple d&rsquo;architecture romane tardive est enti\u00e8rement d\u00e9cor\u00e9 de fresques \u00e0 l&rsquo;int\u00e9rieur, offrant une vue \u00e9poustouflante sur l&rsquo;art et l&rsquo;histoire.<br \/>\nJe vous parlerai de l&rsquo;histoire de la basilique et de la famille Orsini, qui a jou\u00e9 un r\u00f4le cl\u00e9 dans sa construction.    <\/p>\n<h3>Les palais nobles<\/h3>\n<p>  La visite se poursuivra en admirant les ext\u00e9rieurs des palais nobles qui pars\u00e8ment le centre historique de Galatina.<br \/>\nCes b\u00e2timents repr\u00e9sentent la richesse et l&rsquo;\u00e9l\u00e9gance de l&rsquo;architecture locale et t\u00e9moignent du pass\u00e9 glorieux de la ville.   <\/p>\n<h3>Origine du Pasticciotto Leccese<\/h3>\n<p>  Au cours de la visite, je vous parlerai de l&rsquo;histoire de Galatina et du pasticciotto leccese, un g\u00e2teau typique du Salento qui trouve ses origines ici.<br \/>\nNous d\u00e9couvrirons ensemble comment cet embl\u00e8me culinaire est devenu un symbole de la tradition gastronomique locale.   <\/p>\n<h3><strong>Informations compl\u00e9mentaires<\/strong><\/h3>\n<p>  Mes visites guid\u00e9es de Galatina constituent une occasion unique pour tous ceux qui souhaitent en savoir plus sur l&rsquo;histoire, la culture et l&rsquo;architecture de cette ville fascinante.<br \/>\nGr\u00e2ce \u00e0 ma formation continue et \u00e0 ma passion pour l&rsquo;histoire, je serai en mesure de vous faire participer \u00e0 un r\u00e9cit captivant et plein de d\u00e9tails, faisant de chaque visite une exp\u00e9rience unique.<br \/>\nL&rsquo;accent mis sur la personnalisation des visites me permet d&rsquo;adapter l&rsquo;itin\u00e9raire et les explications aux int\u00e9r\u00eats sp\u00e9cifiques des visiteurs, garantissant ainsi une exp\u00e9rience sur mesure et de grande qualit\u00e9.<br \/>\nMa ponctualit\u00e9 et ma fiabilit\u00e9 garantissent un service professionnel et impeccable.<br \/>\nNe manquez pas l&rsquo;occasion de faire un voyage dans le temps parmi les tr\u00e9sors de Galatina, o\u00f9 chaque coin de rue raconte une histoire et o\u00f9 chaque fresque de la basilique est une \u0153uvre d&rsquo;art.<br \/>\nPour plus d&rsquo;informations et de r\u00e9servations, contactez-moi pour convenir du prix de la visite guid\u00e9e.<br \/>\nJe serai heureuse de vous accompagner dans cette extraordinaire aventure culturelle et historique.      <\/p>\n","protected":false},"excerpt":{"rendered":"<p>Visites guid\u00e9es Galatina, une ville riche en histoire et en art, dont le joyau est la basilique Sainte-Catherine d&rsquo;Alexandrie.<br \/>\nCette \u00e9glise, construite au XIVe si\u00e8cle, est c\u00e9l\u00e8bre pour ses fresques m\u00e9di\u00e9vales qui ornent les murs et les vo\u00fbtes.<br \/>\nLa visite guid\u00e9e comprendra \u00e9galement une promenade dans le centre historique, o\u00f9 vous pourrez admirer des palais nobles et d\u00e9couvrir les origines du c\u00e9l\u00e8bre g\u00e2teau local, le \u00ab\u00a0pasticciotto leccese\u00a0\u00bb.  <\/p>\n","protected":false},"featured_media":2728,"comment_status":"open","ping_status":"closed","template":"","meta":{"_acf_changed":false},"product_brand":[],"product_cat":[81],"product_tag":[],"class_list":{"0":"post-3382","1":"product","2":"type-product","3":"status-publish","4":"has-post-thumbnail","6":"product_cat-lecce-et-le-salento","8":"first","9":"instock","10":"shipping-taxable","11":"product-type-simple"},"acf":[],"yoast_head":"<!-- This site is optimized with the Yoast SEO plugin v27.3 - https:\/\/yoast.com\/product\/yoast-seo-wordpress\/ -->\n<title>Visite guid\u00e9e de Galatina d&#039;Alessandria avec Alessandra Di Mauro<\/title>\n<meta name=\"description\" content=\"Explorez Galatina et la basilique Sainte-Catherine d&#039;Alexandrie avec Alessandra Di Mauro, arch\u00e9ologue et guide touristique agr\u00e9\u00e9e. Visites personnalis\u00e9es avec un guide expert et passionn\u00e9.\" \/>\n<meta name=\"robots\" content=\"index, follow, max-snippet:-1, max-image-preview:large, max-video-preview:-1\" \/>\n<link rel=\"canonical\" href=\"https:\/\/puglialovesmatera.com\/fr\/visita-guidata\/visite-guidee-galatina\/\" \/>\n<meta property=\"og:locale\" content=\"fr_FR\" \/>\n<meta property=\"og:type\" content=\"article\" \/>\n<meta property=\"og:title\" content=\"Visite guid\u00e9e de Galatina d&#039;Alessandria avec Alessandra Di Mauro\" \/>\n<meta property=\"og:description\" content=\"Explorez Galatina et la basilique Sainte-Catherine d&#039;Alexandrie avec Alessandra Di Mauro, arch\u00e9ologue et guide touristique agr\u00e9\u00e9e. Visites personnalis\u00e9es avec un guide expert et passionn\u00e9.\" \/>\n<meta property=\"og:url\" content=\"https:\/\/puglialovesmatera.com\/fr\/visita-guidata\/visite-guidee-galatina\/\" \/>\n<meta property=\"og:site_name\" content=\"Puglia Loves Matera\" \/>\n<meta property=\"og:image\" content=\"https:\/\/puglialovesmatera.com\/wp-content\/uploads\/2024\/07\/Visita-guidata-Galatina.jpg\" \/>\n\t<meta property=\"og:image:width\" content=\"500\" \/>\n\t<meta property=\"og:image:height\" content=\"500\" \/>\n\t<meta property=\"og:image:type\" content=\"image\/jpeg\" \/>\n<meta name=\"twitter:card\" content=\"summary_large_image\" \/>\n<meta name=\"twitter:label1\" content=\"Dur\u00e9e de lecture estim\u00e9e\" \/>\n\t<meta name=\"twitter:data1\" content=\"2 minutes\" \/>\n<script type=\"application\/ld+json\" class=\"yoast-schema-graph\">{\"@context\":\"https:\\\/\\\/schema.org\",\"@graph\":[{\"@type\":\"WebPage\",\"@id\":\"https:\\\/\\\/puglialovesmatera.com\\\/fr\\\/visita-guidata\\\/visite-guidee-galatina\\\/\",\"url\":\"https:\\\/\\\/puglialovesmatera.com\\\/fr\\\/visita-guidata\\\/visite-guidee-galatina\\\/\",\"name\":\"Visite guid\u00e9e de Galatina d'Alessandria avec Alessandra Di Mauro\",\"isPartOf\":{\"@id\":\"https:\\\/\\\/puglialovesmatera.com\\\/fr\\\/#website\"},\"primaryImageOfPage\":{\"@id\":\"https:\\\/\\\/puglialovesmatera.com\\\/fr\\\/visita-guidata\\\/visite-guidee-galatina\\\/#primaryimage\"},\"image\":{\"@id\":\"https:\\\/\\\/puglialovesmatera.com\\\/fr\\\/visita-guidata\\\/visite-guidee-galatina\\\/#primaryimage\"},\"thumbnailUrl\":\"https:\\\/\\\/puglialovesmatera.com\\\/wp-content\\\/uploads\\\/2024\\\/07\\\/Visita-guidata-Galatina.jpg\",\"datePublished\":\"2024-07-24T15:34:58+00:00\",\"description\":\"Explorez Galatina et la basilique Sainte-Catherine d'Alexandrie avec Alessandra Di Mauro, arch\u00e9ologue et guide touristique agr\u00e9\u00e9e. Visites personnalis\u00e9es avec un guide expert et passionn\u00e9.\",\"breadcrumb\":{\"@id\":\"https:\\\/\\\/puglialovesmatera.com\\\/fr\\\/visita-guidata\\\/visite-guidee-galatina\\\/#breadcrumb\"},\"inLanguage\":\"fr-FR\",\"potentialAction\":[{\"@type\":\"ReadAction\",\"target\":[\"https:\\\/\\\/puglialovesmatera.com\\\/fr\\\/visita-guidata\\\/visite-guidee-galatina\\\/\"]}]},{\"@type\":\"ImageObject\",\"inLanguage\":\"fr-FR\",\"@id\":\"https:\\\/\\\/puglialovesmatera.com\\\/fr\\\/visita-guidata\\\/visite-guidee-galatina\\\/#primaryimage\",\"url\":\"https:\\\/\\\/puglialovesmatera.com\\\/wp-content\\\/uploads\\\/2024\\\/07\\\/Visita-guidata-Galatina.jpg\",\"contentUrl\":\"https:\\\/\\\/puglialovesmatera.com\\\/wp-content\\\/uploads\\\/2024\\\/07\\\/Visita-guidata-Galatina.jpg\",\"width\":500,\"height\":500},{\"@type\":\"BreadcrumbList\",\"@id\":\"https:\\\/\\\/puglialovesmatera.com\\\/fr\\\/visita-guidata\\\/visite-guidee-galatina\\\/#breadcrumb\",\"itemListElement\":[{\"@type\":\"ListItem\",\"position\":1,\"name\":\"Home\",\"item\":\"https:\\\/\\\/puglialovesmatera.com\\\/fr\\\/accueil-puglia-aime-matera-visites-guidees\\\/\"},{\"@type\":\"ListItem\",\"position\":2,\"name\":\"Toutes les visites guid\u00e9es\",\"item\":\"https:\\\/\\\/puglialovesmatera.com\\\/fr\\\/visites-tout-guidees\\\/\"},{\"@type\":\"ListItem\",\"position\":3,\"name\":\"Visite guid\u00e9e Galatina\"}]},{\"@type\":\"WebSite\",\"@id\":\"https:\\\/\\\/puglialovesmatera.com\\\/fr\\\/#website\",\"url\":\"https:\\\/\\\/puglialovesmatera.com\\\/fr\\\/\",\"name\":\"Puglia Loves Matera\",\"description\":\"Ars Mediterranea Scario\",\"publisher\":{\"@id\":\"https:\\\/\\\/puglialovesmatera.com\\\/fr\\\/#organization\"},\"potentialAction\":[{\"@type\":\"SearchAction\",\"target\":{\"@type\":\"EntryPoint\",\"urlTemplate\":\"https:\\\/\\\/puglialovesmatera.com\\\/fr\\\/?s={search_term_string}\"},\"query-input\":{\"@type\":\"PropertyValueSpecification\",\"valueRequired\":true,\"valueName\":\"search_term_string\"}}],\"inLanguage\":\"fr-FR\"},{\"@type\":\"Organization\",\"@id\":\"https:\\\/\\\/puglialovesmatera.com\\\/fr\\\/#organization\",\"name\":\"Puglia Loves Matera\",\"url\":\"https:\\\/\\\/puglialovesmatera.com\\\/fr\\\/\",\"logo\":{\"@type\":\"ImageObject\",\"inLanguage\":\"fr-FR\",\"@id\":\"https:\\\/\\\/puglialovesmatera.com\\\/fr\\\/#\\\/schema\\\/logo\\\/image\\\/\",\"url\":\"https:\\\/\\\/puglialovesmatera.com\\\/wp-content\\\/uploads\\\/2024\\\/07\\\/Group-14.svg\",\"contentUrl\":\"https:\\\/\\\/puglialovesmatera.com\\\/wp-content\\\/uploads\\\/2024\\\/07\\\/Group-14.svg\",\"width\":371,\"height\":381,\"caption\":\"Puglia Loves Matera\"},\"image\":{\"@id\":\"https:\\\/\\\/puglialovesmatera.com\\\/fr\\\/#\\\/schema\\\/logo\\\/image\\\/\"}}]}<\/script>\n<!-- \/ Yoast SEO plugin. -->","yoast_head_json":{"title":"Visite guid\u00e9e de Galatina d'Alessandria avec Alessandra Di Mauro","description":"Explorez Galatina et la basilique Sainte-Catherine d'Alexandrie avec Alessandra Di Mauro, arch\u00e9ologue et guide touristique agr\u00e9\u00e9e. Visites personnalis\u00e9es avec un guide expert et passionn\u00e9.","robots":{"index":"index","follow":"follow","max-snippet":"max-snippet:-1","max-image-preview":"max-image-preview:large","max-video-preview":"max-video-preview:-1"},"canonical":"https:\/\/puglialovesmatera.com\/fr\/visita-guidata\/visite-guidee-galatina\/","og_locale":"fr_FR","og_type":"article","og_title":"Visite guid\u00e9e de Galatina d'Alessandria avec Alessandra Di Mauro","og_description":"Explorez Galatina et la basilique Sainte-Catherine d'Alexandrie avec Alessandra Di Mauro, arch\u00e9ologue et guide touristique agr\u00e9\u00e9e. Visites personnalis\u00e9es avec un guide expert et passionn\u00e9.","og_url":"https:\/\/puglialovesmatera.com\/fr\/visita-guidata\/visite-guidee-galatina\/","og_site_name":"Puglia Loves Matera","og_image":[{"width":500,"height":500,"url":"https:\/\/puglialovesmatera.com\/wp-content\/uploads\/2024\/07\/Visita-guidata-Galatina.jpg","type":"image\/jpeg"}],"twitter_card":"summary_large_image","twitter_misc":{"Dur\u00e9e de lecture estim\u00e9e":"2 minutes"},"schema":{"@context":"https:\/\/schema.org","@graph":[{"@type":"WebPage","@id":"https:\/\/puglialovesmatera.com\/fr\/visita-guidata\/visite-guidee-galatina\/","url":"https:\/\/puglialovesmatera.com\/fr\/visita-guidata\/visite-guidee-galatina\/","name":"Visite guid\u00e9e de Galatina d'Alessandria avec Alessandra Di Mauro","isPartOf":{"@id":"https:\/\/puglialovesmatera.com\/fr\/#website"},"primaryImageOfPage":{"@id":"https:\/\/puglialovesmatera.com\/fr\/visita-guidata\/visite-guidee-galatina\/#primaryimage"},"image":{"@id":"https:\/\/puglialovesmatera.com\/fr\/visita-guidata\/visite-guidee-galatina\/#primaryimage"},"thumbnailUrl":"https:\/\/puglialovesmatera.com\/wp-content\/uploads\/2024\/07\/Visita-guidata-Galatina.jpg","datePublished":"2024-07-24T15:34:58+00:00","description":"Explorez Galatina et la basilique Sainte-Catherine d'Alexandrie avec Alessandra Di Mauro, arch\u00e9ologue et guide touristique agr\u00e9\u00e9e. Visites personnalis\u00e9es avec un guide expert et passionn\u00e9.","breadcrumb":{"@id":"https:\/\/puglialovesmatera.com\/fr\/visita-guidata\/visite-guidee-galatina\/#breadcrumb"},"inLanguage":"fr-FR","potentialAction":[{"@type":"ReadAction","target":["https:\/\/puglialovesmatera.com\/fr\/visita-guidata\/visite-guidee-galatina\/"]}]},{"@type":"ImageObject","inLanguage":"fr-FR","@id":"https:\/\/puglialovesmatera.com\/fr\/visita-guidata\/visite-guidee-galatina\/#primaryimage","url":"https:\/\/puglialovesmatera.com\/wp-content\/uploads\/2024\/07\/Visita-guidata-Galatina.jpg","contentUrl":"https:\/\/puglialovesmatera.com\/wp-content\/uploads\/2024\/07\/Visita-guidata-Galatina.jpg","width":500,"height":500},{"@type":"BreadcrumbList","@id":"https:\/\/puglialovesmatera.com\/fr\/visita-guidata\/visite-guidee-galatina\/#breadcrumb","itemListElement":[{"@type":"ListItem","position":1,"name":"Home","item":"https:\/\/puglialovesmatera.com\/fr\/accueil-puglia-aime-matera-visites-guidees\/"},{"@type":"ListItem","position":2,"name":"Toutes les visites guid\u00e9es","item":"https:\/\/puglialovesmatera.com\/fr\/visites-tout-guidees\/"},{"@type":"ListItem","position":3,"name":"Visite guid\u00e9e Galatina"}]},{"@type":"WebSite","@id":"https:\/\/puglialovesmatera.com\/fr\/#website","url":"https:\/\/puglialovesmatera.com\/fr\/","name":"Puglia Loves Matera","description":"Ars Mediterranea Scario","publisher":{"@id":"https:\/\/puglialovesmatera.com\/fr\/#organization"},"potentialAction":[{"@type":"SearchAction","target":{"@type":"EntryPoint","urlTemplate":"https:\/\/puglialovesmatera.com\/fr\/?s={search_term_string}"},"query-input":{"@type":"PropertyValueSpecification","valueRequired":true,"valueName":"search_term_string"}}],"inLanguage":"fr-FR"},{"@type":"Organization","@id":"https:\/\/puglialovesmatera.com\/fr\/#organization","name":"Puglia Loves Matera","url":"https:\/\/puglialovesmatera.com\/fr\/","logo":{"@type":"ImageObject","inLanguage":"fr-FR","@id":"https:\/\/puglialovesmatera.com\/fr\/#\/schema\/logo\/image\/","url":"https:\/\/puglialovesmatera.com\/wp-content\/uploads\/2024\/07\/Group-14.svg","contentUrl":"https:\/\/puglialovesmatera.com\/wp-content\/uploads\/2024\/07\/Group-14.svg","width":371,"height":381,"caption":"Puglia Loves Matera"},"image":{"@id":"https:\/\/puglialovesmatera.com\/fr\/#\/schema\/logo\/image\/"}}]}},"_links":{"self":[{"href":"https:\/\/puglialovesmatera.com\/fr\/wp-json\/wp\/v2\/product\/3382","targetHints":{"allow":["GET"]}}],"collection":[{"href":"https:\/\/puglialovesmatera.com\/fr\/wp-json\/wp\/v2\/product"}],"about":[{"href":"https:\/\/puglialovesmatera.com\/fr\/wp-json\/wp\/v2\/types\/product"}],"replies":[{"embeddable":true,"href":"https:\/\/puglialovesmatera.com\/fr\/wp-json\/wp\/v2\/comments?post=3382"}],"wp:featuredmedia":[{"embeddable":true,"href":"https:\/\/puglialovesmatera.com\/fr\/wp-json\/wp\/v2\/media\/2728"}],"wp:attachment":[{"href":"https:\/\/puglialovesmatera.com\/fr\/wp-json\/wp\/v2\/media?parent=3382"}],"wp:term":[{"taxonomy":"product_brand","embeddable":true,"href":"https:\/\/puglialovesmatera.com\/fr\/wp-json\/wp\/v2\/product_brand?post=3382"},{"taxonomy":"product_cat","embeddable":true,"href":"https:\/\/puglialovesmatera.com\/fr\/wp-json\/wp\/v2\/product_cat?post=3382"},{"taxonomy":"product_tag","embeddable":true,"href":"https:\/\/puglialovesmatera.com\/fr\/wp-json\/wp\/v2\/product_tag?post=3382"}],"curies":[{"name":"wp","href":"https:\/\/api.w.org\/{rel}","templated":true}]}}