{"id":3383,"date":"2024-07-24T15:34:13","date_gmt":"2024-07-24T15:34:13","guid":{"rendered":"https:\/\/puglialovesmatera.com\/visita-guidata\/visite-guidee-de-lecce-capitale-du-baroque\/"},"modified":"2024-07-24T15:34:13","modified_gmt":"2024-07-24T15:34:13","slug":"visite-guidee-de-lecce-capitale-du-baroque","status":"publish","type":"product","link":"https:\/\/puglialovesmatera.com\/fr\/visita-guidata\/visite-guidee-de-lecce-capitale-du-baroque\/","title":{"rendered":"Visite guid\u00e9e de Lecce, capitale du baroque"},"content":{"rendered":"<h3>D\u00e9but de la visite<\/h3>\n<p>  Mes visites guid\u00e9es \u00e0 Lecce vous feront d\u00e9couvrir le centre historique de l&rsquo;une des villes les plus fascinantes des Pouilles.<br \/>\nLecce est connue comme la capitale du baroque pour ses b\u00e2timents caract\u00e9ris\u00e9s par la couleur miel dor\u00e9 de la pierre locale, appel\u00e9e pietra leccese.   <\/p>\n<h3><strong>Porta Napoli et Piazza Duomo<\/strong><\/h3>\n<p>  Nous commencerons notre visite par la Porta Napoli, symbole de Charles Quint et imposante entr\u00e9e de la ville.<br \/>\nNous continuerons jusqu&rsquo;\u00e0 la Piazza Duomo, o\u00f9 nous admirerons la majestueuse cath\u00e9drale et le clocher, splendides exemples d&rsquo;architecture baroque.   <\/p>\n<h3>Th\u00e9\u00e2tre Paisiello et Palazzo Marrese<\/h3>\n<p>  Poursuivant notre visite, nous nous dirigeons vers le th\u00e9\u00e2tre Paisiello, un petit bijou de la ville, puis vers le Palazzo Marrese, un magnifique exemple de palais noble de Lecce.<br \/>\nChaque b\u00e2timent raconte une partie de la riche histoire culturelle de Lecce.   <\/p>\n<h3>\u00c9glise de Sainte Ir\u00e8ne et amphith\u00e9\u00e2tre romain<\/h3>\n<p>  Nous visiterons l&rsquo;\u00e9glise de Sainte Ir\u00e8ne, premi\u00e8re patronne de la ville, avec son imposante fa\u00e7ade et son int\u00e9rieur richement d\u00e9cor\u00e9.<br \/>\nNous rejoindrons ensuite l&rsquo;amphith\u00e9\u00e2tre romain, la plus importante d\u00e9couverte th\u00e9\u00e2trale des Pouilles, t\u00e9moin de la longue histoire de la ville.   <\/p>\n<h3>Basilique de la Sainte-Croix<\/h3>\n<p>  Le point fort de notre visite sera la basilique de Santa Croce, l&rsquo;un des chefs-d&rsquo;\u0153uvre absolus du baroque de Lecce, c\u00e9l\u00e8bre pour sa fa\u00e7ade richement d\u00e9cor\u00e9e et ses d\u00e9tails complexes.  <\/p>\n<h3>Artisanat et gastronomie locale<\/h3>\n<p>  Au cours de la visite, nous aurons l&rsquo;occasion de visiter un atelier historique qui s&rsquo;occupe de la transformation du papier m\u00e2ch\u00e9, un symbole de l&rsquo;artisanat local.<br \/>\nNous parlerons \u00e9galement de la gastronomie de Lecce, en mettant l&rsquo;accent sur le c\u00e9l\u00e8bre Caff\u00e8 Leccese et le d\u00e9licieux pasticciotto, des sp\u00e9cialit\u00e9s locales typiques.   <\/p>\n<h3>Informations compl\u00e9mentaires<\/h3>\n<p>  Mes visites guid\u00e9es \u00e0 Lecce constituent une occasion unique pour tous ceux qui souhaitent en savoir plus sur l&rsquo;histoire, la culture et l&rsquo;architecture de cette ville fascinante.<br \/>\nGr\u00e2ce \u00e0 ma formation continue et \u00e0 ma passion pour l&rsquo;histoire, je serai en mesure de vous faire participer \u00e0 un r\u00e9cit captivant et d\u00e9taill\u00e9, faisant de chaque visite une exp\u00e9rience unique.<br \/>\nL&rsquo;accent mis sur la personnalisation des visites me permet d&rsquo;adapter l&rsquo;itin\u00e9raire et les explications aux int\u00e9r\u00eats sp\u00e9cifiques des visiteurs, garantissant ainsi une exp\u00e9rience sur mesure et de grande qualit\u00e9.<br \/>\nMa ponctualit\u00e9 et ma fiabilit\u00e9 garantissent un service professionnel et impeccable.<br \/>\nNe manquez pas l&rsquo;occasion de faire un voyage dans le temps parmi les tr\u00e9sors de Lecce, o\u00f9 chaque coin de rue raconte une histoire et o\u00f9 chaque b\u00e2timent est un exemple de la ma\u00eetrise architecturale baroque.<br \/>\nPour plus d&rsquo;informations et de r\u00e9servations, contactez-moi pour convenir du prix de la visite guid\u00e9e.<br \/>\nJe serai heureuse de vous accompagner dans cette extraordinaire aventure culturelle et gastronomique.      <\/p>\n","protected":false},"excerpt":{"rendered":"<p>Visites guid\u00e9es Lecce, surnomm\u00e9e la \u00ab\u00a0Florence du Sud\u00a0\u00bb, est c\u00e9l\u00e8bre pour son extraordinaire architecture baroque.<br \/>\nAu cours de la visite guid\u00e9e, vous explorerez le centre historique, admirant des monuments tels que la basilique de Santa Croce, la Piazza Duomo et l&rsquo;amphith\u00e9\u00e2tre romain.<br \/>\nVotre guide vous racontera l&rsquo;histoire de Lecce et les histoires qui se cachent derri\u00e8re les fa\u00e7ades richement d\u00e9cor\u00e9es qui rendent cette ville unique.  <\/p>\n","protected":false},"featured_media":2734,"comment_status":"open","ping_status":"closed","template":"","meta":{"_acf_changed":false},"product_brand":[],"product_cat":[81],"product_tag":[],"class_list":{"0":"post-3383","1":"product","2":"type-product","3":"status-publish","4":"has-post-thumbnail","6":"product_cat-lecce-et-le-salento","8":"first","9":"instock","10":"shipping-taxable","11":"product-type-simple"},"acf":[],"yoast_head":"<!-- This site is optimized with the Yoast SEO plugin v27.3 - https:\/\/yoast.com\/product\/yoast-seo-wordpress\/ -->\n<title>Visite guid\u00e9e de Lecce avec un guide professionnel agr\u00e9\u00e9<\/title>\n<meta name=\"description\" content=\"Explorez Lecce, la capitale du baroque, avec Alessandra Di Mauro, arch\u00e9ologue et guide touristique agr\u00e9\u00e9e. Visites personnalis\u00e9es avec une guide exp\u00e9riment\u00e9e et passionn\u00e9e.\" \/>\n<meta name=\"robots\" content=\"index, follow, max-snippet:-1, max-image-preview:large, max-video-preview:-1\" \/>\n<link rel=\"canonical\" href=\"https:\/\/puglialovesmatera.com\/fr\/visita-guidata\/visite-guidee-de-lecce-capitale-du-baroque\/\" \/>\n<meta property=\"og:locale\" content=\"fr_FR\" \/>\n<meta property=\"og:type\" content=\"article\" \/>\n<meta property=\"og:title\" content=\"Visite guid\u00e9e de Lecce avec un guide professionnel agr\u00e9\u00e9\" \/>\n<meta property=\"og:description\" content=\"Explorez Lecce, la capitale du baroque, avec Alessandra Di Mauro, arch\u00e9ologue et guide touristique agr\u00e9\u00e9e. Visites personnalis\u00e9es avec une guide exp\u00e9riment\u00e9e et passionn\u00e9e.\" \/>\n<meta property=\"og:url\" content=\"https:\/\/puglialovesmatera.com\/fr\/visita-guidata\/visite-guidee-de-lecce-capitale-du-baroque\/\" \/>\n<meta property=\"og:site_name\" content=\"Puglia Loves Matera\" \/>\n<meta property=\"og:image\" content=\"https:\/\/puglialovesmatera.com\/wp-content\/uploads\/2024\/07\/Visita-guidata-Lecce.jpg\" \/>\n\t<meta property=\"og:image:width\" content=\"500\" \/>\n\t<meta property=\"og:image:height\" content=\"500\" \/>\n\t<meta property=\"og:image:type\" content=\"image\/jpeg\" \/>\n<meta name=\"twitter:card\" content=\"summary_large_image\" \/>\n<meta name=\"twitter:label1\" content=\"Dur\u00e9e de lecture estim\u00e9e\" \/>\n\t<meta name=\"twitter:data1\" content=\"2 minutes\" \/>\n<script type=\"application\/ld+json\" class=\"yoast-schema-graph\">{\"@context\":\"https:\\\/\\\/schema.org\",\"@graph\":[{\"@type\":\"WebPage\",\"@id\":\"https:\\\/\\\/puglialovesmatera.com\\\/fr\\\/visita-guidata\\\/visite-guidee-de-lecce-capitale-du-baroque\\\/\",\"url\":\"https:\\\/\\\/puglialovesmatera.com\\\/fr\\\/visita-guidata\\\/visite-guidee-de-lecce-capitale-du-baroque\\\/\",\"name\":\"Visite guid\u00e9e de Lecce avec un guide professionnel agr\u00e9\u00e9\",\"isPartOf\":{\"@id\":\"https:\\\/\\\/puglialovesmatera.com\\\/fr\\\/#website\"},\"primaryImageOfPage\":{\"@id\":\"https:\\\/\\\/puglialovesmatera.com\\\/fr\\\/visita-guidata\\\/visite-guidee-de-lecce-capitale-du-baroque\\\/#primaryimage\"},\"image\":{\"@id\":\"https:\\\/\\\/puglialovesmatera.com\\\/fr\\\/visita-guidata\\\/visite-guidee-de-lecce-capitale-du-baroque\\\/#primaryimage\"},\"thumbnailUrl\":\"https:\\\/\\\/puglialovesmatera.com\\\/wp-content\\\/uploads\\\/2024\\\/07\\\/Visita-guidata-Lecce.jpg\",\"datePublished\":\"2024-07-24T15:34:13+00:00\",\"description\":\"Explorez Lecce, la capitale du baroque, avec Alessandra Di Mauro, arch\u00e9ologue et guide touristique agr\u00e9\u00e9e. Visites personnalis\u00e9es avec une guide exp\u00e9riment\u00e9e et passionn\u00e9e.\",\"breadcrumb\":{\"@id\":\"https:\\\/\\\/puglialovesmatera.com\\\/fr\\\/visita-guidata\\\/visite-guidee-de-lecce-capitale-du-baroque\\\/#breadcrumb\"},\"inLanguage\":\"fr-FR\",\"potentialAction\":[{\"@type\":\"ReadAction\",\"target\":[\"https:\\\/\\\/puglialovesmatera.com\\\/fr\\\/visita-guidata\\\/visite-guidee-de-lecce-capitale-du-baroque\\\/\"]}]},{\"@type\":\"ImageObject\",\"inLanguage\":\"fr-FR\",\"@id\":\"https:\\\/\\\/puglialovesmatera.com\\\/fr\\\/visita-guidata\\\/visite-guidee-de-lecce-capitale-du-baroque\\\/#primaryimage\",\"url\":\"https:\\\/\\\/puglialovesmatera.com\\\/wp-content\\\/uploads\\\/2024\\\/07\\\/Visita-guidata-Lecce.jpg\",\"contentUrl\":\"https:\\\/\\\/puglialovesmatera.com\\\/wp-content\\\/uploads\\\/2024\\\/07\\\/Visita-guidata-Lecce.jpg\",\"width\":500,\"height\":500},{\"@type\":\"BreadcrumbList\",\"@id\":\"https:\\\/\\\/puglialovesmatera.com\\\/fr\\\/visita-guidata\\\/visite-guidee-de-lecce-capitale-du-baroque\\\/#breadcrumb\",\"itemListElement\":[{\"@type\":\"ListItem\",\"position\":1,\"name\":\"Home\",\"item\":\"https:\\\/\\\/puglialovesmatera.com\\\/fr\\\/accueil-puglia-aime-matera-visites-guidees\\\/\"},{\"@type\":\"ListItem\",\"position\":2,\"name\":\"Toutes les visites guid\u00e9es\",\"item\":\"https:\\\/\\\/puglialovesmatera.com\\\/fr\\\/visites-tout-guidees\\\/\"},{\"@type\":\"ListItem\",\"position\":3,\"name\":\"Visite guid\u00e9e de Lecce, capitale du baroque\"}]},{\"@type\":\"WebSite\",\"@id\":\"https:\\\/\\\/puglialovesmatera.com\\\/fr\\\/#website\",\"url\":\"https:\\\/\\\/puglialovesmatera.com\\\/fr\\\/\",\"name\":\"Puglia Loves Matera\",\"description\":\"Ars Mediterranea Scario\",\"publisher\":{\"@id\":\"https:\\\/\\\/puglialovesmatera.com\\\/fr\\\/#organization\"},\"potentialAction\":[{\"@type\":\"SearchAction\",\"target\":{\"@type\":\"EntryPoint\",\"urlTemplate\":\"https:\\\/\\\/puglialovesmatera.com\\\/fr\\\/?s={search_term_string}\"},\"query-input\":{\"@type\":\"PropertyValueSpecification\",\"valueRequired\":true,\"valueName\":\"search_term_string\"}}],\"inLanguage\":\"fr-FR\"},{\"@type\":\"Organization\",\"@id\":\"https:\\\/\\\/puglialovesmatera.com\\\/fr\\\/#organization\",\"name\":\"Puglia Loves Matera\",\"url\":\"https:\\\/\\\/puglialovesmatera.com\\\/fr\\\/\",\"logo\":{\"@type\":\"ImageObject\",\"inLanguage\":\"fr-FR\",\"@id\":\"https:\\\/\\\/puglialovesmatera.com\\\/fr\\\/#\\\/schema\\\/logo\\\/image\\\/\",\"url\":\"https:\\\/\\\/puglialovesmatera.com\\\/wp-content\\\/uploads\\\/2024\\\/07\\\/Group-14.svg\",\"contentUrl\":\"https:\\\/\\\/puglialovesmatera.com\\\/wp-content\\\/uploads\\\/2024\\\/07\\\/Group-14.svg\",\"width\":371,\"height\":381,\"caption\":\"Puglia Loves Matera\"},\"image\":{\"@id\":\"https:\\\/\\\/puglialovesmatera.com\\\/fr\\\/#\\\/schema\\\/logo\\\/image\\\/\"}}]}<\/script>\n<!-- \/ Yoast SEO plugin. -->","yoast_head_json":{"title":"Visite guid\u00e9e de Lecce avec un guide professionnel agr\u00e9\u00e9","description":"Explorez Lecce, la capitale du baroque, avec Alessandra Di Mauro, arch\u00e9ologue et guide touristique agr\u00e9\u00e9e. Visites personnalis\u00e9es avec une guide exp\u00e9riment\u00e9e et passionn\u00e9e.","robots":{"index":"index","follow":"follow","max-snippet":"max-snippet:-1","max-image-preview":"max-image-preview:large","max-video-preview":"max-video-preview:-1"},"canonical":"https:\/\/puglialovesmatera.com\/fr\/visita-guidata\/visite-guidee-de-lecce-capitale-du-baroque\/","og_locale":"fr_FR","og_type":"article","og_title":"Visite guid\u00e9e de Lecce avec un guide professionnel agr\u00e9\u00e9","og_description":"Explorez Lecce, la capitale du baroque, avec Alessandra Di Mauro, arch\u00e9ologue et guide touristique agr\u00e9\u00e9e. Visites personnalis\u00e9es avec une guide exp\u00e9riment\u00e9e et passionn\u00e9e.","og_url":"https:\/\/puglialovesmatera.com\/fr\/visita-guidata\/visite-guidee-de-lecce-capitale-du-baroque\/","og_site_name":"Puglia Loves Matera","og_image":[{"width":500,"height":500,"url":"https:\/\/puglialovesmatera.com\/wp-content\/uploads\/2024\/07\/Visita-guidata-Lecce.jpg","type":"image\/jpeg"}],"twitter_card":"summary_large_image","twitter_misc":{"Dur\u00e9e de lecture estim\u00e9e":"2 minutes"},"schema":{"@context":"https:\/\/schema.org","@graph":[{"@type":"WebPage","@id":"https:\/\/puglialovesmatera.com\/fr\/visita-guidata\/visite-guidee-de-lecce-capitale-du-baroque\/","url":"https:\/\/puglialovesmatera.com\/fr\/visita-guidata\/visite-guidee-de-lecce-capitale-du-baroque\/","name":"Visite guid\u00e9e de Lecce avec un guide professionnel agr\u00e9\u00e9","isPartOf":{"@id":"https:\/\/puglialovesmatera.com\/fr\/#website"},"primaryImageOfPage":{"@id":"https:\/\/puglialovesmatera.com\/fr\/visita-guidata\/visite-guidee-de-lecce-capitale-du-baroque\/#primaryimage"},"image":{"@id":"https:\/\/puglialovesmatera.com\/fr\/visita-guidata\/visite-guidee-de-lecce-capitale-du-baroque\/#primaryimage"},"thumbnailUrl":"https:\/\/puglialovesmatera.com\/wp-content\/uploads\/2024\/07\/Visita-guidata-Lecce.jpg","datePublished":"2024-07-24T15:34:13+00:00","description":"Explorez Lecce, la capitale du baroque, avec Alessandra Di Mauro, arch\u00e9ologue et guide touristique agr\u00e9\u00e9e. Visites personnalis\u00e9es avec une guide exp\u00e9riment\u00e9e et passionn\u00e9e.","breadcrumb":{"@id":"https:\/\/puglialovesmatera.com\/fr\/visita-guidata\/visite-guidee-de-lecce-capitale-du-baroque\/#breadcrumb"},"inLanguage":"fr-FR","potentialAction":[{"@type":"ReadAction","target":["https:\/\/puglialovesmatera.com\/fr\/visita-guidata\/visite-guidee-de-lecce-capitale-du-baroque\/"]}]},{"@type":"ImageObject","inLanguage":"fr-FR","@id":"https:\/\/puglialovesmatera.com\/fr\/visita-guidata\/visite-guidee-de-lecce-capitale-du-baroque\/#primaryimage","url":"https:\/\/puglialovesmatera.com\/wp-content\/uploads\/2024\/07\/Visita-guidata-Lecce.jpg","contentUrl":"https:\/\/puglialovesmatera.com\/wp-content\/uploads\/2024\/07\/Visita-guidata-Lecce.jpg","width":500,"height":500},{"@type":"BreadcrumbList","@id":"https:\/\/puglialovesmatera.com\/fr\/visita-guidata\/visite-guidee-de-lecce-capitale-du-baroque\/#breadcrumb","itemListElement":[{"@type":"ListItem","position":1,"name":"Home","item":"https:\/\/puglialovesmatera.com\/fr\/accueil-puglia-aime-matera-visites-guidees\/"},{"@type":"ListItem","position":2,"name":"Toutes les visites guid\u00e9es","item":"https:\/\/puglialovesmatera.com\/fr\/visites-tout-guidees\/"},{"@type":"ListItem","position":3,"name":"Visite guid\u00e9e de Lecce, capitale du baroque"}]},{"@type":"WebSite","@id":"https:\/\/puglialovesmatera.com\/fr\/#website","url":"https:\/\/puglialovesmatera.com\/fr\/","name":"Puglia Loves Matera","description":"Ars Mediterranea Scario","publisher":{"@id":"https:\/\/puglialovesmatera.com\/fr\/#organization"},"potentialAction":[{"@type":"SearchAction","target":{"@type":"EntryPoint","urlTemplate":"https:\/\/puglialovesmatera.com\/fr\/?s={search_term_string}"},"query-input":{"@type":"PropertyValueSpecification","valueRequired":true,"valueName":"search_term_string"}}],"inLanguage":"fr-FR"},{"@type":"Organization","@id":"https:\/\/puglialovesmatera.com\/fr\/#organization","name":"Puglia Loves Matera","url":"https:\/\/puglialovesmatera.com\/fr\/","logo":{"@type":"ImageObject","inLanguage":"fr-FR","@id":"https:\/\/puglialovesmatera.com\/fr\/#\/schema\/logo\/image\/","url":"https:\/\/puglialovesmatera.com\/wp-content\/uploads\/2024\/07\/Group-14.svg","contentUrl":"https:\/\/puglialovesmatera.com\/wp-content\/uploads\/2024\/07\/Group-14.svg","width":371,"height":381,"caption":"Puglia Loves Matera"},"image":{"@id":"https:\/\/puglialovesmatera.com\/fr\/#\/schema\/logo\/image\/"}}]}},"_links":{"self":[{"href":"https:\/\/puglialovesmatera.com\/fr\/wp-json\/wp\/v2\/product\/3383","targetHints":{"allow":["GET"]}}],"collection":[{"href":"https:\/\/puglialovesmatera.com\/fr\/wp-json\/wp\/v2\/product"}],"about":[{"href":"https:\/\/puglialovesmatera.com\/fr\/wp-json\/wp\/v2\/types\/product"}],"replies":[{"embeddable":true,"href":"https:\/\/puglialovesmatera.com\/fr\/wp-json\/wp\/v2\/comments?post=3383"}],"wp:featuredmedia":[{"embeddable":true,"href":"https:\/\/puglialovesmatera.com\/fr\/wp-json\/wp\/v2\/media\/2734"}],"wp:attachment":[{"href":"https:\/\/puglialovesmatera.com\/fr\/wp-json\/wp\/v2\/media?parent=3383"}],"wp:term":[{"taxonomy":"product_brand","embeddable":true,"href":"https:\/\/puglialovesmatera.com\/fr\/wp-json\/wp\/v2\/product_brand?post=3383"},{"taxonomy":"product_cat","embeddable":true,"href":"https:\/\/puglialovesmatera.com\/fr\/wp-json\/wp\/v2\/product_cat?post=3383"},{"taxonomy":"product_tag","embeddable":true,"href":"https:\/\/puglialovesmatera.com\/fr\/wp-json\/wp\/v2\/product_tag?post=3383"}],"curies":[{"name":"wp","href":"https:\/\/api.w.org\/{rel}","templated":true}]}}