{"id":3388,"date":"2024-07-24T15:33:10","date_gmt":"2024-07-24T15:33:10","guid":{"rendered":"https:\/\/puglialovesmatera.com\/visita-guidata\/visite-guidee-dostuni-la-ville-blanche\/"},"modified":"2024-07-24T15:33:10","modified_gmt":"2024-07-24T15:33:10","slug":"visite-guidee-dostuni-la-ville-blanche","status":"publish","type":"product","link":"https:\/\/puglialovesmatera.com\/fr\/visita-guidata\/visite-guidee-dostuni-la-ville-blanche\/","title":{"rendered":"Visite guid\u00e9e d&rsquo;Ostuni, la ville blanche"},"content":{"rendered":"<h3>D\u00e9but de la visite<\/h3>\n<p>  Mes visites guid\u00e9es d&rsquo;Ostuni vous emm\u00e8neront \u00e0 la d\u00e9couverte de la ville blanche, l&rsquo;un des lieux les plus fascinants des Pouilles.<br \/>\nNous commencerons notre visite par la Piazza Libert\u00e0, qui repr\u00e9sente la charni\u00e8re entre le village du XIXe si\u00e8cle et le centre historique.   <\/p>\n<h3>Piazza Libert\u00e0 et centre historique<\/h3>\n<p>  Sur la Piazza Libert\u00e0, nous admirerons la colonne du XVIIIe si\u00e8cle d\u00e9di\u00e9e \u00e0 saint Oronzo, qui domine la place de sa grandeur.<br \/>\nNous observerons le si\u00e8ge de la municipalit\u00e9, situ\u00e9 \u00e0 l&rsquo;int\u00e9rieur d&rsquo;un ancien couvent franciscain, et l&rsquo;\u00e9glise de Saint Fran\u00e7ois d&rsquo;Assise, un exemple de l&rsquo;architecture religieuse locale.   <\/p>\n<h3>Rue de la Cath\u00e9drale et ruelles cach\u00e9es<\/h3>\n<p>  En continuant le long de la Via Cattedrale, nous entrerons dans les ruelles cach\u00e9es d&rsquo;Ostuni, d\u00e9couvrant des coins suggestifs et des vues pittoresques.<br \/>\nEn chemin, nous admirerons la fa\u00e7ade de l&rsquo;ancienne \u00e9glise de San Vito Martire, un autre exemple de l&rsquo;architecture historique de la ville.   <\/p>\n<h3>Cath\u00e9drale Santa Maria Assunta et Arco Scoppa<\/h3>\n<p>  Le point d&rsquo;orgue de la visite sera la d\u00e9couverte de la cath\u00e9drale Santa Maria Assunta, avec sa splendide rosace brod\u00e9e dans la pierre.<br \/>\nCe chef-d&rsquo;\u0153uvre de l&rsquo;art gothique apulien vous laissera bouche b\u00e9e par sa beaut\u00e9 et ses d\u00e9tails architecturaux uniques.<br \/>\n\u00c0 quelques pas de la cath\u00e9drale, nous passerons sous l&rsquo;Arco Scoppa, un lien \u00e9vocateur entre les b\u00e2timents historiques qui ajoute du charme \u00e0 notre itin\u00e9raire.    <\/p>\n<h3>Vue panoramique de la c\u00f4te adriatique<\/h3>\n<p>  En arrivant au sommet de la colline sur laquelle repose la ville d&rsquo;Ostuni, vous pourrez admirer la vue imprenable sur la c\u00f4te adriatique et la mer.<br \/>\nCe point d&rsquo;observation offre une vue extraordinaire sur la campagne et le littoral des Pouilles, ce qui constitue une exp\u00e9rience visuelle inoubliable.   <\/p>\n<h3>Informations compl\u00e9mentaires<\/h3>\n<p>  Mes visites guid\u00e9es d&rsquo;Ostuni constituent une occasion unique pour tous ceux qui souhaitent en savoir plus sur l&rsquo;histoire, la culture et l&rsquo;architecture de cette ville fascinante.<br \/>\nGr\u00e2ce \u00e0 ma formation continue et \u00e0 ma passion pour l&rsquo;histoire, je serai en mesure de vous faire participer \u00e0 un r\u00e9cit captivant et d\u00e9taill\u00e9, faisant de chaque visite une exp\u00e9rience unique.<br \/>\nL&rsquo;accent mis sur la personnalisation des visites me permet d&rsquo;adapter l&rsquo;itin\u00e9raire et les explications aux int\u00e9r\u00eats sp\u00e9cifiques des visiteurs, garantissant ainsi une exp\u00e9rience sur mesure et de grande qualit\u00e9.<br \/>\nMa ponctualit\u00e9 et ma fiabilit\u00e9 garantissent un service professionnel et impeccable.<br \/>\nNe manquez pas l&rsquo;occasion de faire un voyage dans le temps parmi les tr\u00e9sors d&rsquo;Ostuni, o\u00f9 chaque coin de rue raconte une histoire et o\u00f9 chaque b\u00e2timent est un exemple de ma\u00eetrise architecturale.<br \/>\nPour plus d&rsquo;informations et de r\u00e9servations, contactez-moi pour convenir du prix de la visite guid\u00e9e.<br \/>\nJe me ferai un plaisir de vous accompagner dans cette extraordinaire aventure culturelle et paysag\u00e8re.      <\/p>\n","protected":false},"excerpt":{"rendered":"<p>Connue sous le nom de \u00ab\u00a0ville blanche\u00a0\u00bb pour ses maisons blanchies \u00e0 la chaux, Ostuni est une ville \u00e0 ne pas manquer.<br \/>\nLa visite guid\u00e9e d\u00e9butera sur la Piazza della Libert\u00e0 et permettra de d\u00e9couvrir la cath\u00e9drale Santa Maria Assunta avec sa splendide rosace, l&rsquo;\u00e9glise San Francesco d&rsquo;Assisi et les rues \u00e9troites du centre historique.<br \/>\nProfitez de la vue panoramique sur la c\u00f4te adriatique et d\u00e9couvrez l&rsquo;histoire et les traditions de cette ville fascinante.  <\/p>\n","protected":false},"featured_media":2749,"comment_status":"open","ping_status":"closed","template":"","meta":{"_acf_changed":false},"product_brand":[],"product_cat":[68],"product_tag":[],"class_list":{"0":"post-3388","1":"product","2":"type-product","3":"status-publish","4":"has-post-thumbnail","6":"product_cat-la-vallee-ditria-et-ses-villages-blancs","8":"first","9":"instock","10":"shipping-taxable","11":"product-type-simple"},"acf":[],"yoast_head":"<!-- This site is optimized with the Yoast SEO plugin v27.3 - https:\/\/yoast.com\/product\/yoast-seo-wordpress\/ -->\n<title>Visite guid\u00e9e d&#039;Ostuni avec un guide professionnel agr\u00e9\u00e9<\/title>\n<meta name=\"description\" content=\"Explorez Ostuni, la ville blanche, avec Alessandra Di Mauro, arch\u00e9ologue et guide touristique agr\u00e9\u00e9e. Visites personnalis\u00e9es avec un guide exp\u00e9riment\u00e9 et passionn\u00e9.\" \/>\n<meta name=\"robots\" content=\"index, follow, max-snippet:-1, max-image-preview:large, max-video-preview:-1\" \/>\n<link rel=\"canonical\" href=\"https:\/\/puglialovesmatera.com\/fr\/visita-guidata\/visite-guidee-dostuni-la-ville-blanche\/\" \/>\n<meta property=\"og:locale\" content=\"fr_FR\" \/>\n<meta property=\"og:type\" content=\"article\" \/>\n<meta property=\"og:title\" content=\"Visite guid\u00e9e d&#039;Ostuni avec un guide professionnel agr\u00e9\u00e9\" \/>\n<meta property=\"og:description\" content=\"Explorez Ostuni, la ville blanche, avec Alessandra Di Mauro, arch\u00e9ologue et guide touristique agr\u00e9\u00e9e. Visites personnalis\u00e9es avec un guide exp\u00e9riment\u00e9 et passionn\u00e9.\" \/>\n<meta property=\"og:url\" content=\"https:\/\/puglialovesmatera.com\/fr\/visita-guidata\/visite-guidee-dostuni-la-ville-blanche\/\" \/>\n<meta property=\"og:site_name\" content=\"Puglia Loves Matera\" \/>\n<meta property=\"og:image\" content=\"https:\/\/puglialovesmatera.com\/wp-content\/uploads\/2024\/07\/Visita-guidata-Ostuni.jpg\" \/>\n\t<meta property=\"og:image:width\" content=\"500\" \/>\n\t<meta property=\"og:image:height\" content=\"500\" \/>\n\t<meta property=\"og:image:type\" content=\"image\/jpeg\" \/>\n<meta name=\"twitter:card\" content=\"summary_large_image\" \/>\n<meta name=\"twitter:label1\" content=\"Dur\u00e9e de lecture estim\u00e9e\" \/>\n\t<meta name=\"twitter:data1\" content=\"2 minutes\" \/>\n<script type=\"application\/ld+json\" class=\"yoast-schema-graph\">{\"@context\":\"https:\\\/\\\/schema.org\",\"@graph\":[{\"@type\":\"WebPage\",\"@id\":\"https:\\\/\\\/puglialovesmatera.com\\\/fr\\\/visita-guidata\\\/visite-guidee-dostuni-la-ville-blanche\\\/\",\"url\":\"https:\\\/\\\/puglialovesmatera.com\\\/fr\\\/visita-guidata\\\/visite-guidee-dostuni-la-ville-blanche\\\/\",\"name\":\"Visite guid\u00e9e d'Ostuni avec un guide professionnel agr\u00e9\u00e9\",\"isPartOf\":{\"@id\":\"https:\\\/\\\/puglialovesmatera.com\\\/fr\\\/#website\"},\"primaryImageOfPage\":{\"@id\":\"https:\\\/\\\/puglialovesmatera.com\\\/fr\\\/visita-guidata\\\/visite-guidee-dostuni-la-ville-blanche\\\/#primaryimage\"},\"image\":{\"@id\":\"https:\\\/\\\/puglialovesmatera.com\\\/fr\\\/visita-guidata\\\/visite-guidee-dostuni-la-ville-blanche\\\/#primaryimage\"},\"thumbnailUrl\":\"https:\\\/\\\/puglialovesmatera.com\\\/wp-content\\\/uploads\\\/2024\\\/07\\\/Visita-guidata-Ostuni.jpg\",\"datePublished\":\"2024-07-24T15:33:10+00:00\",\"description\":\"Explorez Ostuni, la ville blanche, avec Alessandra Di Mauro, arch\u00e9ologue et guide touristique agr\u00e9\u00e9e. Visites personnalis\u00e9es avec un guide exp\u00e9riment\u00e9 et passionn\u00e9.\",\"breadcrumb\":{\"@id\":\"https:\\\/\\\/puglialovesmatera.com\\\/fr\\\/visita-guidata\\\/visite-guidee-dostuni-la-ville-blanche\\\/#breadcrumb\"},\"inLanguage\":\"fr-FR\",\"potentialAction\":[{\"@type\":\"ReadAction\",\"target\":[\"https:\\\/\\\/puglialovesmatera.com\\\/fr\\\/visita-guidata\\\/visite-guidee-dostuni-la-ville-blanche\\\/\"]}]},{\"@type\":\"ImageObject\",\"inLanguage\":\"fr-FR\",\"@id\":\"https:\\\/\\\/puglialovesmatera.com\\\/fr\\\/visita-guidata\\\/visite-guidee-dostuni-la-ville-blanche\\\/#primaryimage\",\"url\":\"https:\\\/\\\/puglialovesmatera.com\\\/wp-content\\\/uploads\\\/2024\\\/07\\\/Visita-guidata-Ostuni.jpg\",\"contentUrl\":\"https:\\\/\\\/puglialovesmatera.com\\\/wp-content\\\/uploads\\\/2024\\\/07\\\/Visita-guidata-Ostuni.jpg\",\"width\":500,\"height\":500},{\"@type\":\"BreadcrumbList\",\"@id\":\"https:\\\/\\\/puglialovesmatera.com\\\/fr\\\/visita-guidata\\\/visite-guidee-dostuni-la-ville-blanche\\\/#breadcrumb\",\"itemListElement\":[{\"@type\":\"ListItem\",\"position\":1,\"name\":\"Home\",\"item\":\"https:\\\/\\\/puglialovesmatera.com\\\/fr\\\/accueil-puglia-aime-matera-visites-guidees\\\/\"},{\"@type\":\"ListItem\",\"position\":2,\"name\":\"Toutes les visites guid\u00e9es\",\"item\":\"https:\\\/\\\/puglialovesmatera.com\\\/fr\\\/visites-tout-guidees\\\/\"},{\"@type\":\"ListItem\",\"position\":3,\"name\":\"Visite guid\u00e9e d&rsquo;Ostuni, la ville blanche\"}]},{\"@type\":\"WebSite\",\"@id\":\"https:\\\/\\\/puglialovesmatera.com\\\/fr\\\/#website\",\"url\":\"https:\\\/\\\/puglialovesmatera.com\\\/fr\\\/\",\"name\":\"Puglia Loves Matera\",\"description\":\"Ars Mediterranea Scario\",\"publisher\":{\"@id\":\"https:\\\/\\\/puglialovesmatera.com\\\/fr\\\/#organization\"},\"potentialAction\":[{\"@type\":\"SearchAction\",\"target\":{\"@type\":\"EntryPoint\",\"urlTemplate\":\"https:\\\/\\\/puglialovesmatera.com\\\/fr\\\/?s={search_term_string}\"},\"query-input\":{\"@type\":\"PropertyValueSpecification\",\"valueRequired\":true,\"valueName\":\"search_term_string\"}}],\"inLanguage\":\"fr-FR\"},{\"@type\":\"Organization\",\"@id\":\"https:\\\/\\\/puglialovesmatera.com\\\/fr\\\/#organization\",\"name\":\"Puglia Loves Matera\",\"url\":\"https:\\\/\\\/puglialovesmatera.com\\\/fr\\\/\",\"logo\":{\"@type\":\"ImageObject\",\"inLanguage\":\"fr-FR\",\"@id\":\"https:\\\/\\\/puglialovesmatera.com\\\/fr\\\/#\\\/schema\\\/logo\\\/image\\\/\",\"url\":\"https:\\\/\\\/puglialovesmatera.com\\\/wp-content\\\/uploads\\\/2024\\\/07\\\/Group-14.svg\",\"contentUrl\":\"https:\\\/\\\/puglialovesmatera.com\\\/wp-content\\\/uploads\\\/2024\\\/07\\\/Group-14.svg\",\"width\":371,\"height\":381,\"caption\":\"Puglia Loves Matera\"},\"image\":{\"@id\":\"https:\\\/\\\/puglialovesmatera.com\\\/fr\\\/#\\\/schema\\\/logo\\\/image\\\/\"}}]}<\/script>\n<!-- \/ Yoast SEO plugin. -->","yoast_head_json":{"title":"Visite guid\u00e9e d'Ostuni avec un guide professionnel agr\u00e9\u00e9","description":"Explorez Ostuni, la ville blanche, avec Alessandra Di Mauro, arch\u00e9ologue et guide touristique agr\u00e9\u00e9e. Visites personnalis\u00e9es avec un guide exp\u00e9riment\u00e9 et passionn\u00e9.","robots":{"index":"index","follow":"follow","max-snippet":"max-snippet:-1","max-image-preview":"max-image-preview:large","max-video-preview":"max-video-preview:-1"},"canonical":"https:\/\/puglialovesmatera.com\/fr\/visita-guidata\/visite-guidee-dostuni-la-ville-blanche\/","og_locale":"fr_FR","og_type":"article","og_title":"Visite guid\u00e9e d'Ostuni avec un guide professionnel agr\u00e9\u00e9","og_description":"Explorez Ostuni, la ville blanche, avec Alessandra Di Mauro, arch\u00e9ologue et guide touristique agr\u00e9\u00e9e. Visites personnalis\u00e9es avec un guide exp\u00e9riment\u00e9 et passionn\u00e9.","og_url":"https:\/\/puglialovesmatera.com\/fr\/visita-guidata\/visite-guidee-dostuni-la-ville-blanche\/","og_site_name":"Puglia Loves Matera","og_image":[{"width":500,"height":500,"url":"https:\/\/puglialovesmatera.com\/wp-content\/uploads\/2024\/07\/Visita-guidata-Ostuni.jpg","type":"image\/jpeg"}],"twitter_card":"summary_large_image","twitter_misc":{"Dur\u00e9e de lecture estim\u00e9e":"2 minutes"},"schema":{"@context":"https:\/\/schema.org","@graph":[{"@type":"WebPage","@id":"https:\/\/puglialovesmatera.com\/fr\/visita-guidata\/visite-guidee-dostuni-la-ville-blanche\/","url":"https:\/\/puglialovesmatera.com\/fr\/visita-guidata\/visite-guidee-dostuni-la-ville-blanche\/","name":"Visite guid\u00e9e d'Ostuni avec un guide professionnel agr\u00e9\u00e9","isPartOf":{"@id":"https:\/\/puglialovesmatera.com\/fr\/#website"},"primaryImageOfPage":{"@id":"https:\/\/puglialovesmatera.com\/fr\/visita-guidata\/visite-guidee-dostuni-la-ville-blanche\/#primaryimage"},"image":{"@id":"https:\/\/puglialovesmatera.com\/fr\/visita-guidata\/visite-guidee-dostuni-la-ville-blanche\/#primaryimage"},"thumbnailUrl":"https:\/\/puglialovesmatera.com\/wp-content\/uploads\/2024\/07\/Visita-guidata-Ostuni.jpg","datePublished":"2024-07-24T15:33:10+00:00","description":"Explorez Ostuni, la ville blanche, avec Alessandra Di Mauro, arch\u00e9ologue et guide touristique agr\u00e9\u00e9e. Visites personnalis\u00e9es avec un guide exp\u00e9riment\u00e9 et passionn\u00e9.","breadcrumb":{"@id":"https:\/\/puglialovesmatera.com\/fr\/visita-guidata\/visite-guidee-dostuni-la-ville-blanche\/#breadcrumb"},"inLanguage":"fr-FR","potentialAction":[{"@type":"ReadAction","target":["https:\/\/puglialovesmatera.com\/fr\/visita-guidata\/visite-guidee-dostuni-la-ville-blanche\/"]}]},{"@type":"ImageObject","inLanguage":"fr-FR","@id":"https:\/\/puglialovesmatera.com\/fr\/visita-guidata\/visite-guidee-dostuni-la-ville-blanche\/#primaryimage","url":"https:\/\/puglialovesmatera.com\/wp-content\/uploads\/2024\/07\/Visita-guidata-Ostuni.jpg","contentUrl":"https:\/\/puglialovesmatera.com\/wp-content\/uploads\/2024\/07\/Visita-guidata-Ostuni.jpg","width":500,"height":500},{"@type":"BreadcrumbList","@id":"https:\/\/puglialovesmatera.com\/fr\/visita-guidata\/visite-guidee-dostuni-la-ville-blanche\/#breadcrumb","itemListElement":[{"@type":"ListItem","position":1,"name":"Home","item":"https:\/\/puglialovesmatera.com\/fr\/accueil-puglia-aime-matera-visites-guidees\/"},{"@type":"ListItem","position":2,"name":"Toutes les visites guid\u00e9es","item":"https:\/\/puglialovesmatera.com\/fr\/visites-tout-guidees\/"},{"@type":"ListItem","position":3,"name":"Visite guid\u00e9e d&rsquo;Ostuni, la ville blanche"}]},{"@type":"WebSite","@id":"https:\/\/puglialovesmatera.com\/fr\/#website","url":"https:\/\/puglialovesmatera.com\/fr\/","name":"Puglia Loves Matera","description":"Ars Mediterranea Scario","publisher":{"@id":"https:\/\/puglialovesmatera.com\/fr\/#organization"},"potentialAction":[{"@type":"SearchAction","target":{"@type":"EntryPoint","urlTemplate":"https:\/\/puglialovesmatera.com\/fr\/?s={search_term_string}"},"query-input":{"@type":"PropertyValueSpecification","valueRequired":true,"valueName":"search_term_string"}}],"inLanguage":"fr-FR"},{"@type":"Organization","@id":"https:\/\/puglialovesmatera.com\/fr\/#organization","name":"Puglia Loves Matera","url":"https:\/\/puglialovesmatera.com\/fr\/","logo":{"@type":"ImageObject","inLanguage":"fr-FR","@id":"https:\/\/puglialovesmatera.com\/fr\/#\/schema\/logo\/image\/","url":"https:\/\/puglialovesmatera.com\/wp-content\/uploads\/2024\/07\/Group-14.svg","contentUrl":"https:\/\/puglialovesmatera.com\/wp-content\/uploads\/2024\/07\/Group-14.svg","width":371,"height":381,"caption":"Puglia Loves Matera"},"image":{"@id":"https:\/\/puglialovesmatera.com\/fr\/#\/schema\/logo\/image\/"}}]}},"_links":{"self":[{"href":"https:\/\/puglialovesmatera.com\/fr\/wp-json\/wp\/v2\/product\/3388","targetHints":{"allow":["GET"]}}],"collection":[{"href":"https:\/\/puglialovesmatera.com\/fr\/wp-json\/wp\/v2\/product"}],"about":[{"href":"https:\/\/puglialovesmatera.com\/fr\/wp-json\/wp\/v2\/types\/product"}],"replies":[{"embeddable":true,"href":"https:\/\/puglialovesmatera.com\/fr\/wp-json\/wp\/v2\/comments?post=3388"}],"wp:featuredmedia":[{"embeddable":true,"href":"https:\/\/puglialovesmatera.com\/fr\/wp-json\/wp\/v2\/media\/2749"}],"wp:attachment":[{"href":"https:\/\/puglialovesmatera.com\/fr\/wp-json\/wp\/v2\/media?parent=3388"}],"wp:term":[{"taxonomy":"product_brand","embeddable":true,"href":"https:\/\/puglialovesmatera.com\/fr\/wp-json\/wp\/v2\/product_brand?post=3388"},{"taxonomy":"product_cat","embeddable":true,"href":"https:\/\/puglialovesmatera.com\/fr\/wp-json\/wp\/v2\/product_cat?post=3388"},{"taxonomy":"product_tag","embeddable":true,"href":"https:\/\/puglialovesmatera.com\/fr\/wp-json\/wp\/v2\/product_tag?post=3388"}],"curies":[{"name":"wp","href":"https:\/\/api.w.org\/{rel}","templated":true}]}}