{"id":3396,"date":"2024-07-24T15:32:51","date_gmt":"2024-07-24T15:32:51","guid":{"rendered":"https:\/\/puglialovesmatera.com\/visita-guidata\/visite-guidee-de-locorotondo-et-de-son-cummerse\/"},"modified":"2024-07-24T15:32:51","modified_gmt":"2024-07-24T15:32:51","slug":"visite-guidee-de-locorotondo-et-de-son-cummerse","status":"publish","type":"product","link":"https:\/\/puglialovesmatera.com\/fr\/visita-guidata\/visite-guidee-de-locorotondo-et-de-son-cummerse\/","title":{"rendered":"Visite guid\u00e9e de Locorotondo et de son Cummerse"},"content":{"rendered":"<h3>D\u00e9but de la visite<\/h3>\n<p>  Mes visites guid\u00e9es de Locorotondo vous emm\u00e8neront \u00e0 la d\u00e9couverte de l&rsquo;un des plus beaux villages d&rsquo;Italie, c\u00e9l\u00e8bre pour ses maisons caract\u00e9ristiques appel\u00e9es \u00ab\u00a0Cummerse\u00a0\u00bb.<br \/>\nNous partirons de la place Mitrano, \u00e0 c\u00f4t\u00e9 du caf\u00e9 Agor\u00e0, et nous entrerons par l&rsquo;une des portes m\u00e9di\u00e9vales qui donnent acc\u00e8s \u00e0 la ville blanche.   <\/p>\n<h3>Architecture et atmosph\u00e8re de Locorotondo<\/h3>\n<p>  On remarque imm\u00e9diatement la forme radiocentrique de la vieille ville et l&rsquo;architecture typique des Cummerse, qui entourent le p\u00e9rim\u00e8tre ext\u00e9rieur du centre historique et les ruelles les plus cach\u00e9es.<br \/>\nLes Cummerse sont des b\u00e2timents caract\u00e9ristiques avec des toits en pente faits de dalles de calcaire, uniques en leur genre et un symbole distinctif de Locorotondo.<br \/>\nEn vous promenant dans ses rues \u00e9troites, vous d\u00e9couvrirez une atmosph\u00e8re sereine et d\u00e9tendue qui attire chaque ann\u00e9e des milliers de touristes.    <\/p>\n<h3>Points d&rsquo;int\u00e9r\u00eat historiques et architecturaux<\/h3>\n<p>  Au cours de la visite, nous nous prom\u00e8nerons dans le labyrinthe du village et atteindrons la chapelle de Saint-Nicolas de Myre, un lieu d&rsquo;une grande importance spirituelle et historique.<br \/>\nNous nous arr\u00eaterons ensuite \u00e0 l&rsquo;\u00e9glise m\u00e8re d\u00e9di\u00e9e \u00e0 saint Georges martyr, avec son imposante fa\u00e7ade et son int\u00e9rieur richement d\u00e9cor\u00e9.<br \/>\nNous continuerons vers la Tour de l&rsquo;Horloge, un point de rep\u00e8re historique et architectural de la ville, et le Palazzo Morelli, un exemple \u00e9l\u00e9gant de l&rsquo;architecture aristocratique locale.<br \/>\nChaque b\u00e2timent et chaque rue racontent une histoire, et je vous accompagnerai dans ce voyage \u00e0 travers le temps et les traditions de Locorotondo.     <\/p>\n<h3>Vue panoramique de la vall\u00e9e d&rsquo;Itria<\/h3>\n<p>  Nous terminerons notre visite guid\u00e9e par les jardins publics, d&rsquo;o\u00f9 nous jouirons d&rsquo;une splendide vue panoramique sur la vall\u00e9e d&rsquo;Itria.<br \/>\nCe point de vue offre une vue imprenable sur les vignobles, les oliveraies et les \u00e9tendues vertes qui caract\u00e9risent cette r\u00e9gion, ce qui constitue une exp\u00e9rience visuelle inoubliable.   <\/p>\n<h3>Informations compl\u00e9mentaires<\/h3>\n<p>  Mes visites guid\u00e9es \u00e0 Locorotondo sont une occasion unique pour tous ceux qui veulent en savoir plus sur l&rsquo;histoire, la culture et l&rsquo;architecture de ce village fascinant.<br \/>\nGr\u00e2ce \u00e0 ma formation continue et \u00e0 ma passion pour l&rsquo;histoire, je serai en mesure de vous faire participer \u00e0 un r\u00e9cit captivant et plein de d\u00e9tails, faisant de chaque visite une exp\u00e9rience unique.<br \/>\nL&rsquo;accent mis sur la personnalisation des visites me permet d&rsquo;adapter l&rsquo;itin\u00e9raire et les explications aux int\u00e9r\u00eats sp\u00e9cifiques des visiteurs, garantissant ainsi une exp\u00e9rience sur mesure et de grande qualit\u00e9.<br \/>\nMa ponctualit\u00e9 et ma fiabilit\u00e9 garantissent un service professionnel et impeccable.<br \/>\nNe manquez pas l&rsquo;occasion de faire un voyage dans le temps parmi les tr\u00e9sors de Locorotondo, o\u00f9 chaque coin de rue raconte une histoire et o\u00f9 chaque Cummersa est un exemple de ma\u00eetrise architecturale.<br \/>\nPour plus d&rsquo;informations et de r\u00e9servations, veuillez me contacter pour convenir du prix de la visite guid\u00e9e.<br \/>\nJe serai heureuse de vous accompagner dans cette extraordinaire aventure culturelle.      <\/p>\n","protected":false},"excerpt":{"rendered":"<p>Visites guid\u00e9es Locorotondo, avec son \u00ab\u00a0cummerse\u00a0\u00bb caract\u00e9ristique &#8211; des toits en pente recouverts de dalles de calcaire &#8211; est un autre joyau de la vall\u00e9e d&rsquo;Itria.<br \/>\nLa visite guid\u00e9e vous conduira \u00e0 travers la vieille ville, o\u00f9 vous pourrez admirer la chapelle de San Nicola, l&rsquo;\u00e9glise m\u00e8re de San Giorgio Martire et les charmantes ruelles \u00e9troites qui offrent une vue imprenable sur la vall\u00e9e en contrebas. <\/p>\n","protected":false},"featured_media":2737,"comment_status":"open","ping_status":"closed","template":"","meta":{"_acf_changed":false},"product_brand":[],"product_cat":[68],"product_tag":[],"class_list":{"0":"post-3396","1":"product","2":"type-product","3":"status-publish","4":"has-post-thumbnail","6":"product_cat-la-vallee-ditria-et-ses-villages-blancs","8":"first","9":"instock","10":"shipping-taxable","11":"product-type-simple"},"acf":[],"yoast_head":"<!-- This site is optimized with the Yoast SEO plugin v27.3 - https:\/\/yoast.com\/product\/yoast-seo-wordpress\/ -->\n<title>Visite guid\u00e9e de Locorotondo avec un guide professionnel agr\u00e9\u00e9<\/title>\n<meta name=\"description\" content=\"Explorez Locorotondo, l&#039;un des plus beaux villages d&#039;Italie, avec Alessandra Di Mauro, arch\u00e9ologue et guide touristique agr\u00e9\u00e9e. Visites personnalis\u00e9es avec un guide expert et passionn\u00e9.\" \/>\n<meta name=\"robots\" content=\"index, follow, max-snippet:-1, max-image-preview:large, max-video-preview:-1\" \/>\n<link rel=\"canonical\" href=\"https:\/\/puglialovesmatera.com\/fr\/visita-guidata\/visite-guidee-de-locorotondo-et-de-son-cummerse\/\" \/>\n<meta property=\"og:locale\" content=\"fr_FR\" \/>\n<meta property=\"og:type\" content=\"article\" \/>\n<meta property=\"og:title\" content=\"Visite guid\u00e9e de Locorotondo avec un guide professionnel agr\u00e9\u00e9\" \/>\n<meta property=\"og:description\" content=\"Explorez Locorotondo, l&#039;un des plus beaux villages d&#039;Italie, avec Alessandra Di Mauro, arch\u00e9ologue et guide touristique agr\u00e9\u00e9e. Visites personnalis\u00e9es avec un guide expert et passionn\u00e9.\" \/>\n<meta property=\"og:url\" content=\"https:\/\/puglialovesmatera.com\/fr\/visita-guidata\/visite-guidee-de-locorotondo-et-de-son-cummerse\/\" \/>\n<meta property=\"og:site_name\" content=\"Puglia Loves Matera\" \/>\n<meta property=\"og:image\" content=\"https:\/\/puglialovesmatera.com\/wp-content\/uploads\/2024\/07\/Visita-guidata-Locorotondo.jpg\" \/>\n\t<meta property=\"og:image:width\" content=\"500\" \/>\n\t<meta property=\"og:image:height\" content=\"500\" \/>\n\t<meta property=\"og:image:type\" content=\"image\/jpeg\" \/>\n<meta name=\"twitter:card\" content=\"summary_large_image\" \/>\n<meta name=\"twitter:label1\" content=\"Dur\u00e9e de lecture estim\u00e9e\" \/>\n\t<meta name=\"twitter:data1\" content=\"3 minutes\" \/>\n<script type=\"application\/ld+json\" class=\"yoast-schema-graph\">{\"@context\":\"https:\\\/\\\/schema.org\",\"@graph\":[{\"@type\":\"WebPage\",\"@id\":\"https:\\\/\\\/puglialovesmatera.com\\\/fr\\\/visita-guidata\\\/visite-guidee-de-locorotondo-et-de-son-cummerse\\\/\",\"url\":\"https:\\\/\\\/puglialovesmatera.com\\\/fr\\\/visita-guidata\\\/visite-guidee-de-locorotondo-et-de-son-cummerse\\\/\",\"name\":\"Visite guid\u00e9e de Locorotondo avec un guide professionnel agr\u00e9\u00e9\",\"isPartOf\":{\"@id\":\"https:\\\/\\\/puglialovesmatera.com\\\/fr\\\/#website\"},\"primaryImageOfPage\":{\"@id\":\"https:\\\/\\\/puglialovesmatera.com\\\/fr\\\/visita-guidata\\\/visite-guidee-de-locorotondo-et-de-son-cummerse\\\/#primaryimage\"},\"image\":{\"@id\":\"https:\\\/\\\/puglialovesmatera.com\\\/fr\\\/visita-guidata\\\/visite-guidee-de-locorotondo-et-de-son-cummerse\\\/#primaryimage\"},\"thumbnailUrl\":\"https:\\\/\\\/puglialovesmatera.com\\\/wp-content\\\/uploads\\\/2024\\\/07\\\/Visita-guidata-Locorotondo.jpg\",\"datePublished\":\"2024-07-24T15:32:51+00:00\",\"description\":\"Explorez Locorotondo, l'un des plus beaux villages d'Italie, avec Alessandra Di Mauro, arch\u00e9ologue et guide touristique agr\u00e9\u00e9e. Visites personnalis\u00e9es avec un guide expert et passionn\u00e9.\",\"breadcrumb\":{\"@id\":\"https:\\\/\\\/puglialovesmatera.com\\\/fr\\\/visita-guidata\\\/visite-guidee-de-locorotondo-et-de-son-cummerse\\\/#breadcrumb\"},\"inLanguage\":\"fr-FR\",\"potentialAction\":[{\"@type\":\"ReadAction\",\"target\":[\"https:\\\/\\\/puglialovesmatera.com\\\/fr\\\/visita-guidata\\\/visite-guidee-de-locorotondo-et-de-son-cummerse\\\/\"]}]},{\"@type\":\"ImageObject\",\"inLanguage\":\"fr-FR\",\"@id\":\"https:\\\/\\\/puglialovesmatera.com\\\/fr\\\/visita-guidata\\\/visite-guidee-de-locorotondo-et-de-son-cummerse\\\/#primaryimage\",\"url\":\"https:\\\/\\\/puglialovesmatera.com\\\/wp-content\\\/uploads\\\/2024\\\/07\\\/Visita-guidata-Locorotondo.jpg\",\"contentUrl\":\"https:\\\/\\\/puglialovesmatera.com\\\/wp-content\\\/uploads\\\/2024\\\/07\\\/Visita-guidata-Locorotondo.jpg\",\"width\":500,\"height\":500},{\"@type\":\"BreadcrumbList\",\"@id\":\"https:\\\/\\\/puglialovesmatera.com\\\/fr\\\/visita-guidata\\\/visite-guidee-de-locorotondo-et-de-son-cummerse\\\/#breadcrumb\",\"itemListElement\":[{\"@type\":\"ListItem\",\"position\":1,\"name\":\"Home\",\"item\":\"https:\\\/\\\/puglialovesmatera.com\\\/fr\\\/accueil-puglia-aime-matera-visites-guidees\\\/\"},{\"@type\":\"ListItem\",\"position\":2,\"name\":\"Toutes les visites guid\u00e9es\",\"item\":\"https:\\\/\\\/puglialovesmatera.com\\\/fr\\\/visites-tout-guidees\\\/\"},{\"@type\":\"ListItem\",\"position\":3,\"name\":\"Visite guid\u00e9e de Locorotondo et de son Cummerse\"}]},{\"@type\":\"WebSite\",\"@id\":\"https:\\\/\\\/puglialovesmatera.com\\\/fr\\\/#website\",\"url\":\"https:\\\/\\\/puglialovesmatera.com\\\/fr\\\/\",\"name\":\"Puglia Loves Matera\",\"description\":\"Ars Mediterranea Scario\",\"publisher\":{\"@id\":\"https:\\\/\\\/puglialovesmatera.com\\\/fr\\\/#organization\"},\"potentialAction\":[{\"@type\":\"SearchAction\",\"target\":{\"@type\":\"EntryPoint\",\"urlTemplate\":\"https:\\\/\\\/puglialovesmatera.com\\\/fr\\\/?s={search_term_string}\"},\"query-input\":{\"@type\":\"PropertyValueSpecification\",\"valueRequired\":true,\"valueName\":\"search_term_string\"}}],\"inLanguage\":\"fr-FR\"},{\"@type\":\"Organization\",\"@id\":\"https:\\\/\\\/puglialovesmatera.com\\\/fr\\\/#organization\",\"name\":\"Puglia Loves Matera\",\"url\":\"https:\\\/\\\/puglialovesmatera.com\\\/fr\\\/\",\"logo\":{\"@type\":\"ImageObject\",\"inLanguage\":\"fr-FR\",\"@id\":\"https:\\\/\\\/puglialovesmatera.com\\\/fr\\\/#\\\/schema\\\/logo\\\/image\\\/\",\"url\":\"https:\\\/\\\/puglialovesmatera.com\\\/wp-content\\\/uploads\\\/2024\\\/07\\\/Group-14.svg\",\"contentUrl\":\"https:\\\/\\\/puglialovesmatera.com\\\/wp-content\\\/uploads\\\/2024\\\/07\\\/Group-14.svg\",\"width\":371,\"height\":381,\"caption\":\"Puglia Loves Matera\"},\"image\":{\"@id\":\"https:\\\/\\\/puglialovesmatera.com\\\/fr\\\/#\\\/schema\\\/logo\\\/image\\\/\"}}]}<\/script>\n<!-- \/ Yoast SEO plugin. -->","yoast_head_json":{"title":"Visite guid\u00e9e de Locorotondo avec un guide professionnel agr\u00e9\u00e9","description":"Explorez Locorotondo, l'un des plus beaux villages d'Italie, avec Alessandra Di Mauro, arch\u00e9ologue et guide touristique agr\u00e9\u00e9e. Visites personnalis\u00e9es avec un guide expert et passionn\u00e9.","robots":{"index":"index","follow":"follow","max-snippet":"max-snippet:-1","max-image-preview":"max-image-preview:large","max-video-preview":"max-video-preview:-1"},"canonical":"https:\/\/puglialovesmatera.com\/fr\/visita-guidata\/visite-guidee-de-locorotondo-et-de-son-cummerse\/","og_locale":"fr_FR","og_type":"article","og_title":"Visite guid\u00e9e de Locorotondo avec un guide professionnel agr\u00e9\u00e9","og_description":"Explorez Locorotondo, l'un des plus beaux villages d'Italie, avec Alessandra Di Mauro, arch\u00e9ologue et guide touristique agr\u00e9\u00e9e. Visites personnalis\u00e9es avec un guide expert et passionn\u00e9.","og_url":"https:\/\/puglialovesmatera.com\/fr\/visita-guidata\/visite-guidee-de-locorotondo-et-de-son-cummerse\/","og_site_name":"Puglia Loves Matera","og_image":[{"width":500,"height":500,"url":"https:\/\/puglialovesmatera.com\/wp-content\/uploads\/2024\/07\/Visita-guidata-Locorotondo.jpg","type":"image\/jpeg"}],"twitter_card":"summary_large_image","twitter_misc":{"Dur\u00e9e de lecture estim\u00e9e":"3 minutes"},"schema":{"@context":"https:\/\/schema.org","@graph":[{"@type":"WebPage","@id":"https:\/\/puglialovesmatera.com\/fr\/visita-guidata\/visite-guidee-de-locorotondo-et-de-son-cummerse\/","url":"https:\/\/puglialovesmatera.com\/fr\/visita-guidata\/visite-guidee-de-locorotondo-et-de-son-cummerse\/","name":"Visite guid\u00e9e de Locorotondo avec un guide professionnel agr\u00e9\u00e9","isPartOf":{"@id":"https:\/\/puglialovesmatera.com\/fr\/#website"},"primaryImageOfPage":{"@id":"https:\/\/puglialovesmatera.com\/fr\/visita-guidata\/visite-guidee-de-locorotondo-et-de-son-cummerse\/#primaryimage"},"image":{"@id":"https:\/\/puglialovesmatera.com\/fr\/visita-guidata\/visite-guidee-de-locorotondo-et-de-son-cummerse\/#primaryimage"},"thumbnailUrl":"https:\/\/puglialovesmatera.com\/wp-content\/uploads\/2024\/07\/Visita-guidata-Locorotondo.jpg","datePublished":"2024-07-24T15:32:51+00:00","description":"Explorez Locorotondo, l'un des plus beaux villages d'Italie, avec Alessandra Di Mauro, arch\u00e9ologue et guide touristique agr\u00e9\u00e9e. Visites personnalis\u00e9es avec un guide expert et passionn\u00e9.","breadcrumb":{"@id":"https:\/\/puglialovesmatera.com\/fr\/visita-guidata\/visite-guidee-de-locorotondo-et-de-son-cummerse\/#breadcrumb"},"inLanguage":"fr-FR","potentialAction":[{"@type":"ReadAction","target":["https:\/\/puglialovesmatera.com\/fr\/visita-guidata\/visite-guidee-de-locorotondo-et-de-son-cummerse\/"]}]},{"@type":"ImageObject","inLanguage":"fr-FR","@id":"https:\/\/puglialovesmatera.com\/fr\/visita-guidata\/visite-guidee-de-locorotondo-et-de-son-cummerse\/#primaryimage","url":"https:\/\/puglialovesmatera.com\/wp-content\/uploads\/2024\/07\/Visita-guidata-Locorotondo.jpg","contentUrl":"https:\/\/puglialovesmatera.com\/wp-content\/uploads\/2024\/07\/Visita-guidata-Locorotondo.jpg","width":500,"height":500},{"@type":"BreadcrumbList","@id":"https:\/\/puglialovesmatera.com\/fr\/visita-guidata\/visite-guidee-de-locorotondo-et-de-son-cummerse\/#breadcrumb","itemListElement":[{"@type":"ListItem","position":1,"name":"Home","item":"https:\/\/puglialovesmatera.com\/fr\/accueil-puglia-aime-matera-visites-guidees\/"},{"@type":"ListItem","position":2,"name":"Toutes les visites guid\u00e9es","item":"https:\/\/puglialovesmatera.com\/fr\/visites-tout-guidees\/"},{"@type":"ListItem","position":3,"name":"Visite guid\u00e9e de Locorotondo et de son Cummerse"}]},{"@type":"WebSite","@id":"https:\/\/puglialovesmatera.com\/fr\/#website","url":"https:\/\/puglialovesmatera.com\/fr\/","name":"Puglia Loves Matera","description":"Ars Mediterranea Scario","publisher":{"@id":"https:\/\/puglialovesmatera.com\/fr\/#organization"},"potentialAction":[{"@type":"SearchAction","target":{"@type":"EntryPoint","urlTemplate":"https:\/\/puglialovesmatera.com\/fr\/?s={search_term_string}"},"query-input":{"@type":"PropertyValueSpecification","valueRequired":true,"valueName":"search_term_string"}}],"inLanguage":"fr-FR"},{"@type":"Organization","@id":"https:\/\/puglialovesmatera.com\/fr\/#organization","name":"Puglia Loves Matera","url":"https:\/\/puglialovesmatera.com\/fr\/","logo":{"@type":"ImageObject","inLanguage":"fr-FR","@id":"https:\/\/puglialovesmatera.com\/fr\/#\/schema\/logo\/image\/","url":"https:\/\/puglialovesmatera.com\/wp-content\/uploads\/2024\/07\/Group-14.svg","contentUrl":"https:\/\/puglialovesmatera.com\/wp-content\/uploads\/2024\/07\/Group-14.svg","width":371,"height":381,"caption":"Puglia Loves Matera"},"image":{"@id":"https:\/\/puglialovesmatera.com\/fr\/#\/schema\/logo\/image\/"}}]}},"_links":{"self":[{"href":"https:\/\/puglialovesmatera.com\/fr\/wp-json\/wp\/v2\/product\/3396","targetHints":{"allow":["GET"]}}],"collection":[{"href":"https:\/\/puglialovesmatera.com\/fr\/wp-json\/wp\/v2\/product"}],"about":[{"href":"https:\/\/puglialovesmatera.com\/fr\/wp-json\/wp\/v2\/types\/product"}],"replies":[{"embeddable":true,"href":"https:\/\/puglialovesmatera.com\/fr\/wp-json\/wp\/v2\/comments?post=3396"}],"wp:featuredmedia":[{"embeddable":true,"href":"https:\/\/puglialovesmatera.com\/fr\/wp-json\/wp\/v2\/media\/2737"}],"wp:attachment":[{"href":"https:\/\/puglialovesmatera.com\/fr\/wp-json\/wp\/v2\/media?parent=3396"}],"wp:term":[{"taxonomy":"product_brand","embeddable":true,"href":"https:\/\/puglialovesmatera.com\/fr\/wp-json\/wp\/v2\/product_brand?post=3396"},{"taxonomy":"product_cat","embeddable":true,"href":"https:\/\/puglialovesmatera.com\/fr\/wp-json\/wp\/v2\/product_cat?post=3396"},{"taxonomy":"product_tag","embeddable":true,"href":"https:\/\/puglialovesmatera.com\/fr\/wp-json\/wp\/v2\/product_tag?post=3396"}],"curies":[{"name":"wp","href":"https:\/\/api.w.org\/{rel}","templated":true}]}}