{"id":3404,"date":"2024-07-24T15:32:32","date_gmt":"2024-07-24T15:32:32","guid":{"rendered":"https:\/\/puglialovesmatera.com\/visita-guidata\/visite-guidee-de-martina-franca-et-de-son-baroque\/"},"modified":"2024-07-24T15:32:32","modified_gmt":"2024-07-24T15:32:32","slug":"visite-guidee-de-martina-franca-et-de-son-baroque","status":"publish","type":"product","link":"https:\/\/puglialovesmatera.com\/fr\/visita-guidata\/visite-guidee-de-martina-franca-et-de-son-baroque\/","title":{"rendered":"Visite guid\u00e9e de Martina Franca et de son baroque"},"content":{"rendered":"<h3>D\u00e9but de la visite<\/h3>\n<p>  Mes visites guid\u00e9es de Martina Franca vous emm\u00e8neront \u00e0 la d\u00e9couverte d&rsquo;une ville riche en histoire et en art, c\u00e9l\u00e8bre pour son splendide style baroque.<br \/>\nMartina Franca tire la premi\u00e8re partie de son nom, \u00ab\u00a0Martina\u00a0\u00bb, de la d\u00e9votion populaire \u00e0 saint Martin de Tours ; l&rsquo;adjectif \u00ab\u00a0Franca\u00a0\u00bb a \u00e9t\u00e9 ajout\u00e9 au XIVe si\u00e8cle par les Angevins, dont le r\u00f4le a \u00e9t\u00e9 essentiel pour le d\u00e9veloppement de la ville.   <\/p>\n<h3>Centre historique de Martina Franca<\/h3>\n<p>  La visite guid\u00e9e se concentrera sur le baroque, un \u00e9l\u00e9ment pour lequel Martina Franca peut \u00eatre consid\u00e9r\u00e9e comme une digne rivale de Lecce.<br \/>\nNous commencerons notre visite en admirant la Porta Santo Stefano, l&rsquo;entr\u00e9e principale du centre historique, et nous p\u00e9n\u00e9trerons dans les charmantes rues de la ville.<br \/>\nAu cours de notre visite, je vous montrerai quelques-uns des plus beaux palais aristocratiques historiques qui donnent de l&rsquo;\u00e9clat \u00e0 la ville, chacun avec sa propre histoire et son architecture unique.    <\/p>\n<h3>Palais Ducal et Basilique de San Martino<\/h3>\n<p>  Nous continuerons vers le majestueux Palais Ducal, o\u00f9 nous aurons l&rsquo;occasion de visiter le premier \u00e9tage, r\u00e9cemment rendu accessible \u00e0 la communaut\u00e9 et \u00e0 de nombreux voyageurs.<br \/>\nCe palais est un magnifique exemple d&rsquo;architecture baroque et abrite de nombreuses \u0153uvres d&rsquo;art et fresques de grande valeur historique.<br \/>\nNous nous arr\u00eaterons ensuite \u00e0 la basilique de San Martino, chef-d&rsquo;\u0153uvre du baroque apulien, d\u00e9di\u00e9e au saint patron de la ville.<br \/>\nNous admirerons sa fa\u00e7ade richement d\u00e9cor\u00e9e et son int\u00e9rieur majestueux, o\u00f9 l&rsquo;on peut voir de nombreuses \u0153uvres d&rsquo;art sacr\u00e9.     <\/p>\n<h3>\u00c9glise de San Domenico et palais historiques<\/h3>\n<p>  Nous poursuivons notre visite avec l&rsquo;\u00e9glise de San Domenico, un autre joyau baroque, \u00e0 la fa\u00e7ade imposante et \u00e0 l&rsquo;int\u00e9rieur fascinant.<br \/>\nEn chemin, nous vous indiquerons les innombrables palais nobles historiques, chacun avec son histoire unique, qui pars\u00e8ment le centre historique de Martina Franca.   <\/p>\n<h3>Festival de la vall\u00e9e d&rsquo;Itria<\/h3>\n<p>  Au cours de la visite, je vous parlerai du Festival della Valle d&rsquo;Itria, un \u00e9v\u00e9nement culturel majeur qui attire chaque ann\u00e9e des milliers de spectateurs du monde entier.<br \/>\nCe festival c\u00e9l\u00e8bre l&rsquo;op\u00e9ra et la musique lyrique, contribuant ainsi \u00e0 maintenir vivante la tradition culturelle de la ville.   <\/p>\n<h3><strong>Informations compl\u00e9mentaires<\/strong><\/h3>\n<p>  Mes visites guid\u00e9es de Martina Franca constituent une occasion unique pour tous ceux qui souhaitent en savoir plus sur l&rsquo;histoire, la culture et l&rsquo;art de cette ville fascinante.<br \/>\nGr\u00e2ce \u00e0 ma formation continue et \u00e0 ma passion pour l&rsquo;histoire, je serai en mesure de vous faire participer \u00e0 un r\u00e9cit captivant et plein de d\u00e9tails, faisant de chaque visite une exp\u00e9rience unique.<br \/>\nL&rsquo;accent mis sur la personnalisation des visites me permet d&rsquo;adapter l&rsquo;itin\u00e9raire et les explications aux int\u00e9r\u00eats sp\u00e9cifiques des visiteurs, garantissant ainsi une exp\u00e9rience sur mesure et de grande qualit\u00e9.<br \/>\nMa ponctualit\u00e9 et ma fiabilit\u00e9 garantissent un service professionnel et impeccable.<br \/>\nNe manquez pas l&rsquo;occasion de faire un voyage dans le temps parmi les tr\u00e9sors de Martina Franca, o\u00f9 chaque coin de rue raconte une histoire et o\u00f9 chaque b\u00e2timent est un exemple de la ma\u00eetrise architecturale baroque.<br \/>\nPour plus d&rsquo;informations et de r\u00e9servations, contactez-moi pour convenir du prix de la visite guid\u00e9e.<br \/>\nJe serai heureuse de vous accompagner dans cette extraordinaire aventure culturelle et artistique.      <\/p>\n","protected":false},"excerpt":{"rendered":"<p>Visites guid\u00e9es de Martina Franca, connue pour son architecture baroque.<br \/>\nAu cours de la visite guid\u00e9e, vous d\u00e9couvrirez les principaux monuments, dont la majestueuse basilique de San Martino, le Palazzo Ducale et l&rsquo;\u00e9glise de San Domenico.<br \/>\nD\u00e9couvrez l&rsquo;histoire de la ville, son r\u00f4le dans le festival de la vall\u00e9e d&rsquo;Itria, et admirez les splendides palais nobles qui ornent le centre historique.  <\/p>\n","protected":false},"featured_media":2767,"comment_status":"open","ping_status":"closed","template":"","meta":{"_acf_changed":false},"product_brand":[],"product_cat":[68],"product_tag":[],"class_list":{"0":"post-3404","1":"product","2":"type-product","3":"status-publish","4":"has-post-thumbnail","6":"product_cat-la-vallee-ditria-et-ses-villages-blancs","8":"first","9":"instock","10":"shipping-taxable","11":"product-type-simple"},"acf":[],"yoast_head":"<!-- This site is optimized with the Yoast SEO plugin v27.3 - https:\/\/yoast.com\/product\/yoast-seo-wordpress\/ -->\n<title>Visite guid\u00e9e de Martina Franca avec un guide agr\u00e9\u00e9<\/title>\n<meta name=\"description\" content=\"Explorez Martina Franca et son magnifique style baroque avec Alessandra Di Mauro, arch\u00e9ologue et guide touristique agr\u00e9\u00e9e. Voir les tarifs\" \/>\n<meta name=\"robots\" content=\"index, follow, max-snippet:-1, max-image-preview:large, max-video-preview:-1\" \/>\n<link rel=\"canonical\" href=\"https:\/\/puglialovesmatera.com\/fr\/visita-guidata\/visite-guidee-de-martina-franca-et-de-son-baroque\/\" \/>\n<meta property=\"og:locale\" content=\"fr_FR\" \/>\n<meta property=\"og:type\" content=\"article\" \/>\n<meta property=\"og:title\" content=\"Visite guid\u00e9e de Martina Franca avec un guide agr\u00e9\u00e9\" \/>\n<meta property=\"og:description\" content=\"Explorez Martina Franca et son magnifique style baroque avec Alessandra Di Mauro, arch\u00e9ologue et guide touristique agr\u00e9\u00e9e. Voir les tarifs\" \/>\n<meta property=\"og:url\" content=\"https:\/\/puglialovesmatera.com\/fr\/visita-guidata\/visite-guidee-de-martina-franca-et-de-son-baroque\/\" \/>\n<meta property=\"og:site_name\" content=\"Puglia Loves Matera\" \/>\n<meta property=\"og:image\" content=\"https:\/\/puglialovesmatera.com\/wp-content\/uploads\/2024\/07\/Visita-guidata-Martina-Franca.jpg\" \/>\n\t<meta property=\"og:image:width\" content=\"500\" \/>\n\t<meta property=\"og:image:height\" content=\"500\" \/>\n\t<meta property=\"og:image:type\" content=\"image\/jpeg\" \/>\n<meta name=\"twitter:card\" content=\"summary_large_image\" \/>\n<meta name=\"twitter:label1\" content=\"Dur\u00e9e de lecture estim\u00e9e\" \/>\n\t<meta name=\"twitter:data1\" content=\"3 minutes\" \/>\n<script type=\"application\/ld+json\" class=\"yoast-schema-graph\">{\"@context\":\"https:\\\/\\\/schema.org\",\"@graph\":[{\"@type\":\"WebPage\",\"@id\":\"https:\\\/\\\/puglialovesmatera.com\\\/fr\\\/visita-guidata\\\/visite-guidee-de-martina-franca-et-de-son-baroque\\\/\",\"url\":\"https:\\\/\\\/puglialovesmatera.com\\\/fr\\\/visita-guidata\\\/visite-guidee-de-martina-franca-et-de-son-baroque\\\/\",\"name\":\"Visite guid\u00e9e de Martina Franca avec un guide agr\u00e9\u00e9\",\"isPartOf\":{\"@id\":\"https:\\\/\\\/puglialovesmatera.com\\\/fr\\\/#website\"},\"primaryImageOfPage\":{\"@id\":\"https:\\\/\\\/puglialovesmatera.com\\\/fr\\\/visita-guidata\\\/visite-guidee-de-martina-franca-et-de-son-baroque\\\/#primaryimage\"},\"image\":{\"@id\":\"https:\\\/\\\/puglialovesmatera.com\\\/fr\\\/visita-guidata\\\/visite-guidee-de-martina-franca-et-de-son-baroque\\\/#primaryimage\"},\"thumbnailUrl\":\"https:\\\/\\\/puglialovesmatera.com\\\/wp-content\\\/uploads\\\/2024\\\/07\\\/Visita-guidata-Martina-Franca.jpg\",\"datePublished\":\"2024-07-24T15:32:32+00:00\",\"description\":\"Explorez Martina Franca et son magnifique style baroque avec Alessandra Di Mauro, arch\u00e9ologue et guide touristique agr\u00e9\u00e9e. Voir les tarifs\",\"breadcrumb\":{\"@id\":\"https:\\\/\\\/puglialovesmatera.com\\\/fr\\\/visita-guidata\\\/visite-guidee-de-martina-franca-et-de-son-baroque\\\/#breadcrumb\"},\"inLanguage\":\"fr-FR\",\"potentialAction\":[{\"@type\":\"ReadAction\",\"target\":[\"https:\\\/\\\/puglialovesmatera.com\\\/fr\\\/visita-guidata\\\/visite-guidee-de-martina-franca-et-de-son-baroque\\\/\"]}]},{\"@type\":\"ImageObject\",\"inLanguage\":\"fr-FR\",\"@id\":\"https:\\\/\\\/puglialovesmatera.com\\\/fr\\\/visita-guidata\\\/visite-guidee-de-martina-franca-et-de-son-baroque\\\/#primaryimage\",\"url\":\"https:\\\/\\\/puglialovesmatera.com\\\/wp-content\\\/uploads\\\/2024\\\/07\\\/Visita-guidata-Martina-Franca.jpg\",\"contentUrl\":\"https:\\\/\\\/puglialovesmatera.com\\\/wp-content\\\/uploads\\\/2024\\\/07\\\/Visita-guidata-Martina-Franca.jpg\",\"width\":500,\"height\":500},{\"@type\":\"BreadcrumbList\",\"@id\":\"https:\\\/\\\/puglialovesmatera.com\\\/fr\\\/visita-guidata\\\/visite-guidee-de-martina-franca-et-de-son-baroque\\\/#breadcrumb\",\"itemListElement\":[{\"@type\":\"ListItem\",\"position\":1,\"name\":\"Home\",\"item\":\"https:\\\/\\\/puglialovesmatera.com\\\/fr\\\/accueil-puglia-aime-matera-visites-guidees\\\/\"},{\"@type\":\"ListItem\",\"position\":2,\"name\":\"Toutes les visites guid\u00e9es\",\"item\":\"https:\\\/\\\/puglialovesmatera.com\\\/fr\\\/visites-tout-guidees\\\/\"},{\"@type\":\"ListItem\",\"position\":3,\"name\":\"Visite guid\u00e9e de Martina Franca et de son baroque\"}]},{\"@type\":\"WebSite\",\"@id\":\"https:\\\/\\\/puglialovesmatera.com\\\/fr\\\/#website\",\"url\":\"https:\\\/\\\/puglialovesmatera.com\\\/fr\\\/\",\"name\":\"Puglia Loves Matera\",\"description\":\"Ars Mediterranea Scario\",\"publisher\":{\"@id\":\"https:\\\/\\\/puglialovesmatera.com\\\/fr\\\/#organization\"},\"potentialAction\":[{\"@type\":\"SearchAction\",\"target\":{\"@type\":\"EntryPoint\",\"urlTemplate\":\"https:\\\/\\\/puglialovesmatera.com\\\/fr\\\/?s={search_term_string}\"},\"query-input\":{\"@type\":\"PropertyValueSpecification\",\"valueRequired\":true,\"valueName\":\"search_term_string\"}}],\"inLanguage\":\"fr-FR\"},{\"@type\":\"Organization\",\"@id\":\"https:\\\/\\\/puglialovesmatera.com\\\/fr\\\/#organization\",\"name\":\"Puglia Loves Matera\",\"url\":\"https:\\\/\\\/puglialovesmatera.com\\\/fr\\\/\",\"logo\":{\"@type\":\"ImageObject\",\"inLanguage\":\"fr-FR\",\"@id\":\"https:\\\/\\\/puglialovesmatera.com\\\/fr\\\/#\\\/schema\\\/logo\\\/image\\\/\",\"url\":\"https:\\\/\\\/puglialovesmatera.com\\\/wp-content\\\/uploads\\\/2024\\\/07\\\/Group-14.svg\",\"contentUrl\":\"https:\\\/\\\/puglialovesmatera.com\\\/wp-content\\\/uploads\\\/2024\\\/07\\\/Group-14.svg\",\"width\":371,\"height\":381,\"caption\":\"Puglia Loves Matera\"},\"image\":{\"@id\":\"https:\\\/\\\/puglialovesmatera.com\\\/fr\\\/#\\\/schema\\\/logo\\\/image\\\/\"}}]}<\/script>\n<!-- \/ Yoast SEO plugin. -->","yoast_head_json":{"title":"Visite guid\u00e9e de Martina Franca avec un guide agr\u00e9\u00e9","description":"Explorez Martina Franca et son magnifique style baroque avec Alessandra Di Mauro, arch\u00e9ologue et guide touristique agr\u00e9\u00e9e. Voir les tarifs","robots":{"index":"index","follow":"follow","max-snippet":"max-snippet:-1","max-image-preview":"max-image-preview:large","max-video-preview":"max-video-preview:-1"},"canonical":"https:\/\/puglialovesmatera.com\/fr\/visita-guidata\/visite-guidee-de-martina-franca-et-de-son-baroque\/","og_locale":"fr_FR","og_type":"article","og_title":"Visite guid\u00e9e de Martina Franca avec un guide agr\u00e9\u00e9","og_description":"Explorez Martina Franca et son magnifique style baroque avec Alessandra Di Mauro, arch\u00e9ologue et guide touristique agr\u00e9\u00e9e. Voir les tarifs","og_url":"https:\/\/puglialovesmatera.com\/fr\/visita-guidata\/visite-guidee-de-martina-franca-et-de-son-baroque\/","og_site_name":"Puglia Loves Matera","og_image":[{"width":500,"height":500,"url":"https:\/\/puglialovesmatera.com\/wp-content\/uploads\/2024\/07\/Visita-guidata-Martina-Franca.jpg","type":"image\/jpeg"}],"twitter_card":"summary_large_image","twitter_misc":{"Dur\u00e9e de lecture estim\u00e9e":"3 minutes"},"schema":{"@context":"https:\/\/schema.org","@graph":[{"@type":"WebPage","@id":"https:\/\/puglialovesmatera.com\/fr\/visita-guidata\/visite-guidee-de-martina-franca-et-de-son-baroque\/","url":"https:\/\/puglialovesmatera.com\/fr\/visita-guidata\/visite-guidee-de-martina-franca-et-de-son-baroque\/","name":"Visite guid\u00e9e de Martina Franca avec un guide agr\u00e9\u00e9","isPartOf":{"@id":"https:\/\/puglialovesmatera.com\/fr\/#website"},"primaryImageOfPage":{"@id":"https:\/\/puglialovesmatera.com\/fr\/visita-guidata\/visite-guidee-de-martina-franca-et-de-son-baroque\/#primaryimage"},"image":{"@id":"https:\/\/puglialovesmatera.com\/fr\/visita-guidata\/visite-guidee-de-martina-franca-et-de-son-baroque\/#primaryimage"},"thumbnailUrl":"https:\/\/puglialovesmatera.com\/wp-content\/uploads\/2024\/07\/Visita-guidata-Martina-Franca.jpg","datePublished":"2024-07-24T15:32:32+00:00","description":"Explorez Martina Franca et son magnifique style baroque avec Alessandra Di Mauro, arch\u00e9ologue et guide touristique agr\u00e9\u00e9e. Voir les tarifs","breadcrumb":{"@id":"https:\/\/puglialovesmatera.com\/fr\/visita-guidata\/visite-guidee-de-martina-franca-et-de-son-baroque\/#breadcrumb"},"inLanguage":"fr-FR","potentialAction":[{"@type":"ReadAction","target":["https:\/\/puglialovesmatera.com\/fr\/visita-guidata\/visite-guidee-de-martina-franca-et-de-son-baroque\/"]}]},{"@type":"ImageObject","inLanguage":"fr-FR","@id":"https:\/\/puglialovesmatera.com\/fr\/visita-guidata\/visite-guidee-de-martina-franca-et-de-son-baroque\/#primaryimage","url":"https:\/\/puglialovesmatera.com\/wp-content\/uploads\/2024\/07\/Visita-guidata-Martina-Franca.jpg","contentUrl":"https:\/\/puglialovesmatera.com\/wp-content\/uploads\/2024\/07\/Visita-guidata-Martina-Franca.jpg","width":500,"height":500},{"@type":"BreadcrumbList","@id":"https:\/\/puglialovesmatera.com\/fr\/visita-guidata\/visite-guidee-de-martina-franca-et-de-son-baroque\/#breadcrumb","itemListElement":[{"@type":"ListItem","position":1,"name":"Home","item":"https:\/\/puglialovesmatera.com\/fr\/accueil-puglia-aime-matera-visites-guidees\/"},{"@type":"ListItem","position":2,"name":"Toutes les visites guid\u00e9es","item":"https:\/\/puglialovesmatera.com\/fr\/visites-tout-guidees\/"},{"@type":"ListItem","position":3,"name":"Visite guid\u00e9e de Martina Franca et de son baroque"}]},{"@type":"WebSite","@id":"https:\/\/puglialovesmatera.com\/fr\/#website","url":"https:\/\/puglialovesmatera.com\/fr\/","name":"Puglia Loves Matera","description":"Ars Mediterranea Scario","publisher":{"@id":"https:\/\/puglialovesmatera.com\/fr\/#organization"},"potentialAction":[{"@type":"SearchAction","target":{"@type":"EntryPoint","urlTemplate":"https:\/\/puglialovesmatera.com\/fr\/?s={search_term_string}"},"query-input":{"@type":"PropertyValueSpecification","valueRequired":true,"valueName":"search_term_string"}}],"inLanguage":"fr-FR"},{"@type":"Organization","@id":"https:\/\/puglialovesmatera.com\/fr\/#organization","name":"Puglia Loves Matera","url":"https:\/\/puglialovesmatera.com\/fr\/","logo":{"@type":"ImageObject","inLanguage":"fr-FR","@id":"https:\/\/puglialovesmatera.com\/fr\/#\/schema\/logo\/image\/","url":"https:\/\/puglialovesmatera.com\/wp-content\/uploads\/2024\/07\/Group-14.svg","contentUrl":"https:\/\/puglialovesmatera.com\/wp-content\/uploads\/2024\/07\/Group-14.svg","width":371,"height":381,"caption":"Puglia Loves Matera"},"image":{"@id":"https:\/\/puglialovesmatera.com\/fr\/#\/schema\/logo\/image\/"}}]}},"_links":{"self":[{"href":"https:\/\/puglialovesmatera.com\/fr\/wp-json\/wp\/v2\/product\/3404","targetHints":{"allow":["GET"]}}],"collection":[{"href":"https:\/\/puglialovesmatera.com\/fr\/wp-json\/wp\/v2\/product"}],"about":[{"href":"https:\/\/puglialovesmatera.com\/fr\/wp-json\/wp\/v2\/types\/product"}],"replies":[{"embeddable":true,"href":"https:\/\/puglialovesmatera.com\/fr\/wp-json\/wp\/v2\/comments?post=3404"}],"wp:featuredmedia":[{"embeddable":true,"href":"https:\/\/puglialovesmatera.com\/fr\/wp-json\/wp\/v2\/media\/2767"}],"wp:attachment":[{"href":"https:\/\/puglialovesmatera.com\/fr\/wp-json\/wp\/v2\/media?parent=3404"}],"wp:term":[{"taxonomy":"product_brand","embeddable":true,"href":"https:\/\/puglialovesmatera.com\/fr\/wp-json\/wp\/v2\/product_brand?post=3404"},{"taxonomy":"product_cat","embeddable":true,"href":"https:\/\/puglialovesmatera.com\/fr\/wp-json\/wp\/v2\/product_cat?post=3404"},{"taxonomy":"product_tag","embeddable":true,"href":"https:\/\/puglialovesmatera.com\/fr\/wp-json\/wp\/v2\/product_tag?post=3404"}],"curies":[{"name":"wp","href":"https:\/\/api.w.org\/{rel}","templated":true}]}}