{"id":3439,"date":"2024-07-27T08:01:47","date_gmt":"2024-07-27T08:01:47","guid":{"rendered":"https:\/\/puglialovesmatera.com\/visita-guidata\/visite-guidee-du-parc-archeologique-de-manduria\/"},"modified":"2024-07-27T08:01:47","modified_gmt":"2024-07-27T08:01:47","slug":"visite-guidee-du-parc-archeologique-de-manduria","status":"publish","type":"product","link":"https:\/\/puglialovesmatera.com\/fr\/visita-guidata\/visite-guidee-du-parc-archeologique-de-manduria\/","title":{"rendered":"Visite guid\u00e9e du parc arch\u00e9ologique de Manduria"},"content":{"rendered":"<h3>D\u00e9but de la visite<\/h3>\n<p>  Mes visites guid\u00e9es du parc arch\u00e9ologique de Manduria vous conduiront \u00e0 la d\u00e9couverte d&rsquo;une ancienne cit\u00e9 messapienne, entour\u00e9e de foss\u00e9s et de puissantes murailles m\u00e9galithiques entre le Ve et le IIIe si\u00e8cle avant J.-C. Manduria est riche en histoire et en d\u00e9couvertes arch\u00e9ologiques qui t\u00e9moignent de son pass\u00e9 glorieux et tumultueux.  <\/p>\n<h3>Murs m\u00e9galithiques et n\u00e9cropole<\/h3>\n<p>  Nous commen\u00e7ons la visite par l&rsquo;exploration des vestiges des anciennes murailles de Messapie, dispos\u00e9es en un triple cercle, encore visibles aujourd&rsquo;hui.<br \/>\nCes murs offrent un aper\u00e7u impressionnant des capacit\u00e9s d&rsquo;ing\u00e9nierie des Messapiens.<br \/>\nNous poursuivrons par la visite de la grande n\u00e9cropole, o\u00f9 nous pourrons voir les tombes \u00e0 fosse, souvent de taille consid\u00e9rable et recouvertes de dalles de pierre.    <\/p>\n<h3>Histoire de la Mandurie<\/h3>\n<p>  Je vais vous raconter l&rsquo;histoire des si\u00e8ges et des conqu\u00eates qui ont marqu\u00e9 la Mandurie.<br \/>\nLa ville fut assi\u00e9g\u00e9e par Tarentum avec l&rsquo;aide du roi de Sparte Archidamus, qui perdit la vie sous les murs en 338 av. Plus tard, la ville fut prise par Hannibal en 212 avant J.-C., puis conquise par le consul Quintus Fabius Maximus en 209 avant J.-C., qui saccagea Manduria et fit 3 000 prisonniers.   <\/p>\n<h3>Source plinienne<\/h3>\n<p>  Le point culminant de la visite sera la source Plinienne, une source d&rsquo;eau cach\u00e9e \u00e0 l&rsquo;int\u00e9rieur d&rsquo;une grotte d&rsquo;environ 18 m\u00e8tres de diam\u00e8tre.<br \/>\nPline l&rsquo;Ancien a d\u00e9crit cet endroit dans son ouvrage Naturalis Historia, apr\u00e8s l&rsquo;avoir visit\u00e9 ou en avoir entendu parler par d&rsquo;autres.<br \/>\nNous entrons dans la grotte par une vol\u00e9e de marches, d&rsquo;o\u00f9 nous pouvons admirer la grande lucarne situ\u00e9e au sommet de la vo\u00fbte.<br \/>\n\u00c0 l&rsquo;ext\u00e9rieur, au niveau de la lucarne, on trouve une repr\u00e9sentation des armoiries de la ville, un amandier \u00e0 l&rsquo;int\u00e9rieur d&rsquo;un puits.     <\/p>\n<h3>Informations compl\u00e9mentaires<\/h3>\n<p>  Mes visites guid\u00e9es du parc arch\u00e9ologique de Manduria constituent une opportunit\u00e9 \u00e0 ne pas manquer pour tous ceux qui souhaitent en savoir plus sur l&rsquo;histoire et l&rsquo;arch\u00e9ologie de cette ancienne cit\u00e9 messapienne.  <strong>Gr\u00e2ce \u00e0 ma formation continue et \u00e0 ma passion pour l&rsquo;histoire, je serai en mesure de vous faire participer \u00e0 une histoire passionnante et d\u00e9taill\u00e9e, faisant de chaque visite une exp\u00e9rience unique.<\/strong>  L&rsquo;accent mis sur la personnalisation des visites permet d&rsquo;adapter l&rsquo;itin\u00e9raire et les explications aux int\u00e9r\u00eats sp\u00e9cifiques des visiteurs, garantissant ainsi une exp\u00e9rience sur mesure et de grande qualit\u00e9.  <strong>Ma ponctualit\u00e9 et ma fiabilit\u00e9 vous assurent un service professionnel et impeccable.<\/strong>  Ne manquez pas l&rsquo;occasion de faire un voyage dans le temps parmi les tr\u00e9sors de Manduria, o\u00f9 chaque recoin raconte une histoire et o\u00f9 chaque artefact t\u00e9moigne d&rsquo;une civilisation mill\u00e9naire.<br \/>\nPour plus d&rsquo;informations et de r\u00e9servations, contactez-moi pour convenir du prix de la visite guid\u00e9e.<br \/>\nJe serai heureuse de vous accompagner dans cette extraordinaire aventure culturelle et historique.  <\/p>\n","protected":false},"excerpt":{"rendered":"<p>Visites guid\u00e9es de Manduria, une ville messapienne entour\u00e9e d&rsquo;imposantes murailles m\u00e9galithiques.<br \/>\nLe parc arch\u00e9ologique comprend les vestiges des murs, une grande n\u00e9cropole et la Fonte Pliniano, une source d&rsquo;eau d\u00e9crite par Pline l&rsquo;Ancien.<br \/>\nLa visite guid\u00e9e vous conduira \u00e0 travers les vestiges antiques de Manduria, r\u00e9v\u00e9lant les histoires de si\u00e8ges et de conqu\u00eates qui ont marqu\u00e9 cette ville.  <\/p>\n","protected":false},"featured_media":2752,"comment_status":"open","ping_status":"closed","template":"","meta":{"_acf_changed":false},"product_brand":[],"product_cat":[73],"product_tag":[],"class_list":{"0":"post-3439","1":"product","2":"type-product","3":"status-publish","4":"has-post-thumbnail","6":"product_cat-musees-et-monuments-nationaux-des-pouilles","8":"first","9":"instock","10":"shipping-taxable","11":"product-type-simple"},"acf":[],"yoast_head":"<!-- This site is optimized with the Yoast SEO plugin v27.3 - https:\/\/yoast.com\/product\/yoast-seo-wordpress\/ -->\n<title>Visite guid\u00e9e du parc arch\u00e9ologique de Manduria<\/title>\n<meta name=\"description\" content=\"Explorez le parc arch\u00e9ologique de Manduria avec Alessandra Di Mauro, arch\u00e9ologue et guide touristique agr\u00e9\u00e9e. Visites personnalis\u00e9es avec une guide exp\u00e9riment\u00e9e et passionn\u00e9e.\" \/>\n<meta name=\"robots\" content=\"index, follow, max-snippet:-1, max-image-preview:large, max-video-preview:-1\" \/>\n<link rel=\"canonical\" href=\"https:\/\/puglialovesmatera.com\/fr\/visita-guidata\/visite-guidee-du-parc-archeologique-de-manduria\/\" \/>\n<meta property=\"og:locale\" content=\"fr_FR\" \/>\n<meta property=\"og:type\" content=\"article\" \/>\n<meta property=\"og:title\" content=\"Visite guid\u00e9e du parc arch\u00e9ologique de Manduria\" \/>\n<meta property=\"og:description\" content=\"Explorez le parc arch\u00e9ologique de Manduria avec Alessandra Di Mauro, arch\u00e9ologue et guide touristique agr\u00e9\u00e9e. Visites personnalis\u00e9es avec une guide exp\u00e9riment\u00e9e et passionn\u00e9e.\" \/>\n<meta property=\"og:url\" content=\"https:\/\/puglialovesmatera.com\/fr\/visita-guidata\/visite-guidee-du-parc-archeologique-de-manduria\/\" \/>\n<meta property=\"og:site_name\" content=\"Puglia Loves Matera\" \/>\n<meta property=\"og:image\" content=\"https:\/\/puglialovesmatera.com\/wp-content\/uploads\/2024\/07\/Visita-guidata-parco-archeologico-di-Manduria.jpg\" \/>\n\t<meta property=\"og:image:width\" content=\"500\" \/>\n\t<meta property=\"og:image:height\" content=\"500\" \/>\n\t<meta property=\"og:image:type\" content=\"image\/jpeg\" \/>\n<meta name=\"twitter:card\" content=\"summary_large_image\" \/>\n<meta name=\"twitter:label1\" content=\"Dur\u00e9e de lecture estim\u00e9e\" \/>\n\t<meta name=\"twitter:data1\" content=\"2 minutes\" \/>\n<script type=\"application\/ld+json\" class=\"yoast-schema-graph\">{\"@context\":\"https:\\\/\\\/schema.org\",\"@graph\":[{\"@type\":\"WebPage\",\"@id\":\"https:\\\/\\\/puglialovesmatera.com\\\/fr\\\/visita-guidata\\\/visite-guidee-du-parc-archeologique-de-manduria\\\/\",\"url\":\"https:\\\/\\\/puglialovesmatera.com\\\/fr\\\/visita-guidata\\\/visite-guidee-du-parc-archeologique-de-manduria\\\/\",\"name\":\"Visite guid\u00e9e du parc arch\u00e9ologique de Manduria\",\"isPartOf\":{\"@id\":\"https:\\\/\\\/puglialovesmatera.com\\\/fr\\\/#website\"},\"primaryImageOfPage\":{\"@id\":\"https:\\\/\\\/puglialovesmatera.com\\\/fr\\\/visita-guidata\\\/visite-guidee-du-parc-archeologique-de-manduria\\\/#primaryimage\"},\"image\":{\"@id\":\"https:\\\/\\\/puglialovesmatera.com\\\/fr\\\/visita-guidata\\\/visite-guidee-du-parc-archeologique-de-manduria\\\/#primaryimage\"},\"thumbnailUrl\":\"https:\\\/\\\/puglialovesmatera.com\\\/wp-content\\\/uploads\\\/2024\\\/07\\\/Visita-guidata-parco-archeologico-di-Manduria.jpg\",\"datePublished\":\"2024-07-27T08:01:47+00:00\",\"description\":\"Explorez le parc arch\u00e9ologique de Manduria avec Alessandra Di Mauro, arch\u00e9ologue et guide touristique agr\u00e9\u00e9e. Visites personnalis\u00e9es avec une guide exp\u00e9riment\u00e9e et passionn\u00e9e.\",\"breadcrumb\":{\"@id\":\"https:\\\/\\\/puglialovesmatera.com\\\/fr\\\/visita-guidata\\\/visite-guidee-du-parc-archeologique-de-manduria\\\/#breadcrumb\"},\"inLanguage\":\"fr-FR\",\"potentialAction\":[{\"@type\":\"ReadAction\",\"target\":[\"https:\\\/\\\/puglialovesmatera.com\\\/fr\\\/visita-guidata\\\/visite-guidee-du-parc-archeologique-de-manduria\\\/\"]}]},{\"@type\":\"ImageObject\",\"inLanguage\":\"fr-FR\",\"@id\":\"https:\\\/\\\/puglialovesmatera.com\\\/fr\\\/visita-guidata\\\/visite-guidee-du-parc-archeologique-de-manduria\\\/#primaryimage\",\"url\":\"https:\\\/\\\/puglialovesmatera.com\\\/wp-content\\\/uploads\\\/2024\\\/07\\\/Visita-guidata-parco-archeologico-di-Manduria.jpg\",\"contentUrl\":\"https:\\\/\\\/puglialovesmatera.com\\\/wp-content\\\/uploads\\\/2024\\\/07\\\/Visita-guidata-parco-archeologico-di-Manduria.jpg\",\"width\":500,\"height\":500},{\"@type\":\"BreadcrumbList\",\"@id\":\"https:\\\/\\\/puglialovesmatera.com\\\/fr\\\/visita-guidata\\\/visite-guidee-du-parc-archeologique-de-manduria\\\/#breadcrumb\",\"itemListElement\":[{\"@type\":\"ListItem\",\"position\":1,\"name\":\"Home\",\"item\":\"https:\\\/\\\/puglialovesmatera.com\\\/fr\\\/accueil-puglia-aime-matera-visites-guidees\\\/\"},{\"@type\":\"ListItem\",\"position\":2,\"name\":\"Toutes les visites guid\u00e9es\",\"item\":\"https:\\\/\\\/puglialovesmatera.com\\\/fr\\\/visites-tout-guidees\\\/\"},{\"@type\":\"ListItem\",\"position\":3,\"name\":\"Visite guid\u00e9e du parc arch\u00e9ologique de Manduria\"}]},{\"@type\":\"WebSite\",\"@id\":\"https:\\\/\\\/puglialovesmatera.com\\\/fr\\\/#website\",\"url\":\"https:\\\/\\\/puglialovesmatera.com\\\/fr\\\/\",\"name\":\"Puglia Loves Matera\",\"description\":\"Ars Mediterranea Scario\",\"publisher\":{\"@id\":\"https:\\\/\\\/puglialovesmatera.com\\\/fr\\\/#organization\"},\"potentialAction\":[{\"@type\":\"SearchAction\",\"target\":{\"@type\":\"EntryPoint\",\"urlTemplate\":\"https:\\\/\\\/puglialovesmatera.com\\\/fr\\\/?s={search_term_string}\"},\"query-input\":{\"@type\":\"PropertyValueSpecification\",\"valueRequired\":true,\"valueName\":\"search_term_string\"}}],\"inLanguage\":\"fr-FR\"},{\"@type\":\"Organization\",\"@id\":\"https:\\\/\\\/puglialovesmatera.com\\\/fr\\\/#organization\",\"name\":\"Puglia Loves Matera\",\"url\":\"https:\\\/\\\/puglialovesmatera.com\\\/fr\\\/\",\"logo\":{\"@type\":\"ImageObject\",\"inLanguage\":\"fr-FR\",\"@id\":\"https:\\\/\\\/puglialovesmatera.com\\\/fr\\\/#\\\/schema\\\/logo\\\/image\\\/\",\"url\":\"https:\\\/\\\/puglialovesmatera.com\\\/wp-content\\\/uploads\\\/2024\\\/07\\\/Group-14.svg\",\"contentUrl\":\"https:\\\/\\\/puglialovesmatera.com\\\/wp-content\\\/uploads\\\/2024\\\/07\\\/Group-14.svg\",\"width\":371,\"height\":381,\"caption\":\"Puglia Loves Matera\"},\"image\":{\"@id\":\"https:\\\/\\\/puglialovesmatera.com\\\/fr\\\/#\\\/schema\\\/logo\\\/image\\\/\"}}]}<\/script>\n<!-- \/ Yoast SEO plugin. -->","yoast_head_json":{"title":"Visite guid\u00e9e du parc arch\u00e9ologique de Manduria","description":"Explorez le parc arch\u00e9ologique de Manduria avec Alessandra Di Mauro, arch\u00e9ologue et guide touristique agr\u00e9\u00e9e. Visites personnalis\u00e9es avec une guide exp\u00e9riment\u00e9e et passionn\u00e9e.","robots":{"index":"index","follow":"follow","max-snippet":"max-snippet:-1","max-image-preview":"max-image-preview:large","max-video-preview":"max-video-preview:-1"},"canonical":"https:\/\/puglialovesmatera.com\/fr\/visita-guidata\/visite-guidee-du-parc-archeologique-de-manduria\/","og_locale":"fr_FR","og_type":"article","og_title":"Visite guid\u00e9e du parc arch\u00e9ologique de Manduria","og_description":"Explorez le parc arch\u00e9ologique de Manduria avec Alessandra Di Mauro, arch\u00e9ologue et guide touristique agr\u00e9\u00e9e. Visites personnalis\u00e9es avec une guide exp\u00e9riment\u00e9e et passionn\u00e9e.","og_url":"https:\/\/puglialovesmatera.com\/fr\/visita-guidata\/visite-guidee-du-parc-archeologique-de-manduria\/","og_site_name":"Puglia Loves Matera","og_image":[{"width":500,"height":500,"url":"https:\/\/puglialovesmatera.com\/wp-content\/uploads\/2024\/07\/Visita-guidata-parco-archeologico-di-Manduria.jpg","type":"image\/jpeg"}],"twitter_card":"summary_large_image","twitter_misc":{"Dur\u00e9e de lecture estim\u00e9e":"2 minutes"},"schema":{"@context":"https:\/\/schema.org","@graph":[{"@type":"WebPage","@id":"https:\/\/puglialovesmatera.com\/fr\/visita-guidata\/visite-guidee-du-parc-archeologique-de-manduria\/","url":"https:\/\/puglialovesmatera.com\/fr\/visita-guidata\/visite-guidee-du-parc-archeologique-de-manduria\/","name":"Visite guid\u00e9e du parc arch\u00e9ologique de Manduria","isPartOf":{"@id":"https:\/\/puglialovesmatera.com\/fr\/#website"},"primaryImageOfPage":{"@id":"https:\/\/puglialovesmatera.com\/fr\/visita-guidata\/visite-guidee-du-parc-archeologique-de-manduria\/#primaryimage"},"image":{"@id":"https:\/\/puglialovesmatera.com\/fr\/visita-guidata\/visite-guidee-du-parc-archeologique-de-manduria\/#primaryimage"},"thumbnailUrl":"https:\/\/puglialovesmatera.com\/wp-content\/uploads\/2024\/07\/Visita-guidata-parco-archeologico-di-Manduria.jpg","datePublished":"2024-07-27T08:01:47+00:00","description":"Explorez le parc arch\u00e9ologique de Manduria avec Alessandra Di Mauro, arch\u00e9ologue et guide touristique agr\u00e9\u00e9e. Visites personnalis\u00e9es avec une guide exp\u00e9riment\u00e9e et passionn\u00e9e.","breadcrumb":{"@id":"https:\/\/puglialovesmatera.com\/fr\/visita-guidata\/visite-guidee-du-parc-archeologique-de-manduria\/#breadcrumb"},"inLanguage":"fr-FR","potentialAction":[{"@type":"ReadAction","target":["https:\/\/puglialovesmatera.com\/fr\/visita-guidata\/visite-guidee-du-parc-archeologique-de-manduria\/"]}]},{"@type":"ImageObject","inLanguage":"fr-FR","@id":"https:\/\/puglialovesmatera.com\/fr\/visita-guidata\/visite-guidee-du-parc-archeologique-de-manduria\/#primaryimage","url":"https:\/\/puglialovesmatera.com\/wp-content\/uploads\/2024\/07\/Visita-guidata-parco-archeologico-di-Manduria.jpg","contentUrl":"https:\/\/puglialovesmatera.com\/wp-content\/uploads\/2024\/07\/Visita-guidata-parco-archeologico-di-Manduria.jpg","width":500,"height":500},{"@type":"BreadcrumbList","@id":"https:\/\/puglialovesmatera.com\/fr\/visita-guidata\/visite-guidee-du-parc-archeologique-de-manduria\/#breadcrumb","itemListElement":[{"@type":"ListItem","position":1,"name":"Home","item":"https:\/\/puglialovesmatera.com\/fr\/accueil-puglia-aime-matera-visites-guidees\/"},{"@type":"ListItem","position":2,"name":"Toutes les visites guid\u00e9es","item":"https:\/\/puglialovesmatera.com\/fr\/visites-tout-guidees\/"},{"@type":"ListItem","position":3,"name":"Visite guid\u00e9e du parc arch\u00e9ologique de Manduria"}]},{"@type":"WebSite","@id":"https:\/\/puglialovesmatera.com\/fr\/#website","url":"https:\/\/puglialovesmatera.com\/fr\/","name":"Puglia Loves Matera","description":"Ars Mediterranea Scario","publisher":{"@id":"https:\/\/puglialovesmatera.com\/fr\/#organization"},"potentialAction":[{"@type":"SearchAction","target":{"@type":"EntryPoint","urlTemplate":"https:\/\/puglialovesmatera.com\/fr\/?s={search_term_string}"},"query-input":{"@type":"PropertyValueSpecification","valueRequired":true,"valueName":"search_term_string"}}],"inLanguage":"fr-FR"},{"@type":"Organization","@id":"https:\/\/puglialovesmatera.com\/fr\/#organization","name":"Puglia Loves Matera","url":"https:\/\/puglialovesmatera.com\/fr\/","logo":{"@type":"ImageObject","inLanguage":"fr-FR","@id":"https:\/\/puglialovesmatera.com\/fr\/#\/schema\/logo\/image\/","url":"https:\/\/puglialovesmatera.com\/wp-content\/uploads\/2024\/07\/Group-14.svg","contentUrl":"https:\/\/puglialovesmatera.com\/wp-content\/uploads\/2024\/07\/Group-14.svg","width":371,"height":381,"caption":"Puglia Loves Matera"},"image":{"@id":"https:\/\/puglialovesmatera.com\/fr\/#\/schema\/logo\/image\/"}}]}},"_links":{"self":[{"href":"https:\/\/puglialovesmatera.com\/fr\/wp-json\/wp\/v2\/product\/3439","targetHints":{"allow":["GET"]}}],"collection":[{"href":"https:\/\/puglialovesmatera.com\/fr\/wp-json\/wp\/v2\/product"}],"about":[{"href":"https:\/\/puglialovesmatera.com\/fr\/wp-json\/wp\/v2\/types\/product"}],"replies":[{"embeddable":true,"href":"https:\/\/puglialovesmatera.com\/fr\/wp-json\/wp\/v2\/comments?post=3439"}],"wp:featuredmedia":[{"embeddable":true,"href":"https:\/\/puglialovesmatera.com\/fr\/wp-json\/wp\/v2\/media\/2752"}],"wp:attachment":[{"href":"https:\/\/puglialovesmatera.com\/fr\/wp-json\/wp\/v2\/media?parent=3439"}],"wp:term":[{"taxonomy":"product_brand","embeddable":true,"href":"https:\/\/puglialovesmatera.com\/fr\/wp-json\/wp\/v2\/product_brand?post=3439"},{"taxonomy":"product_cat","embeddable":true,"href":"https:\/\/puglialovesmatera.com\/fr\/wp-json\/wp\/v2\/product_cat?post=3439"},{"taxonomy":"product_tag","embeddable":true,"href":"https:\/\/puglialovesmatera.com\/fr\/wp-json\/wp\/v2\/product_tag?post=3439"}],"curies":[{"name":"wp","href":"https:\/\/api.w.org\/{rel}","templated":true}]}}