{"id":3442,"date":"2024-07-27T08:01:29","date_gmt":"2024-07-27T08:01:29","guid":{"rendered":"https:\/\/puglialovesmatera.com\/visita-guidata\/visite-guidee-du-musee-archeologique-national-marta-a-tarente\/"},"modified":"2024-07-27T08:01:29","modified_gmt":"2024-07-27T08:01:29","slug":"visite-guidee-du-musee-archeologique-national-marta-a-tarente","status":"publish","type":"product","link":"https:\/\/puglialovesmatera.com\/fr\/visita-guidata\/visite-guidee-du-musee-archeologique-national-marta-a-tarente\/","title":{"rendered":"Visite guid\u00e9e du mus\u00e9e arch\u00e9ologique national Marta \u00e0 Tarente"},"content":{"rendered":"<h3>D\u00e9but de la visite<\/h3>\n<p>  Mes visites guid\u00e9es du mus\u00e9e arch\u00e9ologique national M.A.R.T.A. de Tarente vous feront d\u00e9couvrir l&rsquo;un des mus\u00e9es les plus importants et les plus riches d&rsquo;Italie.<br \/>\nLe mus\u00e9e abrite une collection extraordinaire couvrant une p\u00e9riode allant de la pr\u00e9histoire au Moyen \u00c2ge.   <\/p>\n<h3>Fondation Taranto<\/h3>\n<p>  Nous commen\u00e7ons la visite chronologique par des objets datant de la fondation de la ville par les Spartiates en 706 av. Les premi\u00e8res salles du mus\u00e9e pr\u00e9sentent des objets et des t\u00e9moignages de cette p\u00e9riode importante, nous donnant un aper\u00e7u de la naissance de Tarente.  <\/p>\n<h3>\u0152uvres d&rsquo;une valeur rare<\/h3>\n<p>  Nous poursuivons la visite en explorant les vitrines qui abritent des \u0153uvres d&rsquo;une valeur rare telles que le Zeus Stylite, la V\u00e9nus de Parabita et les vases apuliens \u00e0 figures rouges.<br \/>\nCes pi\u00e8ces sont non seulement exceptionnelles par leur beaut\u00e9 artistique, mais aussi par leur importance historique et culturelle.   <\/p>\n<h3>Conqu\u00eate romaine de Tarente<\/h3>\n<p>  La visite se poursuivra dans les salles consacr\u00e9es \u00e0 la conqu\u00eate romaine de Tarente.<br \/>\nNous y admirerons de magnifiques mosa\u00efques de sol et d&rsquo;autres objets qui t\u00e9moignent de l&rsquo;influence romaine sur la ville.<br \/>\nChaque pi\u00e8ce raconte une histoire d&rsquo;int\u00e9gration et de transformation culturelle.    <\/p>\n<h3>Fin de l&rsquo;Antiquit\u00e9 et Moyen \u00c2ge<\/h3>\n<p>  Nous nous dirigerons ensuite vers les salles illustrant la fin de l&rsquo;Antiquit\u00e9 et le Moyen \u00c2ge, en explorant l&rsquo;\u00e9volution de Tarente au fil des si\u00e8cles.<br \/>\nParmi les chefs-d&rsquo;\u0153uvre incontournables, nous trouverons la boucle d&rsquo;oreille \u00e0 navette, le casse-noix, les amphores panath\u00e9na\u00efques de l&rsquo;athl\u00e8te de Tarente, le diad\u00e8me de la tombe des Ors de Canosa et la mosa\u00efque de sol avec satyre et nymphe.   <\/p>\n<h3>Des chefs-d&rsquo;\u0153uvre incontournables<\/h3>\n<p>  Au cours de la visite, je ne manquerai pas de vous montrer certains des chefs-d&rsquo;\u0153uvre les plus remarquables du mus\u00e9e, tels que la boucle d&rsquo;oreille \u00e0 navette, le diad\u00e8me de la tombe des ors de Canosa et la mosa\u00efque de sol avec un satyre et une nymphe.<br \/>\nCes pi\u00e8ces ne sont pas seulement spectaculaires d&rsquo;un point de vue artistique, elles offrent \u00e9galement un aper\u00e7u important de la vie et des croyances des personnes qui les ont cr\u00e9\u00e9es.   <\/p>\n<h3>Informations compl\u00e9mentaires<\/h3>\n<p>  Mes visites guid\u00e9es du Mus\u00e9e arch\u00e9ologique national M.A.R.T.A. de Tarente constituent une occasion unique pour tous ceux qui souhaitent en savoir plus sur l&rsquo;histoire et l&rsquo;arch\u00e9ologie de cette ville fascinante.<br \/>\nGr\u00e2ce \u00e0 ma formation continue et \u00e0 ma passion pour l&rsquo;histoire, je serai en mesure de vous faire participer \u00e0 un r\u00e9cit passionnant et plein de d\u00e9tails, faisant de chaque visite une exp\u00e9rience unique.   <strong>L&rsquo;accent mis sur la personnalisation des visites permet d&rsquo;adapter l&rsquo;itin\u00e9raire et les explications aux int\u00e9r\u00eats sp\u00e9cifiques des visiteurs, garantissant ainsi une exp\u00e9rience sur mesure et de grande qualit\u00e9.<br \/>\nMa ponctualit\u00e9 et ma fiabilit\u00e9 vous garantissent un service professionnel et impeccable. <\/strong>  Ne manquez pas l&rsquo;occasion de faire un voyage dans le temps parmi les tr\u00e9sors du Mus\u00e9e arch\u00e9ologique national M.A.R.T.A., o\u00f9 chaque recoin raconte une histoire et o\u00f9 chaque artefact t\u00e9moigne d&rsquo;une civilisation mill\u00e9naire.<br \/>\nPour plus d&rsquo;informations et de r\u00e9servations, veuillez me contacter pour convenir du prix de la visite guid\u00e9e.<br \/>\nJe serai heureuse de vous accompagner dans cette extraordinaire aventure culturelle et historique.  <\/p>\n","protected":false},"excerpt":{"rendered":"<p>Le mus\u00e9e arch\u00e9ologique national M.A.R.T.A. de Tarente est l&rsquo;un des plus importants d&rsquo;Italie, avec des collections allant de la pr\u00e9histoire \u00e0 l&rsquo;\u00e9poque m\u00e9di\u00e9vale.<br \/>\nVous pourrez y admirer des \u0153uvres d&rsquo;une valeur rare comme le Zeus Stylite, la V\u00e9nus de Parabita, des vases apuliens \u00e0 figures rouges et de splendides mosa\u00efques romaines.<br \/>\nLa visite guid\u00e9e vous donnera un aper\u00e7u complet de l&rsquo;histoire de Tarente et de ses influences culturelles.  <\/p>\n","protected":false},"featured_media":2743,"comment_status":"open","ping_status":"closed","template":"","meta":{"_acf_changed":false},"product_brand":[],"product_cat":[73],"product_tag":[],"class_list":{"0":"post-3442","1":"product","2":"type-product","3":"status-publish","4":"has-post-thumbnail","6":"product_cat-musees-et-monuments-nationaux-des-pouilles","8":"first","9":"instock","10":"shipping-taxable","11":"product-type-simple"},"acf":[],"yoast_head":"<!-- This site is optimized with the Yoast SEO plugin v27.3 - https:\/\/yoast.com\/product\/yoast-seo-wordpress\/ -->\n<title>Visite guid\u00e9e du Mus\u00e9e arch\u00e9ologique national M.A.R.T.A. de Tarente<\/title>\n<meta name=\"description\" content=\"Explorez le mus\u00e9e arch\u00e9ologique national M.A.R.T.A. de Tarente avec Alessandra Di Mauro, arch\u00e9ologue et guide touristique agr\u00e9\u00e9e.\" \/>\n<meta name=\"robots\" content=\"index, follow, max-snippet:-1, max-image-preview:large, max-video-preview:-1\" \/>\n<link rel=\"canonical\" href=\"https:\/\/puglialovesmatera.com\/fr\/visita-guidata\/visite-guidee-du-musee-archeologique-national-marta-a-tarente\/\" \/>\n<meta property=\"og:locale\" content=\"fr_FR\" \/>\n<meta property=\"og:type\" content=\"article\" \/>\n<meta property=\"og:title\" content=\"Visite guid\u00e9e du Mus\u00e9e arch\u00e9ologique national M.A.R.T.A. de Tarente\" \/>\n<meta property=\"og:description\" content=\"Explorez le mus\u00e9e arch\u00e9ologique national M.A.R.T.A. de Tarente avec Alessandra Di Mauro, arch\u00e9ologue et guide touristique agr\u00e9\u00e9e.\" \/>\n<meta property=\"og:url\" content=\"https:\/\/puglialovesmatera.com\/fr\/visita-guidata\/visite-guidee-du-musee-archeologique-national-marta-a-tarente\/\" \/>\n<meta property=\"og:site_name\" content=\"Puglia Loves Matera\" \/>\n<meta property=\"og:image\" content=\"https:\/\/puglialovesmatera.com\/wp-content\/uploads\/2024\/07\/Visita-guidata-Marta-Taranto.jpg\" \/>\n\t<meta property=\"og:image:width\" content=\"500\" \/>\n\t<meta property=\"og:image:height\" content=\"500\" \/>\n\t<meta property=\"og:image:type\" content=\"image\/jpeg\" \/>\n<meta name=\"twitter:card\" content=\"summary_large_image\" \/>\n<meta name=\"twitter:label1\" content=\"Dur\u00e9e de lecture estim\u00e9e\" \/>\n\t<meta name=\"twitter:data1\" content=\"3 minutes\" \/>\n<script type=\"application\/ld+json\" class=\"yoast-schema-graph\">{\"@context\":\"https:\\\/\\\/schema.org\",\"@graph\":[{\"@type\":\"WebPage\",\"@id\":\"https:\\\/\\\/puglialovesmatera.com\\\/fr\\\/visita-guidata\\\/visite-guidee-du-musee-archeologique-national-marta-a-tarente\\\/\",\"url\":\"https:\\\/\\\/puglialovesmatera.com\\\/fr\\\/visita-guidata\\\/visite-guidee-du-musee-archeologique-national-marta-a-tarente\\\/\",\"name\":\"Visite guid\u00e9e du Mus\u00e9e arch\u00e9ologique national M.A.R.T.A. de Tarente\",\"isPartOf\":{\"@id\":\"https:\\\/\\\/puglialovesmatera.com\\\/fr\\\/#website\"},\"primaryImageOfPage\":{\"@id\":\"https:\\\/\\\/puglialovesmatera.com\\\/fr\\\/visita-guidata\\\/visite-guidee-du-musee-archeologique-national-marta-a-tarente\\\/#primaryimage\"},\"image\":{\"@id\":\"https:\\\/\\\/puglialovesmatera.com\\\/fr\\\/visita-guidata\\\/visite-guidee-du-musee-archeologique-national-marta-a-tarente\\\/#primaryimage\"},\"thumbnailUrl\":\"https:\\\/\\\/puglialovesmatera.com\\\/wp-content\\\/uploads\\\/2024\\\/07\\\/Visita-guidata-Marta-Taranto.jpg\",\"datePublished\":\"2024-07-27T08:01:29+00:00\",\"description\":\"Explorez le mus\u00e9e arch\u00e9ologique national M.A.R.T.A. de Tarente avec Alessandra Di Mauro, arch\u00e9ologue et guide touristique agr\u00e9\u00e9e.\",\"breadcrumb\":{\"@id\":\"https:\\\/\\\/puglialovesmatera.com\\\/fr\\\/visita-guidata\\\/visite-guidee-du-musee-archeologique-national-marta-a-tarente\\\/#breadcrumb\"},\"inLanguage\":\"fr-FR\",\"potentialAction\":[{\"@type\":\"ReadAction\",\"target\":[\"https:\\\/\\\/puglialovesmatera.com\\\/fr\\\/visita-guidata\\\/visite-guidee-du-musee-archeologique-national-marta-a-tarente\\\/\"]}]},{\"@type\":\"ImageObject\",\"inLanguage\":\"fr-FR\",\"@id\":\"https:\\\/\\\/puglialovesmatera.com\\\/fr\\\/visita-guidata\\\/visite-guidee-du-musee-archeologique-national-marta-a-tarente\\\/#primaryimage\",\"url\":\"https:\\\/\\\/puglialovesmatera.com\\\/wp-content\\\/uploads\\\/2024\\\/07\\\/Visita-guidata-Marta-Taranto.jpg\",\"contentUrl\":\"https:\\\/\\\/puglialovesmatera.com\\\/wp-content\\\/uploads\\\/2024\\\/07\\\/Visita-guidata-Marta-Taranto.jpg\",\"width\":500,\"height\":500},{\"@type\":\"BreadcrumbList\",\"@id\":\"https:\\\/\\\/puglialovesmatera.com\\\/fr\\\/visita-guidata\\\/visite-guidee-du-musee-archeologique-national-marta-a-tarente\\\/#breadcrumb\",\"itemListElement\":[{\"@type\":\"ListItem\",\"position\":1,\"name\":\"Home\",\"item\":\"https:\\\/\\\/puglialovesmatera.com\\\/fr\\\/accueil-puglia-aime-matera-visites-guidees\\\/\"},{\"@type\":\"ListItem\",\"position\":2,\"name\":\"Toutes les visites guid\u00e9es\",\"item\":\"https:\\\/\\\/puglialovesmatera.com\\\/fr\\\/visites-tout-guidees\\\/\"},{\"@type\":\"ListItem\",\"position\":3,\"name\":\"Visite guid\u00e9e du mus\u00e9e arch\u00e9ologique national Marta \u00e0 Tarente\"}]},{\"@type\":\"WebSite\",\"@id\":\"https:\\\/\\\/puglialovesmatera.com\\\/fr\\\/#website\",\"url\":\"https:\\\/\\\/puglialovesmatera.com\\\/fr\\\/\",\"name\":\"Puglia Loves Matera\",\"description\":\"Ars Mediterranea Scario\",\"publisher\":{\"@id\":\"https:\\\/\\\/puglialovesmatera.com\\\/fr\\\/#organization\"},\"potentialAction\":[{\"@type\":\"SearchAction\",\"target\":{\"@type\":\"EntryPoint\",\"urlTemplate\":\"https:\\\/\\\/puglialovesmatera.com\\\/fr\\\/?s={search_term_string}\"},\"query-input\":{\"@type\":\"PropertyValueSpecification\",\"valueRequired\":true,\"valueName\":\"search_term_string\"}}],\"inLanguage\":\"fr-FR\"},{\"@type\":\"Organization\",\"@id\":\"https:\\\/\\\/puglialovesmatera.com\\\/fr\\\/#organization\",\"name\":\"Puglia Loves Matera\",\"url\":\"https:\\\/\\\/puglialovesmatera.com\\\/fr\\\/\",\"logo\":{\"@type\":\"ImageObject\",\"inLanguage\":\"fr-FR\",\"@id\":\"https:\\\/\\\/puglialovesmatera.com\\\/fr\\\/#\\\/schema\\\/logo\\\/image\\\/\",\"url\":\"https:\\\/\\\/puglialovesmatera.com\\\/wp-content\\\/uploads\\\/2024\\\/07\\\/Group-14.svg\",\"contentUrl\":\"https:\\\/\\\/puglialovesmatera.com\\\/wp-content\\\/uploads\\\/2024\\\/07\\\/Group-14.svg\",\"width\":371,\"height\":381,\"caption\":\"Puglia Loves Matera\"},\"image\":{\"@id\":\"https:\\\/\\\/puglialovesmatera.com\\\/fr\\\/#\\\/schema\\\/logo\\\/image\\\/\"}}]}<\/script>\n<!-- \/ Yoast SEO plugin. -->","yoast_head_json":{"title":"Visite guid\u00e9e du Mus\u00e9e arch\u00e9ologique national M.A.R.T.A. de Tarente","description":"Explorez le mus\u00e9e arch\u00e9ologique national M.A.R.T.A. de Tarente avec Alessandra Di Mauro, arch\u00e9ologue et guide touristique agr\u00e9\u00e9e.","robots":{"index":"index","follow":"follow","max-snippet":"max-snippet:-1","max-image-preview":"max-image-preview:large","max-video-preview":"max-video-preview:-1"},"canonical":"https:\/\/puglialovesmatera.com\/fr\/visita-guidata\/visite-guidee-du-musee-archeologique-national-marta-a-tarente\/","og_locale":"fr_FR","og_type":"article","og_title":"Visite guid\u00e9e du Mus\u00e9e arch\u00e9ologique national M.A.R.T.A. de Tarente","og_description":"Explorez le mus\u00e9e arch\u00e9ologique national M.A.R.T.A. de Tarente avec Alessandra Di Mauro, arch\u00e9ologue et guide touristique agr\u00e9\u00e9e.","og_url":"https:\/\/puglialovesmatera.com\/fr\/visita-guidata\/visite-guidee-du-musee-archeologique-national-marta-a-tarente\/","og_site_name":"Puglia Loves Matera","og_image":[{"width":500,"height":500,"url":"https:\/\/puglialovesmatera.com\/wp-content\/uploads\/2024\/07\/Visita-guidata-Marta-Taranto.jpg","type":"image\/jpeg"}],"twitter_card":"summary_large_image","twitter_misc":{"Dur\u00e9e de lecture estim\u00e9e":"3 minutes"},"schema":{"@context":"https:\/\/schema.org","@graph":[{"@type":"WebPage","@id":"https:\/\/puglialovesmatera.com\/fr\/visita-guidata\/visite-guidee-du-musee-archeologique-national-marta-a-tarente\/","url":"https:\/\/puglialovesmatera.com\/fr\/visita-guidata\/visite-guidee-du-musee-archeologique-national-marta-a-tarente\/","name":"Visite guid\u00e9e du Mus\u00e9e arch\u00e9ologique national M.A.R.T.A. de Tarente","isPartOf":{"@id":"https:\/\/puglialovesmatera.com\/fr\/#website"},"primaryImageOfPage":{"@id":"https:\/\/puglialovesmatera.com\/fr\/visita-guidata\/visite-guidee-du-musee-archeologique-national-marta-a-tarente\/#primaryimage"},"image":{"@id":"https:\/\/puglialovesmatera.com\/fr\/visita-guidata\/visite-guidee-du-musee-archeologique-national-marta-a-tarente\/#primaryimage"},"thumbnailUrl":"https:\/\/puglialovesmatera.com\/wp-content\/uploads\/2024\/07\/Visita-guidata-Marta-Taranto.jpg","datePublished":"2024-07-27T08:01:29+00:00","description":"Explorez le mus\u00e9e arch\u00e9ologique national M.A.R.T.A. de Tarente avec Alessandra Di Mauro, arch\u00e9ologue et guide touristique agr\u00e9\u00e9e.","breadcrumb":{"@id":"https:\/\/puglialovesmatera.com\/fr\/visita-guidata\/visite-guidee-du-musee-archeologique-national-marta-a-tarente\/#breadcrumb"},"inLanguage":"fr-FR","potentialAction":[{"@type":"ReadAction","target":["https:\/\/puglialovesmatera.com\/fr\/visita-guidata\/visite-guidee-du-musee-archeologique-national-marta-a-tarente\/"]}]},{"@type":"ImageObject","inLanguage":"fr-FR","@id":"https:\/\/puglialovesmatera.com\/fr\/visita-guidata\/visite-guidee-du-musee-archeologique-national-marta-a-tarente\/#primaryimage","url":"https:\/\/puglialovesmatera.com\/wp-content\/uploads\/2024\/07\/Visita-guidata-Marta-Taranto.jpg","contentUrl":"https:\/\/puglialovesmatera.com\/wp-content\/uploads\/2024\/07\/Visita-guidata-Marta-Taranto.jpg","width":500,"height":500},{"@type":"BreadcrumbList","@id":"https:\/\/puglialovesmatera.com\/fr\/visita-guidata\/visite-guidee-du-musee-archeologique-national-marta-a-tarente\/#breadcrumb","itemListElement":[{"@type":"ListItem","position":1,"name":"Home","item":"https:\/\/puglialovesmatera.com\/fr\/accueil-puglia-aime-matera-visites-guidees\/"},{"@type":"ListItem","position":2,"name":"Toutes les visites guid\u00e9es","item":"https:\/\/puglialovesmatera.com\/fr\/visites-tout-guidees\/"},{"@type":"ListItem","position":3,"name":"Visite guid\u00e9e du mus\u00e9e arch\u00e9ologique national Marta \u00e0 Tarente"}]},{"@type":"WebSite","@id":"https:\/\/puglialovesmatera.com\/fr\/#website","url":"https:\/\/puglialovesmatera.com\/fr\/","name":"Puglia Loves Matera","description":"Ars Mediterranea Scario","publisher":{"@id":"https:\/\/puglialovesmatera.com\/fr\/#organization"},"potentialAction":[{"@type":"SearchAction","target":{"@type":"EntryPoint","urlTemplate":"https:\/\/puglialovesmatera.com\/fr\/?s={search_term_string}"},"query-input":{"@type":"PropertyValueSpecification","valueRequired":true,"valueName":"search_term_string"}}],"inLanguage":"fr-FR"},{"@type":"Organization","@id":"https:\/\/puglialovesmatera.com\/fr\/#organization","name":"Puglia Loves Matera","url":"https:\/\/puglialovesmatera.com\/fr\/","logo":{"@type":"ImageObject","inLanguage":"fr-FR","@id":"https:\/\/puglialovesmatera.com\/fr\/#\/schema\/logo\/image\/","url":"https:\/\/puglialovesmatera.com\/wp-content\/uploads\/2024\/07\/Group-14.svg","contentUrl":"https:\/\/puglialovesmatera.com\/wp-content\/uploads\/2024\/07\/Group-14.svg","width":371,"height":381,"caption":"Puglia Loves Matera"},"image":{"@id":"https:\/\/puglialovesmatera.com\/fr\/#\/schema\/logo\/image\/"}}]}},"_links":{"self":[{"href":"https:\/\/puglialovesmatera.com\/fr\/wp-json\/wp\/v2\/product\/3442","targetHints":{"allow":["GET"]}}],"collection":[{"href":"https:\/\/puglialovesmatera.com\/fr\/wp-json\/wp\/v2\/product"}],"about":[{"href":"https:\/\/puglialovesmatera.com\/fr\/wp-json\/wp\/v2\/types\/product"}],"replies":[{"embeddable":true,"href":"https:\/\/puglialovesmatera.com\/fr\/wp-json\/wp\/v2\/comments?post=3442"}],"wp:featuredmedia":[{"embeddable":true,"href":"https:\/\/puglialovesmatera.com\/fr\/wp-json\/wp\/v2\/media\/2743"}],"wp:attachment":[{"href":"https:\/\/puglialovesmatera.com\/fr\/wp-json\/wp\/v2\/media?parent=3442"}],"wp:term":[{"taxonomy":"product_brand","embeddable":true,"href":"https:\/\/puglialovesmatera.com\/fr\/wp-json\/wp\/v2\/product_brand?post=3442"},{"taxonomy":"product_cat","embeddable":true,"href":"https:\/\/puglialovesmatera.com\/fr\/wp-json\/wp\/v2\/product_cat?post=3442"},{"taxonomy":"product_tag","embeddable":true,"href":"https:\/\/puglialovesmatera.com\/fr\/wp-json\/wp\/v2\/product_tag?post=3442"}],"curies":[{"name":"wp","href":"https:\/\/api.w.org\/{rel}","templated":true}]}}